{"id":722,"date":"2020-08-22T06:45:56","date_gmt":"2020-08-22T06:45:56","guid":{"rendered":"https:\/\/diagnoseo.com\/?page_id=722"},"modified":"2025-07-21T05:03:12","modified_gmt":"2025-07-21T05:03:12","slug":"program-afiliacyjny","status":"publish","type":"page","link":"https:\/\/diagnoseo.com\/pl\/program-afiliacyjny\/","title":{"rendered":"Program afiliacyjny"},"content":{"rendered":"\n<p>Cieszymy si\u0119, \u017ce mo\u017cemy wsp\u00f3\u0142pracowa\u0107 z Tob\u0105! Nasz nowy program partnerski daje Ci <strong>15%<\/strong> przychodu tak d\u0142ugo, jak Twoi polecani pozostan\u0105 z nami.<\/p>\n\n\n\n<p>Dok\u0142adnie tak! Mo\u017cesz zarabia\u0107 comiesi\u0119czny, powtarzalny doch\u00f3d, wystarczy, \u017ce skierujesz do nas klient\u00f3w. B\u0119dziesz otrzymywa\u0107 wynagrodzenie, tak d\u0142ugo jak pozostan\u0105 z DiagnoSEO.<\/p>\n\n\n\n<h2 class=\"wp-block-heading\">Oto jak to dzia\u0142a<\/h2>\n\n\n\n<p>Zarabiasz na naszych planach subskrypcyjnych, kt\u00f3re kosztuj\u0105 od <strong>$7\/miesi\u0105c<\/strong> do <strong>$19\/miesi\u0105c<\/strong> (\u015brednio oko\u0142o <strong>$21\/miesi\u0105c<\/strong>).<\/p>\n\n\n\n<p>Oto szybki przegl\u0105d tego, ile mo\u017cesz zarobi\u0107:<\/p>\n\n\n\n<ul class=\"wp-block-list\">\n<li><strong>10 polece\u0144 <\/strong>= oko\u0142o <strong>$31.5<\/strong> miesi\u0119cznie sta\u0142ego dochodu<\/li>\n\n\n\n<li><strong>100 polece\u0144<\/strong> = oko\u0142o <strong>$315<\/strong> miesi\u0119cznie sta\u0142ego dochodu<\/li>\n\n\n\n<li><strong>1000 polece\u0144<\/strong> = oko\u0142o <strong>$3,150<\/strong> miesi\u0119cznie sta\u0142ego dochodu<\/li>\n<\/ul>\n\n\n\n<h2 class=\"wp-block-heading\">Jak zacz\u0105\u0107?<\/h2>\n\n\n\n<p>W razie jakiejkolwiek pomocy lub pyta\u0144, skontaktuj si\u0119 z nami pod adresem:<br><a>support@diagnoseo.com<\/a> i pomo\u017cemy Ci wystartowa\u0107!<\/p>\n\n\n\n<h2 class=\"wp-block-heading\">Podsumowanie<\/h2>\n\n\n\n<p>Zalety programu partnerskiego DiagnoSEO:<\/p>\n\n\n\n<ul class=\"wp-block-list\">\n<li>\u0141atwa i szybka konfiguracja<\/li>\n\n\n\n<li>Otrzymuj <strong>15% odnawialnej prowizji<\/strong> za ka\u017cd\u0105 sprzeda\u017c<\/li>\n\n\n\n<li>Specjalne warunki dla najlepszych partner\u00f3w (influencer\u00f3w z niszy SEO, WordPress lub AI). Masz pytania? Napisz do nas maila. Jeste\u015bmy tutaj, aby pom\u00f3c.<\/li>\n<\/ul>\n\n\n\n<p>Rozwijajmy si\u0119 razem!<\/p>\n","protected":false},"excerpt":{"rendered":"<p>Cieszymy si\u0119, \u017ce mo\u017cemy wsp\u00f3\u0142pracowa\u0107 z Tob\u0105! Nasz nowy program partnerski daje Ci 15% przychodu tak d\u0142ugo, jak Twoi polecani pozostan\u0105 z nami. Dok\u0142adnie tak! Mo\u017cesz zarabia\u0107 comiesi\u0119czny, powtarzalny doch\u00f3d, wystarczy, \u017ce skierujesz do nas klient\u00f3w. B\u0119dziesz otrzymywa\u0107 wynagrodzenie, tak d\u0142ugo jak pozostan\u0105 z DiagnoSEO. Oto jak to dzia\u0142a Zarabiasz na naszych planach subskrypcyjnych, kt\u00f3re<\/p>\n","protected":false},"author":1,"featured_media":0,"parent":0,"menu_order":0,"comment_status":"closed","ping_status":"closed","template":"","meta":{"diagnoseo_postlist_title":"","diagnoseo_comment_language":"","diagnoseo_meta_keyword":"","diagnoseo_meta_additional_keywords":"","diagnoseo_meta_language":"","diagnoseo_meta_title":"","diagnoseo_meta_description":"","diagnoseo_check_result":"","diagnoseo_og_image":"","inline_featured_image":false,"footnotes":""},"class_list":["post-722","page","type-page","status-publish","hentry"],"_links":{"self":[{"href":"https:\/\/diagnoseo.com\/pl\/wp-json\/wp\/v2\/pages\/722","targetHints":{"allow":["GET"]}}],"collection":[{"href":"https:\/\/diagnoseo.com\/pl\/wp-json\/wp\/v2\/pages"}],"about":[{"href":"https:\/\/diagnoseo.com\/pl\/wp-json\/wp\/v2\/types\/page"}],"author":[{"embeddable":true,"href":"https:\/\/diagnoseo.com\/pl\/wp-json\/wp\/v2\/users\/1"}],"replies":[{"embeddable":true,"href":"https:\/\/diagnoseo.com\/pl\/wp-json\/wp\/v2\/comments?post=722"}],"version-history":[{"count":2,"href":"https:\/\/diagnoseo.com\/pl\/wp-json\/wp\/v2\/pages\/722\/revisions"}],"predecessor-version":[{"id":6219,"href":"https:\/\/diagnoseo.com\/pl\/wp-json\/wp\/v2\/pages\/722\/revisions\/6219"}],"wp:attachment":[{"href":"https:\/\/diagnoseo.com\/pl\/wp-json\/wp\/v2\/media?parent=722"}],"curies":[{"name":"wp","href":"https:\/\/api.w.org\/{rel}","templated":true}]}}