{"id":677,"date":"2020-08-21T07:18:36","date_gmt":"2020-08-21T07:18:36","guid":{"rendered":"https:\/\/diagnoseo.com\/?page_id=677"},"modified":"2025-11-03T10:01:54","modified_gmt":"2025-11-03T10:01:54","slug":"seo-crawler","status":"publish","type":"page","link":"https:\/\/diagnoseo.com\/pl\/seo-crawler\/","title":{"rendered":"SEO Crawler"},"content":{"rendered":"\n<iframe id=\"website-crawler\" title=\"Website Crawler\" allowfullscreen=\"\" src=\"https:\/\/app.diagnoseo.com\/tools\/crawler\/?iframe=1\" class=\"flexible-iframe\" scrolling=\"yes\" frameborder=\"0\" data-hj-allow-iframe=\"\" style=\"min-height: 1100px\"><\/iframe>\n\n\n<div class=\"mb-columns mb-columns-1   \">\n<div class=\"mb-col mb-col2 mb-col-1   vertical-align-top bg-repeat\">\n<h1 class=\"mb-headline mb-headline-1  text-align-left\">SEO Crawler<\/h1>\n\n<p class=\"mb-text-block mb-text-block-2  text-transform-none pos-center\">Narz\u0119dzie SEO Crawler wykrywa problemy w ca\u0142ej witrynie. Szczeg\u00f3\u0142owo skanuje witryn\u0119 &#8211; strona po stronie i wykrywa wszystkie typowe problemy zwi\u0105zane z SEO. Co wi\u0119cej, narz\u0119dzie SEO Crawler od  DiagnoSEO jest znacznie lepsze ni\u017c inne narz\u0119dzia tego typu dost\u0119pne na rynku, poniewa\u017c wykrywa r\u00f3wnie\u017c problemy zwi\u0105zane z og\u00f3ln\u0105 jako\u015bci\u0105 Twojej witryny. Odkryj nowe mo\u017cliwo\u015bci i wa\u017cne problemy, kt\u00f3rych nigdy wcze\u015bniej nie widzia\u0142e\u015b.<\/p>\n\n\n<p><strong>\u2022 Testuj \u2022 Poprawiaj \u2022 Zwi\u0119kszaj widoczno\u015b\u0107<\/strong><\/p>\n\n<\/div>\n\n<div class=\"mb-col mb-col2 mb-col-2   vertical-align-center mb-col-sticky bg-repeat\">\n<figure class=\"mb-img mb-img-1  img-hover-lightup no-fancy-border aligncenter no-link\"><div class=\"image-frame\"><span><img loading=\"lazy\" decoding=\"async\" src=\"https:\/\/diagnoseo.com\/img\/seo-crawler-illustration.svg\" alt=\"SEO Crawler\" width=\"550\" height=\"550\" \/><\/span><\/div><\/figure>\n<\/div>\n<\/div>","protected":false},"excerpt":{"rendered":"","protected":false},"author":1,"featured_media":0,"parent":0,"menu_order":0,"comment_status":"closed","ping_status":"closed","template":"","meta":{"diagnoseo_postlist_title":"","diagnoseo_comment_language":"","diagnoseo_meta_keyword":"","diagnoseo_meta_additional_keywords":"","diagnoseo_meta_language":"","diagnoseo_meta_title":"","diagnoseo_meta_description":"","diagnoseo_check_result":"","diagnoseo_og_image":"","inline_featured_image":false,"footnotes":""},"class_list":["post-677","page","type-page","status-publish","hentry"],"_links":{"self":[{"href":"https:\/\/diagnoseo.com\/pl\/wp-json\/wp\/v2\/pages\/677","targetHints":{"allow":["GET"]}}],"collection":[{"href":"https:\/\/diagnoseo.com\/pl\/wp-json\/wp\/v2\/pages"}],"about":[{"href":"https:\/\/diagnoseo.com\/pl\/wp-json\/wp\/v2\/types\/page"}],"author":[{"embeddable":true,"href":"https:\/\/diagnoseo.com\/pl\/wp-json\/wp\/v2\/users\/1"}],"replies":[{"embeddable":true,"href":"https:\/\/diagnoseo.com\/pl\/wp-json\/wp\/v2\/comments?post=677"}],"version-history":[{"count":3,"href":"https:\/\/diagnoseo.com\/pl\/wp-json\/wp\/v2\/pages\/677\/revisions"}],"predecessor-version":[{"id":6357,"href":"https:\/\/diagnoseo.com\/pl\/wp-json\/wp\/v2\/pages\/677\/revisions\/6357"}],"wp:attachment":[{"href":"https:\/\/diagnoseo.com\/pl\/wp-json\/wp\/v2\/media?parent=677"}],"curies":[{"name":"wp","href":"https:\/\/api.w.org\/{rel}","templated":true}]}}