{"id":675,"date":"2020-08-21T07:14:21","date_gmt":"2020-08-21T07:14:21","guid":{"rendered":"https:\/\/diagnoseo.com\/?page_id=675"},"modified":"2025-11-03T09:53:30","modified_gmt":"2025-11-03T09:53:30","slug":"optymalizacja-seo","status":"publish","type":"page","link":"https:\/\/diagnoseo.com\/pl\/optymalizacja-seo\/","title":{"rendered":"Optymalizacja pod SEO"},"content":{"rendered":"\n<iframe id=\"keyword-placement-tool\" title=\"Keyword Placement Tool\" allowfullscreen=\"\" src=\"https:\/\/app.diagnoseo.com\/tools\/keyword-placement\/?iframe=1\" class=\"flexible-iframe\" scrolling=\"yes\" frameborder=\"0\" data-hj-allow-iframe=\"\" style=\"min-height: 1100px\"><\/iframe>\n\n\n<div class=\"mb-columns mb-columns-1   \">\n<div class=\"mb-col mb-col2 mb-col-1   vertical-align-top bg-repeat\">\n<h1 class=\"mb-headline mb-headline-1  text-align-left\">Optymalizacja pod SEO<\/h1>\n\n<p class=\"mb-text-block mb-text-block-2  text-transform-none pos-center\">Sprawd\u017a, czy Twoja witryna korzysta ze wszystkich mo\u017cliwych sprawdzonych metod oraz najnowszych hack\u00f3w SEO zwi\u0105zanych z optymalizacj\u0105 strony pod k\u0105tem okre\u015blonego s\u0142owa kluczowego. Narz\u0119dzie szczeg\u00f3\u0142owo przeskanuje Twoj\u0105 stron\u0119 i wyszczeg\u00f3lni wszystkie mo\u017cliwe rzeczy do ulepszenia. Wystarczy wpisa\u0107 adres URL swojej witryny lub podstrony i s\u0142owo kluczowe. Nast\u0119pnie otrzymasz rekomendacje, kt\u00f3re pozwol\u0105 Ci uzyska\u0107 wy\u017csz\u0105 pozycj\u0119 w rankingu dla wybranego s\u0142owa kluczowego.<\/p>\n\n\n<p><strong>\u2022 Sprawdzaj \u2022 Optymalizuj \u2022 Poprawiaj pozycje<\/strong><\/p>\n\n<\/div>\n\n<div class=\"mb-col mb-col2 mb-col-2   vertical-align-center mb-col-sticky bg-repeat\">\n<figure class=\"mb-img mb-img-1  img-hover-lightup no-fancy-border aligncenter no-link\"><div class=\"image-frame\"><span><img loading=\"lazy\" decoding=\"async\" src=\"https:\/\/diagnoseo.com\/img\/keyword-optimization-illustration.svg\" alt=\"Optymalizacja pod SEO\" width=\"550\" height=\"550\" \/><\/span><\/div><\/figure>\n<\/div>\n<\/div>","protected":false},"excerpt":{"rendered":"","protected":false},"author":1,"featured_media":0,"parent":0,"menu_order":0,"comment_status":"closed","ping_status":"closed","template":"","meta":{"diagnoseo_postlist_title":"","diagnoseo_comment_language":"","diagnoseo_meta_keyword":"","diagnoseo_meta_additional_keywords":"","diagnoseo_meta_language":"","diagnoseo_meta_title":"","diagnoseo_meta_description":"","diagnoseo_check_result":"","diagnoseo_og_image":"","inline_featured_image":false,"footnotes":""},"class_list":["post-675","page","type-page","status-publish","hentry"],"_links":{"self":[{"href":"https:\/\/diagnoseo.com\/pl\/wp-json\/wp\/v2\/pages\/675","targetHints":{"allow":["GET"]}}],"collection":[{"href":"https:\/\/diagnoseo.com\/pl\/wp-json\/wp\/v2\/pages"}],"about":[{"href":"https:\/\/diagnoseo.com\/pl\/wp-json\/wp\/v2\/types\/page"}],"author":[{"embeddable":true,"href":"https:\/\/diagnoseo.com\/pl\/wp-json\/wp\/v2\/users\/1"}],"replies":[{"embeddable":true,"href":"https:\/\/diagnoseo.com\/pl\/wp-json\/wp\/v2\/comments?post=675"}],"version-history":[{"count":3,"href":"https:\/\/diagnoseo.com\/pl\/wp-json\/wp\/v2\/pages\/675\/revisions"}],"predecessor-version":[{"id":6350,"href":"https:\/\/diagnoseo.com\/pl\/wp-json\/wp\/v2\/pages\/675\/revisions\/6350"}],"wp:attachment":[{"href":"https:\/\/diagnoseo.com\/pl\/wp-json\/wp\/v2\/media?parent=675"}],"curies":[{"name":"wp","href":"https:\/\/api.w.org\/{rel}","templated":true}]}}