{"id":673,"date":"2020-08-21T07:10:50","date_gmt":"2020-08-21T07:10:50","guid":{"rendered":"https:\/\/diagnoseo.com\/?page_id=673"},"modified":"2025-11-03T10:00:26","modified_gmt":"2025-11-03T10:00:26","slug":"tf-idf","status":"publish","type":"page","link":"https:\/\/diagnoseo.com\/pl\/tf-idf\/","title":{"rendered":"TF IDF"},"content":{"rendered":"\n<iframe id=\"tf-idf-tool\" title=\"TF IDF Tool\" allowfullscreen=\"\" src=\"https:\/\/app.diagnoseo.com\/tools\/tf-idf\/?iframe=1\" class=\"flexible-iframe\" scrolling=\"yes\" frameborder=\"0\" data-hj-allow-iframe=\"\" style=\"min-height: 1100px\"><\/iframe>\n\n\n<div class=\"mb-columns mb-columns-1   \">\n<div class=\"mb-col mb-col2 mb-col-1   vertical-align-top bg-repeat\">\n<h1 class=\"mb-headline mb-headline-1  text-align-left\">TF IDF &#8211; Narz\u0119dzie SEO<\/h1>\n\n<p class=\"mb-text-block mb-text-block-2  text-transform-none pos-center\">We wsp\u00f3\u0142czesnym SEO kluczowe znaczenie ma wysoka jako\u015b\u0107 tre\u015bci. \u015awietna tre\u015b\u0107 zawiera odpowiednie powi\u0105zane s\u0142owa kluczowe. U\u017cyj narz\u0119dzia TF IDF, aby dok\u0142adnie wiedzie\u0107, jakie s\u0142owa kluczowe powinny znale\u017a\u0107 si\u0119 na Twojej stronie internetowej lub artykule. Aby zacz\u0105\u0107 &#8211; wprowad\u017a adresy URL do twoich najlepszych 10 konkurent\u00f3w. Im wi\u0119cej konkurent\u00f3w umie\u015bcisz, tym bardziej szczeg\u00f3\u0142owe i dok\u0142adne dane otrzymasz. Zaimplementuj brakuj\u0105ce s\u0142owa kluczowe w swojej witrynie i zwi\u0119ksz pozycje i ruch. To takie proste!<\/p>\n\n\n<p><strong>\u2022 Znajd\u017a s\u0142owa kluczowe \u2022 Implementuj zmiany \u2022 Zwi\u0119kszaj ruch<\/strong><\/p>\n\n<\/div>\n\n<div class=\"mb-col mb-col2 mb-col-2   vertical-align-center mb-col-sticky bg-repeat\">\n<figure class=\"mb-img mb-img-1  img-hover-lightup no-fancy-border aligncenter no-link\"><div class=\"image-frame\"><span><img loading=\"lazy\" decoding=\"async\" src=\"https:\/\/diagnoseo.com\/img\/tf-idf-illustration.svg\" alt=\"TF IDF - illustration\" width=\"550\" height=\"550\" \/><\/span><\/div><\/figure>\n<\/div>\n<\/div>","protected":false},"excerpt":{"rendered":"","protected":false},"author":1,"featured_media":0,"parent":0,"menu_order":0,"comment_status":"closed","ping_status":"closed","template":"","meta":{"diagnoseo_postlist_title":"","diagnoseo_comment_language":"","diagnoseo_meta_keyword":"","diagnoseo_meta_additional_keywords":"","diagnoseo_meta_language":"","diagnoseo_meta_title":"TF IDF - narz\u0119dzie SEO online | DiagnoSEO","diagnoseo_meta_description":"Skorzystaj z narz\u0119dzia TF IDF. Znajd\u017a s\u0142owa, kt\u00f3rych nale\u017cy u\u017cy\u0107 w tre\u015bci Twojej strony, \u017ceby wy\u015bwietla\u0142a si\u0119 ona wy\u017cej w wynikach wyszukiwarek.","diagnoseo_check_result":"","diagnoseo_og_image":"","inline_featured_image":false,"footnotes":""},"class_list":["post-673","page","type-page","status-publish","hentry"],"_links":{"self":[{"href":"https:\/\/diagnoseo.com\/pl\/wp-json\/wp\/v2\/pages\/673","targetHints":{"allow":["GET"]}}],"collection":[{"href":"https:\/\/diagnoseo.com\/pl\/wp-json\/wp\/v2\/pages"}],"about":[{"href":"https:\/\/diagnoseo.com\/pl\/wp-json\/wp\/v2\/types\/page"}],"author":[{"embeddable":true,"href":"https:\/\/diagnoseo.com\/pl\/wp-json\/wp\/v2\/users\/1"}],"replies":[{"embeddable":true,"href":"https:\/\/diagnoseo.com\/pl\/wp-json\/wp\/v2\/comments?post=673"}],"version-history":[{"count":3,"href":"https:\/\/diagnoseo.com\/pl\/wp-json\/wp\/v2\/pages\/673\/revisions"}],"predecessor-version":[{"id":6356,"href":"https:\/\/diagnoseo.com\/pl\/wp-json\/wp\/v2\/pages\/673\/revisions\/6356"}],"wp:attachment":[{"href":"https:\/\/diagnoseo.com\/pl\/wp-json\/wp\/v2\/media?parent=673"}],"curies":[{"name":"wp","href":"https:\/\/api.w.org\/{rel}","templated":true}]}}