{"id":669,"date":"2020-08-21T07:01:30","date_gmt":"2020-08-21T07:01:30","guid":{"rendered":"https:\/\/diagnoseo.com\/?page_id=669"},"modified":"2025-11-03T09:54:09","modified_gmt":"2025-11-03T09:54:09","slug":"analiza-konkurencji","status":"publish","type":"page","link":"https:\/\/diagnoseo.com\/pl\/analiza-konkurencji\/","title":{"rendered":"Analiza konkurencji &#8211; Analiza SERP &#8211; Narz\u0119dzie SEO"},"content":{"rendered":"\n<iframe id=\"competitors-analysis-tool\" title=\"Competitors analysis SEO tool\" allowfullscreen=\"\" src=\"https:\/\/app.diagnoseo.com\/tools\/competitors-analysis\/?iframe=1\" class=\"flexible-iframe\" scrolling=\"yes\" style=\"min-height: 1100px\" frameborder=\"0\" data-hj-allow-iframe=\"\"><\/iframe>\n\n\n<div class=\"mb-columns mb-columns-1   \">\n<div class=\"mb-col mb-col2 mb-col-1   vertical-align-top bg-repeat\">\n<h2 class=\"mb-headline mb-headline-1  text-align-left\">Szybko i \u0142atwo wykonaj kompleksow\u0105 analiz\u0119 SEO konkurencji w SERPach<\/h2>\n\n<p class=\"mb-text-block mb-text-block-2  text-transform-none pos-center\">Narz\u0119dzie do analizy konkurencji od DiagnoSEO sprawdza i por\u00f3wnuje najwa\u017cniejsze czynniki rankingowe na stronie i poza ni\u0105 zwi\u0105zane z SEO. Z \u0142atwo\u015bci\u0105 analizuj swoich konkurent\u00f3w na podstawie 10 najlepszych wynik\u00f3w wyszukiwania. Analiza SERP poka\u017ce Ci dok\u0142adnie, co nale\u017cy zrobi\u0107, aby uwolni\u0107 potencja\u0142 swojej witryny. Dowiedz si\u0119, co uniemo\u017cliwia Twojej witrynie dotarcie na szczyt wynik\u00f3w wyszukiwania.<\/p>\n\n<p class=\"mb-text-block mb-text-block-3  text-align-left text-transform-none pos-left\"><strong>\u2022 Analizuj SERPy \u2022 Optymalizuj stron\u0119 \u2022 Zwi\u0119kszaj ruch<\/strong><\/p>\n<\/div>\n\n<div class=\"mb-col mb-col2 mb-col-2   vertical-align-center mb-col-sticky bg-repeat\">\n<figure class=\"mb-img mb-img-1  img-hover-lightup no-fancy-border aligncenter no-link\"><div class=\"image-frame\"><span><img loading=\"lazy\" decoding=\"async\" src=\"https:\/\/diagnoseo.com\/img\/seo-competitors-analysis-illustration.svg\" alt=\"Competitors Analysis - Illustration\" width=\"550\" height=\"550\" \/><\/span><\/div><\/figure>\n<\/div>\n<\/div>","protected":false},"excerpt":{"rendered":"","protected":false},"author":1,"featured_media":0,"parent":0,"menu_order":0,"comment_status":"closed","ping_status":"closed","template":"","meta":{"diagnoseo_postlist_title":"","diagnoseo_comment_language":"","diagnoseo_meta_keyword":"","diagnoseo_meta_additional_keywords":"","diagnoseo_meta_language":"","diagnoseo_meta_title":"Analiza konkurencji - Analiza SERP - Narz\u0119dzie SEO","diagnoseo_meta_description":"Narz\u0119dzie SEO do analizy konkurencji (analiza SERP) sprawdza i por\u00f3wnuje najwa\u017cniejsze czynniki rankingowe na stronie. Dost\u0119pne tak\u017ce za darmo!","diagnoseo_check_result":"","diagnoseo_og_image":"","inline_featured_image":false,"footnotes":""},"class_list":["post-669","page","type-page","status-publish","hentry"],"_links":{"self":[{"href":"https:\/\/diagnoseo.com\/pl\/wp-json\/wp\/v2\/pages\/669","targetHints":{"allow":["GET"]}}],"collection":[{"href":"https:\/\/diagnoseo.com\/pl\/wp-json\/wp\/v2\/pages"}],"about":[{"href":"https:\/\/diagnoseo.com\/pl\/wp-json\/wp\/v2\/types\/page"}],"author":[{"embeddable":true,"href":"https:\/\/diagnoseo.com\/pl\/wp-json\/wp\/v2\/users\/1"}],"replies":[{"embeddable":true,"href":"https:\/\/diagnoseo.com\/pl\/wp-json\/wp\/v2\/comments?post=669"}],"version-history":[{"count":3,"href":"https:\/\/diagnoseo.com\/pl\/wp-json\/wp\/v2\/pages\/669\/revisions"}],"predecessor-version":[{"id":6351,"href":"https:\/\/diagnoseo.com\/pl\/wp-json\/wp\/v2\/pages\/669\/revisions\/6351"}],"wp:attachment":[{"href":"https:\/\/diagnoseo.com\/pl\/wp-json\/wp\/v2\/media?parent=669"}],"curies":[{"name":"wp","href":"https:\/\/api.w.org\/{rel}","templated":true}]}}