{"id":6641,"date":"2026-01-16T21:45:50","date_gmt":"2026-01-16T21:45:50","guid":{"rendered":"https:\/\/diagnoseo.com\/?page_id=6641"},"modified":"2026-01-16T21:45:51","modified_gmt":"2026-01-16T21:45:51","slug":"semrush-alternatywa","status":"publish","type":"page","link":"https:\/\/diagnoseo.com\/pl\/semrush-alternatywa\/","title":{"rendered":"Semrush alternatywa"},"content":{"rendered":"<h1 class=\"mb-headline mb-headline-1  text-align-center mobile-text-align-center\">Alternatywa dla Semrush<\/h1>\n\n<div class=\"mb-container mb-container-1 \">\n<p class=\"mb-text-block mb-text-block-2  text-align-center text-transform-none pos-center\">Szukasz pot\u0119\u017cnego narz\u0119dzia SEO bez wysokiej ceny? DiagnoSEO to inteligentna alternatywa dla Semrush, oferuj\u0105ca zaawansowane funkcje dopasowane do firm, kt\u00f3re chc\u0105 zwi\u0119kszy\u0107 swoj\u0105 widoczno\u015b\u0107 online. W poni\u017cszym por\u00f3wnaniu zobacz, jak DiagnoSEO wypada na tle Semrush pod wzgl\u0119dem funkcji oraz cen. Odkryj przewagi DiagnoSEO nad Semrush!<\/p>\n<\/div>\n\n<div class=\"mb-container mb-container-3  alignfull bg-repeat fixed-bg\"><div class=\"fullwidth-content\">\n<div class=\"mb-container mb-container-2  pos-center\" data-animation-type=\"fadeIn\" data-animation-delay=\"0.2\">\n<h2 class=\"mb-headline mb-headline-3  pos-center text-align-center text-transform-uppercase\">DiagnoSEO vs. Semrush<\/h2>\n\n\n<div class=\"table\"><table class=\"style-2\">\n<tr>\n<td><\/td>\n<td class=\"center-column\"><span class=\"orange-text\"><img loading=\"lazy\" decoding=\"async\" src=\"https:\/\/diagnoseo.com\/img\/diagnoseo-logo-small@2x.png\" alt=\"DiagnoSEO\" width=\"126\" height=\"29\"><\/span><\/td>\n<td class=\"center-column\"><span class=\"gray-text\">Semrush<\/span><\/td>\n<\/tr>\n<tr>\n<td class=\"table-feature\">Liczba punkt\u00f3w kontrolnych w audycie SEO<\/td>\n<td class=\"center-column\"><span class=\"table-text\">&gt;200<\/span><\/td>\n<td class=\"center-column\"><span class=\"table-text\">~50<\/span><\/td>\n<\/tr>\n<tr>\n<td class=\"table-feature\">Analiza konkurencji \/ SERP z korelacj\u0105 Pearsona<\/td>\n<td class=\"center-column\"><i class=\"custom-v-icon\"><\/i><\/td>\n<td class=\"center-column\"><i class=\"custom-x-icon\"><\/i><\/td>\n<\/tr>\n<tr>\n<td class=\"table-feature\">Sprawdzanie widoczno\u015bci strony internetowej<\/td>\n<td class=\"center-column\"><i class=\"custom-v-icon\"><\/i><\/td>\n<td class=\"center-column\"><i class=\"custom-v-icon\"><\/i><\/td>\n<\/tr>\n<tr>\n<td class=\"table-feature\">Edytor tre\u015bci SEO z AI oraz punktami kontrolnymi UX<\/td>\n<td class=\"center-column\"><i class=\"custom-v-icon\"><\/i><\/td>\n<td class=\"center-column\"><i class=\"custom-x-icon\"><\/i><\/td>\n<\/tr>\n<tr>\n<td class=\"table-feature\">Najszybsza wtyczka SEO do WordPressa oparta na AI<\/td>\n<td class=\"center-column\"><i class=\"custom-v-icon\"><\/i><\/td>\n<td class=\"center-column\"><i class=\"custom-x-icon\"><\/i><\/td>\n<\/tr>\n<tr>\n<td class=\"table-feature\">Narz\u0119dzie do rozmieszczania s\u0142\u00f3w kluczowych z najnowszymi trikami SEO<\/td>\n<td class=\"center-column\"><i class=\"custom-v-icon\"><\/i><\/td>\n<td class=\"center-column\"><i class=\"custom-x-icon\"><\/i><\/td>\n<\/tr>\n<tr>\n<td class=\"table-feature\">Crawler SEO z punktami kontroli zgodno\u015bci marki<\/td>\n<td class=\"center-column\"><i class=\"custom-v-icon\"><\/i><\/td>\n<td class=\"center-column\"><i class=\"custom-x-icon\"><\/i><\/td>\n<\/tr>\n<tr>\n<td class=\"table-feature\">Narz\u0119dzie TF-IDF z frazami wielowyrazowymi i kontrol\u0105 u\u017cycia<\/td>\n<td class=\"center-column\"><i class=\"custom-v-icon\"><\/i><\/td>\n<td class=\"center-column\"><i class=\"custom-x-icon\"><\/i><\/td>\n<\/tr>\n<tr>\n<td class=\"table-feature\">Sprawdzanie link\u00f3w zwrotnych z danymi z ponad 382 mld stron<\/td>\n<td class=\"center-column\"><i class=\"custom-v-icon\"><\/i><\/td>\n<td class=\"center-column\"><i class=\"custom-v-icon\"><\/i><\/td>\n<\/tr>\n<tr>\n<td class=\"table-feature\">Masowe sprawdzanie link\u00f3w zwrotnych<\/td>\n<td class=\"center-column\"><i class=\"custom-v-icon\"><\/i><\/td>\n<td class=\"center-column\"><i class=\"custom-x-icon\"><\/i><\/td>\n<\/tr>\n<tr>\n<td class=\"table-feature\">Masowe sprawdzanie indeksacji<\/td>\n<td class=\"center-column\"><i class=\"custom-v-icon\"><\/i><\/td>\n<td class=\"center-column\"><i class=\"custom-x-icon\"><\/i><\/td>\n<\/tr>\n<tr>\n<td class=\"table-feature\">Sprawdzanie pozycji s\u0142\u00f3w kluczowych z natychmiastowymi wynikami<\/td>\n<td class=\"center-column\"><i class=\"custom-v-icon\"><\/i><\/td>\n<td class=\"center-column\"><i class=\"custom-x-icon\"><\/i><\/td>\n<\/tr>\n<tr>\n<td class=\"table-feature\">Humanizacja tre\u015bci AI<\/td>\n<td class=\"center-column\"><i class=\"custom-v-icon\"><\/i><\/td>\n<td class=\"center-column\"><i class=\"custom-x-icon\"><\/i><\/td>\n<\/tr>\n<tr>\n<td class=\"table-feature\">Przepisywanie artyku\u0142\u00f3w<\/td>\n<td class=\"center-column\"><i class=\"custom-v-icon\"><\/i><\/td>\n<td class=\"center-column\"><i class=\"custom-x-icon\"><\/i><\/td>\n<\/tr>\n<tr>\n<td class=\"table-feature\">T\u0142umacz<\/td>\n<td class=\"center-column\"><i class=\"custom-v-icon\"><\/i><\/td>\n<td class=\"center-column\"><i class=\"custom-x-icon\"><\/i><\/td>\n<\/tr>\n<tr>\n<td class=\"table-feature\">Generator pomys\u0142\u00f3w na wpisy blogowe<\/td>\n<td class=\"center-column\"><i class=\"custom-v-icon\"><\/i><\/td>\n<td class=\"center-column\"><i class=\"custom-x-icon\"><\/i><\/td>\n<\/tr>\n<tr>\n<td class=\"table-feature\">Narz\u0119dzie zapyta\u0144 HTTP<\/td>\n<td class=\"center-column\"><i class=\"custom-v-icon\"><\/i><\/td>\n<td class=\"center-column\"><i class=\"custom-x-icon\"><\/i><\/td>\n<\/tr>\n<tr>\n<td class=\"table-feature\">Podgl\u0105d fragmentu (snippet preview)<\/td>\n<td class=\"center-column\"><i class=\"custom-v-icon\"><\/i><\/td>\n<td class=\"center-column\"><i class=\"custom-x-icon\"><\/i><\/td>\n<\/tr>\n<tr>\n<td class=\"table-feature\">Generator map tematycznych AI<\/td>\n<td class=\"center-column\"><i class=\"custom-v-icon\"><\/i><\/td>\n<td class=\"center-column\"><i class=\"custom-x-icon\"><\/i><\/td>\n<\/tr>\n<tr>\n<td class=\"table-feature\">Narz\u0119dzie \u201ePeople Also Ask\u201d<\/td>\n<td class=\"center-column\"><i class=\"custom-v-icon\"><\/i><\/td>\n<td class=\"center-column\"><i class=\"custom-x-icon\"><\/i><\/td>\n<\/tr>\n<tr>\n<td class=\"table-feature\">Masowe monitorowanie stron internetowych z punktami SEO<\/td>\n<td class=\"center-column\"><i class=\"custom-v-icon\"><\/i><\/td>\n<td class=\"center-column\"><i class=\"custom-x-icon\"><\/i><\/td>\n<\/tr>\n<tr>\n<td class=\"table-feature\">Kompleksowe oprogramowanie SEO i content marketingu<\/td>\n<td class=\"center-column\"><i class=\"custom-v-icon\"><\/i><\/td>\n<td class=\"center-column\"><i class=\"custom-v-icon\"><\/i><\/td>\n<\/tr>\n<tr>\n<td class=\"table-feature\">Przyst\u0119pne ceny<\/td>\n<td class=\"center-column\"><i class=\"custom-v-icon\"><\/i><\/td>\n<td class=\"center-column\"><i class=\"custom-x-icon\"><\/i><\/td>\n<\/tr>\n\n<tr>\n<td class=\"table-feature\">Najni\u017csza cena po okresie pr\u00f3bnym<\/td>\n<td class=\"center-column\"><span class=\"table-text\">7$<\/span><\/td>\n<td class=\"center-column\"><span class=\"table-text\">139.95$<\/span><\/td>\n<\/tr>\n<\/table><\/div>\n\n<\/div>\n<\/div><\/div>\n","protected":false},"excerpt":{"rendered":"","protected":false},"author":1,"featured_media":0,"parent":0,"menu_order":0,"comment_status":"closed","ping_status":"closed","template":"","meta":{"diagnoseo_postlist_title":"","diagnoseo_comment_language":"","diagnoseo_meta_keyword":"","diagnoseo_meta_additional_keywords":"","diagnoseo_meta_language":"","diagnoseo_meta_title":"Alternatywa dla Semrush - polskie DiagnoSEO","diagnoseo_meta_description":"Szukasz alternatywy dla Semrush? DiagnoSEO oferuje wi\u0119cej funkcji za mniej! Zobacz por\u00f3wnanie, rozpocznij darmowy trial, opanuj SEO i odblokuj wzrost!","diagnoseo_check_result":"","diagnoseo_og_image":"","inline_featured_image":false,"footnotes":""},"class_list":["post-6641","page","type-page","status-publish","hentry"],"_links":{"self":[{"href":"https:\/\/diagnoseo.com\/pl\/wp-json\/wp\/v2\/pages\/6641","targetHints":{"allow":["GET"]}}],"collection":[{"href":"https:\/\/diagnoseo.com\/pl\/wp-json\/wp\/v2\/pages"}],"about":[{"href":"https:\/\/diagnoseo.com\/pl\/wp-json\/wp\/v2\/types\/page"}],"author":[{"embeddable":true,"href":"https:\/\/diagnoseo.com\/pl\/wp-json\/wp\/v2\/users\/1"}],"replies":[{"embeddable":true,"href":"https:\/\/diagnoseo.com\/pl\/wp-json\/wp\/v2\/comments?post=6641"}],"version-history":[{"count":1,"href":"https:\/\/diagnoseo.com\/pl\/wp-json\/wp\/v2\/pages\/6641\/revisions"}],"predecessor-version":[{"id":6642,"href":"https:\/\/diagnoseo.com\/pl\/wp-json\/wp\/v2\/pages\/6641\/revisions\/6642"}],"wp:attachment":[{"href":"https:\/\/diagnoseo.com\/pl\/wp-json\/wp\/v2\/media?parent=6641"}],"curies":[{"name":"wp","href":"https:\/\/api.w.org\/{rel}","templated":true}]}}