{"id":664,"date":"2020-08-21T06:47:32","date_gmt":"2020-08-21T06:47:32","guid":{"rendered":"https:\/\/diagnoseo.com\/?page_id=664"},"modified":"2024-07-10T09:03:17","modified_gmt":"2024-07-10T09:03:17","slug":"kontakt","status":"publish","type":"page","link":"https:\/\/diagnoseo.com\/pl\/kontakt\/","title":{"rendered":"Kontakt"},"content":{"rendered":"\n<p>Szukasz pomocy w obs\u0142udze narz\u0119dzi lub wyborze planu? Potrzebujesz nietypowych rozwi\u0105za\u0144 SEO dostosowanych do Twojego biznesu? Jeste\u015bmy do Twojej dyspozycji i z przyjemno\u015bci\u0105 odpowiemy na ka\u017cde pytanie.<\/p>\n\n\n\n<p><strong>e-mail:<\/strong>&nbsp;<a href=\"mailto:support@diagnoseo.com\">support@diagnoseo.com<\/a><\/p>\n\n\n\n<h2 class=\"wp-block-heading\">Finanse<\/h2>\n\n\n\n<p>Firma Paddle.Com Market Limited jest resellerem DiagnoSEO i prowadzi proces przetwarzania zam\u00f3wienia oraz obs\u0142uguje r\u00f3wnie\u017c zapytania i zwroty zwi\u0105zane z zam\u00f3wieniem.<\/p>\n\n\n<figure class=\"mb-img mb-img-1  img-hover-lightup no-fancy-border no-link\"><div class=\"image-frame\"><span><img loading=\"lazy\" decoding=\"async\" src=\"https:\/\/diagnoseo.com\/img\/file.png\" alt=\"\" width=\"216\" height=\"128\" \/><\/span><\/div><\/figure>\n\n\n<h2 class=\"wp-block-heading\">Do\u0142\u0105cz do spo\u0142eczno\u015bci DiagnoSEO<\/h2>\n\n\n\n<p>Pami\u0119taj, aby \u015bledzi\u0107 nas na <a href=\"https:\/\/twitter.com\/diagnoseocom\">Twitterze<\/a> i polubi\u0107 na <a href=\"https:\/\/www.facebook.com\/Diagnoseo-103999127814668\/\">Facebooku<\/a>. Dzi\u0119ki!<\/p>\n\n\n\n<h2 class=\"wp-block-heading\">SEO Consulting<\/h2>\n\n\n\n<p>Je\u015bli masz pytanie zwi\u0105zane z SEO, napisz e-mail na adres support@diagnoseo.com<\/p>\n\n\n\n<p>Do\u015bwiadczony specjalista SEO ch\u0119tnie Ci pomo\u017ce.<\/p>\n","protected":false},"excerpt":{"rendered":"<p>Szukasz pomocy w obs\u0142udze narz\u0119dzi lub wyborze planu? Potrzebujesz nietypowych rozwi\u0105za\u0144 SEO dostosowanych do Twojego biznesu? Jeste\u015bmy do Twojej dyspozycji i z przyjemno\u015bci\u0105 odpowiemy na ka\u017cde pytanie. e-mail:&nbsp;support@diagnoseo.com Finanse Firma Paddle.Com Market Limited jest resellerem DiagnoSEO i prowadzi proces przetwarzania zam\u00f3wienia oraz obs\u0142uguje r\u00f3wnie\u017c zapytania i zwroty zwi\u0105zane z zam\u00f3wieniem. Do\u0142\u0105cz do spo\u0142eczno\u015bci DiagnoSEO Pami\u0119taj,<\/p>\n","protected":false},"author":1,"featured_media":0,"parent":0,"menu_order":0,"comment_status":"closed","ping_status":"closed","template":"","meta":{"diagnoseo_postlist_title":"","diagnoseo_comment_language":"","diagnoseo_meta_keyword":"","diagnoseo_meta_additional_keywords":"","diagnoseo_meta_language":"","diagnoseo_meta_title":"","diagnoseo_meta_description":"","diagnoseo_check_result":"","diagnoseo_og_image":"","inline_featured_image":false,"footnotes":""},"class_list":["post-664","page","type-page","status-publish","hentry"],"_links":{"self":[{"href":"https:\/\/diagnoseo.com\/pl\/wp-json\/wp\/v2\/pages\/664","targetHints":{"allow":["GET"]}}],"collection":[{"href":"https:\/\/diagnoseo.com\/pl\/wp-json\/wp\/v2\/pages"}],"about":[{"href":"https:\/\/diagnoseo.com\/pl\/wp-json\/wp\/v2\/types\/page"}],"author":[{"embeddable":true,"href":"https:\/\/diagnoseo.com\/pl\/wp-json\/wp\/v2\/users\/1"}],"replies":[{"embeddable":true,"href":"https:\/\/diagnoseo.com\/pl\/wp-json\/wp\/v2\/comments?post=664"}],"version-history":[{"count":3,"href":"https:\/\/diagnoseo.com\/pl\/wp-json\/wp\/v2\/pages\/664\/revisions"}],"predecessor-version":[{"id":3440,"href":"https:\/\/diagnoseo.com\/pl\/wp-json\/wp\/v2\/pages\/664\/revisions\/3440"}],"wp:attachment":[{"href":"https:\/\/diagnoseo.com\/pl\/wp-json\/wp\/v2\/media?parent=664"}],"curies":[{"name":"wp","href":"https:\/\/api.w.org\/{rel}","templated":true}]}}