{"id":6589,"date":"2026-01-14T20:41:02","date_gmt":"2026-01-14T20:41:02","guid":{"rendered":"https:\/\/diagnoseo.com\/?page_id=6589"},"modified":"2026-01-15T05:54:49","modified_gmt":"2026-01-15T05:54:49","slug":"semstorm-czy-senuto","status":"publish","type":"page","link":"https:\/\/diagnoseo.com\/pl\/semstorm-czy-senuto\/","title":{"rendered":"Semstorm czy Senuto czy DiagnoSEO"},"content":{"rendered":"<h1 class=\"mb-headline mb-headline-1  text-align-center mobile-text-align-center\">Semstorm czy Senuto czy DiagnoSEO? Por\u00f3wnanie polskich narz\u0119dzi SEO<\/h1>\n\n<div class=\"mb-container mb-container-1 \">\n<p class=\"mb-text-block mb-text-block-2  text-align-center text-transform-none pos-center\">Szukasz skutecznego narz\u0119dzia SEO tworzonego w Polsce, kt\u00f3re pomo\u017ce zwi\u0119kszy\u0107 widoczno\u015b\u0107 w wyszukiwarkach oraz chatbotach AI? Semstorm, Senuto i DiagnoSEO to trzy polskie narz\u0119dzia SEO, oferuj\u0105ce r\u00f3\u017cne podej\u015bcia do analizy widoczno\u015bci i konkurencji, badania s\u0142\u00f3w kluczowych oraz content marketingu i optymalizacji stron. W por\u00f3wnaniu poni\u017cej sprawdzisz, czym r\u00f3\u017cni\u0105 si\u0119 te rozwi\u0105zania pod wzgl\u0119dem liczby narz\u0119dzi, funkcjonalno\u015bci, wspieranych rynk\u00f3w oraz ceny. Zobacz, kt\u00f3re z polskich narz\u0119dzi SEO najlepiej odpowiada potrzebom Twojego biznesu.<br><br><\/p>\n<\/div>\n\n<div class=\"mb-container mb-container-3  alignfull bg-repeat fixed-bg\"><div class=\"fullwidth-content\">\n<div class=\"mb-container mb-container-2  pos-center\" data-animation-type=\"fadeIn\" data-animation-delay=\"0.2\">\n<h2 class=\"mb-headline mb-headline-3  pos-center text-align-center text-transform-uppercase\">Semstorm vs. Senuto Vs. DiagnoSEO<\/h2>\n\n\n<div class=\"table\"><table class=\"style-2\">\n<tr>\n<td><\/td>\n<td class=\"center-column\"><span class=\"gray-text\">Semstorm<\/span><\/td>\n<td class=\"center-column\"><span class=\"gray-text\">Senuto<\/span><\/td>\n<td class=\"center-column\"><span class=\"orange-text\"><img loading=\"lazy\" decoding=\"async\" src=\"https:\/\/diagnoseo.com\/img\/diagnoseo-logo-small@2x.png\" alt=\"DiagnoSEO\" width=\"126\" height=\"29\"><\/span><\/td>\n<\/tr>\n<tr>\n<td class=\"table-feature\">Analiza widoczno\u015bci strony<\/td>\n<td class=\"center-column\"><i class=\"custom-v-icon\"><\/i><\/td>\n<td class=\"center-column\"><i class=\"custom-v-icon\"><\/i><\/td>\n<td class=\"center-column\"><i class=\"custom-v-icon\"><\/i><\/td>\n<\/tr>\n<tr>\n<td class=\"table-feature\">Liczba wspieranych rynk\u00f3w w analizie widoczno\u015bci<\/td>\n<td class=\"center-column\"><span class=\"table-text\">1<\/span><\/td>\n<td class=\"center-column\"><span class=\"table-text\">8<\/span><\/td>\n<td class=\"center-column\"><span class=\"table-text\">90<\/span><\/td>\n<\/tr>\n<tr>\n<td class=\"table-feature\">Narz\u0119dzie do badania s\u0142\u00f3w kluczowych<\/td>\n<td class=\"center-column\"><i class=\"custom-v-icon\"><\/i><\/td>\n<td class=\"center-column\"><i class=\"custom-v-icon\"><\/i><\/td>\n<td class=\"center-column\"><i class=\"custom-v-icon\"><\/i><\/td>\n<\/tr>\n<tr>\n<td class=\"table-feature\">Edytor tre\u015bci SEO z AI writerem i punktami kontrolnymi UX<\/td>\n<td class=\"center-column\"><i class=\"custom-v-icon\"><\/i><\/td>\n<td class=\"center-column\"><i class=\"custom-v-icon\"><\/i><\/td>\n<td class=\"center-column\"><i class=\"custom-v-icon\"><\/i><\/td>\n<\/tr>\n<tr>\n<td class=\"table-feature\">Liczba punkt\u00f3w kontrolnych w audycie SEO<\/td>\n<td class=\"center-column\"><span class=\"table-text\">mniej ni\u017c 200<\/span><\/td>\n<td class=\"center-column\"><i class=\"custom-x-icon\"><\/i><\/td>\n<td class=\"center-column\"><span class=\"table-text\">wi\u0119cej ni\u017c 200<\/span><\/td>\n<\/tr>\n<tr>\n<td class=\"table-feature\">Analiza SERP<\/td>\n<td class=\"center-column\"><i class=\"custom-x-icon\"><\/i><\/td>\n<td class=\"center-column\"><i class=\"custom-v-icon\"><\/i><\/td>\n<td class=\"center-column\"><i class=\"custom-v-icon\"><\/i><\/td>\n<\/tr>\n<tr>\n<td class=\"table-feature\">Analiza SERP z korelacj\u0105 Pearsona<\/td>\n<td class=\"center-column\"><i class=\"custom-x-icon\"><\/i><\/td>\n<td class=\"center-column\"><i class=\"custom-x-icon\"><\/i><\/td>\n<td class=\"center-column\"><i class=\"custom-v-icon\"><\/i><\/td>\n<\/tr>\n<tr>\n<td class=\"table-feature\">Najszybsza na \u015bwiecie wtyczka SEO do WordPressa wspierana przez AI<\/td>\n<td class=\"center-column\"><i class=\"custom-x-icon\"><\/i><\/td>\n<td class=\"center-column\"><i class=\"custom-x-icon\"><\/i><\/td>\n<td class=\"center-column\"><i class=\"custom-v-icon\"><\/i><\/td>\n<\/tr>\n<tr>\n<td class=\"table-feature\">Narz\u0119dzie do optymalizacji pod s\u0142owo kluczowe z najnowszymi trikami SEO<\/td>\n<td class=\"center-column\"><i class=\"custom-x-icon\"><\/i><\/td>\n<td class=\"center-column\"><i class=\"custom-x-icon\"><\/i><\/td>\n<td class=\"center-column\"><i class=\"custom-v-icon\"><\/i><\/td>\n<\/tr>\n<tr>\n<td class=\"table-feature\">Narz\u0119dzie SEO Crawler z punktami kontrolnymi dot. sp\u00f3jno\u015bci marki<\/td>\n<td class=\"center-column\"><i class=\"custom-x-icon\"><\/i><\/td>\n<td class=\"center-column\"><i class=\"custom-x-icon\"><\/i><\/td>\n<td class=\"center-column\"><i class=\"custom-v-icon\"><\/i><\/td>\n<\/tr>\n<tr>\n<td class=\"table-feature\">Narz\u0119dzie TF IDF z analiz\u0105 u\u017cycia s\u0142\u00f3w na stronie<\/td>\n<td class=\"center-column\"><i class=\"custom-x-icon\"><\/i><\/td>\n<td class=\"center-column\"><i class=\"custom-x-icon\"><\/i><\/td>\n<td class=\"center-column\"><i class=\"custom-v-icon\"><\/i><\/td>\n<\/tr>\n<tr>\n<td class=\"table-feature\">Analiza backlink\u00f3w<\/td>\n<td class=\"center-column\"><i class=\"custom-x-icon\"><\/i><\/td>\n<td class=\"center-column\"><i class=\"custom-v-icon\"><\/i><\/td>\n<td class=\"center-column\"><i class=\"custom-v-icon\"><\/i>dane z ponad 238 mld stron<\/td>\n<\/tr>\n<tr>\n<td class=\"table-feature\">Zbiorcze sprawdzanie backlink\u00f3w<\/td>\n<td class=\"center-column\"><i class=\"custom-x-icon\"><\/i><\/td>\n<td class=\"center-column\"><i class=\"custom-x-icon\"><\/i><\/td>\n<td class=\"center-column\"><i class=\"custom-v-icon\"><\/i><\/td>\n<\/tr>\n<tr>\n<td class=\"table-feature\">Zbiorcze sprawdzanie indeksacji<\/td>\n<td class=\"center-column\"><i class=\"custom-x-icon\"><\/i><\/td>\n<td class=\"center-column\"><i class=\"custom-x-icon\"><\/i><\/td>\n<td class=\"center-column\"><i class=\"custom-v-icon\"><\/i><\/td>\n<\/tr>\n<tr>\n<td class=\"table-feature\">Zbiorcze i natychmiastowe sprawdzanie pozycji s\u0142\u00f3w kluczowych<\/td>\n<td class=\"center-column\"><i class=\"custom-x-icon\"><\/i><\/td>\n<td class=\"center-column\"><i class=\"custom-x-icon\"><\/i><\/td>\n<td class=\"center-column\"><i class=\"custom-v-icon\"><\/i><\/td>\n<\/tr>\n<tr>\n<td class=\"table-feature\">Humanizator AI<\/td>\n<td class=\"center-column\"><i class=\"custom-x-icon\"><\/i><\/td>\n<td class=\"center-column\"><i class=\"custom-x-icon\"><\/i><\/td>\n<td class=\"center-column\"><i class=\"custom-v-icon\"><\/i><\/td>\n<\/tr>\n<tr>\n<td class=\"table-feature\">Narz\u0119dzie do parafrazowania teksu z wykorzystaniem AI<\/td>\n<td class=\"center-column\"><i class=\"custom-x-icon\"><\/i><\/td>\n<td class=\"center-column\"><i class=\"custom-x-icon\"><\/i><\/td>\n<td class=\"center-column\"><i class=\"custom-v-icon\"><\/i><\/td>\n<\/tr>\n<tr>\n<td class=\"table-feature\">T\u0142umacz AI z zachowaniem formatowania w edytorze<\/td>\n<td class=\"center-column\"><i class=\"custom-x-icon\"><\/i><\/td>\n<td class=\"center-column\"><i class=\"custom-x-icon\"><\/i><\/td>\n<td class=\"center-column\"><i class=\"custom-v-icon\"><\/i><\/td>\n<\/tr>\n<tr>\n<td class=\"table-feature\">Generator pomys\u0142\u00f3w na wpisy blogowe<\/td>\n<td class=\"center-column\"><i class=\"custom-x-icon\"><\/i><\/td>\n<td class=\"center-column\"><i class=\"custom-x-icon\"><\/i><\/td>\n<td class=\"center-column\"><i class=\"custom-v-icon\"><\/i><\/td>\n<\/tr>\n<tr>\n<td class=\"table-feature\">Narz\u0119dzie do analizy zapyta\u0144 HTTP<\/td>\n<td class=\"center-column\"><i class=\"custom-x-icon\"><\/i><\/td>\n<td class=\"center-column\"><i class=\"custom-x-icon\"><\/i><\/td>\n<td class=\"center-column\"><i class=\"custom-v-icon\"><\/i><\/td>\n<\/tr>\n<tr>\n<td class=\"table-feature\">Podgl\u0105d snippetu Google z automatyczn\u0105 optymalizacj\u0105 AI<\/td>\n<td class=\"center-column\"><i class=\"custom-x-icon\"><\/i><\/td>\n<td class=\"center-column\"><i class=\"custom-x-icon\"><\/i><\/td>\n<td class=\"center-column\"><i class=\"custom-v-icon\"><\/i><\/td>\n<\/tr>\n<tr>\n<td class=\"table-feature\">Generator mapy tematycznej AI<\/td>\n<td class=\"center-column\"><i class=\"custom-x-icon\"><\/i><\/td>\n<td class=\"center-column\"><i class=\"custom-v-icon\"><\/i><\/td>\n<td class=\"center-column\"><i class=\"custom-v-icon\"><\/i><\/td>\n<\/tr>\n<tr>\n<td class=\"table-feature\">Narz\u0119dzie \u201ePeople Also Ask\u201d z danymi o liczbie wyszukiwa\u0144<\/td>\n<td class=\"center-column\"><i class=\"custom-x-icon\"><\/i><\/td>\n<td class=\"center-column\"><i class=\"custom-x-icon\"><\/i><\/td>\n<td class=\"center-column\"><i class=\"custom-v-icon\"><\/i><\/td>\n<\/tr>\n<tr>\n<td class=\"table-feature\">Zbiorcze narz\u0119dzie do monitoringu stron i domen z punktami kontrolnymi SEO<\/td>\n<td class=\"center-column\"><i class=\"custom-x-icon\"><\/i><\/td>\n<td class=\"center-column\"><i class=\"custom-x-icon\"><\/i><\/td>\n<td class=\"center-column\"><i class=\"custom-v-icon\"><\/i><\/td>\n<\/tr>\n<tr>\n<td class=\"table-feature\">Przyjazny dla SEO, wielozadaniowy szablon do WordPressa oraz wtyczka z ponad 55 blokami dla Gutenberga<\/td>\n<td class=\"center-column\"><i class=\"custom-x-icon\"><\/i><\/td>\n<td class=\"center-column\"><i class=\"custom-x-icon\"><\/i><\/td>\n<td class=\"center-column\"><i class=\"custom-v-icon\"><\/i><\/td>\n<\/tr>\n<tr>\n<td class=\"table-feature\">Generator artyku\u0142\u00f3w AI<\/td>\n<td class=\"center-column\"><i class=\"custom-v-icon\"><\/i><\/td>\n<td class=\"center-column\"><i class=\"custom-v-icon\"><\/i><\/td>\n<td class=\"center-column\"><i class=\"custom-v-icon\"><\/i><\/td>\n<\/tr>\n<tr>\n<td class=\"table-feature\">Monitoring s\u0142\u00f3w kluczowych<\/td>\n<td class=\"center-column\"><i class=\"custom-v-icon\"><\/i><\/td>\n<td class=\"center-column\"><i class=\"custom-v-icon\"><\/i><\/td>\n<td class=\"center-column\"><i class=\"custom-v-icon\"><\/i><\/td>\n<\/tr>\n<tr>\n<td class=\"table-feature\">Kompleksowe oprogramowanie do SEO i content marketingu<\/td>\n<td class=\"center-column\"><i class=\"custom-v-icon\"><\/i><\/td>\n<td class=\"center-column\"><i class=\"custom-v-icon\"><\/i><\/td>\n<td class=\"center-column\"><i class=\"custom-v-icon\"><\/i><\/td>\n<\/tr>\n<tr>\n<td class=\"table-feature\">Przyst\u0119pne ceny<\/td>\n<td class=\"center-column\"><i class=\"custom-x-icon\"><\/i><\/td>\n<td class=\"center-column\"><i class=\"custom-x-icon\"><\/i><\/td>\n<td class=\"center-column\"><i class=\"custom-v-icon\"><\/i><\/td>\n<\/tr>\n\n<tr>\n<td class=\"table-feature\">Cena najni\u017cszego planu<\/td>\n<td class=\"center-column\"><span class=\"table-text\">129 z\u0142<\/span><\/td>\n<td class=\"center-column\"><span class=\"table-text\">107,50 z\u0142<\/span><\/td>\n<td class=\"center-column\"><span class=\"table-text\">29 z\u0142<\/span><\/td>\n<\/tr>\n<\/table><\/div>\n<p style=\"text-align: center;\">Dane pochodz\u0105 z oficjalnych i publicznych \u017ar\u00f3de\u0142 z dnia 14.01.2026.<\/p>\n\n<\/div>\n<\/div><\/div>","protected":false},"excerpt":{"rendered":"","protected":false},"author":1,"featured_media":0,"parent":0,"menu_order":0,"comment_status":"closed","ping_status":"closed","template":"","meta":{"diagnoseo_postlist_title":"","diagnoseo_comment_language":"","diagnoseo_meta_keyword":"","diagnoseo_meta_additional_keywords":"","diagnoseo_meta_language":"","diagnoseo_meta_title":"Semstorm czy Senuto czy DiagnoSEO - por\u00f3wnanie narz\u0119dzi","diagnoseo_meta_description":"Por\u00f3wnaj polskie narz\u0119dzia SEO: Semstorm, Senuto i DiagnoSEO. Sprawd\u017a, kt\u00f3re najlepiej spe\u0142ni potrzeby Twojego biznesu i pomo\u017ce Ci w pozycjonowaniu!","diagnoseo_check_result":"","diagnoseo_og_image":"","inline_featured_image":false,"footnotes":""},"class_list":["post-6589","page","type-page","status-publish","hentry"],"_links":{"self":[{"href":"https:\/\/diagnoseo.com\/pl\/wp-json\/wp\/v2\/pages\/6589","targetHints":{"allow":["GET"]}}],"collection":[{"href":"https:\/\/diagnoseo.com\/pl\/wp-json\/wp\/v2\/pages"}],"about":[{"href":"https:\/\/diagnoseo.com\/pl\/wp-json\/wp\/v2\/types\/page"}],"author":[{"embeddable":true,"href":"https:\/\/diagnoseo.com\/pl\/wp-json\/wp\/v2\/users\/1"}],"replies":[{"embeddable":true,"href":"https:\/\/diagnoseo.com\/pl\/wp-json\/wp\/v2\/comments?post=6589"}],"version-history":[{"count":3,"href":"https:\/\/diagnoseo.com\/pl\/wp-json\/wp\/v2\/pages\/6589\/revisions"}],"predecessor-version":[{"id":6602,"href":"https:\/\/diagnoseo.com\/pl\/wp-json\/wp\/v2\/pages\/6589\/revisions\/6602"}],"wp:attachment":[{"href":"https:\/\/diagnoseo.com\/pl\/wp-json\/wp\/v2\/media?parent=6589"}],"curies":[{"name":"wp","href":"https:\/\/api.w.org\/{rel}","templated":true}]}}