{"id":6565,"date":"2026-01-13T22:22:12","date_gmt":"2026-01-13T22:22:12","guid":{"rendered":"https:\/\/diagnoseo.com\/?page_id=6565"},"modified":"2026-01-13T22:34:14","modified_gmt":"2026-01-13T22:34:14","slug":"senuto-alternatywa","status":"publish","type":"page","link":"https:\/\/diagnoseo.com\/pl\/senuto-alternatywa\/","title":{"rendered":"Alternatywa dla Senuto"},"content":{"rendered":"<h1 class=\"mb-headline mb-headline-1  text-align-center mobile-text-align-center\">Alternatywa dla Senuto<\/h1>\n\n<div class=\"mb-container mb-container-1 \">\n<p class=\"mb-text-block mb-text-block-2  text-align-center text-transform-none pos-center\">Szukasz pot\u0119\u017cnego narz\u0119dzia SEO bez wysokiej ceny? DiagnoSEO to inteligentna alternatywa dla Senuto, oferuj\u0105ca rozbudowane funkcje dopasowane dla firm, kt\u00f3re chc\u0105 zwi\u0119kszy\u0107 swoj\u0105 widoczno\u015b\u0107 w wyszukiwarkach oraz chat botach. W por\u00f3wnaniu poni\u017cej zobacz, jak DiagnoSEO wypada na tle Senuto pod wzgl\u0119dem funkcji i cen. Odkryj przewagi DiagnoSEO nad Senuto!<br><br><\/p>\n<\/div>\n\n<div class=\"mb-container mb-container-3  alignfull bg-repeat fixed-bg\"><div class=\"fullwidth-content\">\n<div class=\"mb-container mb-container-2  pos-center\" data-animation-type=\"fadeIn\" data-animation-delay=\"0.2\">\n<h2 class=\"mb-headline mb-headline-3  pos-center text-align-center text-transform-uppercase\">DiagnoSEO vs. Senuto<\/h2>\n\n\n<div class=\"table\"><table class=\"style-2\">\n<tr>\n<td><\/td>\n<td class=\"center-column\"><span class=\"orange-text\"><img loading=\"lazy\" decoding=\"async\" src=\"https:\/\/diagnoseo.com\/img\/diagnoseo-logo-small@2x.png\" alt=\"DiagnoSEO\" width=\"126\" height=\"29\"><\/span><\/td>\n<td class=\"center-column\"><span class=\"gray-text\">Senuto<\/span><\/td>\n<\/tr>\n<tr>\n<td class=\"table-feature\">Liczba punkt\u00f3w kontrolnych w audycie SEO<\/td>\n<td class=\"center-column\"><span class=\"table-text\">>200<\/span><\/td>\n<td class=\"center-column\"><i class=\"custom-x-icon\"><\/i><\/td>\n<\/tr>\n<tr>\n<td class=\"table-feature\">Analizator konkurencji \/ SERP z korelacj\u0105 Pearsona<\/td>\n<td class=\"center-column\"><i class=\"custom-v-icon\"><\/i><\/td>\n<td class=\"center-column\"><i class=\"custom-x-icon\"><\/i><\/td>\n<\/tr>\n<tr>\n<td class=\"table-feature\">Sprawdzanie widoczno\u015bci strony<\/td>\n<td class=\"center-column\"><i class=\"custom-v-icon\"><\/i><\/td>\n<td class=\"center-column\"><i class=\"custom-v-icon\"><\/i><\/td>\n<\/tr>\n<tr>\n<td class=\"table-feature\">Edytor tre\u015bci SEO z AI writerem i punktami kontrolnymi UX<\/td>\n<td class=\"center-column\"><i class=\"custom-v-icon\"><\/i><\/td>\n<td class=\"center-column\"><i class=\"custom-v-icon\"><\/i><\/td>\n<\/tr>\n<tr>\n<td class=\"table-feature\">Najszybsza wtyczka SEO do WordPressa wspierana przez AI<\/td>\n<td class=\"center-column\"><i class=\"custom-v-icon\"><\/i><\/td>\n<td class=\"center-column\"><i class=\"custom-x-icon\"><\/i><\/td>\n<\/tr>\n<tr>\n<td class=\"table-feature\">Narz\u0119dzie do rozmieszczenia s\u0142\u00f3w kluczowych z najnowszymi trikami SEO<\/td>\n<td class=\"center-column\"><i class=\"custom-v-icon\"><\/i><\/td>\n<td class=\"center-column\"><i class=\"custom-x-icon\"><\/i><\/td>\n<\/tr>\n<tr>\n<td class=\"table-feature\">Narz\u0119dzie SEO Crawler z punktami kontrolnymi zgodno\u015bci z brandem<\/td>\n<td class=\"center-column\"><i class=\"custom-v-icon\"><\/i><\/td>\n<td class=\"center-column\"><i class=\"custom-x-icon\"><\/i><\/td>\n<\/tr>\n<tr>\n<td class=\"table-feature\">Narz\u0119dzie TF IDF z frazami wielowyrazowymi i kontrol\u0105 u\u017cycia<\/td>\n<td class=\"center-column\"><i class=\"custom-v-icon\"><\/i><\/td>\n<td class=\"center-column\"><i class=\"custom-x-icon\"><\/i><\/td>\n<\/tr>\n<tr>\n<td class=\"table-feature\">Sprawdzanie backlink\u00f3w z danymi z ponad 382 mld stron<\/td>\n<td class=\"center-column\"><i class=\"custom-v-icon\"><\/i><\/td>\n<td class=\"center-column\"><i class=\"custom-v-icon\"><\/i><\/td>\n<\/tr>\n<tr>\n<td class=\"table-feature\">Zbiorcze sprawdzanie backlink\u00f3w<\/td>\n<td class=\"center-column\"><i class=\"custom-v-icon\"><\/i><\/td>\n<td class=\"center-column\"><i class=\"custom-x-icon\"><\/i><\/td>\n<\/tr>\n<tr>\n<td class=\"table-feature\">Zbiorcze sprawdzanie indeksacji<\/td>\n<td class=\"center-column\"><i class=\"custom-v-icon\"><\/i><\/td>\n<td class=\"center-column\"><i class=\"custom-x-icon\"><\/i><\/td>\n<\/tr>\n<tr>\n<td class=\"table-feature\">Sprawdzanie pozycji s\u0142\u00f3w kluczowych z natychmiastowymi wynikami<\/td>\n<td class=\"center-column\"><i class=\"custom-v-icon\"><\/i><\/td>\n<td class=\"center-column\"><i class=\"custom-x-icon\"><\/i><\/td>\n<\/tr>\n<tr>\n<td class=\"table-feature\">Humanizator AI<\/td>\n<td class=\"center-column\"><i class=\"custom-v-icon\"><\/i><\/td>\n<td class=\"center-column\"><i class=\"custom-x-icon\"><\/i><\/td>\n<\/tr>\n<tr>\n<td class=\"table-feature\">Narz\u0119dzie do przeredagowywania artyku\u0142u z wykorzystaniem AI<\/td>\n<td class=\"center-column\"><i class=\"custom-v-icon\"><\/i><\/td>\n<td class=\"center-column\"><i class=\"custom-x-icon\"><\/i><\/td>\n<\/tr>\n<tr>\n<td class=\"table-feature\">T\u0142umacz AI z zachowaniem formatowania w edytorze<\/td>\n<td class=\"center-column\"><i class=\"custom-v-icon\"><\/i><\/td>\n<td class=\"center-column\"><i class=\"custom-x-icon\"><\/i><\/td>\n<\/tr>\n<tr>\n<td class=\"table-feature\">Generator pomys\u0142\u00f3w na wpisy blogowe<\/td>\n<td class=\"center-column\"><i class=\"custom-v-icon\"><\/i><\/td>\n<td class=\"center-column\"><i class=\"custom-x-icon\"><\/i><\/td>\n<\/tr>\n<tr>\n<td class=\"table-feature\">Narz\u0119dzie do analizy zapyta\u0144 HTTP<\/td>\n<td class=\"center-column\"><i class=\"custom-v-icon\"><\/i><\/td>\n<td class=\"center-column\"><i class=\"custom-x-icon\"><\/i><\/td>\n<\/tr>\n<tr>\n<td class=\"table-feature\">Podgl\u0105d snippetu Google<\/td>\n<td class=\"center-column\"><i class=\"custom-v-icon\"><\/i><\/td>\n<td class=\"center-column\"><i class=\"custom-x-icon\"><\/i><\/td>\n<\/tr>\n<tr>\n<td class=\"table-feature\">Generator mapy tematycznej AI<\/td>\n<td class=\"center-column\"><i class=\"custom-v-icon\"><\/i><\/td>\n<td class=\"center-column\"><i class=\"custom-v-icon\"><\/i><\/td>\n<\/tr>\n<tr>\n<td class=\"table-feature\">Narz\u0119dzie \u201ePeople Also Ask\u201d z danymi o liczbie wyszukiwa\u0144<\/td>\n<td class=\"center-column\"><i class=\"custom-v-icon\"><\/i><\/td>\n<td class=\"center-column\"><i class=\"custom-x-icon\"><\/i><\/td>\n<\/tr>\n<tr>\n<td class=\"table-feature\">Zbiorcze narz\u0119dzie do monitoringu stron z punktami kontrolnymi SEO<\/td>\n<td class=\"center-column\"><i class=\"custom-v-icon\"><\/i><\/td>\n<td class=\"center-column\"><i class=\"custom-x-icon\"><\/i><\/td>\n<\/tr>\n<tr>\n<td class=\"table-feature\">Przyjazny dla SEO, wielozadaniowy szablon do WordPressa oraz wtyczka z ponad 55 blokami dla Gutenberga<\/td>\n<td class=\"center-column\"><i class=\"custom-v-icon\"><\/i><\/td>\n<td class=\"center-column\"><i class=\"custom-x-icon\"><\/i><\/td>\n<\/tr>\n<tr>\n<td class=\"table-feature\">Kompleksowe oprogramowanie do SEO i content marketingu<\/td>\n<td class=\"center-column\"><i class=\"custom-v-icon\"><\/i><\/td>\n<td class=\"center-column\"><i class=\"custom-v-icon\"><\/i><\/td>\n<\/tr>\n<tr>\n<td class=\"table-feature\">Przyst\u0119pne ceny<\/td>\n<td class=\"center-column\"><i class=\"custom-v-icon\"><\/i><\/td>\n<td class=\"center-column\"><i class=\"custom-x-icon\"><\/i><\/td>\n<\/tr>\n\n<tr>\n<td class=\"table-feature\">Cena najni\u017cszego planu<\/td>\n<td class=\"center-column\"><span class=\"table-text\">29 z\u0142<\/span><\/td>\n<td class=\"center-column\"><span class=\"table-text\">107,50 z\u0142<\/span><\/td>\n<\/tr>\n<\/table><\/div>\n\n\n<\/div>\n<\/div><\/div>","protected":false},"excerpt":{"rendered":"","protected":false},"author":1,"featured_media":0,"parent":0,"menu_order":0,"comment_status":"closed","ping_status":"closed","template":"","meta":{"diagnoseo_postlist_title":"","diagnoseo_comment_language":"","diagnoseo_meta_keyword":"","diagnoseo_meta_additional_keywords":"","diagnoseo_meta_language":"","diagnoseo_meta_title":"Alternatywa dla Senuto - wi\u0119cej funkcjonalno\u015bci za ni\u017csz\u0105 cen\u0119","diagnoseo_meta_description":"Szukasz ta\u0144szego narz\u0119dzia ni\u017c Senuto? Odkryj, dlaczego DiagnoSEO to najlepsza alternatywa dla Senuto. Sprawd\u017a funkcjonalno\u015bci i ceny!","diagnoseo_check_result":"","diagnoseo_og_image":"","inline_featured_image":false,"footnotes":""},"class_list":["post-6565","page","type-page","status-publish","hentry"],"_links":{"self":[{"href":"https:\/\/diagnoseo.com\/pl\/wp-json\/wp\/v2\/pages\/6565","targetHints":{"allow":["GET"]}}],"collection":[{"href":"https:\/\/diagnoseo.com\/pl\/wp-json\/wp\/v2\/pages"}],"about":[{"href":"https:\/\/diagnoseo.com\/pl\/wp-json\/wp\/v2\/types\/page"}],"author":[{"embeddable":true,"href":"https:\/\/diagnoseo.com\/pl\/wp-json\/wp\/v2\/users\/1"}],"replies":[{"embeddable":true,"href":"https:\/\/diagnoseo.com\/pl\/wp-json\/wp\/v2\/comments?post=6565"}],"version-history":[{"count":2,"href":"https:\/\/diagnoseo.com\/pl\/wp-json\/wp\/v2\/pages\/6565\/revisions"}],"predecessor-version":[{"id":6573,"href":"https:\/\/diagnoseo.com\/pl\/wp-json\/wp\/v2\/pages\/6565\/revisions\/6573"}],"wp:attachment":[{"href":"https:\/\/diagnoseo.com\/pl\/wp-json\/wp\/v2\/media?parent=6565"}],"curies":[{"name":"wp","href":"https:\/\/api.w.org\/{rel}","templated":true}]}}