{"id":5889,"date":"2025-04-05T07:40:53","date_gmt":"2025-04-05T07:40:53","guid":{"rendered":"https:\/\/diagnoseo.com\/?page_id=5889"},"modified":"2025-07-22T05:42:45","modified_gmt":"2025-07-22T05:42:45","slug":"dziekuje-diagnoseo-pro","status":"publish","type":"page","link":"https:\/\/diagnoseo.com\/pl\/dziekuje-diagnoseo-pro\/","title":{"rendered":"Dzi\u0119kujemy za do\u0142\u0105czenie do DiagnoSEO! Odbierz e-maila z danymi do logowania"},"content":{"rendered":"<div class=\"mb-button-wrapper pos-center\"><span class=\"mb-button-fx mb-button-1-fx mb-button-fx-hover-grow-bottom\"><a href=\"https:\/\/app.diagnoseo.com\/tools\/wordpress-seo-plugin\/8974\/diagnoseo-pro.zip\" class=\"mb-button btn-1 flat xx-large  text-transform-uppercase ani-bg grow-bottom\" data-tracking-class=\"\">Pobierz plugin SEO DiagnoSEO PRo<\/a><\/span><\/div>\n\n<div class=\"mb-msg mb-msg-1 success  no-shadow\"><h3 class=\"wp-block-heading has-white-color has-text-color has-link-color wp-elements-0a204bfc423931b5e79b4dd62f275b20\">Odbierz e-maila z danymi do logowania<\/h3>\n<p class=\"mb-text-block mb-text-block-1  text-transform-none pos-center\">Przed chwil\u0105 wys\u0142ali\u015bmy Tw\u00f3j <strong>login<\/strong> i <strong>has\u0142o<\/strong> na e-mail podany przy rejestracji. Je\u015bli nie widzisz wiadomo\u015bci, sprawd\u017a folder &#8222;SPAM&#8221; lub &#8222;Oferty&#8221;.<\/p>\n<\/div>\n\n\n<h2 class=\"wp-block-heading\">Kolejne kroki:<\/h2>\n\n\n\n<ol class=\"wp-block-list\">\n<li><strong>Odbierz e-mail<\/strong> z danymi do logowania.<\/li>\n\n\n\n<li><strong><a href=\"https:\/\/app.diagnoseo.com\/pl\/tools\/user\/login\" target=\"_blank\" rel=\"noreferrer noopener\">Zaloguj si\u0119<\/a><\/strong> danym z e-maila.<\/li>\n\n\n\n<li><a href=\"https:\/\/app.diagnoseo.com\/tools\/wordpress-seo-plugin\/\"><strong>Pobierz wtyczk\u0119 SEO<\/strong><\/a> do WordPressa i aktywuj j\u0105 na swoim WP.<\/li>\n\n\n\n<li><strong><a href=\"https:\/\/app.diagnoseo.com\/tools\/\">Korzystaj z narz\u0119dzi<\/a><\/strong> DiagnoSEO!<\/li>\n<\/ol>\n\n\n<div class=\"mb-msg mb-msg-2 info  no-shadow\"><h3 class=\"wp-block-heading has-white-color has-text-color has-link-color wp-elements-2b54f7a09b8bce9e983b997cf70cc49f\">Informacje na temat subskrypcji<\/h3>\n<p class=\"mb-text-block mb-text-block-2  text-transform-none pos-center\">W osobnym mailu wys\u0142ali\u015bmy do Ciebie wiadomo\u015b\u0107 z informacjami na temat subskrypcji oraz linki do zarz\u0105dzania subskrypcj\u0105. W ka\u017cdej chwili mo\u017cesz anulowa\u0107 subskrypcj\u0119. Je\u015bli nie widzisz wiadomo\u015bci, sprawd\u017a folder &#8222;SPAM&#8221; lub &#8222;Oferty&#8221;.<\/p>\n<\/div>\n\n\n<p>Masz pytania lub potrzebujesz pomocy? Skontaktuj si\u0119 z nami pod adresem: <strong><a href=\"mailto:support@diagnoseo.com\">support@diagnoseo.com<\/a><\/strong> \u2013 nasz zesp\u00f3\u0142 z przyjemno\u015bci\u0105 Ci pomo\u017ce!<\/p>\n\n\n\n<p>Odkryj mo\u017cliwo\u015bci jakie daje DiagnoSEO i osi\u0105gaj swoje cele szybciej i \u0142atwiej ni\u017c kiedykolwiek! \ud83d\ude80<\/p>\n","protected":false},"excerpt":{"rendered":"<p>Kolejne kroki: Masz pytania lub potrzebujesz pomocy? Skontaktuj si\u0119 z nami pod adresem: support@diagnoseo.com \u2013 nasz zesp\u00f3\u0142 z przyjemno\u015bci\u0105 Ci pomo\u017ce! Odkryj mo\u017cliwo\u015bci jakie daje DiagnoSEO i osi\u0105gaj swoje cele szybciej i \u0142atwiej ni\u017c kiedykolwiek! \ud83d\ude80<\/p>\n","protected":false},"author":1,"featured_media":0,"parent":0,"menu_order":0,"comment_status":"closed","ping_status":"closed","template":"","meta":{"diagnoseo_postlist_title":"","diagnoseo_comment_language":"","diagnoseo_meta_keyword":"","diagnoseo_meta_additional_keywords":"","diagnoseo_meta_language":"","diagnoseo_meta_title":"","diagnoseo_meta_description":"","diagnoseo_check_result":"","diagnoseo_og_image":"","inline_featured_image":false,"footnotes":""},"class_list":["post-5889","page","type-page","status-publish","hentry"],"_links":{"self":[{"href":"https:\/\/diagnoseo.com\/pl\/wp-json\/wp\/v2\/pages\/5889","targetHints":{"allow":["GET"]}}],"collection":[{"href":"https:\/\/diagnoseo.com\/pl\/wp-json\/wp\/v2\/pages"}],"about":[{"href":"https:\/\/diagnoseo.com\/pl\/wp-json\/wp\/v2\/types\/page"}],"author":[{"embeddable":true,"href":"https:\/\/diagnoseo.com\/pl\/wp-json\/wp\/v2\/users\/1"}],"replies":[{"embeddable":true,"href":"https:\/\/diagnoseo.com\/pl\/wp-json\/wp\/v2\/comments?post=5889"}],"version-history":[{"count":2,"href":"https:\/\/diagnoseo.com\/pl\/wp-json\/wp\/v2\/pages\/5889\/revisions"}],"predecessor-version":[{"id":6222,"href":"https:\/\/diagnoseo.com\/pl\/wp-json\/wp\/v2\/pages\/5889\/revisions\/6222"}],"wp:attachment":[{"href":"https:\/\/diagnoseo.com\/pl\/wp-json\/wp\/v2\/media?parent=5889"}],"curies":[{"name":"wp","href":"https:\/\/api.w.org\/{rel}","templated":true}]}}