{"id":5837,"date":"2025-04-02T18:52:59","date_gmt":"2025-04-02T18:52:59","guid":{"rendered":"https:\/\/diagnoseo.com\/?page_id=5837"},"modified":"2025-04-02T18:53:02","modified_gmt":"2025-04-02T18:53:02","slug":"tlumaczenie-strony","status":"publish","type":"page","link":"https:\/\/diagnoseo.com\/pl\/kurs-seo-wordpress\/tlumaczenie-strony\/","title":{"rendered":"T\u0142umaczenie strony w WordPressie &#8211; wieloj\u0119zyczne SEO"},"content":{"rendered":"\n<?xml encoding=\"utf-8\"?><p><em>&#8222;Tworzenie wieloj\u0119zycznych wersji strony to nie tylko t\u0142umaczenie tre\u015bci, ale przede wszystkim dostosowanie komunikacji do kultury i oczekiwa\u0144 lokalnych u\u017cytkownik\u00f3w, co jest kluczem do globalnego sukcesu w SEO.&#8221;<\/em><\/p>\n\n\n<div class=\"diagnoseo-pro-toc diagnoseo-pro-toc-1 \"><h2 class=\"diagnoseo-pro-toc-title\">Spis tre\u015bci <a href=\"#\" class=\"diagnoseo-pro-toc-toggle\" data-show-text=\"Poka\u017c\" data-hide-text=\"Ukryj\"><\/a><\/h2><ul class=\"diagnoseo-pro-toc-content\"><li><a href=\"#wersja-jezykowa-w-podkatalogu-subdomenie-czy-osobna-domena\">Wersja j\u0119zykowa w podkatalogu, subdomenie, czy osobna domena?<\/a><ul class=\"h3\"><li><a href=\"#podkatalogi-np-example-com-pl\">1. Podkatalogi (np. example.com\/pl\/)<\/a><\/li><li><a href=\"#subdomeny-np-pl-example-com\">2. Subdomeny (np. pl.example.com)<\/a><\/li><li><a href=\"#osobne-domeny-np-example-pl-example-fr\">3. Osobne domeny (np. example.pl, example.fr)<\/a><\/li><li><a href=\"#podsumowanie\">Podsumowanie<\/a><\/li><\/ul><\/li><li><a href=\"#hreflang\">Hreflang<\/a><ul class=\"h3\"><li><a href=\"#co-to-jest-hreflang\">Co to jest hreflang?<\/a><\/li><li><a href=\"#jak-zaimplementowac-w-systemie-wordpress\">Jak zaimplementowa\u0107 w systemie WordPress?<\/a><\/li><\/ul><\/li><li><a href=\"#x-default-co-to-jest-jak-i-dlaczego-warto-wdrozyc-w-wordpress-ie\">X-default &#8211; co to jest jak i dlaczego warto wdro\u017cy\u0107 w WordPress\u2019ie?<\/a><ul class=\"h3\"><li><a href=\"#x-default-co-to-jest\">X-default &#8211; co to jest?<\/a><\/li><li><a href=\"#dlaczego-warto-wdrozyc\">Dlaczego warto wdro\u017cy\u0107?<\/a><\/li><li><a href=\"#jaka-wersje-jezykowa-ustawic-jako-x-default\">Jak\u0105 wersj\u0119 j\u0119zykow\u0105 ustawi\u0107 jako x-default?<\/a><\/li><li><a href=\"#jak-wdrozyc-w-wordpressie\">Jak wdro\u017cy\u0107 w WordPressie?<\/a><\/li><\/ul><\/li><li><a href=\"#popularne-pluginy-do-tworzenia-wersji-jezykowych\">Popularne pluginy do tworzenia wersji j\u0119zykowych<\/a><ul class=\"h4\"><li><a href=\"#wpml-wordpress-multilingual-plugin\">WPML (WordPress Multilingual Plugin)<\/a><\/li><li><a href=\"#polylang\">Polylang<\/a><\/li><li><a href=\"#podsumowanie-2\">Podsumowanie<\/a><\/li><\/ul><\/li><\/ul><\/div>\n\n\n<h2 class=\"wp-block-heading\" id=\"wersja-jezykowa-w-podkatalogu-subdomenie-czy-osobna-domena\">Wersja j\u0119zykowa w podkatalogu, subdomenie, czy osobna domena?<\/h2>\n\n\n\n<p>Wyb\u00f3r mi\u0119dzy umieszczeniem wersji j\u0119zykowych witryny na subdomenach, w osobnych domenach czy w podkatalogach ma znacz\u0105cy wp\u0142yw na SEO (Search Engine Optimization) i powinien by\u0107 dok\u0142adnie przemy\u015blany. Ka\u017cda z tych opcji ma swoje zalety i wady, kt\u00f3re mog\u0105 wp\u0142yn\u0105\u0107 na widoczno\u015b\u0107 strony w wynikach wyszukiwania. Oto kr\u00f3tkie om\u00f3wienie ka\u017cdej z opcji:<\/p>\n\n\n\n<h3 class=\"wp-block-heading\" id=\"podkatalogi-np-example-com-pl\">1. Podkatalogi (np. example.com\/pl\/)<\/h3>\n\n\n\n<ul class=\"wp-block-list\">\n<li><strong>Zalety<\/strong>:\n<ul class=\"wp-block-list\">\n<li><strong>Dziedziczenie autorytetu domeny<\/strong>: Wszystkie wersje j\u0119zykowe korzystaj\u0105 z autorytetu g\u0142\u00f3wnej domeny, co mo\u017ce u\u0142atwi\u0107 pozycjonowanie.<\/li>\n\n\n\n<li><strong>\u0141atwo\u015b\u0107 zarz\u0105dzania<\/strong>: Wszystkie wersje j\u0119zykowe znajduj\u0105 si\u0119 w jednej domenie, co u\u0142atwia zarz\u0105dzanie hostingiem i konserwacj\u0119.<\/li>\n\n\n\n<li><strong>Prostsza konfiguracja dla Google<\/strong>: Google zaleca u\u017cywanie podkatalog\u00f3w dla r\u00f3\u017cnych wersji j\u0119zykowych, poniewa\u017c u\u0142atwia to indeksowanie i zrozumienie struktury strony.<\/li>\n\n\n\n<li><strong>Brak dodatkowych koszt\u00f3w<\/strong> przed\u0142u\u017cania domen j\u0119zykowych i \u0142atwe skalowanie na kolejne kraje.<\/li>\n<\/ul>\n<\/li>\n\n\n\n<li><strong>Wady<\/strong>:\n<ul class=\"wp-block-list\">\n<li>Globalna domena na rynkach lokalnych mo\u017ce budzi\u0107 <strong>mniejsze zaufanie ni\u017c domeny krajowe<\/strong>.<\/li>\n\n\n\n<li>W przypadku, gdy kar\u0119 \/ filtr od Google dostanie domena g\u0142\u00f3wna to <strong>kara przejdzie tak\u017ce na wszystkie kraje\/podkatalogi<\/strong>.<\/li>\n<\/ul>\n<\/li>\n<\/ul>\n\n\n\n<h3 class=\"wp-block-heading\" id=\"subdomeny-np-pl-example-com\">2. Subdomeny (np. pl.example.com)<\/h3>\n\n\n\n<ul class=\"wp-block-list\">\n<li><strong>Zalety<\/strong>:\n<ul class=\"wp-block-list\">\n<li><strong>Elastyczno\u015b\u0107:<\/strong> Subdomeny mog\u0105 by\u0107 traktowane jako oddzielne witryny, co pozwala na bardziej zindywidualizowane strategie SEO dla ka\u017cdej wersji j\u0119zykowej.<\/li>\n<\/ul>\n<\/li>\n\n\n\n<li><strong>Wady<\/strong>:\n<ul class=\"wp-block-list\">\n<li><strong>Podzia\u0142 autorytetu<\/strong>: Ka\u017cda subdomena jest traktowana przez wyszukiwarki jako odr\u0119bna witryna, co mo\u017ce oznacza\u0107 potrzeb\u0119 budowania autorytetu od nowa dla ka\u017cdej z nich.<\/li>\n\n\n\n<li><strong>Wi\u0119kszy nak\u0142ad pracy<\/strong>: Zarz\u0105dzanie wieloma subdomenami i promowanie ich mo\u017ce by\u0107 bardziej skomplikowane i czasoch\u0142onne.<\/li>\n<\/ul>\n<\/li>\n<\/ul>\n\n\n\n<h3 class=\"wp-block-heading\" id=\"osobne-domeny-np-example-pl-example-fr\">3. Osobne domeny (np. example.pl, example.fr)<\/h3>\n\n\n\n<ul class=\"wp-block-list\">\n<li><strong>Zalety<\/strong>:\n<ul class=\"wp-block-list\">\n<li><strong>Najlepsze dopasowanie do lokalnego rynku<\/strong>: Posiadanie lokalnej domeny mo\u017ce zwi\u0119kszy\u0107 zaufanie u\u017cytkownik\u00f3w i jest cz\u0119sto preferowane dla silnie zlokalizowanych witryn.<\/li>\n\n\n\n<li><strong>Pe\u0142na niezale\u017cno\u015b\u0107<\/strong>: Ka\u017cda domena mo\u017ce by\u0107 optymalizowana pod k\u0105tem konkretnego rynku bez wp\u0142ywu na inne wersje j\u0119zykowe.<\/li>\n\n\n\n<li><strong>Dywersyfikacja ryzyka<\/strong>: w przypadku, gdy domena jednego kraju dostanie kar\u0119 lub wpadnie w filtr to b\u0119dzie do dotyczy\u0142o tylko danej domeny.<\/li>\n<\/ul>\n<\/li>\n\n\n\n<li><strong>Wady<\/strong>:\n<ul class=\"wp-block-list\">\n<li><strong>Najwi\u0119kszy koszty wdro\u017cenia i utrzymania<\/strong>: Zarz\u0105dzanie wieloma domenami jest najbardziej skomplikowane i kosztowne.<\/li>\n\n\n\n<li><strong>Brak dziedziczenia autorytetu<\/strong>: Ka\u017cda domena musi budowa\u0107 sw\u00f3j autorytet w wyszukiwarkach niezale\u017cnie. Mo\u017cna przekaza\u0107 jedynie cz\u0119\u015bciowy autorytet poprzez podlinkowanie domen mi\u0119dzy sob\u0105. Najsilniejsza domena powinna szczeg\u00f3lnie linkowa\u0107 do s\u0142abszych i mniej konkurencyjnych rynk\u00f3w.<\/li>\n<\/ul>\n<\/li>\n<\/ul>\n\n\n\n<h3 class=\"wp-block-heading\" id=\"podsumowanie\">Podsumowanie<\/h3>\n\n\n\n<p>Wyb\u00f3r najlepszej opcji zale\u017cy od wielu czynnik\u00f3w, takich jak cele biznesowe, zasoby finansowe, specyfika rynku docelowego oraz skala i z\u0142o\u017cono\u015b\u0107 witryny. Podkatalogi s\u0105 zwykle zalecane dla wi\u0119kszo\u015bci witryn ze wzgl\u0119du na ich prostot\u0119 i korzy\u015bci SEO. Moc domeny jest dzielona mi\u0119dzy subdomeny. Subdomeny mog\u0105 by\u0107 korzystne dla witryn, kt\u00f3re wymagaj\u0105 silnej lokalizacji lub maj\u0105 bardzo r\u00f3\u017cne grupy docelowe. Osobne domeny najlepiej sprawdzaj\u0105 si\u0119 w przypadku firm z du\u017cym bud\u017cetem, kt\u00f3re chc\u0105 maksymalnie zlokalizowa\u0107 swoj\u0105 obecno\u015b\u0107 na konkretnych rynkach.<\/p>\n\n\n\n<h2 class=\"wp-block-heading\" id=\"hreflang\">Hreflang<\/h2>\n\n\n\n<h3 class=\"wp-block-heading\" id=\"co-to-jest-hreflang\">Co to jest hreflang?<\/h3>\n\n\n\n<p>Hreflang to atrybut tagu link, kt\u00f3ry jest umieszczony w sekcji head witryny w kodzie \u017ar\u00f3d\u0142owym. Nie jest widoczny dla u\u017cytkownika, ale m\u00f3wi wyszukiwarkom jakie s\u0105 inne wersj\u0119 j\u0119zykowe danej strony oraz jak\u0105 j\u0119zykow\u0105 lub regionaln\u0105 wersj\u0119 strony wy\u015bwietli\u0107 dla danego j\u0119zyka. U\u017cywaj atrybutu hreflang, gdy masz wieloj\u0119zyczn\u0105 stron\u0119. Pomaga unikn\u0105\u0107 problem\u00f3w z duplikacj\u0105 tre\u015bci i poprawia SEO.<\/p>\n\n\n\n<h3 class=\"wp-block-heading\" id=\"jak-zaimplementowac-w-systemie-wordpress\">Jak zaimplementowa\u0107 w systemie WordPress?<\/h3>\n\n\n\n<ul class=\"wp-block-list\">\n<li><strong>Przez wtyczki do t\u0142umacze\u0144<\/strong>: Najpro\u015bciej u\u017cy\u0107 wtyczek takich jak <span data-href=\"aHR0cHM6Ly93cG1sLm9yZy8\/YWlkPTE5ODUwNiZhZmZpbGlhdGVfa2V5PTlMNHhFdkV4MTBJdQ==\" data-target=\"\" data-tooltip=\"\" class=\"diagnoseo-deeplink\">WPML<\/span> czy Polylang. Automatycznie dodaj\u0105 one atrybut hreflang do t\u0142umacze\u0144.<\/li>\n\n\n\n<li><strong>Przez wtyczki<\/strong>: Niekt\u00f3re wtyczki SEO, jak DiagnoSEO Pro, oferuj\u0105 wsparcie dla hreflang. Pozwalaj\u0105 one na \u0142atw\u0105 konfiguracj\u0119 bez konieczno\u015bci r\u0119cznego edytowania kodu.<\/li>\n<\/ul>\n\n\n\n<p>Pami\u0119taj, aby dla ka\u017cdej wersji j\u0119zykowej strony doda\u0107 osobny tag hreflang, wskazuj\u0105c j\u0119zyk i opcjonalnie region (np. hreflang=&#8221;en-GB&#8221; dla angielskiego, Wielka Brytania). Dodaj lub ustaw tak\u017ce tag x-default wskazuj\u0105cy domy\u015bln\u0105, mi\u0119dzynarodow\u0105 wersj\u0119 strony.<\/p>\n\n\n\n<h2 class=\"wp-block-heading\" id=\"x-default-co-to-jest-jak-i-dlaczego-warto-wdrozyc-w-wordpress-ie\">X-default &#8211; co to jest jak i dlaczego warto wdro\u017cy\u0107 w WordPress\u2019ie?<\/h2>\n\n\n\n<h3 class=\"wp-block-heading\" id=\"x-default-co-to-jest\">X-default &#8211; co to jest?<\/h3>\n\n\n\n<p>Atrybut x-default w tagu hreflang wskazuje wyszukiwarkom, kt\u00f3ra wersja strony jest domy\u015bln\u0105 dla u\u017cytkownik\u00f3w mi\u0119dzynarodowych. To mapa drogowa dla SEO.<\/p>\n\n\n\n<h3 class=\"wp-block-heading\" id=\"dlaczego-warto-wdrozyc\">Dlaczego warto wdro\u017cy\u0107?<\/h3>\n\n\n\n<p>X-default zapewnia, \u017ce u\u017cytkownicy pos\u0142uguj\u0105cy si\u0119 j\u0119zykami, kt\u00f3re nie s\u0105 wspierane na danej stronie mog\u0105 uzyska\u0107 dost\u0119p do odpowiednich tre\u015bci. To otwiera drzwi przed Twoj\u0105 mark\u0105 na ca\u0142ym \u015bwiecie.<\/p>\n\n\n\n<p>Poprawne wdro\u017cenie x-default zminimalizuje przypadki, gdy u\u017cytkownicy s\u0105 kierowani do tre\u015bci w j\u0119zyku, kt\u00f3rego nie rozumiej\u0105. Tagi X-default mog\u0105 pom\u00f3c obni\u017cy\u0107 wska\u017anik odrzuce\u0144.<\/p>\n\n\n\n<h3 class=\"wp-block-heading\" id=\"jaka-wersje-jezykowa-ustawic-jako-x-default\">Jak\u0105 wersj\u0119 j\u0119zykow\u0105 ustawi\u0107 jako x-default?<\/h3>\n\n\n\n<p>Twoja strona jest dost\u0119pna w kilku j\u0119zykach najlepiej w x-default ustawi\u0107 j\u0119zyk, kt\u00f3ry zna jak najwi\u0119cej os\u00f3b. Je\u015bli Twoja witryna jest w j\u0119zyku angielskim to w\u0142a\u015bnie t\u0105 wersj\u0119 mo\u017cesz ustawi\u0107 jako domy\u015bln\u0105 (x-default). Nowi u\u017cytkownicy z niezdefiniowanym j\u0119zykiem b\u0119d\u0105 kierowani do tej wersji.<\/p>\n\n\n\n<h3 class=\"wp-block-heading\" id=\"jak-wdrozyc-w-wordpressie\">Jak wdro\u017cy\u0107 w WordPressie?<\/h3>\n\n\n\n<ul class=\"wp-block-list\">\n<li><strong>Wtyczki do t\u0142umacze\u0144<\/strong>: Wtyczki takie jak <span data-href=\"aHR0cHM6Ly93cG1sLm9yZy8\/YWlkPTE5ODUwNiZhZmZpbGlhdGVfa2V5PTlMNHhFdkV4MTBJdQ==\" data-target=\"\" data-tooltip=\"\" class=\"diagnoseo-deeplink\">WPML<\/span> czy Polylang obs\u0142uguj\u0105 x-default. To najprostsza metoda.<\/li>\n\n\n\n<li><strong>R\u0119czne dodanie<\/strong>: Mo\u017cesz doda\u0107 tagi hreflang, w tym x-default, do sekcji <head> za pomoc\u0105 funkcji w functions.php Twojego motywu.<\/li>\n\n\n\n<li><strong>Sprawd\u017a konfiguracj\u0119<\/strong>: Upewnij si\u0119, \u017ce dla ka\u017cdej wersji j\u0119zykowej strony istnieje odpowiedni tag hreflang, a x-default wskazuje na wersj\u0119 mi\u0119dzynarodow\u0105.<\/li>\n<\/ul>\n\n\n\n<h2 class=\"wp-block-heading\" id=\"popularne-pluginy-do-tworzenia-wersji-jezykowych\">Popularne pluginy do tworzenia wersji j\u0119zykowych<\/h2>\n\n\n\n<p>Dwa najpopularniejsze i powszechnie u\u017cywane przez agencje i u\u017cytkownik\u00f3w indywidualnych pluginy to <span data-href=\"aHR0cHM6Ly93cG1sLm9yZy8\/YWlkPTE5ODUwNiZhZmZpbGlhdGVfa2V5PTlMNHhFdkV4MTBJdQ==\" data-target=\"\" data-tooltip=\"\" class=\"diagnoseo-deeplink\">WPML<\/span> oraz Polylang. Podstawowa r\u00f3\u017cnica polega na tym, \u017ce Polylang ma wersj\u0119 darmow\u0105.<\/p>\n\n\n\n<h4 class=\"wp-block-heading\" id=\"wpml-wordpress-multilingual-plugin\"><strong>WPML (WordPress Multilingual Plugin)<\/strong><\/h4>\n\n\n\n<ul class=\"wp-block-list\">\n<li><strong>P\u0142atny<\/strong> &#8211; nie posiada wersji darmowej.<\/li>\n\n\n\n<li><strong>SEO<\/strong> &#8211; wspiera hreflang oraz x-default.<\/li>\n\n\n\n<li><strong>Automatyczne t\u0142umaczenia &#8211; <\/strong>daje tworzenia automatycznych t\u0142umacze\u0144.<\/li>\n\n\n\n<li><strong>Kompatybilny <\/strong>&#8211; Dzia\u0142a z wi\u0119kszo\u015bci\u0105 temat\u00f3w i wtyczek WordPress.<\/li>\n<\/ul>\n\n\n\n<h4 class=\"wp-block-heading\" id=\"polylang\"><strong>Polylang<\/strong><\/h4>\n\n\n\n<ul class=\"wp-block-list\">\n<li><strong>Bezp\u0142atny<\/strong> &#8211; jest dost\u0119pna darmowa wersja z podstawowymi funkcjami.<\/li>\n\n\n\n<li><strong>SEO<\/strong> &#8211; wspiera hreflang oraz x-default.<\/li>\n\n\n\n<li><strong>Prosty<\/strong> &#8211; \u0142atwy w konfiguracji i u\u017cytkowaniu.<\/li>\n\n\n\n<li><strong>Elastyczny &#8211;<\/strong> mo\u017cliwo\u015b\u0107 dodawania niestandardowych j\u0119zyk\u00f3w.<\/li>\n<\/ul>\n\n\n\n<h4 class=\"wp-block-heading\" id=\"podsumowanie-2\"><strong>Podsumowanie<\/strong><\/h4>\n\n\n\n<p>Wyb\u00f3r odpowiedniego pluginu do tworzenia wersji j\u0119zykowych zale\u017cy od Twoich potrzeb, bud\u017cetu i preferencji. Ka\u017cdy z wymienionych plugin\u00f3w oferuje unikalne funkcje, kt\u00f3re pomog\u0105 Ci skutecznie zarz\u0105dza\u0107 wieloj\u0119zyczn\u0105 stron\u0105 WordPress, poprawiaj\u0105c jej SEO i dost\u0119pno\u015b\u0107 dla u\u017cytkownik\u00f3w na ca\u0142ym \u015bwiecie.<\/p>\n\n","protected":false},"excerpt":{"rendered":"<p>&#8222;Tworzenie wieloj\u0119zycznych wersji strony to nie tylko t\u0142umaczenie tre\u015bci, ale przede wszystkim dostosowanie komunikacji do kultury i oczekiwa\u0144 lokalnych u\u017cytkownik\u00f3w, co jest kluczem do globalnego sukcesu w SEO.&#8221; Wersja j\u0119zykowa w podkatalogu, subdomenie, czy osobna domena? Wyb\u00f3r mi\u0119dzy umieszczeniem wersji j\u0119zykowych witryny na subdomenach, w osobnych domenach czy w podkatalogach ma znacz\u0105cy wp\u0142yw na SEO<\/p>\n","protected":false},"author":1,"featured_media":0,"parent":4125,"menu_order":0,"comment_status":"closed","ping_status":"closed","template":"","meta":{"diagnoseo_postlist_title":"","diagnoseo_comment_language":"","diagnoseo_meta_keyword":"t\u0142umaczenie strony","diagnoseo_meta_additional_keywords":"","diagnoseo_meta_language":"","diagnoseo_meta_title":"T\u0142umaczenie strony w WordPressie - wieloj\u0119zyczne SEO - Kurs","diagnoseo_meta_description":"Dowiedz si\u0119 czy wersja j\u0119zykowa powinna by\u0107 w podkatalogu, subdomenie, czy na osobnej domenie. Sprawd\u017a jaki plugin do t\u0142umacze\u0144 jest najlepszy.","diagnoseo_check_result":"","diagnoseo_og_image":"","inline_featured_image":false,"footnotes":""},"class_list":["post-5837","page","type-page","status-publish","hentry"],"_links":{"self":[{"href":"https:\/\/diagnoseo.com\/pl\/wp-json\/wp\/v2\/pages\/5837","targetHints":{"allow":["GET"]}}],"collection":[{"href":"https:\/\/diagnoseo.com\/pl\/wp-json\/wp\/v2\/pages"}],"about":[{"href":"https:\/\/diagnoseo.com\/pl\/wp-json\/wp\/v2\/types\/page"}],"author":[{"embeddable":true,"href":"https:\/\/diagnoseo.com\/pl\/wp-json\/wp\/v2\/users\/1"}],"replies":[{"embeddable":true,"href":"https:\/\/diagnoseo.com\/pl\/wp-json\/wp\/v2\/comments?post=5837"}],"version-history":[{"count":3,"href":"https:\/\/diagnoseo.com\/pl\/wp-json\/wp\/v2\/pages\/5837\/revisions"}],"predecessor-version":[{"id":5868,"href":"https:\/\/diagnoseo.com\/pl\/wp-json\/wp\/v2\/pages\/5837\/revisions\/5868"}],"up":[{"embeddable":true,"href":"https:\/\/diagnoseo.com\/pl\/wp-json\/wp\/v2\/pages\/4125"}],"wp:attachment":[{"href":"https:\/\/diagnoseo.com\/pl\/wp-json\/wp\/v2\/media?parent=5837"}],"curies":[{"name":"wp","href":"https:\/\/api.w.org\/{rel}","templated":true}]}}