{"id":5835,"date":"2025-04-02T18:50:09","date_gmt":"2025-04-02T18:50:09","guid":{"rendered":"https:\/\/diagnoseo.com\/?page_id=5835"},"modified":"2025-04-02T18:50:13","modified_gmt":"2025-04-02T18:50:13","slug":"mapa-strony","status":"publish","type":"page","link":"https:\/\/diagnoseo.com\/pl\/kurs-seo-wordpress\/mapa-strony\/","title":{"rendered":"Mapa strony (sitemapa) w WordPressie"},"content":{"rendered":"\n<?xml encoding=\"utf-8\"?><div class=\"diagnoseo-pro-toc diagnoseo-pro-toc-1 \"><h2 class=\"diagnoseo-pro-toc-title\">Spis tre\u015bci <a href=\"#\" class=\"diagnoseo-pro-toc-toggle\" data-show-text=\"Poka\u017c\" data-hide-text=\"Ukryj\"><\/a><\/h2><ul class=\"diagnoseo-pro-toc-content\"><li><a href=\"#dlaczego-i-jak-warto-zmienic-nazwe-domyslnego-pliku-sitemapy\">Dlaczego i jak warto zmieni\u0107 nazw\u0119 domy\u015blnego pliku sitemapy?<\/a><ul class=\"h3\"><li><a href=\"#jak-zmienic-nazwe-domyslnego-pliku-sitemapy\">Jak zmieni\u0107 nazw\u0119 domy\u015blnego pliku sitemapy?<\/a><\/li><\/ul><\/li><li><a href=\"#jak-zglosic-sitemape-do-google-search-console\">Jak zg\u0142osi\u0107 sitemap\u0119 do Google Search Console?<\/a><\/li><li><a href=\"#sitemapa-html-jak-dodac-sitemape-html-i-skad-do-niej-linkowac\">Sitemapa HTML &#8211; jak doda\u0107 sitemap\u0119 HTML i sk\u0105d do niej linkowa\u0107?<\/a><ul class=\"h3\"><li><a href=\"#jak-dodac-sitemape-html\">Jak doda\u0107 sitemap\u0119 HTML?<\/a><\/li><li><a href=\"#skad-linkowac-do-sitemapy-html\">Sk\u0105d linkowa\u0107 do sitemapy HTML?<\/a><\/li><li><a href=\"#dlaczego-warto-dodac-sitemape-html\">Dlaczego warto doda\u0107 sitemap\u0119 HTML?<\/a><\/li><\/ul><\/li><\/ul><\/div><h2 class=\"wp-block-heading\" id=\"dlaczego-i-jak-warto-zmienic-nazwe-domyslnego-pliku-sitemapy\">Dlaczego i jak warto zmieni\u0107 nazw\u0119 domy\u015blnego pliku sitemapy?<\/h2>\n\n\n\n<p>Domy\u015blnie WordPress dodaje sitemap\u0119 o adresie zako\u0144czonym na \/wp-sitemap.xml<\/p>\n\n\n\n<p>Warto zmieni\u0107 domy\u015blny adres, poniewa\u017c to mo\u017ce utrudni\u0107 botom i konkurencji automatyczne znalezienie struktury Twojej witryny lub np. adres\u00f3w URL do wszystkich Twoich post\u00f3w.<\/p>\n\n\n\n<h3 class=\"wp-block-heading\" id=\"jak-zmienic-nazwe-domyslnego-pliku-sitemapy\">Jak zmieni\u0107 nazw\u0119 domy\u015blnego pliku sitemapy?<\/h3>\n\n\n\n<p>W pluginie <strong>DiagnoSEO Pro<\/strong> wejd\u017a do zak\u0142adki <strong>DiagnoSEO<\/strong>, a nast\u0119pnie do podstrony <strong>Sitemap Setting. <\/strong>W polu dotycz\u0105cym nazwy sitemapy zmie\u0144 nazw\u0119 sitemapy na inn\u0105 ni\u017c domy\u015blna, np. wp-si348767901.xml<\/p>\n\n\n\n<p>Pami\u0119taj, aby nie umieszcza\u0107 adresu sitemapy w pliku robots.txt, a jedynie doda\u0107 sitemap\u0119 w Google Search Console. Jak to zrobi\u0107 dowiesz si\u0119 w kolejnym rozdziale.<\/p>\n\n\n\n<h2 class=\"wp-block-heading\" id=\"jak-zglosic-sitemape-do-google-search-console\">Jak zg\u0142osi\u0107 sitemap\u0119 do Google Search Console?<\/h2>\n\n\n\n<p>Zg\u0142oszenie sitemapy do Google Search Console to istotny krok w optymalizacji Twojej strony pod k\u0105tem wyszukiwarek. Sitemap\u0119 mo\u017cna por\u00f3wna\u0107 do mapy, kt\u00f3ra pomaga robotom Google lepiej zrozumie\u0107 struktur\u0119 Twojej witryny i efektywniej j\u0105 indeksowa\u0107. W Google Search Console mo\u017cesz tak\u017ce \u015bledzi\u0107 informacje na temat indeksacji stron w sitemap\u2019ie i wykry\u0107 potencjalne problemy ze stronami (np. b\u0142\u0119dne adresy stron i wiele wi\u0119cej).<\/p>\n\n\n\n<p>Poni\u017cej znajdziesz prosty przewodnik, jak szybko i skutecznie zg\u0142osi\u0107 sitemap\u0119, aby poprawi\u0107 widoczno\u015b\u0107 Twojej strony w wynikach wyszukiwania.<\/p>\n\n\n\n<ul class=\"wp-block-list\">\n<li><strong>Zaloguj si\u0119 do Google Search Console<\/strong>: Wejd\u017a na stron\u0119 <a href=\"https:\/\/search.google.com\/search-console\">Google Search Console<\/a> i zaloguj si\u0119.<\/li>\n\n\n\n<li><strong>Wybierz swoj\u0105 stron\u0119<\/strong>: Z listy dodanych w\u0142a\u015bciwo\u015bci wybierz stron\u0119, dla kt\u00f3rej chcesz zg\u0142osi\u0107 sitemap\u0119.<\/li>\n\n\n\n<li><strong>Przejd\u017a do Sitemap<\/strong>: W lewym menu znajd\u017a i kliknij \u201eSitemaps\u201d. To sekcja do zarz\u0105dzania sitemapami.<\/li>\n\n\n\n<li><strong>Dodaj \u015bcie\u017ck\u0119 do sitemapy<\/strong>: W polu \u201eAdd a new sitemap\u201d wpisz pe\u0142n\u0105 \u015bcie\u017ck\u0119 do Twojej sitemapy. Domy\u015blnie w WordPress\u2019ie adres URL sitemapy ko\u0144czy si\u0119 na \/wp-sitemap.xml (warto jednak zmieni\u0107 ten adres o czym zosta\u0142o wspomniane w poprzednim rozdziale).<\/li>\n\n\n\n<li><strong>Zg\u0142o\u015b sitemap\u0119<\/strong>: Kliknij \u201eSubmit\u201d. Google zacznie proces indeksowania na podstawie Twojej sitemapy.<\/li>\n\n\n\n<li><strong>Sprawd\u017a status<\/strong>: Po zg\u0142oszeniu mo\u017cesz sprawdzi\u0107 status i ewentualne b\u0142\u0119dy w sekcji \u201eSitemaps\u201d.<\/li>\n<\/ul>\n\n\n\n<p>Pami\u0119taj, \u017ce zg\u0142oszenie sitemapy to pierwszy krok. Regularnie sprawdzaj, czy nie ma b\u0142\u0119d\u00f3w i czy wszystkie wa\u017cne strony s\u0105 indeksowane.<\/p>\n\n\n\n<h2 class=\"wp-block-heading\" id=\"sitemapa-html-jak-dodac-sitemape-html-i-skad-do-niej-linkowac\">Sitemapa HTML &#8211; jak doda\u0107 sitemap\u0119 HTML i sk\u0105d do niej linkowa\u0107?<\/h2>\n\n\n\n<p>Sitemapa HTML to wersja sitemapy przeznaczona dla u\u017cytkownik\u00f3w. U\u0142atwia nawigacj\u0119 po stronie. Oto jak j\u0105 doda\u0107 i efektywnie wykorzysta\u0107.<\/p>\n\n\n\n<h3 class=\"wp-block-heading\" id=\"jak-dodac-sitemape-html\">Jak doda\u0107 sitemap\u0119 HTML?<\/h3>\n\n\n\n<ul class=\"wp-block-list\">\n<li><strong>U\u017cyj pluginu DiagnoSEO Pro<\/strong>: Zainstaluj i aktywuj wtyczk\u0119 DiagnoSEO Pro w swoim WordPressie.<\/li>\n\n\n\n<li><strong>Dodaj blok Sitemap w Gutenbergu<\/strong>: Przejd\u017a do edytora Gutenberg na stronie, gdzie chcesz umie\u015bci\u0107 sitemap\u0119 HTML. Wybierz blok \u201eSitemap\u201d od DiagnoSEO Pro.<\/li>\n\n\n\n<li><strong>Dostosuj blok sitemap<\/strong>: W bloku \u201eSitemap\u201d mo\u017cesz dostosowa\u0107, kt\u00f3re strony maj\u0105 si\u0119 pojawi\u0107 w sitemapie HTML. Moga by\u0107 to wpisy blogowe, strony lub strony kategorie.<\/li>\n<\/ul>\n\n\n\n<h3 class=\"wp-block-heading\" id=\"skad-linkowac-do-sitemapy-html\">Sk\u0105d linkowa\u0107 do sitemapy HTML?<\/h3>\n\n\n\n<p>Najlepszym miejscem na link do sitemapy HTML jest <strong>footer<\/strong> (stopka) Twojej strony.\u00a0<\/p>\n\n\n\n<p>Dlaczego Footer? Jest on widoczny na ka\u017cdej podstronie, co zapewnia \u0142atwy dost\u0119p do sitemapy dla u\u017cytkownik\u00f3w i bot\u00f3w wyszukiwarek niezale\u017cnie od tego, gdzie si\u0119 znajduj\u0105 na Twojej stronie. Podkre\u015bla to te\u017c wa\u017cno\u015b\u0107 strony i jest przekazywane do niej wi\u0119cej pageranku ni\u017c w przypadku, gdyby do sitemapy linkowa\u0142o mniej podstron.<\/p>\n\n\n\n<p>Ponadto umieszczeniu linku do sitemapy w stopce na ka\u017cdej podstronie pomo\u017ce spe\u0142ni\u0107 <strong>zasad\u0119 3 klikni\u0119\u0107<\/strong>. Zasada 3 klikni\u0119\u0107 m\u00f3wi, \u017ce u\u017cytkownik powinien m\u00f3c dotrze\u0107 do ka\u017cdej informacji\/podstrony witryny w maksymalnie trzech klikni\u0119ciach.<\/p>\n\n\n\n<h3 class=\"wp-block-heading\" id=\"dlaczego-warto-dodac-sitemape-html\">Dlaczego warto doda\u0107 sitemap\u0119 HTML?<\/h3>\n\n\n\n<p><strong>U\u0142atwia nawigacj\u0119<\/strong> &#8211; pomaga u\u017cytkownikom szybko znale\u017a\u0107 interesuj\u0105ce ich tre\u015bci.<\/p>\n\n\n\n<p><strong>Poprawia u\u017cyteczno\u015b\u0107 strony<\/strong> &#8211; dobra nawigacja to wy\u017csza satysfakcja odwiedzaj\u0105cych.<strong>Wspiera SEO<\/strong> &#8211; chocia\u017c sitemapa HTML sama w sobie nie jest silnym czynnikiem rankingowym, poprawa u\u017cyteczno\u015bci strony i mo\u017ce pozytywnie wp\u0142yn\u0105\u0107 indeksacj\u0119 w wyszukiwarkach oraz na odbi\u00f3r strony przez u\u017cytkownik\u00f3w (po\u015brednio na SEO).<\/p>\n\n","protected":false},"excerpt":{"rendered":"<p>Dlaczego i jak warto zmieni\u0107 nazw\u0119 domy\u015blnego pliku sitemapy? Domy\u015blnie WordPress dodaje sitemap\u0119 o adresie zako\u0144czonym na \/wp-sitemap.xml Warto zmieni\u0107 domy\u015blny adres, poniewa\u017c to mo\u017ce utrudni\u0107 botom i konkurencji automatyczne znalezienie struktury Twojej witryny lub np. adres\u00f3w URL do wszystkich Twoich post\u00f3w. Jak zmieni\u0107 nazw\u0119 domy\u015blnego pliku sitemapy? W pluginie DiagnoSEO Pro wejd\u017a do zak\u0142adki<\/p>\n","protected":false},"author":1,"featured_media":0,"parent":4125,"menu_order":0,"comment_status":"closed","ping_status":"closed","template":"","meta":{"diagnoseo_postlist_title":"","diagnoseo_comment_language":"","diagnoseo_meta_keyword":"","diagnoseo_meta_additional_keywords":"","diagnoseo_meta_language":"","diagnoseo_meta_title":"Mapa strony (sitemapa) w WordPressie - Darmowy kurs SEO","diagnoseo_meta_description":"Dowiedz si\u0119 mi\u0119dzy innymi dlaczego i jak warto zmieni\u0107 nazw\u0119 domy\u015blnego pliku sitemapy oraz jak doda\u0107 sitemap\u0119 HTML i sk\u0105d do niej linkowa\u0107.","diagnoseo_check_result":"","diagnoseo_og_image":"","inline_featured_image":false,"footnotes":""},"class_list":["post-5835","page","type-page","status-publish","hentry"],"_links":{"self":[{"href":"https:\/\/diagnoseo.com\/pl\/wp-json\/wp\/v2\/pages\/5835","targetHints":{"allow":["GET"]}}],"collection":[{"href":"https:\/\/diagnoseo.com\/pl\/wp-json\/wp\/v2\/pages"}],"about":[{"href":"https:\/\/diagnoseo.com\/pl\/wp-json\/wp\/v2\/types\/page"}],"author":[{"embeddable":true,"href":"https:\/\/diagnoseo.com\/pl\/wp-json\/wp\/v2\/users\/1"}],"replies":[{"embeddable":true,"href":"https:\/\/diagnoseo.com\/pl\/wp-json\/wp\/v2\/comments?post=5835"}],"version-history":[{"count":3,"href":"https:\/\/diagnoseo.com\/pl\/wp-json\/wp\/v2\/pages\/5835\/revisions"}],"predecessor-version":[{"id":5867,"href":"https:\/\/diagnoseo.com\/pl\/wp-json\/wp\/v2\/pages\/5835\/revisions\/5867"}],"up":[{"embeddable":true,"href":"https:\/\/diagnoseo.com\/pl\/wp-json\/wp\/v2\/pages\/4125"}],"wp:attachment":[{"href":"https:\/\/diagnoseo.com\/pl\/wp-json\/wp\/v2\/media?parent=5835"}],"curies":[{"name":"wp","href":"https:\/\/api.w.org\/{rel}","templated":true}]}}