{"id":5827,"date":"2025-04-02T18:47:56","date_gmt":"2025-04-02T18:47:56","guid":{"rendered":"https:\/\/diagnoseo.com\/?page_id=5827"},"modified":"2025-04-02T18:47:59","modified_gmt":"2025-04-02T18:47:59","slug":"statystyki-odwiedzin","status":"publish","type":"page","link":"https:\/\/diagnoseo.com\/pl\/kurs-seo-wordpress\/statystyki-odwiedzin\/","title":{"rendered":"Statystyki odwiedzin strony &#8211; analityka na WordPressie"},"content":{"rendered":"\n<?xml encoding=\"utf-8\"?><p><em>\u201ePo\u0142owa pieni\u0119dzy, kt\u00f3re wydaj\u0119 na reklam\u0119 jest chybion\u0105 inwestycj\u0105. Problem polega na tym, \u017ce nie wiem kt\u00f3ra to po\u0142owa\u201d<\/em><\/p>\n\n\n\n<p><em>&#8211; John Wanamaker<\/em><\/p>\n\n\n<div class=\"diagnoseo-pro-toc diagnoseo-pro-toc-1 \"><h2 class=\"diagnoseo-pro-toc-title\">Spis tre\u015bci <a href=\"#\" class=\"diagnoseo-pro-toc-toggle\" data-show-text=\"Poka\u017c\" data-hide-text=\"Ukryj\"><\/a><\/h2><ul class=\"diagnoseo-pro-toc-content\"><li><a href=\"#jakich-darmowych-rozwiazan-uzywac-by-zmierzyc-ruch-na-stronie\">Jakich darmowych rozwi\u0105za\u0144 u\u017cywa\u0107, by zmierzy\u0107 ruch na stronie?<\/a><ul class=\"h3\"><li><a href=\"#google-search-console\">Google Search Console<\/a><\/li><li><a href=\"#google-analytics\">Google Analytics<\/a><ul class=\"h4\"><li><a href=\"#instalacja-google-analytics-przez-google-tag-manager-a\">Instalacja Google Analytics przez Google Tag Manager&#8217;a<\/a><\/li><\/ul><\/li><\/ul><\/li><li><a href=\"#najlepsze-darmowe-i-alternatywne-do-google-analytics-narzedzia-do-analityki-internetowej\">Najlepsze darmowe i alternatywne do Google Analytics narz\u0119dzia do analityki internetowej<\/a><ul class=\"h3\"><li><a href=\"#statcounter\">Statcounter<\/a><\/li><li><a href=\"#clicky\">Clicky<\/a><\/li><\/ul><\/li><li><a href=\"#jak-mierzyc-liczbe-klikniec-w-button-w-wordpress-ie\">Jak mierzy\u0107 liczb\u0119 klikni\u0119\u0107 w button w WordPress\u2019ie?<\/a><ul class=\"h3\"><li><a href=\"#zainstaluj-wtyczke-multi-builder\">1. Zainstaluj wtyczk\u0119 Multi Builder<\/a><\/li><li><a href=\"#dodaj-button-z-czesciowo-ukrytym-numerem-telefonu\">2. Dodaj button z cz\u0119\u015bciowo ukrytym numerem telefonu<\/a><\/li><li><a href=\"#konfiguracja-tekstu-buttona\">3. Konfiguracja tekstu buttona<\/a><\/li><li><a href=\"#dodaj-tracking-class\">4. Dodaj tracking class<\/a><\/li><li><a href=\"#skonfiguruj-google-tag-manager\">5. Skonfiguruj Google Tag Manager<\/a><ul class=\"h5\"><li><a href=\"#krok-1\">Krok 1<\/a><\/li><li><a href=\"#krok-2\">Krok 2<\/a><\/li><li><a href=\"#krok-3\">Krok 3<\/a><\/li><li><a href=\"#krok-4\">Krok 4<\/a><\/li><\/ul><\/li><li><a href=\"#testuj-i-analizuj\">6. Testuj i analizuj<\/a><\/li><\/ul><\/li><li><a href=\"#jak-monitorowac-wiele-domen-i-serwisow-wordpressie\">Jak monitorowa\u0107 wiele domen i serwis\u00f3w WordPressie?<\/a><\/li><li><a href=\"#jak-sprawdzac-wplyw-ux-na-zachowania-uzytkownikow\">Jak sprawdza\u0107 wp\u0142yw UX na zachowania u\u017cytkownik\u00f3w?<\/a><ul class=\"h3\"><li><a href=\"#nagrania-sesji\">Nagrania sesji<\/a><\/li><li><a href=\"#mapy-ciepla\">Mapy ciep\u0142a<\/a><\/li><li><a href=\"#ankiety-na-stronie\">Ankiety na stronie<\/a><\/li><li><a href=\"#analiza-formularzy\">Analiza formularzy<\/a><\/li><li><a href=\"#lejki-konwersji\">Lejki konwersji<\/a><\/li><\/ul><\/li><li><a href=\"#tag-meta-referer-dlaczego-jak-i-gdzie-go-ustawic\">Tag meta referer &#8211; dlaczego, jak i gdzie go ustawi\u0107?<\/a><ul class=\"h3\"><li><a href=\"#jakie-sa-mozliwe-opcje-zmiany-tagu-meta-referrer\">Jakie s\u0105 mo\u017cliwe opcje zmiany tagu meta referrer?<\/a><\/li><li><a href=\"#dlaczego-tag-meta-referer-jest-wazny\">Dlaczego tag meta referer jest wa\u017cny?<\/a><\/li><\/ul><\/li><\/ul><\/div>\n\n\n<h2 class=\"wp-block-heading\" id=\"jakich-darmowych-rozwiazan-uzywac-by-zmierzyc-ruch-na-stronie\">Jakich darmowych rozwi\u0105za\u0144 u\u017cywa\u0107, by zmierzy\u0107 ruch na stronie?<\/h2>\n\n\n\n<h3 class=\"wp-block-heading\" id=\"google-search-console\">Google Search Console<\/h3>\n\n\n\n<p><a href=\"https:\/\/search.google.com\/search-console\/about\">Google Search Console<\/a> to podstawowe narz\u0119dzie, gdzie Twoja witryna powinna zosta\u0107 dodana.<\/p>\n\n\n\n<p>To miejsce, gdzie mo\u017cna nie tylko zg\u0142osi\u0107 sitemap\u0119 XML. Mo\u017cna tam r\u00f3wnie\u017c m.in. monitorowa\u0107 liczb\u0119 wy\u015bwietle\u0144 oraz klikni\u0119\u0107 z Google oraz pozna\u0107 frazy z jakich u\u017cytkownicy wchodz\u0105 na stron\u0119. Powod\u00f3w dla kt\u00f3rych warto za\u0142o\u017cy\u0107 tam stron\u0119 jest wiele wi\u0119cej.<br><br>Aby aktywowa\u0107 Google Search Console najmniej inwazyjnie mo\u017cna dokona\u0107 weryfikacji domeny poprzez wgranie pliku txt (do pobrania z GSC) na serwer domeny.<\/p>\n\n\n\n<h3 class=\"wp-block-heading\" id=\"google-analytics\">Google Analytics<\/h3>\n\n\n\n<p><a href=\"https:\/\/marketingplatform.google.com\/about\/analytics\/\">Google Analytics<\/a> to kolejne narz\u0119dzie zaraz po Google Search Console, kt\u00f3re warto wdro\u017cy\u0107. Dzi\u0119ki temu poznasz m.in. ile os\u00f3b jest aktualnie na Twojej witrynie, z jakich miejsc wchodz\u0105 na Twoj\u0105 stron\u0119, jak du\u017co czasu sp\u0119dzaj\u0105 na stronie i jak si\u0119 zachowuj\u0105.<\/p>\n\n\n\n<h4 class=\"wp-block-heading\" id=\"instalacja-google-analytics-przez-google-tag-manager-a\"><strong>Instalacja Google Analytics przez Google Tag Manager&#8217;a<\/strong><\/h4>\n\n\n\n<p>Najlepiej zainstalowa\u0107 Google Analytics (oraz inne zewn\u0119trze systemy do analityki, itp.) przez Google Tag Manager&#8217;a. Dzi\u0119ki temu wklejamy na stron\u0119 tylko kod Google tag Manager&#8217;a, a pozosta\u0142e konfiguracje mo\u017cna doda\u0107 przez Google tag Managera (bez edycji kodu). Dzi\u0119ki temu mo\u017cna \u0142atwo zarz\u0105dza\u0107 kodami do r\u00f3\u017cnych us\u0142ug w jednym miejscu.<\/p>\n\n\n\n<h2 class=\"wp-block-heading\" id=\"najlepsze-darmowe-i-alternatywne-do-google-analytics-narzedzia-do-analityki-internetowej\">Najlepsze darmowe i alternatywne do Google Analytics narz\u0119dzia do analityki internetowej<\/h2>\n\n\n\n<p>Je\u015bli Twoja strona to ma\u0142a witryna z ma\u0142ym ruchem i nie interesuj\u0105 Ci\u0119 zaawansowane statystyki i raporty to s\u0105 dwa inne narz\u0119dzia godne uwagi.<\/p>\n\n\n\n<h3 class=\"wp-block-heading\" id=\"statcounter\">Statcounter<\/h3>\n\n\n\n<p><span data-href=\"aHR0cHM6Ly9zdGF0Y291bnRlci5jb20v\" data-target=\"\" data-tooltip=\"\" class=\"diagnoseo-deeplink\">Statcounter<\/span> to darmowe statystyki dla wielu stron w jednym panelu. Przedstawiaj\u0105 podstawowe dane (liczba u\u017cytkownik\u00f3w, liczba ods\u0142on, a tak\u017ce bardziej zaawansowane dane o u\u017cytkownikach). Zalet\u0105 jest mo\u017cliwo\u015b\u0107 dodania wielu stron na jednym darmowym koncie i \u015bledzenie podstawowych informacji o wszystkich witrynach na jednej stronie.<\/p>\n\n\n\n<h3 class=\"wp-block-heading\" id=\"clicky\">Clicky<\/h3>\n\n\n\n<p><span data-href=\"aHR0cHM6Ly9jbGlja3kuY29tLw==\" data-target=\"\" data-tooltip=\"\" class=\"diagnoseo-deeplink\">Clicky<\/span> to darmowe statystyki dla jednej witryny na darmowe konto. Je\u015bli chcesz monitorowa\u0107 wiele witryn w jednym panelu i mie\u0107 dost\u0119p do danych historycznych to konieczna b\u0119dzie wersja p\u0142atna. Mocn\u0105 stron\u0105 narz\u0119dzia jest bardzo przejrzysty panel, wykres odwiedzin i najwa\u017cniejsze informacje dot. statystyk (m.in bounce rate i ostatnie wizyty) podane w bardzo przyst\u0119pnej i zrozumia\u0142ej formie, bez zb\u0119dnych klikni\u0119\u0107.<\/p>\n\n\n\n<h2 class=\"wp-block-heading\" id=\"jak-mierzyc-liczbe-klikniec-w-button-w-wordpress-ie\">Jak mierzy\u0107 liczb\u0119 klikni\u0119\u0107 w button w WordPress\u2019ie?<\/h2>\n\n\n\n<h3 class=\"wp-block-heading\" id=\"zainstaluj-wtyczke-multi-builder\">1. Zainstaluj wtyczk\u0119 Multi Builder<\/h3>\n\n\n\n<ul class=\"wp-block-list\">\n<li>Pierwszy krok to instalacja i aktywacja wtyczki Multi Builder. Zawiera ona blok Button z opcjami \u015bledzenia klikni\u0119\u0107.<\/li>\n<\/ul>\n\n\n\n<h3 class=\"wp-block-heading\" id=\"dodaj-button-z-czesciowo-ukrytym-numerem-telefonu\">2. Dodaj button z cz\u0119\u015bciowo ukrytym numerem telefonu<\/h3>\n\n\n\n<ul class=\"wp-block-list\">\n<li>Dodaj nowy button. W polu \u201eLink (URL)\u201d wpisz numer telefonu z prefiksem \u201etel:\u201d, np. \u201etel:123456789\u201d.<\/li>\n\n\n\n<li>W sekcji \u201eClick tracking\u201d w\u0142\u0105cz opcj\u0119 \u201eTrack clicks on this button\u201d.<\/li>\n<\/ul>\n\n\n\n<h3 class=\"wp-block-heading\" id=\"konfiguracja-tekstu-buttona\">3. Konfiguracja tekstu buttona<\/h3>\n\n\n\n<ul class=\"wp-block-list\">\n<li>W \u201eText before click\u201d wpisz np. \u201e+1 123 xxx xxx\u201d (cz\u0119\u015bciowo ukryty numer).<\/li>\n\n\n\n<li>Opcjonalnie w \u201eAdditional text before click\u201d wpisz np. \u201ePoka\u017c\u201d jako wskaz\u00f3wk\u0119 dla u\u017cytkownik\u00f3w.<\/li>\n\n\n\n<li>W \u201eText after click\u201d wpisz pe\u0142ny numer telefonu, np. \u201e+1 123 456 789\u201d.<\/li>\n<\/ul>\n\n\n\n<h3 class=\"wp-block-heading\" id=\"dodaj-tracking-class\">4. Dodaj tracking class<\/h3>\n\n\n\n<ul class=\"wp-block-list\">\n<li>To opcjonalna klasa dla konfiguracji w Google Tag Manager, umo\u017cliwiaj\u0105ca \u015bledzenie klikni\u0119\u0107 na r\u00f3\u017cnych buttonach.<\/li>\n<\/ul>\n\n\n\n<h3 class=\"wp-block-heading\" id=\"skonfiguruj-google-tag-manager\">5. Skonfiguruj Google Tag Manager<\/h3>\n\n\n\n<h5 class=\"wp-block-heading\" id=\"krok-1\"><strong>Krok 1<\/strong><\/h5>\n\n\n\n<ul class=\"wp-block-list\">\n<li>Za\u0142\u00f3\u017c konto w Google Tag Manager i zainstaluj Google Analytics.<\/li>\n<\/ul>\n\n\n\n<h5 class=\"wp-block-heading\" id=\"krok-2\"><strong>Krok 2<\/strong><\/h5>\n\n\n\n<ul class=\"wp-block-list\">\n<li>W sekcji \u201eVariables\u201d aktywuj wszystkie zmienne zwi\u0105zane z \u201eClicks\u201d.<\/li>\n<\/ul>\n\n\n\n<h5 class=\"wp-block-heading\" id=\"krok-3\"><strong>Krok 3<\/strong><\/h5>\n\n\n\n<ul class=\"wp-block-list\">\n<li>Dodaj nowy trigger typu \u201eClicks \u2013 just links\u201d.<\/li>\n\n\n\n<li>Ustaw trigger, aby aktywowa\u0142 si\u0119, gdy \u201eClick URL\u201d \u201ezawiera\u201d \u201etel:\u201d.<\/li>\n<\/ul>\n\n\n\n<h5 class=\"wp-block-heading\" id=\"krok-4\"><strong>Krok 4<\/strong><\/h5>\n\n\n\n<ul class=\"wp-block-list\">\n<li>Dodaj nowy tag jako Event. Wype\u0142nij kategorie (np. \u201eClicks\u201d), akcj\u0119 (np. \u201ePhone clicks\u201d) i etykiet\u0119 (np. {{Page Path}}). Wybierz trigger utworzony w kroku 3.<\/li>\n<\/ul>\n\n\n\n<h3 class=\"wp-block-heading\" id=\"testuj-i-analizuj\">6. Testuj i analizuj<\/h3>\n\n\n\n<ul class=\"wp-block-list\">\n<li>Przetestuj klikni\u0119cia na r\u00f3\u017cnych urz\u0105dzeniach i sprawd\u017a zdarzenia w Google Analytics w \u201eBehaviour > Events > Overview\u201d.<\/li>\n<\/ul>\n\n\n\n<p>Dzi\u0119ki temu b\u0119dziesz dok\u0142adnie wiedzie\u0107, ile klikni\u0119\u0107 generuje button z numerem telefonu. Te dane mo\u017cesz wykorzysta\u0107 do analizy lub optymalizacji kampanii marketingowych.<\/p>\n\n\n\n<h2 class=\"wp-block-heading\" id=\"jak-monitorowac-wiele-domen-i-serwisow-wordpressie\">Jak monitorowa\u0107 wiele domen i serwis\u00f3w WordPressie?<\/h2>\n\n\n\n<h2 class=\"wp-block-heading\" id=\"jak-sprawdzac-wplyw-ux-na-zachowania-uzytkownikow\">Jak sprawdza\u0107 wp\u0142yw UX na zachowania u\u017cytkownik\u00f3w?<\/h2>\n\n\n\n<p>Wykorzystaj pot\u0119\u017cne narz\u0119dzie <strong>Hotjar<\/strong> do zrozumienia zachowa\u0144 u\u017cytkownik\u00f3w i wp\u0142ywu UX na te zachowania. Wykorzystuj\u0105c <strong>mapy ciep\u0142a<\/strong>, <strong>nagrania sesji<\/strong>, <strong>ankiety<\/strong>, <strong>formularze opinii<\/strong> i <strong>analiz\u0119 lejk\u00f3w konwersji<\/strong>, mo\u017cesz dok\u0142adnie zdiagnozowa\u0107 problemy UX i wprowadza\u0107 ulepszenia, kt\u00f3re zwi\u0119ksz\u0105 satysfakcj\u0119 u\u017cytkownik\u00f3w i efektywno\u015b\u0107 Twojej strony WordPress. Poprawa do\u015bwiadcze\u0144 UX mo\u017ce po\u015brednio wp\u0142yn\u0105\u0107 na popraw\u0119 SEO. Szczeg\u00f3lnie unikaj przypadk\u00f3w, gdy u\u017cytkownicy s\u0105 niezadowolenie z wizyty na Twojej stronie i nie znajduj\u0105 tego czego szukaj\u0105 przez z\u0142y UX.<\/p>\n\n\n\n<h3 class=\"wp-block-heading\" id=\"nagrania-sesji\">Nagrania sesji<\/h3>\n\n\n\n<p>To najciekawsze funkcjonalno\u015b\u0107 Hotjar. Obserwuj, <strong>jak u\u017cytkownicy poruszaj\u0105 si\u0119 po stronie<\/strong>. Nagrania sesji daj\u0105 wgl\u0105d w rzeczywiste \u015bcie\u017cki u\u017cytkownik\u00f3w. Zidentyfikuj problemy z nawigacj\u0105 i elementy, kt\u00f3re sprawiaj\u0105 trudno\u015bci.<\/p>\n\n\n\n<h3 class=\"wp-block-heading\" id=\"mapy-ciepla\">Mapy ciep\u0142a<\/h3>\n\n\n\n<p><strong>Zrozum, gdzie klikaj\u0105 u\u017cytkownicy<\/strong>. Mapy ciep\u0142a pokazuj\u0105, kt\u00f3re obszary strony przyci\u0105gaj\u0105 najwi\u0119cej uwagi. Analizuj, czy u\u017cytkownicy znajduj\u0105 wa\u017cne elementy.<\/p>\n\n\n\n<h3 class=\"wp-block-heading\" id=\"ankiety-na-stronie\">Ankiety na stronie<\/h3>\n\n\n\n<p><strong>Zbieraj opinie bezpo\u015brednio od u\u017cytkownik\u00f3w<\/strong>. Ankiety pozwalaj\u0105 zrozumie\u0107, co u\u017cytkownicy my\u015bl\u0105 o Twojej stronie. Pytaj o do\u015bwiadczenia, problemy i sugestie.<\/p>\n\n\n\n<h3 class=\"wp-block-heading\" id=\"analiza-formularzy\">Analiza formularzy<\/h3>\n\n\n\n<p><strong>Identifikuj problemy w formularzach<\/strong>, kt\u00f3re odstraszaj\u0105 u\u017cytkownik\u00f3w. Hotjar wska\u017ce Ci, kt\u00f3re pola sprawiaj\u0105 trudno\u015bci u\u017cytkownikom. Dzi\u0119ki temu dowiedz si\u0119, co dok\u0142adnie poprawi\u0107.<\/p>\n\n\n\n<h3 class=\"wp-block-heading\" id=\"lejki-konwersji\">Lejki konwersji<\/h3>\n\n\n\n<p><strong>Analizuj, gdzie u\u017cytkownicy rezygnuj\u0105.<\/strong> Lejki konwersji w Hotjar pokazuj\u0105, na kt\u00f3rych etapach u\u017cytkownicy opuszczaj\u0105 proces, np. zakupu. Optymalizuj te etapy dla lepszego UX.<\/p>\n\n\n\n<h2 class=\"wp-block-heading\" id=\"tag-meta-referer-dlaczego-jak-i-gdzie-go-ustawic\">Tag meta referer &#8211; dlaczego, jak i gdzie go ustawi\u0107?<\/h2>\n\n\n\n<p>Tag meta referer jest kluczowy dla ochrony prywatno\u015bci i bezpiecze\u0144stwa, a tak\u017ce dla analizy ruchu na Twojej stronie. Oto jak go skonfigurowa\u0107 za pomoc\u0105 pluginu DiagnoSEO Pro.<\/p>\n\n\n\n<p>W panelu WordPress, przejd\u017a do ustawie\u0144 DiagnoSEO. Znajd\u017a sekcj\u0119 <strong>&#8222;Meta data settings&#8221;<\/strong> i wybierz <strong>&#8222;Meta referrer tag&#8221;<\/strong>. Ta sekcja jest aktywna tylko po aktywacji pluginu DiagnoSEO Pro.<\/p>\n\n\n\n<h3 class=\"wp-block-heading\" id=\"jakie-sa-mozliwe-opcje-zmiany-tagu-meta-referrer\">Jakie s\u0105 mo\u017cliwe opcje zmiany tagu meta referrer?<\/h3>\n\n\n\n<p>Masz kilka opcji do wyboru dla zawarto\u015bci tagu meta referrer:<br><\/p>\n\n\n\n<ul class=\"wp-block-list\">\n<li><strong>Do not show<\/strong>: Nie pokazuje w og\u00f3le tagu meta referrer w kodzie strony.\u00a0 Je\u015bli nie ustawiono polityki dotycz\u0105cej referer, zostanie u\u017cyta domy\u015blna polityka przegl\u0105darki. Domy\u015blnie jest to <strong>strict-origin-when-cross-origin<\/strong>. W tym przypadku, je\u015bli \u017c\u0105danie przechodzi mi\u0119dzy r\u00f3\u017cnymi domenami, przegl\u0105darka do\u0142\u0105czy tylko schemat (np. https), host (np. example.com) i port (je\u015bli jest niestandardowy), ignoruj\u0105c reszt\u0119 \u015bcie\u017cki URL. Je\u015bli \u017c\u0105danie przechodzi z domeny https do http to nie przekazuje \u017cadnych informacji o \u017ar\u00f3dle. Dla \u017c\u0105da\u0144 w obr\u0119bie tej samej domeny pe\u0142ny adres URL jest przekazywany.<\/li>\n\n\n\n<li><strong>none<\/strong>: Nie przekazuje \u017cadnych informacji referer, zwi\u0119kszaj\u0105c prywatno\u015b\u0107.<\/li>\n\n\n\n<li><strong>none-when-downgrade<\/strong>: Nie przekazuje referer, gdy u\u017cytkownik przechodzi z HTTPS do HTTP, chroni\u0105c bezpiecze\u0144stwo.<\/li>\n\n\n\n<li><strong>origin<\/strong>: Przekazuje tylko domen\u0119 \u017ar\u00f3d\u0142ow\u0105, nie ca\u0142y URL. Dobre dla podstawowej analizy przy zachowaniu prywatno\u015bci.<\/li>\n\n\n\n<li><strong>origin-when-crossorigin<\/strong>: Przekazuje pe\u0142ny URL tylko w ramach tej samej domeny, a dla innych domen tylko domen\u0119 \u017ar\u00f3d\u0142ow\u0105. Zwi\u0119ksza bezpiecze\u0144stwo i zezwala na analityk\u0119 w obr\u0119bie domeny.<\/li>\n\n\n\n<li><strong>unsafe-url<\/strong>: Przekazuje pe\u0142ny URL, niezale\u017cnie od bezpiecze\u0144stwa. U\u017cywaj ostro\u017cnie, poniewa\u017c mo\u017ce to narazi\u0107 na ryzyko wycieku danych.<\/li>\n<\/ul>\n\n\n\n<p>Po wybraniu odpowiedniej opcji, zapisz zmiany. To zapewni, \u017ce Twoja strona b\u0119dzie u\u017cywa\u0107 wybranego ustawienia tagu meta referrer.<\/p>\n\n\n\n<h3 class=\"wp-block-heading\" id=\"dlaczego-tag-meta-referer-jest-wazny\">Dlaczego tag meta referer jest wa\u017cny?<\/h3>\n\n\n\n<ul class=\"wp-block-list\">\n<li><strong>Bezpiecze\u0144stwo<\/strong>: Odpowiednie ustawienie tagu meta referer pomaga chroni\u0107 informacje o Twojej stronie i u\u017cytkownikach.<\/li>\n\n\n\n<li><strong>SEO<\/strong>: Chocia\u017c tag meta referrer bezpo\u015brednio nie wp\u0142ywa na SEO, analiza ruchu z odno\u015bnik\u00f3w jest wa\u017cna dla strategii SEO.<\/li>\n\n\n\n<li><strong>Prywatno\u015b\u0107:<\/strong> Pomaga w ochronie prywatno\u015bci u\u017cytkownik\u00f3w, decyduj\u0105c, jakie informacje s\u0105 przekazywane. Szczeg\u00f3lnie wa\u017cne dla serwis\u00f3w, gdy u\u017cytkownik mo\u017ce tworzy\u0107 w\u0142asne podstrony dost\u0119pne tylko po zalogowaniu (np. Trello).<\/li>\n<\/ul>\n\n\n\n<p>Pami\u0119taj, \u017ce wyb\u00f3r najlepszego ustawienia zale\u017cy od Twoich potrzeb bezpiecze\u0144stwa, prywatno\u015bci i analizy ruchu. Plugin <strong>DiagnoSEO Pro<\/strong> u\u0142atwia zarz\u0105dzanie tym aspektem Twojej strony WordPress, daj\u0105c Ci kontrol\u0119 nad tym, jakie informacje s\u0105 udost\u0119pniane do system\u00f3w analitycznych innych witryn.<\/p>\n\n","protected":false},"excerpt":{"rendered":"<p>\u201ePo\u0142owa pieni\u0119dzy, kt\u00f3re wydaj\u0119 na reklam\u0119 jest chybion\u0105 inwestycj\u0105. Problem polega na tym, \u017ce nie wiem kt\u00f3ra to po\u0142owa\u201d &#8211; John Wanamaker Jakich darmowych rozwi\u0105za\u0144 u\u017cywa\u0107, by zmierzy\u0107 ruch na stronie? Google Search Console Google Search Console to podstawowe narz\u0119dzie, gdzie Twoja witryna powinna zosta\u0107 dodana. To miejsce, gdzie mo\u017cna nie tylko zg\u0142osi\u0107 sitemap\u0119 XML.<\/p>\n","protected":false},"author":1,"featured_media":0,"parent":4125,"menu_order":0,"comment_status":"closed","ping_status":"closed","template":"","meta":{"diagnoseo_postlist_title":"","diagnoseo_comment_language":"","diagnoseo_meta_keyword":"statystyki odwiedzin","diagnoseo_meta_additional_keywords":"","diagnoseo_meta_language":"","diagnoseo_meta_title":"Statystyki odwiedzin stronu na WordPressie - darmowy kurs SEO","diagnoseo_meta_description":"Dowiedz si\u0119 jakich darmowych rozwi\u0105za\u0144 u\u017cywa\u0107, by zmierzy\u0107 ruch na stronie. Poznaj najlepsze darmowe narz\u0119dzia do analityki internetowej.","diagnoseo_check_result":"","diagnoseo_og_image":"","inline_featured_image":false,"footnotes":""},"class_list":["post-5827","page","type-page","status-publish","hentry"],"_links":{"self":[{"href":"https:\/\/diagnoseo.com\/pl\/wp-json\/wp\/v2\/pages\/5827","targetHints":{"allow":["GET"]}}],"collection":[{"href":"https:\/\/diagnoseo.com\/pl\/wp-json\/wp\/v2\/pages"}],"about":[{"href":"https:\/\/diagnoseo.com\/pl\/wp-json\/wp\/v2\/types\/page"}],"author":[{"embeddable":true,"href":"https:\/\/diagnoseo.com\/pl\/wp-json\/wp\/v2\/users\/1"}],"replies":[{"embeddable":true,"href":"https:\/\/diagnoseo.com\/pl\/wp-json\/wp\/v2\/comments?post=5827"}],"version-history":[{"count":3,"href":"https:\/\/diagnoseo.com\/pl\/wp-json\/wp\/v2\/pages\/5827\/revisions"}],"predecessor-version":[{"id":5860,"href":"https:\/\/diagnoseo.com\/pl\/wp-json\/wp\/v2\/pages\/5827\/revisions\/5860"}],"up":[{"embeddable":true,"href":"https:\/\/diagnoseo.com\/pl\/wp-json\/wp\/v2\/pages\/4125"}],"wp:attachment":[{"href":"https:\/\/diagnoseo.com\/pl\/wp-json\/wp\/v2\/media?parent=5827"}],"curies":[{"name":"wp","href":"https:\/\/api.w.org\/{rel}","templated":true}]}}