{"id":5822,"date":"2025-04-02T18:45:50","date_gmt":"2025-04-02T18:45:50","guid":{"rendered":"https:\/\/diagnoseo.com\/?page_id=5822"},"modified":"2025-04-02T18:45:55","modified_gmt":"2025-04-02T18:45:55","slug":"bezpieczenstwo","status":"publish","type":"page","link":"https:\/\/diagnoseo.com\/pl\/kurs-seo-wordpress\/bezpieczenstwo\/","title":{"rendered":"Bezpiecze\u0144stwo WordPressa"},"content":{"rendered":"\n<?xml encoding=\"utf-8\"?><div class=\"diagnoseo-pro-toc diagnoseo-pro-toc-1 \"><h2 class=\"diagnoseo-pro-toc-title\">Spis tre\u015bci <a href=\"#\" class=\"diagnoseo-pro-toc-toggle\" data-show-text=\"Poka\u017c\" data-hide-text=\"Ukryj\"><\/a><\/h2><ul class=\"diagnoseo-pro-toc-content\"><li><a href=\"#jak-dbac-o-bezpieczenstwo-wordpressa\">Jak dba\u0107 o bezpiecze\u0144stwo WordPressa?<\/a><ul class=\"h3\"><li><a href=\"#jak-wykryc-wlamanie-do-wordpressa\">Jak wykry\u0107 w\u0142amanie do WordPressa<\/a><\/li><\/ul><\/li><\/ul><\/div><h2 class=\"wp-block-heading\" id=\"jak-dbac-o-bezpieczenstwo-wordpressa\">Jak dba\u0107 o bezpiecze\u0144stwo WordPressa?<\/h2>\n\n\n\n<p>Bezpiecze\u0144stwo WordPress\u2019a to podstawa. Niezabezpieczony WordPress mo\u017ce ulec w\u0142amaniu. Cz\u0119sta praktyk\u0105 po w\u0142amaniu na stron\u0119 jest podmiana jej tre\u015bci i dodanie wielu setek lub tysi\u0119cy nowych podstron w celu pozyskiwania i przekierowywania ruchu z Google do spamerskich stron. To mo\u017ce mocno nadszarpn\u0105\u0107 reputacj\u0119 Twojej domeny i doprowadzi\u0107 do jej ca\u0142kowitego wykluczenia z indeksu. Do takiej sytuacji nie mo\u017cna dopu\u015bci\u0107. Gdyby tak si\u0119 sta\u0142o to nale\u017cy jak najszybciej naprawi\u0107 stron\u0119 i zg\u0142osi\u0107 stron\u0119 do manualne rozpatrzenia w Google Search Console.\u00a0<\/p>\n\n\n\n<p>Oto, co musisz zrobi\u0107, aby Twoja strona by\u0142a wzgl\u0119dnie bezpieczna.<\/p>\n\n\n\n<ul class=\"wp-block-list\">\n<li><strong>Regularnie aktualizuj<\/strong> &#8211; Aktualizuj system WordPress, wtyczki i motywy. Stare wersje to ryzyko bezpiecze\u0144stwa.<\/li>\n\n\n\n<li><strong>U\u017cywaj silnych hase\u0142<\/strong> &#8211; Twoje has\u0142o musi by\u0107 skomplikowane. U\u017cywaj du\u017cych i ma\u0142ych liter, cyfr, symboli. Silne has\u0142o mo\u017cesz wygenerowa\u0107 na <span data-href=\"aHR0cHM6Ly93d3cubGFzdHBhc3MuY29tL2ZlYXR1cmVzL3Bhc3N3b3JkLWdlbmVyYXRvcg==\" data-target=\"\" data-tooltip=\"\" class=\"diagnoseo-deeplink\">https:\/\/www.lastpass.com\/features\/password-generator<\/span><\/li>\n\n\n\n<li><strong>Tw\u00f3rz regularnie kopie zapasowe<\/strong> &#8211; Zabezpiecz si\u0119 przed utrat\u0105 danych. Najbezpieczniejsz\u0105 i najmniej inwazyjn\u0105 form\u0105 s\u0105 regularne backupy serwerowe. Mo\u017cesz u\u017cywa\u0107 te\u017c wtyczek do backupu, np. UpdraftPlus.<\/li>\n\n\n\n<li><strong>Monitoruj swoj\u0105 stron\u0119<\/strong> &#8211; U\u017cywaj narz\u0119dzi do monitorowania, np. <a href=\"https:\/\/diagnoseo.com\/website-monitoring\/\">DiagnoSEO Website Monitoring<\/a> lub Sucuri, aby szybko reagowa\u0107 na zagro\u017cenia.<\/li>\n\n\n\n<li><strong>U\u017cywaj po\u0142\u0105czenia HTTPS<\/strong> &#8211; SSL\/TLS zabezpiecza dane przesy\u0142ane pomi\u0119dzy u\u017cytkownikiem a stron\u0105. Google te\u017c to lubi.<\/li>\n\n\n\n<li><strong>U\u017cywaj wtyczek i szablon\u00f3w od zaufanych deweloper\u00f3w<\/strong> &#8211; b\u0142\u0119dnie napisane wtyczki lub szablony s\u0105 jedn\u0105 z najcz\u0119stszych przyczyn w\u0142ama\u0144.<\/li>\n\n\n\n<li><strong>Wy\u0142\u0105czenie edycji plik\u00f3w w dashboardzie<\/strong> &#8211; to zmniejsza ryzyko, je\u015bli kto\u015b niepowo\u0142any zdob\u0119dzie dost\u0119p do panelu do WordPress\u2019a, ale nie do FTP. Mo\u017cna to \u0142atwo zrobi\u0107 dodaj\u0105c define( 'DISALLOW_FILE_EDIT&#8217;, true ); do wpliku wp-config.php<\/li>\n\n\n\n<li><strong>U\u017cyj opcji \u201cRemove meta generator tag\u201d w pluginie DiagnoSEO Pro w sekcji \u201cPerformance settings\u201d<\/strong> &#8211; Usuni\u0119cie tagu meta generatora z kodu strony utrudnia identyfikacj\u0119 wersji WordPressa, co mo\u017ce pom\u00f3c w ochronie przed atakami.<\/li>\n<\/ul>\n\n\n\n<p>W wi\u0119kszo\u015bci przypadk\u00f3w powy\u017csze praktyki s\u0105 wystarczaj\u0105ce jednak mo\u017cesz rozwa\u017cy\u0107 tak\u017ce wdro\u017cenie rozszerzonych praktyk bezpiecze\u0144stwa, kt\u00f3re obejmuj\u0105 takie kwestie jak:<\/p>\n\n\n\n<ul class=\"wp-block-list\">\n<li><strong>Instalacja wtyczki dot. bezpiecze\u0144stwa<\/strong> &#8211; Wtyczki takie jak Sucuri Security, Wordfence lub iThemes Security chroni\u0105 przed atakami.<\/li>\n\n\n\n<li><strong>W\u0142\u0105czenie uwierzytelniania dwusk\u0142adnikowego<\/strong> &#8211; To dodatkowa warstwa ochrony. Nawet je\u015bli has\u0142o wycieknie, dost\u0119p b\u0119dzie zablokowany. Przyk\u0142adowy plugin rozszerzaj\u0105cy WP o tak\u0105 funkcjonalno\u015b\u0107: <span data-href=\"aHR0cHM6Ly93b3JkcHJlc3Mub3JnL3BsdWdpbnMvdHdvLWZhY3Rvci8=\" data-target=\"\" data-tooltip=\"\" class=\"diagnoseo-deeplink\">https:\/\/wordpress.org\/plugins\/two-factor\/<\/span>\u00a0<\/li>\n\n\n\n<li><strong>Dodanie captch\u2019y przy logowaniu<\/strong> &#8211; to zablokuje m.in. boty wykorzystuj\u0105ce ataki na popularne lub \u0142atwe has\u0142a. <span data-href=\"aHR0cHM6Ly93b3JkcHJlc3Mub3JnL3BsdWdpbnMvd29yZGZlbmNlLWxvZ2luLXNlY3VyaXR5Lw==\" data-target=\"\" data-tooltip=\"\" class=\"diagnoseo-deeplink\">https:\/\/wordpress.org\/plugins\/wordfence-login-security\/<\/span> (plugin obejmuje tak\u017ce uwierzytelnianie dwusk\u0142adnikowe)<\/li>\n\n\n\n<li><strong>Zabezpieczenie plik\u2019u wp-config.php<\/strong> &#8211; To serce WordPress\u2019a. Przenie\u015b go poza katalog publiczny lub zabezpiecz dost\u0119p.<\/li>\n<\/ul>\n\n\n\n<p>Pami\u0119taj jednak, \u017ce dodatkowe wtyczki mog\u0105 spowolni\u0107 WordPress\u2019a lub nawet same w sobie zawiera\u0107 luki bezpiecze\u0144stwa.<\/p>\n\n\n\n<p>Bezpiecze\u0144stwo to proces. Regularnie sprawdzaj i zaktualizuj swoje \u015brodki ochrony. Lepiej zapobiega\u0107, ni\u017c leczy\u0107.<\/p>\n\n\n\n<h3 class=\"wp-block-heading\" id=\"jak-wykryc-wlamanie-do-wordpressa\">Jak wykry\u0107 w\u0142amanie do WordPressa<\/h3>\n\n\n\n<p>Ka\u017cde w\u0142amanie mo\u017ce by\u0107 inne, a niekt\u00f3re mog\u0105 nie by\u0107 \u0142atwe do wykrycia, poniewa\u017c w\u0142amywacze cz\u0119sto maskuj\u0105 w\u0142amanie, tak aby z pozoru strona wygl\u0105da\u0142a bez zmian w przegl\u0105darce. Strona po w\u0142amaniu ma zwykle zaimplementowany cloaking dla Google. Tzn. \u017ce gdy robot indeksuj\u0105cy stron\u0119 (Googlebot) wchodzi na stron\u0119 to widzi inn\u0105 tre\u015b\u0107 ni\u017c u\u017cytkownik.\u00a0<\/p>\n\n\n\n<p>Jak wykry\u0107 tego typu w\u0142amanie:<\/p>\n\n\n\n<ol class=\"wp-block-list\">\n<li>Wpisz w wyszukiwarce Google zapytanie site:nazwadomeny, np. site:example.com<br>Sprawd\u017a zaindeksowane podstrony. Czy wszystkie wygl\u0105daj\u0105 w porz\u0105dku?<\/li>\n<\/ol>\n\n\n\n<p>W narz\u0119dziu <a href=\"https:\/\/diagnoseo.com\/http-request\/\">DiagnoSEO HTTP Request<\/a> wpisz URL Twojej strony oraz zaznacz opcj\u0119 \u201cCompare with Googlebot\u201d. Je\u015bli kod \u017ar\u00f3d\u0142owy strony dla Googlebota jest inny ni\u017c strony dla u\u017cytkownika korzystaj\u0105ce z przegl\u0105darki to mo\u017ce oznacza\u0107, \u017ce strona stosuje cloaking. W niekt\u00f3rych stronach kod \u017ar\u00f3d\u0142owy zmienia si\u0119 lekko przy ka\u017cdym prze\u0142adowaniu strony dlatego r\u00f3\u017cnice w kodzie strony nie zawsze musz\u0105 oznacza\u0107 cloaking.<\/p>\n\n","protected":false},"excerpt":{"rendered":"<p>Jak dba\u0107 o bezpiecze\u0144stwo WordPressa? Bezpiecze\u0144stwo WordPress\u2019a to podstawa. Niezabezpieczony WordPress mo\u017ce ulec w\u0142amaniu. Cz\u0119sta praktyk\u0105 po w\u0142amaniu na stron\u0119 jest podmiana jej tre\u015bci i dodanie wielu setek lub tysi\u0119cy nowych podstron w celu pozyskiwania i przekierowywania ruchu z Google do spamerskich stron. To mo\u017ce mocno nadszarpn\u0105\u0107 reputacj\u0119 Twojej domeny i doprowadzi\u0107 do jej ca\u0142kowitego<\/p>\n","protected":false},"author":1,"featured_media":0,"parent":4125,"menu_order":0,"comment_status":"closed","ping_status":"closed","template":"","meta":{"diagnoseo_postlist_title":"","diagnoseo_comment_language":"","diagnoseo_meta_keyword":"bezpiecze\u0144stwo","diagnoseo_meta_additional_keywords":"","diagnoseo_meta_language":"","diagnoseo_meta_title":"Bezpiecze\u0144stwo WordPressa - Darmowy Kurs SEO","diagnoseo_meta_description":"Dowiedz si\u0119 jak dba\u0107 o bezpiecze\u0144stwo WordPressa oraz jak wykry\u0107 w\u0142amanie do WordPressa. Poznaj najlepsze i sprawdzone praktyki ekspert\u00f3w.","diagnoseo_check_result":"","diagnoseo_og_image":"","inline_featured_image":false,"footnotes":""},"class_list":["post-5822","page","type-page","status-publish","hentry"],"_links":{"self":[{"href":"https:\/\/diagnoseo.com\/pl\/wp-json\/wp\/v2\/pages\/5822","targetHints":{"allow":["GET"]}}],"collection":[{"href":"https:\/\/diagnoseo.com\/pl\/wp-json\/wp\/v2\/pages"}],"about":[{"href":"https:\/\/diagnoseo.com\/pl\/wp-json\/wp\/v2\/types\/page"}],"author":[{"embeddable":true,"href":"https:\/\/diagnoseo.com\/pl\/wp-json\/wp\/v2\/users\/1"}],"replies":[{"embeddable":true,"href":"https:\/\/diagnoseo.com\/pl\/wp-json\/wp\/v2\/comments?post=5822"}],"version-history":[{"count":3,"href":"https:\/\/diagnoseo.com\/pl\/wp-json\/wp\/v2\/pages\/5822\/revisions"}],"predecessor-version":[{"id":5866,"href":"https:\/\/diagnoseo.com\/pl\/wp-json\/wp\/v2\/pages\/5822\/revisions\/5866"}],"up":[{"embeddable":true,"href":"https:\/\/diagnoseo.com\/pl\/wp-json\/wp\/v2\/pages\/4125"}],"wp:attachment":[{"href":"https:\/\/diagnoseo.com\/pl\/wp-json\/wp\/v2\/media?parent=5822"}],"curies":[{"name":"wp","href":"https:\/\/api.w.org\/{rel}","templated":true}]}}