{"id":5725,"date":"2025-02-16T10:29:25","date_gmt":"2025-02-16T10:29:25","guid":{"rendered":"https:\/\/diagnoseo.com\/?page_id=5725"},"modified":"2025-02-16T10:33:56","modified_gmt":"2025-02-16T10:33:56","slug":"certyfikat","status":"publish","type":"page","link":"https:\/\/diagnoseo.com\/pl\/kurs-seo\/certyfikat\/","title":{"rendered":"Certyfikat SEO uko\u0144czenia kursu i znajomo\u015bci narz\u0119dzi DiagnoSEO"},"content":{"rendered":"\n<p>Zdob\u0105d\u017a certyfikat SEO je\u017celi przerobi\u0142e\u015b ju\u017c <a href=\"https:\/\/diagnoseo.com\/pl\/kurs-seo\/\" data-type=\"page\" data-id=\"3478\">kurs SEO<\/a>, znasz wszystkie narz\u0119dzia DiagnoSEO oraz najnowsze strategie i techniki SEO, kt\u00f3re pozwalaj\u0105 zwi\u0119ksza\u0107 widoczno\u015b\u0107 strony w wyszukiwarkach.<\/p>\n\n\n\n<h2 class=\"wp-block-heading\">Egzamin SEO<\/h2>\n\n\n\n<p>Po uko\u0144czeniu kursu sprawd\u017a, jak dobrze opanowa\u0142e\u015b wiedz\u0119, przyst\u0119puj\u0105c do egzaminu ko\u0144cowego. Przed jego rozpocz\u0119ciem zapoznaj si\u0119 z poni\u017cszymi zasadami:<\/p>\n\n\n\n<ul class=\"wp-block-list\">\n<li><strong>Dost\u0119pno\u015b\u0107:<\/strong> Do egzaminu mo\u017cna przyst\u0105pi\u0107 tylko raz w miesi\u0105cu.<\/li>\n\n\n\n<li><strong>Odpowiedzi:<\/strong> Ka\u017cde pytanie posiada tylko jedn\u0105 poprawn\u0105 odpowied\u017a.<\/li>\n\n\n\n<li><strong>Czas:<\/strong> Egzamin nie jest ograniczony czasowo \u2013 odpowiadaj w swoim w\u0142asnym tempie.<\/li>\n\n\n\n<li><strong>Kryterium zdania:<\/strong> Aby zaliczy\u0107 egzamin, musisz uzyska\u0107 co najmniej 80% poprawnych odpowiedzi, czyli odpowiedzie\u0107 poprawnie na co najmniej 24 z 30 pyta\u0144.<\/li>\n\n\n\n<li><strong>Certyfikat:<\/strong> Po zdaniu egzaminu, w ci\u0105gu 2 dni roboczych, otrzymasz mailowo imienny certyfikat.<\/li>\n<\/ul>\n\n\n\n<h3 class=\"wp-block-heading\">Warunki Uczestnictwa<\/h3>\n\n\n\n<p>Test sprawdza znajomo\u015b\u0107 narz\u0119dzi DiagnoSEO dlatego certyfikat jest dost\u0119pny wy\u0142\u0105cznie dla subskrybent\u00f3w dowolnego planu DiagnoSEO. Je\u015bli jeszcze nie jeste\u015b subskrybentem, wybierz odpowiedni dl siebie <a href=\"https:\/\/diagnoseo.com\/pl\/cennik\/\" data-type=\"page\" data-id=\"5670\">plan cenowy<\/a> i rozpocznij swoj\u0105 przygod\u0119 z certyfikatem SEO ju\u017c dzi\u015b!<\/p>\n\n\n\n<p>Powodzenia!<\/p>\n","protected":false},"excerpt":{"rendered":"<p>Zdob\u0105d\u017a certyfikat SEO je\u017celi przerobi\u0142e\u015b ju\u017c kurs SEO, znasz wszystkie narz\u0119dzia DiagnoSEO oraz najnowsze strategie i techniki SEO, kt\u00f3re pozwalaj\u0105 zwi\u0119ksza\u0107 widoczno\u015b\u0107 strony w wyszukiwarkach. Egzamin SEO Po uko\u0144czeniu kursu sprawd\u017a, jak dobrze opanowa\u0142e\u015b wiedz\u0119, przyst\u0119puj\u0105c do egzaminu ko\u0144cowego. Przed jego rozpocz\u0119ciem zapoznaj si\u0119 z poni\u017cszymi zasadami: Warunki Uczestnictwa Test sprawdza znajomo\u015b\u0107 narz\u0119dzi DiagnoSEO dlatego<\/p>\n","protected":false},"author":1,"featured_media":0,"parent":3478,"menu_order":0,"comment_status":"closed","ping_status":"closed","template":"","meta":{"diagnoseo_postlist_title":"","diagnoseo_comment_language":"","diagnoseo_meta_keyword":"","diagnoseo_meta_additional_keywords":"","diagnoseo_meta_language":"","diagnoseo_meta_title":"Certyfikat SEO - Kurs SEO online z certyfikatem - DiagnoSEO","diagnoseo_meta_description":"Zdob\u0105d\u017a presti\u017cowy certyfikat uko\u0144czenia kursu SEO oraz znajomo\u015bci narz\u0119dzi DiagnoSEO do SEO i content marketingu. Przyst\u0105p do egzaminu ju\u017c dzi\u015b!","diagnoseo_check_result":"","diagnoseo_og_image":"","inline_featured_image":false,"footnotes":""},"class_list":["post-5725","page","type-page","status-publish","hentry"],"_links":{"self":[{"href":"https:\/\/diagnoseo.com\/pl\/wp-json\/wp\/v2\/pages\/5725","targetHints":{"allow":["GET"]}}],"collection":[{"href":"https:\/\/diagnoseo.com\/pl\/wp-json\/wp\/v2\/pages"}],"about":[{"href":"https:\/\/diagnoseo.com\/pl\/wp-json\/wp\/v2\/types\/page"}],"author":[{"embeddable":true,"href":"https:\/\/diagnoseo.com\/pl\/wp-json\/wp\/v2\/users\/1"}],"replies":[{"embeddable":true,"href":"https:\/\/diagnoseo.com\/pl\/wp-json\/wp\/v2\/comments?post=5725"}],"version-history":[{"count":3,"href":"https:\/\/diagnoseo.com\/pl\/wp-json\/wp\/v2\/pages\/5725\/revisions"}],"predecessor-version":[{"id":5730,"href":"https:\/\/diagnoseo.com\/pl\/wp-json\/wp\/v2\/pages\/5725\/revisions\/5730"}],"up":[{"embeddable":true,"href":"https:\/\/diagnoseo.com\/pl\/wp-json\/wp\/v2\/pages\/3478"}],"wp:attachment":[{"href":"https:\/\/diagnoseo.com\/pl\/wp-json\/wp\/v2\/media?parent=5725"}],"curies":[{"name":"wp","href":"https:\/\/api.w.org\/{rel}","templated":true}]}}