{"id":5659,"date":"2025-01-26T19:29:52","date_gmt":"2025-01-26T19:29:52","guid":{"rendered":"https:\/\/diagnoseo.com\/?page_id=5659"},"modified":"2025-05-30T12:26:09","modified_gmt":"2025-05-30T12:26:09","slug":"narzedzia-seo","status":"publish","type":"page","link":"https:\/\/diagnoseo.com\/pl\/narzedzia-seo\/","title":{"rendered":"Narz\u0119dzia SEO"},"content":{"rendered":"<h1 class=\"mb-headline mb-headline-1  pos-center text-align-center\">Narz\u0119dzia SEO i SEM<\/h1>\n\n<div class=\"mb-columns-wrapper mb-columns-wrapper-1\"><div class=\"mb-columns mb-columns-1    border-vertical\">\n<div class=\"mb-col mb-col2 mb-col-1   bg-repeat\">\n<h3 class=\"mb-headline mb-headline-2 \"><a href=\"https:\/\/diagnoseo.com\/pl\/audyt-seo\/\" data-type=\"page\" data-id=\"667\">Audyt SEO<\/a><\/h3>\n\n<p class=\"mb-text-block mb-text-block-3  text-transform-none pos-center\">Sprawd\u017a ponad 200 najwa\u017cniejszych czynnik\u00f3w on-page zwi\u0105zanych z SEO. To znacznie wi\u0119cej ni\u017c w innych narz\u0119dziach audytorskich.<\/p>\n\n<h3 class=\"mb-headline mb-headline-4 \"><a href=\"https:\/\/diagnoseo.com\/pl\/edytor-tresci\/\" data-type=\"page\" data-id=\"3429\">Edytor tre\u015bci<\/a><\/h3>\n\n<p class=\"mb-text-block mb-text-block-5  text-transform-none pos-center\">\u0141atwo sprawd\u017a swoj\u0105 tre\u015b\u0107 i oszcz\u0119dzaj czas. Uczy\u0144 sw\u00f3j artyku\u0142 doskona\u0142ym pod k\u0105tem SEO i u\u017cyteczno\u015bci.<\/p>\n\n<h3 class=\"mb-headline mb-headline-6 \">Sprawdzanie widoczno\u015bci witryny<\/h3>\n\n\n<p>Sprawd\u017a widoczno\u015b\u0107 witryny (domeny lub URL) w Google. Narz\u0119dzie korzysta z bazy ponad 600 mln wynik\u00f3w SERP z Google, zebranych w ponad 90 krajach.<\/p>\n\n\n<h3 class=\"mb-headline mb-headline-7 \"><a href=\"https:\/\/diagnoseo.com\/pl\/tf-idf\/\" data-type=\"page\" data-id=\"673\">Narz\u0119dzie TF IDF<\/a><\/h3>\n\n<p class=\"mb-text-block mb-text-block-8  text-transform-none pos-center\">Oblicz zar\u00f3wno wsp\u00f3\u0142czynnik TF IDF, jak i cz\u0119stotliwo\u015b\u0107 s\u0142\u00f3w kluczowych. \u0141atwo znajd\u017a brakuj\u0105ce s\u0142owa kluczowe i frazy.<\/p>\n\n<h3 class=\"mb-headline mb-headline-9 \"><a href=\"https:\/\/diagnoseo.com\/pl\/analiza-konkurencji\/\" data-type=\"page\" data-id=\"669\">Analiza konkurencji<\/a><\/h3>\n\n<p class=\"mb-text-block mb-text-block-10  text-transform-none pos-center\">Analiza konkurencji z wykorzystaniem AI dostarcza szybkich wskaz\u00f3wek, co dok\u0142adnie nale\u017cy zrobi\u0107.<\/p>\n\n<h3 class=\"mb-headline mb-headline-11 \"><a href=\"https:\/\/diagnoseo.com\/content\/\"><\/a><a href=\"https:\/\/diagnoseo.com\/pl\/snippet-preview\/\" data-type=\"page\" data-id=\"2140\">Podgl\u0105d Snippetu<\/a><\/h3>\n\n<p class=\"mb-text-block mb-text-block-12  text-transform-none pos-center\">\u0141atwo sprawd\u017a swoj\u0105 tre\u015b\u0107 i oszcz\u0119dzaj czas. Uczy\u0144 sw\u00f3j artyku\u0142 doskona\u0142ym pod k\u0105tem SEO i u\u017cyteczno\u015bci.<\/p>\n\n<h3 class=\"mb-headline mb-headline-13 \"><a href=\"https:\/\/diagnoseo.com\/pl\/sprawdzanie-linkow\/\" data-type=\"page\" data-id=\"2306\">Sprawdzanie link\u00f3w zwrotnych<\/a><\/h3>\n\n<p class=\"mb-text-block mb-text-block-14  text-transform-none pos-center\">Sprawd\u017a linki zwrotne (linkuj\u0105ce domeny i strony) dla swojej domeny lub domen konkurencji. \u0141atwo przeprowad\u017a audyt profilu link\u00f3w zwrotnych.<\/p>\n\n<h3 class=\"mb-headline mb-headline-15 \"><a href=\"https:\/\/diagnoseo.com\/pl\/planer-slow-kluczowych\/\" data-type=\"page\" data-id=\"2150\">Planer s\u0142\u00f3w kluczowych<\/a><\/h3>\n\n<p class=\"mb-text-block mb-text-block-16  text-transform-none pos-center\">Znajd\u017a najlepsze s\u0142owa kluczowe dla swojej witryny. Wyniki w czasie rzeczywistym oparte na autouzupe\u0142nianiu Google. Sprawd\u017a liczb\u0119 wyszukiwa\u0144 i inne czynniki SEO.<\/p>\n\n<h3 class=\"mb-headline mb-headline-17 \"><a href=\"https:\/\/diagnoseo.com\/pl\/plugin-seo-wordpress\/\" data-type=\"page\" data-id=\"3491\">Wtyczka SEO dla WordPressa<\/a><\/h3>\n\n<p class=\"mb-text-block mb-text-block-18  text-transform-none pos-center\">Najlepsza w swojej klasie wtyczka SEO dla WordPressa, zasilana przez AI, oferuj\u0105ca wszystkie niezb\u0119dne funkcje SEO.<\/p>\n\n<h3 class=\"mb-headline mb-headline-19 \"><a href=\"https:\/\/diagnoseo.com\/pl\/optymalizacja-seo\/\" data-type=\"page\" data-id=\"675\">Optymalizacja pod SEO<\/a><\/h3>\n\n<p class=\"mb-text-block mb-text-block-20  text-transform-none pos-center\">Optymalizuj swoj\u0105 witryn\u0119 pod k\u0105tem s\u0142owa kluczowego zgodnie z najnowszymi i najlepszymi praktykami SEO. To narz\u0119dzie u\u0142atwia pozycjonowanie.<\/p>\n\n<h3 class=\"mb-headline mb-headline-21 \"><a href=\"https:\/\/diagnoseo.com\/pl\/monitoring-stron\/\" data-type=\"page\" data-id=\"3408\">Monitorowanie stron<\/a><\/h3>\n\n<p class=\"mb-text-block mb-text-block-22  text-transform-none pos-center\">Monitoruj witryny, domeny i us\u0142ugi, aby mie\u0107 kontrol\u0119 nad swoim biznesem. Wykrywaj wygasaj\u0105ce domeny lub strony, kt\u00f3re przesta\u0142y dzia\u0142a\u0107.<\/p>\n\n<h3 class=\"mb-headline mb-headline-23 \"><a href=\"https:\/\/diagnoseo.com\/pl\/seo-crawler\/\" data-type=\"page\" data-id=\"677\">SEO Crawler<\/a><\/h3>\n\n<p class=\"mb-text-block mb-text-block-24  text-transform-none pos-center\">Przeskanuj swoj\u0105 witryn\u0119 w poszukiwaniu b\u0142\u0119d\u00f3w SEO, kt\u00f3re mog\u0105 blokowa\u0107 jej potencja\u0142. Crawler DiagnoSEO wykrywa wi\u0119cej ni\u017c inne narz\u0119dzia.<\/p>\n\n<h3 class=\"mb-headline mb-headline-25 \">CMS &amp; Web Experience Management<\/h3>\n\n<p class=\"mb-text-block mb-text-block-26  text-transform-none pos-center\">U\u017cyteczno\u015b\u0107, dost\u0119pno\u015b\u0107 i og\u00f3lna jako\u015b\u0107 witryny to czynniki wp\u0142ywaj\u0105ce na do\u015bwiadczenie u\u017cytkownika. Doprowad\u017a je do perfekcji.<\/p>\n<\/div>\n\n<div class=\"mb-col mb-col2 mb-col-2   bg-repeat\">\n<h3 class=\"mb-headline mb-headline-27 \"><a href=\"https:\/\/diagnoseo.com\/pl\/sprawdzanie-pozycji-slow-kluczowych\/\" data-type=\"page\" data-id=\"2146\">Sprawdzanie pozycji s\u0142\u00f3w kluczowych<\/a><\/h3>\n\n<p class=\"mb-text-block mb-text-block-28  text-transform-none pos-center\">Sprawd\u017a pozycj\u0119 swojej witryny i\/lub witryn konkurencji na urz\u0105dzeniach mobilnych i komputerach stacjonarnych.<\/p>\n\n<h3 class=\"mb-headline mb-headline-29 \"><a href=\"https:\/\/diagnoseo.com\/pl\/popularnosc-slow-kluczowych\/\" data-type=\"page\" data-id=\"2137\">Masowe sprawdzanie popularno\u015bci s\u0142\u00f3w<\/a><\/h3>\n\n<p class=\"mb-text-block mb-text-block-30  text-transform-none pos-center\">Sprawd\u017a masowo liczb\u0119 wyszukiwa\u0144 s\u0142\u00f3w kluczowych. Dodatkowo uzyskaj CPC i trudno\u015b\u0107 s\u0142\u00f3w kluczowych.<\/p>\n\n<h3 class=\"mb-headline mb-headline-31 \">Sprawdzacz wynik\u00f3w wyszukiwania<\/h3>\n\n<p class=\"mb-text-block mb-text-block-32  text-transform-none pos-center\">\u0141atwo sprawd\u017a, jak wygl\u0105daj\u0105 100 najlepszych wynik\u00f3w wyszukiwania w r\u00f3\u017cnych krajach i dowiedz si\u0119, gdzie dok\u0142adnie znajduje si\u0119 Twoja domena.<\/p>\n\n<h3 class=\"mb-headline mb-headline-33 \">Pytania<\/h3>\n\n<p class=\"mb-text-block mb-text-block-34  text-transform-none pos-center\">Znajd\u017a pytania z liczb\u0105 wyszukiwa\u0144 powi\u0105zane z Twoim s\u0142owem kluczowym.<\/p>\n\n<h3 class=\"mb-headline mb-headline-35 \"><a href=\"https:\/\/diagnoseo.com\/pl\/index-checker\/\" data-type=\"page\" data-id=\"3608\">Masowe sprawdzanie indeksu<\/a><\/h3>\n\n<p class=\"mb-text-block mb-text-block-36  text-transform-none pos-center\">Sprawd\u017a masowo, czy okre\u015blone adresy URL s\u0105 indeksowane w Google. Oszcz\u0119dzaj czas.<\/p>\n\n<h3 class=\"mb-headline mb-headline-37 \">Ludzie r\u00f3wnie\u017c pytaj\u0105<\/h3>\n\n<p class=\"mb-text-block mb-text-block-38  text-transform-none pos-center\">\u0141atwo uzyskaj list\u0119 pyta\u0144 z sekcji &#8222;Ludzie r\u00f3wnie\u017c pytaj\u0105&#8221; w Google.<\/p>\n\n<h3 class=\"mb-headline mb-headline-39 \"><a href=\"https:\/\/diagnoseo.com\/pl\/generator-tematow\/\" data-type=\"page\" data-id=\"2143\">Generator nag\u0142\u00f3wk\u00f3w AI<\/a><\/h3>\n\n<p class=\"mb-text-block mb-text-block-40  text-transform-none pos-center\">Generuj nag\u0142\u00f3wki dla swojego artyku\u0142u za pomoc\u0105 AI.<\/p>\n\n<h3 class=\"mb-headline mb-headline-41 \"><a href=\"https:\/\/diagnoseo.com\/pl\/generator-slow-kluczowych\/\" data-type=\"page\" data-id=\"2748\">Powi\u0105zane s\u0142owa kluczowe<\/a><\/h3>\n\n<p class=\"mb-text-block mb-text-block-42  text-transform-none pos-center\">Znajd\u017a powi\u0105zane s\u0142owa kluczowe w oparciu o AI lub dane z interfejsu Google API.<\/p>\n\n<h3 class=\"mb-headline mb-headline-43 \"><a href=\"https:\/\/diagnoseo.com\/pl\/generator-podtytulow-artykulu\/\" data-type=\"page\" data-id=\"2757\">Generator spisu tre\u015bci (konspektu) artyku\u0142u<\/a><\/h3>\n\n<p class=\"mb-text-block mb-text-block-44  text-transform-none pos-center\">\u0141atwo generuj konspekty artyku\u0142\u00f3w, wykorzystuj\u0105c AI.<\/p>\n\n<h3 class=\"mb-headline mb-headline-45 \"><a href=\"https:\/\/diagnoseo.com\/pl\/zmieniacz-tekstu\/\" data-type=\"page\" data-id=\"2746\">Zmieniacz tekstu AI<\/a><\/h3>\n\n<p class=\"mb-text-block mb-text-block-46  text-transform-none pos-center\">Przepisuj artyku\u0142y za pomoc\u0105 AI. Nowe artyku\u0142y mog\u0105 mie\u0107 r\u00f3wnie\u017c lepsz\u0105 jako\u015b\u0107.<\/p>\n\n<h3 class=\"mb-headline mb-headline-47 \"><a href=\"https:\/\/diagnoseo.com\/pl\/zadanie-http\/\" data-type=\"page\" data-id=\"2520\">\u017b\u0105danie HTTP<\/a><\/h3>\n\n<p class=\"mb-text-block mb-text-block-48  text-transform-none pos-center\">Sprawd\u017a nag\u0142\u00f3wek HTTP dla wybranego adresu URL.<\/p>\n\n<h3 class=\"mb-headline mb-headline-49 \"><a href=\"https:\/\/diagnoseo.com\/pl\/tlumacz\/\" data-type=\"page\" data-id=\"2666\">T\u0142umacz AI<\/a><\/h3>\n\n<p class=\"mb-text-block mb-text-block-50  text-transform-none pos-center\">T\u0142umacz teksty z \u0142atwo\u015bci\u0105, korzystaj\u0105c z najnowszego AI (GPT-4).<\/p>\n\n<h3 class=\"mb-headline mb-headline-51 \"><a href=\"https:\/\/diagnoseo.com\/pl\/humanizator-ai\/\" data-type=\"page\" data-id=\"4066\">Humanizator AI<\/a><\/h3>\n\n<p class=\"mb-text-block mb-text-block-52  text-transform-none pos-center\">Uniknij wykrywania AI, zwi\u0119ksz zaanga\u017cowanie i popraw SEO.<\/p>\n\n<h3 class=\"mb-headline mb-headline-53 \">Generator map tematycznych<\/h3>\n\n\n<p>Wygeneruj map\u0119 tematyczn\u0105 dla kompletnej witryny o okre\u015blonej niszy.<\/p>\n\n\n<h3 class=\"mb-headline mb-headline-54 \"><strong>Generator pomys\u0142\u00f3w na posty blogowe<\/strong><\/h3>\n\n\n<p>Wygeneruj pomys\u0142y na posty blogowe, w tym koncepcje BoFu (Bottom of Funnel),&nbsp;MoFu (Middle of Funnel)&nbsp;oraz ToFu (Top of Funnel).<\/p>\n\n<\/div>\n<\/div><\/div>\n\n<div class=\"mb-button-wrapper pos-center\"><span class=\"mb-button-fx mb-button-1-fx mb-button-fx-hover-grow-bottom\"><a href=\"https:\/\/diagnoseo.com\/pl\/\" class=\"mb-button btn-1 flat large  text-transform-uppercase ani-bg grow-bottom\" data-tracking-class=\"\"><i class=\"btn-icon multi-icon m-icon-arrow-left pos-left\"><\/i>Powr\u00f3t<\/a><\/span><\/div>","protected":false},"excerpt":{"rendered":"","protected":false},"author":1,"featured_media":0,"parent":0,"menu_order":0,"comment_status":"closed","ping_status":"closed","template":"","meta":{"diagnoseo_postlist_title":"Narz\u0119dzia SEO","diagnoseo_comment_language":"","diagnoseo_meta_keyword":"","diagnoseo_meta_additional_keywords":"","diagnoseo_meta_language":"","diagnoseo_meta_title":"Narz\u0119dzia SEO online - zestaw pond 30 narz\u0119dzi od DiagnoSEO!","diagnoseo_meta_description":"Poznaj narz\u0119dzia SEO online od DiagnoSEO! To kompletny zestaw narz\u0119dzi, kt\u00f3ry pomo\u017ce Ci zwi\u0119kszy\u0107 ruch z wyszukiwarek. Wypr\u00f3buj za darmo!","diagnoseo_check_result":"","diagnoseo_og_image":"","inline_featured_image":false,"footnotes":""},"class_list":["post-5659","page","type-page","status-publish","hentry"],"_links":{"self":[{"href":"https:\/\/diagnoseo.com\/pl\/wp-json\/wp\/v2\/pages\/5659","targetHints":{"allow":["GET"]}}],"collection":[{"href":"https:\/\/diagnoseo.com\/pl\/wp-json\/wp\/v2\/pages"}],"about":[{"href":"https:\/\/diagnoseo.com\/pl\/wp-json\/wp\/v2\/types\/page"}],"author":[{"embeddable":true,"href":"https:\/\/diagnoseo.com\/pl\/wp-json\/wp\/v2\/users\/1"}],"replies":[{"embeddable":true,"href":"https:\/\/diagnoseo.com\/pl\/wp-json\/wp\/v2\/comments?post=5659"}],"version-history":[{"count":2,"href":"https:\/\/diagnoseo.com\/pl\/wp-json\/wp\/v2\/pages\/5659\/revisions"}],"predecessor-version":[{"id":5665,"href":"https:\/\/diagnoseo.com\/pl\/wp-json\/wp\/v2\/pages\/5659\/revisions\/5665"}],"wp:attachment":[{"href":"https:\/\/diagnoseo.com\/pl\/wp-json\/wp\/v2\/media?parent=5659"}],"curies":[{"name":"wp","href":"https:\/\/api.w.org\/{rel}","templated":true}]}}