{"id":5646,"date":"2025-01-26T18:16:31","date_gmt":"2025-01-26T18:16:31","guid":{"rendered":"https:\/\/diagnoseo.com\/?page_id=5646"},"modified":"2025-01-26T18:33:01","modified_gmt":"2025-01-26T18:33:01","slug":"darmowe-narzedzia-seo","status":"publish","type":"page","link":"https:\/\/diagnoseo.com\/pl\/darmowe-narzedzia-seo\/","title":{"rendered":"Wypr\u00f3buj narz\u0119dzia SEO za darmo przez 7 dni!"},"content":{"rendered":"\n<p>Czy jeste\u015b gotowy, aby przenie\u015b\u0107 swoj\u0105 stron\u0119 na wy\u017cszy poziom? Niezale\u017cnie od tego, czy chcesz poprawi\u0107 swoje pozycje w wyszukiwarkach, wyprzedzi\u0107 konkurencj\u0119, czy zwi\u0119kszy\u0107 ruch organiczny, pot\u0119\u017cny i kompletny zestaw narz\u0119dzi SEO opartych na sztucznej inteligencji od DiagnoSEO zapewni Ci wsparcie.<\/p>\n\n\n\n<p>Rozpocznij dzi\u015b od <strong>darmowej 7-dniowej wersji pr\u00f3bnej<\/strong> i przekonaj si\u0119, dlaczego firmy na ca\u0142ym \u015bwiecie korzystaj\u0105 z DiagnoSEO, aby osi\u0105gn\u0105\u0107 sukces.<\/p>\n\n\n<div class=\"mb-button-wrapper pos-center\"><span class=\"mb-button-fx mb-button-1-fx mb-button-fx-hover-grow-bottom animate-always\" data-animation-type=\"tada\" data-animation-delay=\"1.1\"><a href=\"#subskrybuj-trial-podstawowy\" class=\"mb-button btn-1 flat xx-large paddle_button text-transform-uppercase ani-bg grow-bottom\" rel=\"nofollow\" data-tracking-class=\"\" data-product=\"636493\" data-success=\"https:\/\/diagnoseo.com\/pl\/dziekuje-subskrypcja\/\" data-theme=\"none\" data-override=\"https:\/\/checkout-service.paddle.com\/create\/checkout\/custom\/eyJ0IjoiQmFzaWMiLCJpIjoiaHR0cHM6XC9cL3BhZGRsZS5zMy5hbWF6b25hd3MuY29tXC91c2VyXC8xMjMxOTlcL3N1YnNfNjM2NDkzX2ljb24ucG5nIiwiciI6bnVsbCwiY20iOiJCYXNpYyBQbGFuIiwicmUiOjEsInAiOjYzNjQ5MywiYWwiOjAsImNjIjp7IlVTRCI6IjAuMDAiLCJHQlAiOiIwIiwiRVVSIjoiMCIsIlJVQiI6IjAiLCJBVUQiOiIwIiwiQlJMIjoiMCIsIkNBRCI6IjAiLCJDSEYiOiIwIiwiQ05ZIjoiMCIsIlBMTiI6IjAiLCJTRUsiOiIwIiwiWkFSIjoiMCIsIkNaSyI6IjAiLCJIVUYiOiIwIiwiREtLIjoiMCIsIk5aRCI6IjAiLCJTR0QiOiIwIiwiSEtEIjoiMCIsIklOUiI6IjAiLCJKUFkiOiIwIiwiS1JXIjoiMCIsIk1YTiI6IjAiLCJBUlMiOiIwIiwiVFdEIjoiMCIsIk5PSyI6IjAiLCJUSEIiOiIwIiwiVFJZIjoiMCIsIklMUyI6IjAiLCJVQUgiOiIwIiwiQ09QIjoiMCIsIlZORCI6IjAifSwicnAiOnsiVVNEIjoiNy4wMCIsIlBMTiI6IjI1LjAwIiwiR0JQIjoiNS44NiIsIkVVUiI6IjYuOTQiLCJSVUIiOiI3MzEuODIiLCJBVUQiOiIxMS41NCIsIkJSTCI6IjQzLjYiLCJDQUQiOiIxMC4zNSIsIkNIRiI6IjYuNTQiLCJDTlkiOiI1Mi4zIiwiU0VLIjoiNzkuOTMiLCJaQVIiOiIxMzMuODIiLCJDWksiOiIxNzUuNTgiLCJIVUYiOiIyODcwLjk5IiwiREtLIjoiNTEuODgiLCJOWkQiOiIxMi43OSIsIlNHRCI6IjkuNzciLCJIS0QiOiI1NS41OSIsIklOUiI6IjYxOC4yMiIsIkpQWSI6IjExMTYiLCJLUlciOiIxMDQwOSIsIk1YTiI6IjE0OC40NSIsIkFSUyI6Ijc0MzQuMjciLCJUV0QiOiIyMzQuODYiLCJOT0siOiI4MS43NCIsIlRIQiI6IjI0NS41NSIsIlRSWSI6IjI1Mi45OSIsIklMUyI6IjI1LjQ2IiwiVUFIIjoiMzAwLjcxIiwiQ09QIjoiMzExMzguMDUiLCJWTkQiOiIxODEyMDYifSwidGQiOiI3IiwicSI6MCwiZCI6MSwiYSI6W10sInYiOiIxMjMxOTkiLCJzIjoiODU3ODM3YzJlNThjZDg3ZWIwNWUxYTZjMTRlZTc1MWI1MWMwNDdmYTVhZjMyNjg0NDQ3ZDg0NDBlZTU4NDM4Y2MzNTQyODM1YjZjM2U5MjEwMWFjNGUyNDk4YTEyMmM2MTVmMTZkMDNiYzg3NDk5ZTFmYTYxMzRjMDk2YjEzZTIifQ==\">Wybr\u00f3buj za darmo<i class=\"btn-icon multi-icon m-icon-arrow-right pos-right\"><\/i><\/a><\/span><\/div>\n\n\n<h2 class=\"wp-block-heading\">Dlaczego warto wybra\u0107 DiagnoSEO?<\/h2>\n\n\n\n<p>DiagnoSEO to nie tylko narz\u0119dzie SEO \u2014 to kompletne rozwi\u0105zanie dla Twoich potrzeb w zakresie SEO i marketingu tre\u015bci. Niezale\u017cnie od tego, czy jeste\u015b przedsi\u0119biorc\u0105, marketerem czy ekspertem SEO, nasze narz\u0119dzia zosta\u0142y zaprojektowane, aby:<\/p>\n\n\n\n<ul class=\"wp-block-list\">\n<li><strong>Zwi\u0119kszy\u0107 ruch na stronie<\/strong> dzi\u0119ki odkryciu praktycznych wskaz\u00f3wek SEO.<\/li>\n\n\n\n<li><strong>Zaoszcz\u0119dzi\u0107 czas<\/strong> dzi\u0119ki funkcjom opartym na sztucznej inteligencji, kt\u00f3re upraszczaj\u0105 Tw\u00f3j proces pracy (np. generowanie artyku\u0142\u00f3w z wykorzystaniem AI).<\/li>\n\n\n\n<li><strong>Poprawi\u0107 pozycje<\/strong> dzi\u0119ki zaawansowanej analizie i rekomendacjom.<\/li>\n\n\n\n<li><strong>Zwi\u0119kszy\u0107 konwersje<\/strong> poprzez lepiej zoptymalizowane tre\u015bci.<\/li>\n<\/ul>\n\n\n\n<h3 class=\"wp-block-heading\">Co wyr\u00f3\u017cnia DiagnoSEO?<\/h3>\n\n\n\n<ul class=\"wp-block-list\">\n<li><strong>Kompletny zestaw narz\u0119dzi SEO:<\/strong> Dost\u0119p do ponad 30 pot\u0119\u017cnych narz\u0119dzi w jednym miejscu.<\/li>\n\n\n\n<li><strong>Funkcjonalno\u015bci oparte na AI:<\/strong> Wykorzystaj najnowsze modele sztucznej inteligencji do podejmowania trafniejszych decyzji.<\/li>\n\n\n\n<li><strong>Przyjazny interfejs:<\/strong> Upro\u015b\u0107 sw\u00f3j proces SEO dzi\u0119ki intuicyjnej obs\u0142udze.<\/li>\n\n\n\n<li><strong>Przyst\u0119pne ceny:<\/strong> Przyst\u0119pne i skalowalne plany cenowe dla firm ka\u017cdego rozmiaru.<\/li>\n<\/ul>\n\n\n\n<h2 class=\"wp-block-heading\">Kluczowe funkcje narz\u0119dzi DiagnoSEO<\/h2>\n\n\n\n<h3 class=\"wp-block-heading\">1. Narz\u0119dzie do audytu SEO<\/h3>\n\n\n\n<p>Zidentyfikuj i napraw krytyczne problemy, kt\u00f3re hamuj\u0105 rozw\u00f3j Twojej strony. Nasze narz\u0119dzie do audytu ocenia <strong>ponad 200 czynnik\u00f3w rankingowych<\/strong>, pomagaj\u0105c w optymalizacji SEO na stronie.<\/p>\n\n\n\n<h3 class=\"wp-block-heading\">2. Analiza SERP<\/h3>\n\n\n\n<p>Dowiedz si\u0119, jak Twoi konkurenci osi\u0105gaj\u0105 swoje wyniki i co robi\u0105 dobrze. Nasz analizator SERP oparty na AI dostarcza <strong>spersonalizowane rekomendacje<\/strong>, kt\u00f3re pomog\u0105 Ci ich prze\u015bcign\u0105\u0107.<\/p>\n\n\n\n<h3 class=\"wp-block-heading\">3. Badanie s\u0142\u00f3w kluczowych<\/h3>\n\n\n\n<p>Odkryj najlepsze s\u0142owa kluczowe dla swojej niszy dzi\u0119ki <strong>danym w czasie rzeczywistym z autosugestii Google<\/strong>, w tym ilo\u015bci wyszukiwa\u0144 i trendom.<\/p>\n\n\n\n<h3 class=\"wp-block-heading\">4. Edytor tre\u015bci SEO<\/h3>\n\n\n\n<p>Tw\u00f3rz tre\u015bci, kt\u00f3re \u0142atwo si\u0119 pozycjonuj\u0105. Optymalizuj tre\u015bci pod wybrane s\u0142owa kluczowe, poprawiaj\u0105c jednocze\u015bnie czytelno\u015b\u0107 i zaanga\u017cowanie u\u017cytkownik\u00f3w.<\/p>\n\n\n\n<h3 class=\"wp-block-heading\">5. Narz\u0119dzie do analizy link\u00f3w zwrotnych<\/h3>\n\n\n\n<p>Analizuj sw\u00f3j profil link\u00f3w zwrotnych lub odkrywaj linki konkurencji, aby stworzy\u0107 skuteczn\u0105 strategi\u0119 link buildingu.<\/p>\n\n\n\n<h3 class=\"wp-block-heading\">6. Wtyczka SEO do WordPressa<\/h3>\n\n\n\n<p>Nasza wtyczka SEO do WordPressa szybko i \u0142atwo poprawia techniczne SEO na najwy\u017cszy poziom. Jest to tak\u017ce najszybsza wtyczka do WordPressa na rynku.<\/p>\n\n\n\n<h2 class=\"wp-block-heading\">Co zyskujesz dzi\u0119ki darmowej wersji pr\u00f3bnej narz\u0119dzi SEO?<\/h2>\n\n\n\n<p>Darmowa wersja pr\u00f3bna umo\u017cliwia Ci dost\u0119p do naszego <strong>planu Podstawowego<\/strong>, oferuj\u0105cego kompletne wprowadzenie do platformy DiagnoSEO. Oto, co jest wliczone:<\/p>\n\n\n\n<ul class=\"wp-block-list\">\n<li><strong>Dost\u0119p do 20 kluczowych narz\u0119dzi SEO<\/strong> do audyt\u00f3w SEO, badania s\u0142\u00f3w kluczowych, link\u00f3w zwrotnych, optymalizacji tre\u015bci i nie tylko.<\/li>\n\n\n\n<li><strong>60 kredyt\u00f3w<\/strong>, kt\u00f3re mo\u017cna wykorzysta\u0107 we wszystkich narz\u0119dziach, bez dziennych limit\u00f3w.<\/li>\n\n\n\n<li><strong>Wsparcie dla maksymalnie 5 stron internetowych<\/strong> poprzez plugin DiagnoSEO Pro do WordPressa.<\/li>\n\n\n\n<li><strong>15% zni\u017cki<\/strong> na <a href=\"https:\/\/meetmulti.com\/pl\/\" data-type=\"link\" data-id=\"https:\/\/mee\" target=\"_blank\" rel=\"noreferrer noopener\">szablon Multi do WordPressa<\/a>.<\/li>\n<\/ul>\n\n\n\n<h3 class=\"wp-block-heading\">Rozpocznij korzystanie z najlepszych narz\u0119dzi do SEO za darmo i bez zobowi\u0105za\u0144<\/h3>\n\n\n\n<p>Rozpocz\u0119cie wersji pr\u00f3bnej jest \u0142atwe. Po prostu kliknij w przycisk \u201eRozpocznij darmow\u0105 wersj\u0119 pr\u00f3bn\u0105\u201d poni\u017cej. Mo\u017cesz zrezygnowa\u0107 bez zobowi\u0105za\u0144 w ka\u017cdej chwili.<\/p>\n\n\n\n<h2 class=\"wp-block-heading\">Przyst\u0119pne plany cenowe po zako\u0144czeniu wersji pr\u00f3bnej<\/h2>\n\n\n\n<p>Po do\u015bwiadczeniu korzy\u015bci p\u0142yn\u0105cych z DiagnoSEO, mo\u017cesz kontynuowa\u0107 optymalizacj\u0119 z jednym z naszych przyst\u0119pnych plan\u00f3w:<\/p>\n\n\n\n<figure class=\"wp-block-table\"><div class=\"table\"><table class=\"has-fixed-layout\"><tbody><tr><th><strong>Plan<\/strong><\/th><th><strong>Cena<\/strong><\/th><th><strong>Funkcje<\/strong><\/th><\/tr><tr><td><strong>Plan Darmowy<\/strong><\/td><td>0 z\u0142 na zawsze<\/td><td>Podstawowe narz\u0119dzia SEO, ograniczona funkcjonalno\u015b\u0107.<\/td><\/tr><tr><td><strong>Plan Podstawowy<\/strong><\/td><td>35 z\u0142 \/u\u017cytkownik\/miesi\u0105c<\/td><td>Dost\u0119p do 20 narz\u0119dzi, 60 kredyt\u00f3w, wsparcie dla wtyczki.<\/td><\/tr><tr><td><strong>Plan Rozszerzony<\/strong><\/td><td>75 z\u0142 \/u\u017cytkownik\/miesi\u0105c<\/td><td>Dost\u0119p do 30+ narz\u0119dzi, 200 kredyt\u00f3w, zaawansowane funkcje.<\/td><\/tr><tr><td><strong>Korporacyjny<\/strong><\/td><td>Cena na zam\u00f3wienie<\/td><td>Indywidualne rozwi\u0105zania dla du\u017cych firm lub agencji e-marketingowych.<\/td><\/tr><\/tbody><\/table><\/div><\/figure>\n\n\n\n<p>Odwied\u017a nasz\u0105 <a href=\"https:\/\/diagnoseo.com\/pl\/#cennik\">stron\u0119 z cennikiem<\/a>, aby zobaczy\u0107 szczeg\u00f3\u0142owe por\u00f3wnanie.<\/p>\n\n\n\n<h2 class=\"wp-block-heading\">Co m\u00f3wi\u0105 u\u017cytkownicy DiagnoSEO<\/h2>\n\n\n\n<p>Oto, co m\u00f3w\u0105 nasi klienci:<\/p>\n\n\n\n<ul class=\"wp-block-list\">\n<li><strong>\u201eNarz\u0119dzie do badania s\u0142\u00f3w jest szybkie, dok\u0142adne i pomaga mi w pracy na co dzie\u0144.\u201d<\/strong> \u2014 Artur, Ekspert SEO<\/li>\n\n\n\n<li><strong>\u201eDiagnoSEO zmieni\u0142o nasz\u0105 strategi\u0119 SEO! Po wdro\u017ceniu rekomendacji z analizy SERP zwi\u0119kszyli\u015bmy ruch organiczny o 70% w zaledwie 3 miesi\u0105ce.\u201d<\/strong> \u2014 Maciej, W\u0142a\u015bciciel sklepu internetowego<\/li>\n\n\n\n<li><strong>\u201eW ko\u0144cu platforma SEO, kt\u00f3ra jest jednocze\u015bnie pot\u0119\u017cna i \u0142atwa w obs\u0142udze. Szczeg\u00f3lnie polecam narz\u0119dzie do analizy backlink\u00f3w!\u201d<\/strong> \u2014 Konrad, Freelancer SEO<\/li>\n<\/ul>\n\n\n\n<h2 class=\"wp-block-heading\">Cz\u0119sto zadawane pytania &#8211; co musisz wiedzie\u0107<\/h2>\n\n\n<div class=\"diagnoseo-faq diagnoseo-faq-1 \" itemscope itemtype=\"https:\/\/schema.org\/FAQPage\">\n<div class=\"diagnoseo-faq-item diagnoseo-faq-item-1 \" itemprop=\"mainEntity\" itemscope itemtype=\"https:\/\/schema.org\/Question\"><h3 itemprop=\"name\" class=\"diagnoseo-faq-question\">Czy wersja pr\u00f3bna jest naprawd\u0119 darmowa?<\/h3><div itemprop=\"acceptedAnswer\" itemscope itemtype=\"https:\/\/schema.org\/Answer\" class=\"diagnoseo\"><p class=\"diagnoseo-faq-answer\" itemprop=\"text\">Tak! Jest darmowa przez 7 dni. Mo\u017cesz z niej zrezygnowa\u0107 w ka\u017cdym momencie.<\/p><\/div><\/div>\n\n<div class=\"diagnoseo-faq-item diagnoseo-faq-item-2 \" itemprop=\"mainEntity\" itemscope itemtype=\"https:\/\/schema.org\/Question\"><h3 itemprop=\"name\" class=\"diagnoseo-faq-question\">Co si\u0119 stanie po zako\u0144czeniu wersji pr\u00f3bnej?<\/h3><div itemprop=\"acceptedAnswer\" itemscope itemtype=\"https:\/\/schema.org\/Answer\" class=\"diagnoseo\"><p class=\"diagnoseo-faq-answer\" itemprop=\"text\">Je\u015bli pokochasz DiagnoSEO (a jeste\u015bmy tego pewni), mo\u017cesz kontynuowa\u0107 z jednym z naszych elastycznych plan\u00f3w cenowych lub pozosta\u0107 przy darmowej wersji.<\/p><\/div><\/div>\n<\/div>\n\n\n<h3 class=\"wp-block-heading\">Czy mog\u0119 u\u017cywa\u0107 wtyczki WordPress podczas wersji pr\u00f3bnej?<\/h3>\n\n\n\n<p>Oczywi\u015bcie! Wersja pr\u00f3bna obejmuje wsparcie dla maksymalnie 5 stron internetowych z Pro WordPress SEO Plugin.<\/p>\n\n\n\n<h2 class=\"wp-block-heading\">Rozpocznij darmow\u0105 wersj\u0119 pr\u00f3bn\u0105 ju\u017c dzi\u015b!<\/h2>\n\n\n\n<p>Twoi konkurenci nie czekaj\u0105, wi\u0119c dlaczego Ty mia\u0142by\u015b czeka\u0107? Odblokuj pe\u0142ny potencja\u0142 swojej strony internetowej dzi\u0119ki darmowej 7-dniowej wersji pr\u00f3bnej DiagnoSEO. Bez ryzyka, bez problem\u00f3w \u2014 licz\u0105 si\u0119 tylko wyniki (lepsze SEO, wi\u0119cej ruchu i wi\u0119ksze przychody).<\/p>\n\n\n<div class=\"mb-button-wrapper pos-center\"><span class=\"mb-button-fx mb-button-2-fx mb-button-fx-hover-grow-bottom animate-always\" data-animation-type=\"tada\" data-animation-delay=\"1.1\"><a href=\"#subskrybuj-trial-podstawowy\" class=\"mb-button btn-2 flat xx-large paddle_button text-transform-uppercase ani-bg grow-bottom\" rel=\"nofollow\" data-tracking-class=\"\" data-product=\"636493\" data-success=\"https:\/\/diagnoseo.com\/pl\/dziekuje-subskrypcja\/\" data-theme=\"none\" data-override=\"https:\/\/checkout-service.paddle.com\/create\/checkout\/custom\/eyJ0IjoiQmFzaWMiLCJpIjoiaHR0cHM6XC9cL3BhZGRsZS5zMy5hbWF6b25hd3MuY29tXC91c2VyXC8xMjMxOTlcL3N1YnNfNjM2NDkzX2ljb24ucG5nIiwiciI6bnVsbCwiY20iOiJCYXNpYyBQbGFuIiwicmUiOjEsInAiOjYzNjQ5MywiYWwiOjAsImNjIjp7IlVTRCI6IjAuMDAiLCJHQlAiOiIwIiwiRVVSIjoiMCIsIlJVQiI6IjAiLCJBVUQiOiIwIiwiQlJMIjoiMCIsIkNBRCI6IjAiLCJDSEYiOiIwIiwiQ05ZIjoiMCIsIlBMTiI6IjAiLCJTRUsiOiIwIiwiWkFSIjoiMCIsIkNaSyI6IjAiLCJIVUYiOiIwIiwiREtLIjoiMCIsIk5aRCI6IjAiLCJTR0QiOiIwIiwiSEtEIjoiMCIsIklOUiI6IjAiLCJKUFkiOiIwIiwiS1JXIjoiMCIsIk1YTiI6IjAiLCJBUlMiOiIwIiwiVFdEIjoiMCIsIk5PSyI6IjAiLCJUSEIiOiIwIiwiVFJZIjoiMCIsIklMUyI6IjAiLCJVQUgiOiIwIiwiQ09QIjoiMCIsIlZORCI6IjAifSwicnAiOnsiVVNEIjoiNy4wMCIsIlBMTiI6IjI1LjAwIiwiR0JQIjoiNS44NiIsIkVVUiI6IjYuOTQiLCJSVUIiOiI3MzEuODIiLCJBVUQiOiIxMS41NCIsIkJSTCI6IjQzLjYiLCJDQUQiOiIxMC4zNSIsIkNIRiI6IjYuNTQiLCJDTlkiOiI1Mi4zIiwiU0VLIjoiNzkuOTMiLCJaQVIiOiIxMzMuODIiLCJDWksiOiIxNzUuNTgiLCJIVUYiOiIyODcwLjk5IiwiREtLIjoiNTEuODgiLCJOWkQiOiIxMi43OSIsIlNHRCI6IjkuNzciLCJIS0QiOiI1NS41OSIsIklOUiI6IjYxOC4yMiIsIkpQWSI6IjExMTYiLCJLUlciOiIxMDQwOSIsIk1YTiI6IjE0OC40NSIsIkFSUyI6Ijc0MzQuMjciLCJUV0QiOiIyMzQuODYiLCJOT0siOiI4MS43NCIsIlRIQiI6IjI0NS41NSIsIlRSWSI6IjI1Mi45OSIsIklMUyI6IjI1LjQ2IiwiVUFIIjoiMzAwLjcxIiwiQ09QIjoiMzExMzguMDUiLCJWTkQiOiIxODEyMDYifSwidGQiOiI3IiwicSI6MCwiZCI6MSwiYSI6W10sInYiOiIxMjMxOTkiLCJzIjoiODU3ODM3YzJlNThjZDg3ZWIwNWUxYTZjMTRlZTc1MWI1MWMwNDdmYTVhZjMyNjg0NDQ3ZDg0NDBlZTU4NDM4Y2MzNTQyODM1YjZjM2U5MjEwMWFjNGUyNDk4YTEyMmM2MTVmMTZkMDNiYzg3NDk5ZTFmYTYxMzRjMDk2YjEzZTIifQ==\">Wybr\u00f3buj za darmo<i class=\"btn-icon multi-icon m-icon-arrow-right pos-right\"><\/i><\/a><\/span><\/div>\n\n\n<p>Poznaj inteligentniejszy, szybszy i skuteczniejszy spos\u00f3b zarz\u0105dzania SEO dzi\u0119ki DiagnoSEO. Do\u0142\u0105cz do tysi\u0119cy firm, kt\u00f3re ju\u017c teraz poprawiaj\u0105 swoje wyniki w wyszukiwarkach.<\/p>\n","protected":false},"excerpt":{"rendered":"<p>Czy jeste\u015b gotowy, aby przenie\u015b\u0107 swoj\u0105 stron\u0119 na wy\u017cszy poziom? Niezale\u017cnie od tego, czy chcesz poprawi\u0107 swoje pozycje w wyszukiwarkach, wyprzedzi\u0107 konkurencj\u0119, czy zwi\u0119kszy\u0107 ruch organiczny, pot\u0119\u017cny i kompletny zestaw narz\u0119dzi SEO opartych na sztucznej inteligencji od DiagnoSEO zapewni Ci wsparcie. Rozpocznij dzi\u015b od darmowej 7-dniowej wersji pr\u00f3bnej i przekonaj si\u0119, dlaczego firmy na ca\u0142ym<\/p>\n","protected":false},"author":1,"featured_media":0,"parent":0,"menu_order":0,"comment_status":"closed","ping_status":"closed","template":"","meta":{"diagnoseo_postlist_title":"","diagnoseo_comment_language":"","diagnoseo_meta_keyword":"","diagnoseo_meta_additional_keywords":"","diagnoseo_meta_language":"","diagnoseo_meta_title":"Darmowe narz\u0119dzia SEO przez 7 dni - Wypr\u00f3buj teraz!","diagnoseo_meta_description":"Czy jeste\u015b gotowy, aby przenie\u015b\u0107 swoj\u0105 stron\u0119 na wy\u017cszy poziom SEO? Wypr\u00f3buj darmowe narz\u0119dzia SEO przez 7 dni! Ca\u0142kowicie za darmo i bez zobowi\u0105za\u0144!","diagnoseo_check_result":"","diagnoseo_og_image":"","inline_featured_image":false,"footnotes":""},"class_list":["post-5646","page","type-page","status-publish","hentry"],"_links":{"self":[{"href":"https:\/\/diagnoseo.com\/pl\/wp-json\/wp\/v2\/pages\/5646","targetHints":{"allow":["GET"]}}],"collection":[{"href":"https:\/\/diagnoseo.com\/pl\/wp-json\/wp\/v2\/pages"}],"about":[{"href":"https:\/\/diagnoseo.com\/pl\/wp-json\/wp\/v2\/types\/page"}],"author":[{"embeddable":true,"href":"https:\/\/diagnoseo.com\/pl\/wp-json\/wp\/v2\/users\/1"}],"replies":[{"embeddable":true,"href":"https:\/\/diagnoseo.com\/pl\/wp-json\/wp\/v2\/comments?post=5646"}],"version-history":[{"count":2,"href":"https:\/\/diagnoseo.com\/pl\/wp-json\/wp\/v2\/pages\/5646\/revisions"}],"predecessor-version":[{"id":5653,"href":"https:\/\/diagnoseo.com\/pl\/wp-json\/wp\/v2\/pages\/5646\/revisions\/5653"}],"wp:attachment":[{"href":"https:\/\/diagnoseo.com\/pl\/wp-json\/wp\/v2\/media?parent=5646"}],"curies":[{"name":"wp","href":"https:\/\/api.w.org\/{rel}","templated":true}]}}