{"id":5577,"date":"2025-01-25T18:46:40","date_gmt":"2025-01-25T18:46:40","guid":{"rendered":"https:\/\/diagnoseo.com\/?page_id=5577"},"modified":"2025-06-05T13:12:56","modified_gmt":"2025-06-05T13:12:56","slug":"sprawdzanie-pisowni","status":"publish","type":"page","link":"https:\/\/diagnoseo.com\/pl\/sprawdzanie-pisowni\/","title":{"rendered":"Sprawdzanie pisowni &#8211; jak dzia\u0142a narz\u0119dzie do korekty tekstu"},"content":{"rendered":"\n<iframe id=\"sprawdzanie-pisowni\" title=\"Sprawdzanie pisowni i gramatyki - darmowe narz\u0119dzie online korekty tekstu\" allowfullscreen=\"\" src=\"https:\/\/app.diagnoseo.com\/pl\/tools\/grammar-check\/?iframe=1\" class=\"flexible-iframe\" scrolling=\"no\" frameborder=\"0\" data-hj-allow-iframe=\"\" style=\"min-height: 800px;\"><\/iframe>\n\n\n\n<p>Przeczytaj artyku\u0142, poniewa\u017c dowiesz si\u0119, jak efektywne <strong>sprawdzanie pisowni<\/strong> mo\u017ce poprawi\u0107 jako\u015b\u0107 i zrozumia\u0142o\u015b\u0107 Twoich <strong>tekst\u00f3w<\/strong> dzi\u0119ki unikalnym funkcjom r\u00f3\u017cnych narz\u0119dzi.<\/p>\n\n\n\n<ul class=\"wp-block-list\">\n<li>Dzi\u0119ki korektorowi tekstu DiagnoSEO szybko i bezpiecznie poprawisz b\u0142\u0119dy pisowni w ponad 50 j\u0119zykach, nie martwi\u0105c si\u0119 o prywatno\u015b\u0107.<\/li>\n\n\n\n<li>Korektor tekstu DiagnoSEO oferuje zaawansowane funkcje AI do wykrywania subtelnych b\u0142\u0119d\u00f3w i parafraz.<\/li>\n\n\n\n<li>Z korektorem tekstu DiagnoSEO masz pe\u0142n\u0105 kontrol\u0119 nad poprawkami oraz podgl\u0105d dokonanych zmian.<\/li>\n<\/ul>\n\n\n\n<h2 class=\"wp-block-heading\">Wprowadzenie do sprawdzania pisowni<\/h2>\n\n\n\n<p>Gdy zaczynasz przygod\u0119 z <strong>sprawdzaniem pisowni<\/strong>, mo\u017cesz czu\u0107 si\u0119 przyt\u0142oczony r\u00f3\u017cnorodno\u015bci\u0105 narz\u0119dzi dost\u0119pnych na rynku. W rzeczywisto\u015bci <strong>sprawdzanie<\/strong> jest niezwykle przydatnym procesem, kt\u00f3ry pozwala unikn\u0105\u0107 <strong>b\u0142\u0119d\u00f3w<\/strong> w tre\u015bci, poprawiaj\u0105c jej jako\u015b\u0107 i zrozumia\u0142o\u015b\u0107. Dzi\u0119ki narz\u0119dziom takim jak korektor tekstu DiagnoSEO, <strong>mo\u017cesz<\/strong> nie tylko sprawdzi\u0107 <strong>pisowni\u0119<\/strong>, ale tak\u017ce poprawi\u0107 <strong>gramatyk\u0119<\/strong> i styl tekstu. Narz\u0119dzie oferuje unikalne funkcje, kt\u00f3re mog\u0105 by\u0107 dostosowane do Twoich specyficznych potrzeb.<\/p>\n\n\n\n<p>Korektor tekstu DiagnoSEO to doskona\u0142e rozwi\u0105zanie dla os\u00f3b, kt\u00f3re potrzebuj\u0105 szybkiego i darmowego narz\u0119dzia do <strong>sprawdzania pisowni<\/strong> w j\u0119zyku polskim i innych. Obs\u0142uguj\u0105c ponad 50 j\u0119zyk\u00f3w, system ten jest szczeg\u00f3lnie przydatny dla uczni\u00f3w i student\u00f3w, kt\u00f3rzy nie maj\u0105 dost\u0119pu do zaawansowanych edytor\u00f3w tekstu. Wprowadzasz <strong>tekst<\/strong>, a system wskazuje potencjalne <strong>b\u0142\u0119dy<\/strong>, sugeruj\u0105c poprawki. Co istotne, DiagnoSEO nie przechowuje przes\u0142anych tre\u015bci, co zapewnia prywatno\u015b\u0107 u\u017cytkownikom.<\/p>\n\n\n\n<p>Je\u015bli szukasz bardziej zaawansowanych mo\u017cliwo\u015bci, korektor tekstu DiagnoSEO oferuje funkcje oparte na sztucznej inteligencji, kt\u00f3re mog\u0105 wykrywa\u0107 mniej oczywiste b\u0142\u0119dy. DiagnoSEO z stawia na bezpiecze\u0144stwo u\u017cytkownik\u00f3w, nie przechowuj\u0105c tekst\u00f3w na zewn\u0119trznych serwerach. Narz\u0119dzie ma swoje unikalne cechy, kt\u00f3re sprawiaj\u0105, \u017ce sprawdzanie pisowni staje si\u0119 \u0142atwiejsze i bardziej efektywne.<\/p>\n\n\n\n<h2 class=\"wp-block-heading\">Jak dzia\u0142a narz\u0119dzie do korekty tekstu<\/h2>\n\n\n\n<p>Podstawowe funkcje korekty tekstu obejmuj\u0105 wykrywanie b\u0142\u0119d\u00f3w ortograficznych, interpunkcyjnych i gramatycznych. Narz\u0119dzia takie jak korektor tekstu DiagnoSEO analizuj\u0105 tekst pod k\u0105tem r\u00f3\u017cnych typ\u00f3w b\u0142\u0119d\u00f3w, wskazuj\u0105c je u\u017cytkownikowi w formie sugerowanych poprawek. Wprowadzasz tekst, klikasz przycisk \u201eSprawd\u017a tekst\u201d i system automatycznie identyfikuje b\u0142\u0119dy, proponuj\u0105c alternatywne wyrazy czy poprawki. Dzi\u0119ki temu mo\u017cesz unikn\u0105\u0107 typowych pomy\u0142ek, kt\u00f3re cz\u0119sto umykaj\u0105 uwadze.<\/p>\n\n\n\n<p>W przypadku korektora tekstu DiagnoSEO, sprawdzanie pisowni i gramatyki jest wzbogacone o mo\u017cliwo\u015bci parafrazowania i sugestie dotycz\u0105ce stylu. Narz\u0119dzie to korzysta z zaawansowanych algorytm\u00f3w AI, kt\u00f3re potrafi\u0105 analizowa\u0107 kontekst zda\u0144, co pozwala na wykrycie bardziej subtelnych b\u0142\u0119d\u00f3w. Dodatkowo, DIagnoSEO umo\u017cliwia integracj\u0119 z wieloma popularnymi aplikacjami, co sprawia, \u017ce mo\u017cesz korzysta\u0107 z jego funkcji w trakcie pisania e-maili czy tworzenia dokument\u00f3w.<\/p>\n\n\n\n<p>Korektor tekstu DiagnoSEO wyr\u00f3\u017cnia si\u0119 mo\u017cliwo\u015bci\u0105 automatycznej poprawy b\u0142\u0119d\u00f3w w pisowni, dzi\u0119ki wsparciu sztucznej inteligencji. Dzi\u0119ki temu narz\u0119dzie to potrafi wykrywa\u0107 niejednoznaczne b\u0142\u0119dy, kt\u00f3re wymagaj\u0105 analizy kontekstu. Jest szczeg\u00f3lnie przydatne dla os\u00f3b pisz\u0105cych w j\u0119zyku polskim, kt\u00f3re chc\u0105 tworzy\u0107 profesjonalne i poprawne gramatycznie <strong>teksty<\/strong>. DiagnoSEO oferuje r\u00f3wnie\u017c funkcje cofania wprowadzonych poprawek, co pozwala na pe\u0142n\u0105 kontrol\u0119 nad edycj\u0105 tre\u015bci.<\/p>\n\n\n\n<h2 class=\"wp-block-heading\">Czy wiesz, \u017ce&#8230;<\/h2>\n\n\n\n<p>Czy wiesz, \u017ce korektor tekstu DiagnoSEO nie tylko sprawdza pisowni\u0119 w ponad 50 j\u0119zykach, ale r\u00f3wnie\u017c nie przechowuje przes\u0142anych tekst\u00f3w? Dzi\u0119ki temu mo\u017cesz cieszy\u0107 si\u0119 prywatno\u015bci\u0105 podczas korekty swoich dokument\u00f3w. To idealne rozwi\u0105zanie dla tych, kt\u00f3rzy ceni\u0105 sobie bezpiecze\u0144stwo i anonimowo\u015b\u0107 w sieci!<\/p>\n\n\n\n<h2 class=\"wp-block-heading\">Cz\u0119sto zadawane pytania<\/h2>\n\n\n<div class=\"diagnoseo-faq diagnoseo-faq-1 \" itemscope itemtype=\"https:\/\/schema.org\/FAQPage\">\n<div class=\"diagnoseo-faq-item diagnoseo-faq-item-1 \" itemprop=\"mainEntity\" itemscope itemtype=\"https:\/\/schema.org\/Question\"><h3 itemprop=\"name\" class=\"diagnoseo-faq-question\">Jak dzia\u0142a sprawdzanie pisowni?<\/h3><div itemprop=\"acceptedAnswer\" itemscope itemtype=\"https:\/\/schema.org\/Answer\" class=\"diagnoseo\"><p class=\"diagnoseo-faq-answer\" itemprop=\"text\">Sprawdzanie pisowni analizuje tekst wykorzystuj\u0105c AI oraz por\u00f3wnuj\u0105c go z baz\u0105 poprawnych s\u0142\u00f3w i wskazuje b\u0142\u0119dy.<\/p><\/div><\/div>\n\n<div class=\"diagnoseo-faq-item diagnoseo-faq-item-2 \" itemprop=\"mainEntity\" itemscope itemtype=\"https:\/\/schema.org\/Question\"><h3 itemprop=\"name\" class=\"diagnoseo-faq-question\">Czy sprawdzanie pisowni jest zawsze dok\u0142adne?<\/h3><div itemprop=\"acceptedAnswer\" itemscope itemtype=\"https:\/\/schema.org\/Answer\" class=\"diagnoseo\"><p class=\"diagnoseo-faq-answer\" itemprop=\"text\">Nie zawsze. Mo\u017ce nie rozpozna\u0107 niekt\u00f3rych b\u0142\u0119d\u00f3w lub zasugerowa\u0107 b\u0142\u0119dne poprawki, zw\u0142aszcza w tekstach specjalistycznych.<\/p><\/div><\/div>\n<\/div>\n\n\n<h2 class=\"wp-block-heading\">Podsumowanie<\/h2>\n\n\n\n<p>Korektor tekstu DiagnoSEO mo\u017ce znacz\u0105co poprawi\u0107 jako\u015b\u0107 i zrozumia\u0142o\u015b\u0107 Twoich tekst\u00f3w. To \u015bwietna opcja dla tych, kt\u00f3rzy potrzebuj\u0105 szybkiego i darmowego wsparcia, zw\u0142aszcza dla uczni\u00f3w i student\u00f3w. Oferuje funkcje oparte na AI, kt\u00f3re identyfikuj\u0105 nawet subtelne b\u0142\u0119dy. Narz\u0119dzie pomagaj\u0105 wykrywa\u0107 b\u0142\u0119dy ortograficzne, interpunkcyjne i gramatyczne, czyni\u0105c proces pisania bardziej efektywnym i dok\u0142adnym.<\/p>\n","protected":false},"excerpt":{"rendered":"<p>Przeczytaj artyku\u0142, poniewa\u017c dowiesz si\u0119, jak efektywne sprawdzanie pisowni mo\u017ce poprawi\u0107 jako\u015b\u0107 i zrozumia\u0142o\u015b\u0107 Twoich tekst\u00f3w dzi\u0119ki unikalnym funkcjom r\u00f3\u017cnych narz\u0119dzi. Wprowadzenie do sprawdzania pisowni Gdy zaczynasz przygod\u0119 z sprawdzaniem pisowni, mo\u017cesz czu\u0107 si\u0119 przyt\u0142oczony r\u00f3\u017cnorodno\u015bci\u0105 narz\u0119dzi dost\u0119pnych na rynku. W rzeczywisto\u015bci sprawdzanie jest niezwykle przydatnym procesem, kt\u00f3ry pozwala unikn\u0105\u0107 b\u0142\u0119d\u00f3w w tre\u015bci, poprawiaj\u0105c jej<\/p>\n","protected":false},"author":1,"featured_media":0,"parent":0,"menu_order":0,"comment_status":"closed","ping_status":"closed","template":"","meta":{"diagnoseo_postlist_title":"","diagnoseo_comment_language":"","diagnoseo_meta_keyword":"korektor tekstu","diagnoseo_meta_additional_keywords":"","diagnoseo_meta_language":"","diagnoseo_meta_title":"Sprawdzanie pisowni - korektor tekstu online z AI w przegl\u0105darce","diagnoseo_meta_description":"Dowiedz si\u0119, jak efektywne sprawdzanie pisowni mo\u017ce poprawi\u0107 jako\u015b\u0107 i zrozumia\u0142o\u015b\u0107 Twoich tekst\u00f3w dzi\u0119ki unikalnym funkcjom narz\u0119dzia DiagnoSEO.","diagnoseo_check_result":"","diagnoseo_og_image":"","inline_featured_image":false,"footnotes":""},"class_list":["post-5577","page","type-page","status-publish","hentry"],"_links":{"self":[{"href":"https:\/\/diagnoseo.com\/pl\/wp-json\/wp\/v2\/pages\/5577","targetHints":{"allow":["GET"]}}],"collection":[{"href":"https:\/\/diagnoseo.com\/pl\/wp-json\/wp\/v2\/pages"}],"about":[{"href":"https:\/\/diagnoseo.com\/pl\/wp-json\/wp\/v2\/types\/page"}],"author":[{"embeddable":true,"href":"https:\/\/diagnoseo.com\/pl\/wp-json\/wp\/v2\/users\/1"}],"replies":[{"embeddable":true,"href":"https:\/\/diagnoseo.com\/pl\/wp-json\/wp\/v2\/comments?post=5577"}],"version-history":[{"count":3,"href":"https:\/\/diagnoseo.com\/pl\/wp-json\/wp\/v2\/pages\/5577\/revisions"}],"predecessor-version":[{"id":6074,"href":"https:\/\/diagnoseo.com\/pl\/wp-json\/wp\/v2\/pages\/5577\/revisions\/6074"}],"wp:attachment":[{"href":"https:\/\/diagnoseo.com\/pl\/wp-json\/wp\/v2\/media?parent=5577"}],"curies":[{"name":"wp","href":"https:\/\/api.w.org\/{rel}","templated":true}]}}