{"id":5485,"date":"2025-01-20T13:00:17","date_gmt":"2025-01-20T13:00:17","guid":{"rendered":"https:\/\/diagnoseo.com\/?page_id=5485"},"modified":"2025-01-20T13:00:18","modified_gmt":"2025-01-20T13:00:18","slug":"checklista-seo","status":"publish","type":"page","link":"https:\/\/diagnoseo.com\/pl\/checklista-seo\/","title":{"rendered":"Checklista SEO"},"content":{"rendered":"\n<h2 class=\"wp-block-heading\">Podstawy SEO<\/h2>\n\n\n\n<ul class=\"wp-block-list\">\n\n<li><strong>Zdecyduj, czy korzysta\u0107 z www czy bez-www<\/strong> \u2013 Wybierz preferowan\u0105 wersj\u0119 (www lub bez-www) dla swojej witryny i zadbaj o konsekwentne u\u017cycie w ustawieniach i przekierowaniach.<\/li>\n\n\n\n<li><strong>Zainstaluj certyfikat SSL<\/strong> \u2013 U\u017cyj CloudFlare lub Let\u2019s Encrypt, aby zapewni\u0107 bezpiecze\u0144stwo HTTPS.<\/li>\n\n\n\n<li><strong>Zainstaluj wtyczk\u0119 SEO<\/strong> \u2013 Dodaj wtyczki SEO, takie jak DiagnoSEO i DiagnoSEO Pro dla WordPressa.<\/li>\n\n\n\n<li><strong>Upewnij si\u0119, \u017ce Twoje adresy URL s\u0105 przyjazne dla u\u017cytkownika<\/strong> \u2013 Zachowaj ich prostot\u0119 i unikaj dynamicznych parametr\u00f3w, kiedy to mo\u017cliwe.<\/li>\n\n\n\n<li><strong>Upewnij si\u0119, \u017ce Twoja strona jest indeksowalna<\/strong> \u2013 Usu\u0144 wszystkie dyrektywy <strong>noindex<\/strong>, <strong>nofollow<\/strong> lub <strong>disallow<\/strong> z pliku robots.txt dla stron, kt\u00f3re chcesz indeksowa\u0107.<\/li>\n\n\n\n<li><strong>Dodaj stron\u0119 z polityk\u0105 prywatno\u015bci<\/strong> \u2013 Uwzgl\u0119dnij informacje o zgodno\u015bci i przejrzysto\u015bci.<\/li>\n\n\n\n<li><strong>Dodaj stron\u0119 z regulaminem<\/strong> \u2013 Zapewnij jasne warunki u\u017cytkowania dla odwiedzaj\u0105cych.<\/li>\n\n\n\n<li><strong>Dodaj stron\u0119 kontaktow\u0105<\/strong> \u2013 Umie\u015b\u0107 dane kontaktowe dla u\u017cytkownik\u00f3w i wyszukiwarek.<\/li>\n\n\n\n<li><strong>Dodaj zgod\u0119 na pliki cookie<\/strong> \u2013 Mo\u017cesz u\u017cy\u0107 rozwi\u0105za\u0144 dost\u0119pnych w Twoim motywie (np. Multi) lub zewn\u0119trznych, takich jak CookieBot.<\/li>\n\n\n\n<li><strong>Dodaj favicon<\/strong> \u2013 U\u017cyj kwadratowego obrazu (np. 96x96px lub 144x144px).<\/li>\n\n\n\n<li><strong>Sprawd\u017a swoj\u0105 witryn\u0119 w popularnych przegl\u0105darkach<\/strong> \u2013 Zweryfikuj wygl\u0105d i funkcjonalno\u015b\u0107 w r\u00f3\u017cnych przegl\u0105darkach (Chrome, Firefox, Safari, Opera).<\/li>\n\n\n\n<li><strong>Zwaliduj swoj\u0105 witryn\u0119 za pomoc\u0105 W3C Checker<\/strong> \u2013 Napraw krytyczne problemy, aby u\u0142atwi\u0107 indeksowanie.<\/li>\n\n\n\n<li><strong>Dodaj logo na swojej stronie<\/strong> \u2013 Uwzgl\u0119dnij je w danych schema tam, gdzie jest to mo\u017cliwe.<\/li>\n\n\n\n<li><strong>Zadbaj o \u015bwietny projekt strony<\/strong> \u2013 Uczy\u0144 j\u0105 atrakcyjn\u0105 wizualnie i przyjazn\u0105 dla u\u017cytkownika.<\/li>\n\n\n\n<li><strong>Za\u0142\u00f3\u017c konta w mediach spo\u0142eczno\u015bciowych<\/strong> \u2013 Utw\u00f3rz profile, podlinkuj swoj\u0105 stron\u0119 i zabezpiecz nazw\u0119 na g\u0142\u00f3wnych platformach.<\/li>\n\n<\/ul>\n\n\n\n<h2 class=\"wp-block-heading\">Analityka internetowa<\/h2>\n\n\n\n<ul class=\"wp-block-list\">\n\n<li><strong>Utw\u00f3rz konto Google Analytics<\/strong>: Skonfiguruj \u015bledzenie Twojej witryny.<\/li>\n\n\n\n<li><strong>Utw\u00f3rz konto Google Search Console<\/strong>: Dodaj i zweryfikuj swoj\u0105 witryn\u0119.<\/li>\n\n\n\n<li><strong>Utw\u00f3rz konto w Clicky lub Statcounter<\/strong> \u2013 U\u017cyj jako prostszej alternatywy dla Google Analytics (opcjonalnie).<\/li>\n\n\n\n<li><strong>Po\u0142\u0105cz Search Console z Analytics<\/strong>: Zintegruj oba konta w celu p\u0142ynnego \u015bledzenia danych.<\/li>\n\n\n\n<li><strong>Skonfiguruj Google Tag Manager<\/strong> \u2013 Utw\u00f3rz <a href=\"https:\/\/tagmanager.google.com\/\">konto Google Tag Manager<\/a> i dodaj Google Analytics za jego pomoc\u0105.<\/li>\n\n\n\n<li><strong>Dodaj swoj\u0105 witryn\u0119 do Bing Webmaster Tools<\/strong> \u2013 Zarejestruj si\u0119 i zweryfikuj w Bing.<\/li>\n\n\n\n<li><strong>Prze\u015blij map\u0119 witryny XML do Search Console <\/strong>\u2013 Prze\u015blij adres URL mapy witryny XML w Google Search Console.<\/li>\n\n\n\n<li><strong>Prze\u015blij map\u0119 witryny XML do Bing Webmaster Tools<\/strong> \u2013 Pom\u00f3\u017c Bing efektywnie indeksowa\u0107 Twoj\u0105 witryn\u0119.<\/li>\n\n\n\n<li><strong>\u015aled\u017a klikni\u0119cia przycisk\u00f3w<\/strong> \u2013 \u015aled\u017a klikni\u0119cia, aby wy\u015bwietla\u0107 sw\u00f3j \u201ee-mail\u201d lub \u201enumer telefonu\u201d za pomoc\u0105 funkcji przycisk\u00f3w w <a href=\"https:\/\/meetmulti.com\/\">motywie Multi<\/a>.<\/li>\n\n<\/ul>\n\n\n\n<h2 class=\"wp-block-heading\">On-page and Tech SEO<\/h2>\n\n\n\n<ul class=\"wp-block-list\">\n\n<li><strong>Przeprowad\u017a audyt strony g\u0142\u00f3wnej<\/strong> \u2013 Sprawd\u017a stron\u0119 g\u0142\u00f3wn\u0105 i wybrane wa\u017cne podstrony (np. produkt, wpis, kategoria) za pomoc\u0105 <a href=\"https:\/\/app.diagnoseo.com\/tools\/audit\/\">DiagnoSEO Audit tool<\/a> z w\u0142\u0105czonymi zaawansowanymi punktami kontrolnymi.<\/li>\n\n\n\n<li><strong>Przeprowad\u017a audyt podstron<\/strong> \u2013 Sprawd\u017a stron\u0119 g\u0142\u00f3wn\u0105 i wybrane wa\u017cne podstrony (np. produkt, wpis, kategoria) za pomoc\u0105 <a href=\"https:\/\/app.diagnoseo.com\/tools\/keyword-placement\/\">DiagnoSEO Keyword Placement tool<\/a> w odniesieniu do s\u0142owa kluczowego i kraju, w kt\u00f3rym chcesz si\u0119 pozycjonowa\u0107.<\/li>\n\n\n\n<li><strong>Przeanalizuj SERP<\/strong> \u2013 Sprawd\u017a stron\u0119 g\u0142\u00f3wn\u0105 i wybrane wa\u017cne podstrony (np. produkt, wpis, kategoria) za pomoc\u0105 <a href=\"https:\/\/app.diagnoseo.com\/tools\/competitors-analysis\/\">SERP Analyzer<\/a> dla g\u0142\u00f3wnego s\u0142owa kluczowego i kraju, w kt\u00f3rym chcesz si\u0119 pozycjonowa\u0107, z w\u0142\u0105czonymi zaawansowanymi punktami kontrolnymi.<\/li>\n\n\n\n<li><strong>Znajd\u017a brakuj\u0105ce s\u0142owa kluczowe<\/strong> \u2013 Skorzystaj z <a href=\"https:\/\/app.diagnoseo.com\/tools\/tf-idf\/\">TF IDF tool<\/a> z Twoim adresem URL i g\u0142\u00f3wnym s\u0142owem kluczowym, aby dowiedzie\u0107 si\u0119, jakich semantycznie powi\u0105zanych s\u0142\u00f3w brakuje i zintegrowa\u0107 je na stronie.<\/li>\n\n\n\n<li><strong>Wykonaj pe\u0142ne skanowanie witryny<\/strong> \u2013 U\u017cyj <a href=\"https:\/\/app.diagnoseo.com\/tools\/crawler\/\">SEO crawler<\/a>, aby znale\u017a\u0107 problemy w ca\u0142ej witrynie.<\/li>\n\n<\/ul>\n\n\n\n<h2 class=\"wp-block-heading\">Off-page SEO<\/h2>\n\n\n\n<ul class=\"wp-block-list\">\n\n<li><strong>Sprawd\u017a profil link\u00f3w zwrotnych<\/strong> \u2013 U\u017cyj <a href=\"https:\/\/app.diagnoseo.com\/tools\/backlink-checker\/\">Backlink checker<\/a>, aby przeanalizowa\u0107 swoje linki zwrotne.<\/li>\n\n\n\n<li><strong>Znajd\u017a i napraw uszkodzone linki zwrotne<\/strong> \u2013 Zidentyfikuj i napraw <a href=\"https:\/\/app.diagnoseo.com\/tools\/backlink-checker\/broken-backlinks\/\">broken backlinks<\/a>.<\/li>\n\n\n\n<li><strong>Zduplikuj najsilniejsze linki zwrotne konkurencji<\/strong> \u2013 Sprawd\u017a profil link\u00f3w zwrotnych konkurencji i postaraj si\u0119 uzyska\u0107 podobne linki o najwy\u017cszej Domain Power.<\/li>\n\n\n\n<li><strong>Tw\u00f3rz tre\u015bci zas\u0142uguj\u0105ce na linki (linkable assets)<\/strong> \u2013 Sprawd\u017a <a href=\"https:\/\/app.diagnoseo.com\/tools\/backlink-checker\/most-linked-pages\/\">most linked pages<\/a> konkurencji i spr\u00f3buj odtworzy\u0107 je w swojej witrynie.<\/li>\n\n<\/ul>\n\n\n\n<h2 class=\"wp-block-heading\">Keyword research<\/h2>\n\n\n\n<ul class=\"wp-block-list\">\n\n<li><strong>Sprawd\u017a swoje pomys\u0142y na s\u0142owa kluczowe<\/strong> \u2013 U\u017cyj <a href=\"https:\/\/app.diagnoseo.com\/tools\/search-volume\/\">Bulk search Volume<\/a>, aby oceni\u0107 w\u0142asne propozycje s\u0142\u00f3w kluczowych.<\/li>\n\n\n\n<li><strong>Znajd\u017a nowe s\u0142owa kluczowe<\/strong> \u2013 Skorzystaj z <a href=\"https:\/\/app.diagnoseo.com\/tools\/keyword-ideas\/\">Keyword Ideas tool<\/a>, aby znale\u017a\u0107 nowe propozycje s\u0142\u00f3w kluczowych bazuj\u0105ce na autouzupe\u0142nianiu Google, powi\u0105zanym z Twoim g\u0142\u00f3wnym s\u0142owem kluczowym.<\/li>\n\n\n\n<li><strong>Odkryj pokrewne s\u0142owa kluczowe<\/strong> \u2013 U\u017cyj <a href=\"https:\/\/app.diagnoseo.com\/tools\/related-keywords\/\">Related keywords<\/a>, aby odnale\u017a\u0107 wi\u0119cej s\u0142\u00f3w powi\u0105zanych z Twoim g\u0142\u00f3wnym s\u0142owem kluczowym.<\/li>\n\n\n\n<li><strong>Wygeneruj map\u0119 tematyczn\u0105<\/strong> \u2013 U\u017cyj <a href=\"https:\/\/app.diagnoseo.com\/tools\/topical-map-generator\/\">Topical Map Generator<\/a>, aby stworzy\u0107 kompletny zestaw temat\u00f3w artyku\u0142\u00f3w na bloga, powi\u0105zanych z Twoim niszowym s\u0142owem kluczowym o najwy\u017cszym wolumenie wyszukiwa\u0144.<\/li>\n\n<\/ul>\n\n\n\n<h2 class=\"wp-block-heading\">Content<\/h2>\n\n\n\n<ul class=\"wp-block-list\">\n\n<li><strong>Optymalizuj w edytorze tre\u015bci<\/strong> \u2013 Przejd\u017a do <a href=\"https:\/\/app.diagnoseo.com\/tools\/content\/\">Content Editor<\/a>, zmie\u0144 j\u0119zyk, wprowad\u017a g\u0142\u00f3wne s\u0142owo kluczowe i uzyskaj sugestie SEO dla swojego artyku\u0142u.<\/li>\n\n\n\n<li><strong>Generuj artyku\u0142y za pomoc\u0105 AI<\/strong> \u2013 W <a href=\"https:\/\/app.diagnoseo.com\/tools\/content\/\">Content Editor<\/a> stw\u00f3rz artyku\u0142, korzystaj\u0105c z najnowszej AI i rekomendacji opartych na danych.<\/li>\n\n\n\n<li><strong>Dodaj linki wewn\u0119trzne<\/strong> \u2013 Wygeneruj linki wewn\u0119trzne w swoim artykule, korzystaj\u0105c z <a href=\"https:\/\/app.diagnoseo.com\/tools\/content\/\">Content Editor<\/a>.<\/li>\n\n\n\n<li><strong>Popraw ton tekstu, aby brzmia\u0142 naturalnie<\/strong> \u2013 (Opcjonalne) Skorzystaj z <a href=\"https:\/\/app.diagnoseo.com\/tools\/humanize-ai\/\">Humanize AI tool<\/a>, aby nada\u0107 tekstowi bardziej naturalny wyd\u017awi\u0119k, je\u015bli to konieczne.<\/li>\n\n\n\n<li><strong>Opublikuj i powtarzaj<\/strong> \u2013 Skopiuj artyku\u0142 i opublikuj go w swoim CMS. Powt\u00f3rz proces lub u\u017cyj Bulk Article Generator, aby go usprawni\u0107.<\/li>\n\n<\/ul>\n\n\n\n<h2 class=\"wp-block-heading\">WordPress<\/h2>\n\n\n\n<ul class=\"wp-block-list\">\n\n<li><strong>Zainstaluj wtyczki SEO<\/strong> \u2013 Zainstaluj i aktywuj <a href=\"https:\/\/diagnoseo.com\/wordpress-seo-plugin\/\">DiagnoSEO plugin<\/a> oraz <a href=\"https:\/\/app.diagnoseo.com\/tools\/wordpress-seo-plugin\/\">DiagnoSEO Pro plugin<\/a>.<\/li>\n\n\n\n<li><strong>Dodaj kod Google Tag Manager<\/strong> \u2013 Dodaj kod Google Tag Manager za pomoc\u0105 wtyczki DiagnoSEO (sekcja \u201eWeb analytics\u201d).<\/li>\n\n\n\n<li><strong>Zaimportuj dane<\/strong> \u2013 (Opcjonalne) Zaimportuj dane ze swojej poprzedniej wtyczki SEO.<\/li>\n\n\n\n<li><strong>Skonfiguruj ustawienia DiagnoSEO<\/strong> \u2013 W ustawieniach wtyczki DiagnoSEO wype\u0142nij niezb\u0119dne dane i w\u0142\u0105cz odpowiednie schematy (np. reviewedBy, Organization, LocalBusiness, profile w mediach spo\u0142eczno\u015bciowych itp.).<\/li>\n\n\n\n<li><strong>U\u017cyj motywu przyjaznego SEO<\/strong> \u2013 Wybierz szybki i ultra przyjazny SEO motyw nastawiony na Gutenberg, taki jak Multi.<\/li>\n\n\n\n<li><strong>Ukryj linki do medi\u00f3w spo\u0142eczno\u015bciowych<\/strong> \u2013 Skorzystaj z opcji \u201ehide links to social media profiles\u201d w motywie Multi.<\/li>\n\n\n\n<li><strong>W\u0142\u0105cz bezpo\u015brednie odno\u015bniki i wy\u0142\u0105cz daty w adresach URL<\/strong> \u2013 W\u0142\u0105cz permalinki, ale wy\u0142\u0105cz daty w URL (je\u015bli posiadasz now\u0105 instalacj\u0119 WP).<\/li>\n\n\n\n<li><strong>Wy\u0142\u0105cz daty przy przesy\u0142aniu obraz\u00f3w<\/strong> \u2013 Wy\u0142\u0105cz daty dla przesy\u0142anych obraz\u00f3w (je\u015bli Twoja witryna nie jest bardzo du\u017ca).<\/li>\n\n\n\n<li><strong>Zainstaluj wtyczk\u0119 CloudFlare<\/strong> \u2013 Zainstaluj i aktywuj wtyczk\u0119 CloudFlare, aby przyspieszy\u0107 WordPressa.<\/li>\n\n\n\n<li><strong>Zmie\u0144 domy\u015bln\u0105 nazw\u0119 mapy witryny<\/strong> \u2013 W wtyczce DiagnoSEO Pro ustaw w\u0142asn\u0105 nazw\u0119 mapy witryny, aby poprawi\u0107 prywatno\u015b\u0107 i chroni\u0107 zawarto\u015b\u0107 witryny.<\/li>\n\n\n\n<li><strong>Ukryj linki afiliacyjne<\/strong> \u2013 Skorzystaj z funkcji affiliate deeplink hider w DiagnoSEO, aby ukry\u0107 zewn\u0119trzne linki afiliacyjne.<\/li>\n\n\n\n<li><strong>Optymalizuj kategorie<\/strong> \u2013 U\u017cyj wid\u017cetu DiagnoSEO Categories, aby poprawi\u0107 SEO w przypadku rozbudowanej i zagnie\u017cd\u017conej struktury kategorii.<\/li>\n\n\n\n<li><strong>Dodaj stron\u0119 z map\u0105 witryny w HTML<\/strong> \u2013 Dodaj stron\u0119 z blokiem HTML sitemap z linkami do Twoich stron i wpis\u00f3w, a nast\u0119pnie podlinkuj j\u0105 w stopce.<\/li>\n\n\n\n<li><strong>Wygeneruj pocz\u0105tkowe komentarze<\/strong> \u2013 Wygeneruj kilka komentarzy na start za pomoc\u0105 AI, aby unikn\u0105\u0107 \u201e0 komentarzy\u201d przy wpisach.<\/li>\n\n<\/ul>\n\n\n\n<h2 class=\"wp-block-heading\">UX &amp; najlepsze praktyki<\/h2>\n\n\n\n<ul class=\"wp-block-list\">\n\n<li><strong>Dodaj przyklejony spis tre\u015bci<\/strong> \u2013 Dodaj przyklejony spis tre\u015bci za pomoc\u0105 wtyczki DiagnoSEO Pro.<\/li>\n\n\n\n<li><strong>Dodaj przyklejony nag\u0142\u00f3wek<\/strong> \u2013 Dodaj przyklejony nag\u0142\u00f3wek z animowanym paskiem post\u0119pu do swoich wpis\u00f3w (<a href=\"https:\/\/meetmulti.com\/\">Multi theme<\/a>).<\/li>\n\n\n\n<li><strong>Wy\u015bwietl powi\u0105zane wpisy<\/strong> \u2013 Poka\u017c sekcj\u0119 tematycznie powi\u0105zanych wpis\u00f3w w postach (<a href=\"https:\/\/meetmulti.com\/\">Multi theme<\/a>).<\/li>\n\n\n\n<li><strong>Dodaj dane firmy w stopce<\/strong> \u2013 Umie\u015b\u0107 nazw\u0119 i adres firmy w stopce.<\/li>\n\n\n\n<li><strong>W\u0142\u0105cz wyskakuj\u0105ce okienko zgody na pliki cookie<\/strong> \u2013 W\u0142\u0105cz popup z pro\u015bb\u0105 o akceptacj\u0119 plik\u00f3w cookie (<a href=\"https:\/\/meetmulti.com\/\">Multi theme<\/a>).<\/li>\n\n\n\n<li><strong>Dodaj linki w stopce<\/strong> \u2013 Dodaj linki w stopce do stron O nas, Kontakt, Polityka prywatno\u015bci, Regulamin i Kontakt.<\/li>\n\n\n\n<li><strong>Chro\u0144 sw\u00f3j adres e-mail w witrynie<\/strong> \u2013 Stosuj techniki maskowania lub narz\u0119dzia ochrony e-mail, aby uniemo\u017cliwi\u0107 botom spamowym przechwycenie adresu.<\/li>\n\n\n\n<li><strong>Zabezpiecz swoje formularze kontaktowe<\/strong> \u2013 Wdr\u00f3\u017c metody ochrony przed spamem, takie jak reCAPTCHA lub pola honeypot, aby zapobiec niechcianym zg\u0142oszeniom.<\/li>\n\n<\/ul>\n\n\n\n<h2 class=\"wp-block-heading\">Monitorowanie&nbsp;<\/h2>\n\n\n\n<ul class=\"wp-block-list\">\n\n<li><strong>\u015aled\u017a pozycje s\u0142\u00f3w kluczowych<\/strong> \u2013 U\u017cyj <a href=\"https:\/\/app.diagnoseo.com\/tools\/keyword-rank-checker\/\">Keyword Rank Checker tool<\/a> lub Google Search Console, aby sprawdza\u0107 pozycje w wynikach wyszukiwania dla najwa\u017cniejszych s\u0142\u00f3w kluczowych.<\/li>\n\n\n\n<li><strong>Monitoruj swoje witryny<\/strong> \u2013 Dodaj wa\u017cne dla Ciebie witryny do <a href=\"https:\/\/app.diagnoseo.com\/tools\/website-monitoring\/\">Website Monitoring<\/a>.<\/li>\n\n\n\n<li><strong>Monitoruj swoje linki zwrotne<\/strong> \u2013 Dodaj najwa\u017cniejsze lub op\u0142acone linki zwrotne do Backlink Manager i sprawdzaj, czy nie zosta\u0142y usuni\u0119te.<\/li>\n\n<\/ul>\n\n\n\n<h2 class=\"wp-block-heading\">Lokalne SEO<\/h2>\n\n\n\n<ul class=\"wp-block-list\">\n\n<li><strong>Zg\u0142o\u015b sw\u00f3j Profil Firmy w Google<\/strong> \u2013 Przejmij i zweryfikuj sw\u00f3j profil, aby poprawi\u0107 widoczno\u015b\u0107 lokaln\u0105.<\/li>\n\n\n\n<li><strong>Uzupe\u0142nij sw\u00f3j profil GBM<\/strong> \u2013 Dodaj wszystkie kluczowe informacje, takie jak nazwa, adres, numer telefonu, godziny otwarcia i zdj\u0119cia. Dodaj sekcj\u0119 FAQ.<\/li>\n\n\n\n<li><strong>Zdob\u0105d\u017a opinie<\/strong> \u2013 Popro\u015b klient\u00f3w o recenzje, aby zbudowa\u0107 wiarygodno\u015b\u0107 i zaufanie.<\/li>\n\n\n\n<li><strong>Odpowiadaj na opinie<\/strong> \u2013 Szybko reaguj na recenzje klient\u00f3w, aby anga\u017cowa\u0107 ich i okazywa\u0107 wdzi\u0119czno\u015b\u0107.<\/li>\n\n\n\n<li><strong>Wy\u015bwietlaj dane NAP na ka\u017cdej stronie<\/strong> \u2013 Umieszczaj nazw\u0119, adres i numer telefonu konsekwentnie w stopce.<\/li>\n\n\n\n<li><strong>Dodaj schemat Local Business<\/strong> \u2013 Wykorzystaj dane strukturalne, aby poprawi\u0107 widoczno\u015b\u0107 firmy w wyszukiwarkach.<\/li>\n\n\n\n<li><strong>Osad\u017a Map\u0119 Google<\/strong> \u2013 Dodaj map\u0119, aby u\u0142atwi\u0107 odwiedzaj\u0105cym znalezienie Twojej lokalizacji. Podlinkuj pinezk\u0119 do swojego GMB.<\/li>\n\n<\/ul>\n\n","protected":false},"excerpt":{"rendered":"<p>Podstawy SEO Analityka internetowa On-page and Tech SEO Off-page SEO Keyword research Content WordPress UX &amp; najlepsze praktyki Monitorowanie&nbsp; Lokalne SEO<\/p>\n","protected":false},"author":1,"featured_media":0,"parent":0,"menu_order":0,"comment_status":"closed","ping_status":"closed","template":"","meta":{"diagnoseo_postlist_title":"","diagnoseo_comment_language":"","diagnoseo_meta_keyword":"","diagnoseo_meta_additional_keywords":"","diagnoseo_meta_language":"","diagnoseo_meta_title":"Checklista SEO - instrukcje krok po kroku na 2025 rok!","diagnoseo_meta_description":"Sprawd\u017a kompletn\u0105 checklist\u0119 SEO na 2025 rok! Zobacz instrukcje krok po kroku, kt\u00f3re pomog\u0105 Ci zoptymalizowa\u0107 stron\u0119 internetow\u0105 i osi\u0105gn\u0105\u0107 wy\u017csze pozycje!","diagnoseo_check_result":"","diagnoseo_og_image":"","inline_featured_image":false,"footnotes":""},"class_list":["post-5485","page","type-page","status-publish","hentry"],"_links":{"self":[{"href":"https:\/\/diagnoseo.com\/pl\/wp-json\/wp\/v2\/pages\/5485","targetHints":{"allow":["GET"]}}],"collection":[{"href":"https:\/\/diagnoseo.com\/pl\/wp-json\/wp\/v2\/pages"}],"about":[{"href":"https:\/\/diagnoseo.com\/pl\/wp-json\/wp\/v2\/types\/page"}],"author":[{"embeddable":true,"href":"https:\/\/diagnoseo.com\/pl\/wp-json\/wp\/v2\/users\/1"}],"replies":[{"embeddable":true,"href":"https:\/\/diagnoseo.com\/pl\/wp-json\/wp\/v2\/comments?post=5485"}],"version-history":[{"count":1,"href":"https:\/\/diagnoseo.com\/pl\/wp-json\/wp\/v2\/pages\/5485\/revisions"}],"predecessor-version":[{"id":5486,"href":"https:\/\/diagnoseo.com\/pl\/wp-json\/wp\/v2\/pages\/5485\/revisions\/5486"}],"wp:attachment":[{"href":"https:\/\/diagnoseo.com\/pl\/wp-json\/wp\/v2\/media?parent=5485"}],"curies":[{"name":"wp","href":"https:\/\/api.w.org\/{rel}","templated":true}]}}