{"id":5337,"date":"2025-01-11T21:32:59","date_gmt":"2025-01-11T21:32:59","guid":{"rendered":"https:\/\/diagnoseo.com\/?page_id=5337"},"modified":"2025-01-11T21:55:28","modified_gmt":"2025-01-11T21:55:28","slug":"techniczne-seo","status":"publish","type":"page","link":"https:\/\/diagnoseo.com\/pl\/kurs-seo\/techniczne-seo\/","title":{"rendered":"Techniczne SEO"},"content":{"rendered":"\n<p><strong>SEO techniczne<\/strong> to zestaw praktyk, kt\u00f3rych celem jest zapewnienie, \u017ce Twoja strona internetowa b\u0119dzie w pe\u0142ni <strong>dost\u0119pna<\/strong>, <strong>zrozumia\u0142a<\/strong> i <strong>przyjazna<\/strong> dla wyszukiwarek (zw\u0142aszcza Google). Nawet najlepsza tre\u015b\u0107 i najskuteczniejszy link building mog\u0105 nie wystarczy\u0107, je\u015bli witryna jest np. \u017ale zaindeksowana, ma zduplikowane adresy URL lub bardzo wolno si\u0119 \u0142aduje.<\/p>\n\n\n\n<p>W tym rozdziale przyjrzymy si\u0119 kluczowym elementom SEO technicznego. Dowiesz si\u0119, dlaczego warto zadba\u0107 o <strong>architektur\u0119 witryny<\/strong>, <strong>dost\u0119pno\u015b\u0107 dla bot\u00f3w<\/strong>, <strong>optymalizacj\u0119 kodu<\/strong> czy <strong>poprawne wdro\u017cenie danych strukturalnych<\/strong>. Zapraszam do lektury!<\/p>\n\n\n\n<h2 class=\"wp-block-heading\">1. Czym jest SEO techniczne?<\/h2>\n\n\n\n<p>Kiedy m\u00f3wimy o pozycjonowaniu, cz\u0119sto skupiamy si\u0119 na <strong>tre\u015bci<\/strong> (content) i <strong>linkach<\/strong> (link building). Jednak istnieje jeszcze jeden filar \u2013 <strong>SEO techniczne<\/strong>, czyli wszystkie kwestie \u201cpod mask\u0105\u201d serwisu, kt\u00f3re wp\u0142ywaj\u0105 na to, jak wyszukiwarka go odczyta i oceni.<\/p>\n\n\n\n<ul class=\"wp-block-list\">\n<li><strong>Dost\u0119pno\u015b\u0107 dla bot\u00f3w<\/strong>: Upewnienie si\u0119, \u017ce roboty wyszukiwarek (np. Googlebot) mog\u0105 dotrze\u0107 do wszystkich wa\u017cnych podstron.<\/li>\n\n\n\n<li><strong>Poprawne przekierowania i struktura link\u00f3w<\/strong>: Brak b\u0142\u0119d\u00f3w 404, duplikat\u00f3w adres\u00f3w, chaosu w linkowaniu wewn\u0119trznym.<\/li>\n\n\n\n<li><strong>Wydajno\u015b\u0107 i szybko\u015b\u0107 \u0142adowania<\/strong>: Google (i u\u017cytkownicy) ceni\u0105 strony, kt\u00f3re \u0142aduj\u0105 si\u0119 b\u0142yskawicznie.<\/li>\n\n\n\n<li><strong>Mobile-friendly<\/strong>: Przyjazno\u015b\u0107 dla urz\u0105dze\u0144 mobilnych i przystosowanie do indeksu mobilnego (mobile-first).<\/li>\n\n\n\n<li><strong>Bezpiecze\u0144stwo i protok\u00f3\u0142 HTTPS<\/strong>: Dla Google (i u\u017cytkownik\u00f3w) to ju\u017c praktycznie standard, kt\u00f3ry wzbudza zaufanie i mo\u017ce pomaga\u0107 w rankingu.<\/li>\n\n\n\n<li><strong>Strukturalne dane<\/strong> (mark-up) i inne zaawansowane aspekty: By Twoja witryna mog\u0142a pojawi\u0107 si\u0119 w SERP z rozszerzonymi elementami (gwiazdki ocen, FAQ, itp.).<\/li>\n<\/ul>\n\n\n\n<h3 class=\"wp-block-heading\">Dlaczego to takie wa\u017cne?<\/h3>\n\n\n\n<p>Bez poprawnie wdro\u017conego SEO technicznego, Google mo\u017ce mie\u0107 trudno\u015bci z zindeksowaniem Twoich tre\u015bci lub mo\u017ce uzna\u0107 Twoj\u0105 stron\u0119 za woln\u0105 i nieprzyjazn\u0105 u\u017cytkownikowi. Tym samym, <strong>dobrze zadbana warstwa techniczna<\/strong> staje si\u0119 <strong>mocnym fundamentem<\/strong> do budowania pozycji w wynikach wyszukiwania.<\/p>\n\n\n\n<h2 class=\"wp-block-heading\">2. Architektura witryny i linkowanie wewn\u0119trzne<\/h2>\n\n\n\n<h3 class=\"wp-block-heading\">2.1. Logiczna struktura kategorii i podkategorii<\/h3>\n\n\n\n<p>Wyobra\u017a sobie, \u017ce Twoja witryna to wielki magazyn z produktami. Je\u015bli panuje w nim chaos, nawet najlepszy produkt \u201czginie\u201d w g\u0105szczu. Podobnie jest z Google \u2013 bot musi <strong>\u0142atwo<\/strong> i <strong>szybko<\/strong> dotrze\u0107 do ka\u017cdej sekcji, rozumiej\u0105c jej tematyk\u0119.<\/p>\n\n\n\n<ul class=\"wp-block-list\">\n<li><strong>Kr\u00f3tkie \u015bcie\u017cki<\/strong>: Idea\u0142em jest, by wa\u017cne podstrony da\u0142o si\u0119 znale\u017a\u0107 w maksymalnie 2\u20133 klikni\u0119ciach od strony g\u0142\u00f3wnej.<\/li>\n\n\n\n<li><strong>Grupowanie tematyczne<\/strong>: Zadbaj, aby kategorie i podkategorie mia\u0142y jednoznaczne nazwy. Unikaj nazewnictwa, kt\u00f3re nic nie m\u00f3wi (np. \u201cInne\u201d, \u201cR\u00f3\u017cno\u015bci\u201d).<\/li>\n<\/ul>\n\n\n\n<h3 class=\"wp-block-heading\">2.2. Linkowanie wewn\u0119trzne (internal linking)<\/h3>\n\n\n\n<ul class=\"wp-block-list\">\n<li><strong>Anchor text<\/strong>: U\u017cywaj opisowych kotwic, np. \u201cZobacz nasze <a>porady o SEO technicznym<\/a>\u201d zamiast \u201cKliknij tutaj\u201d.<\/li>\n\n\n\n<li><strong>Wewn\u0119trzne odsy\u0142acze<\/strong>: Je\u015bli tworzysz nowy artyku\u0142, podlinkuj go z innych, starszych, ale powi\u0105zanych tematycznie wpis\u00f3w. To zwi\u0119kszy \u201cmoc\u201d nowej podstrony w oczach Google.<\/li>\n\n\n\n<li><strong>Unikaj nadmiernego linkowania<\/strong>: Zbyt wiele link\u00f3w na jednej stronie mo\u017ce wygl\u0105da\u0107 jak spam, a bot mo\u017ce nie nad\u0105\u017cy\u0107 z ich interpretacj\u0105.<\/li>\n<\/ul>\n\n\n\n<p><strong>Korzy\u015b\u0107<\/strong>: Dobrze zaprojektowana struktura i sensowne linkowanie wewn\u0119trzne u\u0142atwiaj\u0105 <strong>crawlowanie<\/strong> serwisu przez Googlebota oraz poprawiaj\u0105 nawigacj\u0119 dla u\u017cytkownik\u00f3w.<\/p>\n\n\n\n<h2 class=\"wp-block-heading\">3. Crawlowanie, indeksowanie i plik robots.txt<\/h2>\n\n\n\n<h3 class=\"wp-block-heading\">3.1. Plik robots.txt<\/h3>\n\n\n\n<p>Wspomnieli\u015bmy o tym w poprzedniej lekcji kursu, ale przypomnijmy \u2013 plik robots.txt to <strong>pierwsze miejsce<\/strong>, jakie sprawdza bot wyszukiwarki po wej\u015bciu na domen\u0119 (np. <code>twojadomena.pl\/robots.txt<\/code>). Tam znajduj\u0105 si\u0119 instrukcje, kt\u00f3re podstrony mo\u017ce odwiedzi\u0107, a kt\u00f3re s\u0105 zablokowane.<\/p>\n\n\n\n<ul class=\"wp-block-list\">\n<li><strong>Uwa\u017caj, \u017ceby nie zablokowa\u0107 wa\u017cnych zasob\u00f3w!<\/strong><\/li>\n\n\n\n<li><strong>Nie u\u017cywaj robots.txt do ukrywania tre\u015bci, kt\u00f3re chcesz zachowa\u0107 w tajemnicy<\/strong> (boty to uszanuj\u0105, ale linki do takich podstron mog\u0105 si\u0119 wci\u0105\u017c pojawi\u0107 w sieci).<\/li>\n<\/ul>\n\n\n\n<h3 class=\"wp-block-heading\">3.2. Mapa witryny (XML Sitemap)<\/h3>\n\n\n\n<p>To nic innego jak <strong>lista wszystkich wa\u017cnych URL-i<\/strong> Twojego serwisu, czasem podzielona na sekcje (np. osobna sitemap dla artyku\u0142\u00f3w blogowych, osobna dla produkt\u00f3w). Zg\u0142oszenie sitemapy w Google Search Console przyspiesza odkrywanie nowych podstron.<\/p>\n\n\n\n<p><strong>Zadbaj, by w sitemapie by\u0142y tylko adresy, kt\u00f3re naprawd\u0119 maj\u0105 by\u0107 indeksowane<\/strong>. Je\u015bli znajdzie si\u0119 tam link do strony z tagiem <code>noindex<\/code>, Google mo\u017ce si\u0119 zdezorientowa\u0107.<\/p>\n\n\n\n<h3 class=\"wp-block-heading\">3.3. Meta tagi <code>noindex<\/code>, <code>nofollow<\/code><\/h3>\n\n\n\n<ul class=\"wp-block-list\">\n<li><strong>noindex<\/strong>: M\u00f3wi wyszukiwarce: \u201cNie umieszczaj tej strony w swoim indeksie\u201d. Przydatne np. dla stron z regulaminem, stron testowych.<\/li>\n\n\n\n<li><strong>nofollow<\/strong>: Wskazuje, \u017ce odsy\u0142acze na danej stronie nie przekazuj\u0105 \u201cmocy\u201d (PageRank) do linkowanej witryny. Stosowane przy linkach sponsorowanych, w sekcjach komentarzy, itp.<\/li>\n<\/ul>\n\n\n\n<h2 class=\"wp-block-heading\">4. Wydajno\u015b\u0107 i szybko\u015b\u0107 \u0142adowania strony<\/h2>\n\n\n\n<h3 class=\"wp-block-heading\">4.1. Dlaczego szybko\u015b\u0107 ma znaczenie?<\/h3>\n\n\n\n<ul class=\"wp-block-list\">\n<li><strong>Z perspektywy u\u017cytkownika<\/strong>: Gdy strona \u0142aduje si\u0119 za d\u0142ugo (ponad 3 sekundy), ro\u015bnie wsp\u00f3\u0142czynnik odrzuce\u0144 (bounce rate) \u2013 ludzie rezygnuj\u0105 i szukaj\u0105 innej.<\/li>\n\n\n\n<li><strong>Z perspektywy Google<\/strong>: Wysokie czasy \u0142adowania mog\u0105 obni\u017ca\u0107 pozycj\u0119 w rankingu, bo wyszukiwarka premiuje lepsze do\u015bwiadczenie u\u017cytkownika.<\/li>\n<\/ul>\n\n\n\n<h3 class=\"wp-block-heading\">4.2. Kluczowe dzia\u0142ania optymalizacyjne<\/h3>\n\n\n\n<ol class=\"wp-block-list\">\n<li><strong>Kompresja obraz\u00f3w<\/strong><br>Zbyt du\u017ce grafiki to jeden z najcz\u0119stszych winowajc\u00f3w wolnego \u0142adowania. U\u017cywaj format\u00f3w typu WebP, a w przypadku JPG\/PNG stosuj kompresj\u0119 bezstratn\u0105 (lub minimalnie stratn\u0105).<\/li>\n\n\n\n<li><strong>Wdro\u017cenie cache<\/strong><br>Mechanizmy cache (np. wtyczki w WordPress) sprawiaj\u0105, \u017ce cz\u0119\u015b\u0107 zasob\u00f3w \u0142aduje si\u0119 z pami\u0119ci podr\u0119cznej, zamiast generowa\u0107 zapytania do serwera za ka\u017cdym razem.<\/li>\n\n\n\n<li><strong>Minifikacja CSS i JS<\/strong><br>Zmniejszenie i scalenie plik\u00f3w CSS i JavaScript mo\u017ce znacznie poprawi\u0107 wydajno\u015b\u0107.<\/li>\n\n\n\n<li><strong>Szybki hosting<\/strong><br>Niezale\u017cnie od optymalizacji kodu, s\u0142aby serwer potrafi hamowa\u0107 wszystkie inne wysi\u0142ki.<\/li>\n<\/ol>\n\n\n\n<h3 class=\"wp-block-heading\">4.3. Core Web Vitals<\/h3>\n\n\n\n<p>Google wprowadzi\u0142o wska\u017aniki <strong>Core Web Vitals<\/strong> (LCP, FID, CLS), kt\u00f3re oceniaj\u0105 m.in.:<\/p>\n\n\n\n<ul class=\"wp-block-list\">\n<li><strong>LCP (Largest Contentful Paint)<\/strong> \u2013 jak szybko \u0142aduje si\u0119 najwi\u0119kszy element widoczny w oknie przegl\u0105darki.<\/li>\n\n\n\n<li><strong>FID (First Input Delay)<\/strong> \u2013 czas, po jakim strona reaguje na pierwsz\u0105 interakcj\u0119 u\u017cytkownika.<\/li>\n\n\n\n<li><strong>CLS (Cumulative Layout Shift)<\/strong> \u2013 stabilno\u015b\u0107 uk\u0142adu strony (czy elementy \u201cprzeskakuj\u0105\u201d podczas \u0142adowania).<\/li>\n<\/ul>\n\n\n\n<p>Dobre wyniki w Core Web Vitals zwi\u0119kszaj\u0105 szanse na wy\u017csze pozycje w Google i lepsze wra\u017cenia u\u017cytkownik\u00f3w.<\/p>\n\n\n\n<h2 class=\"wp-block-heading\">5. Mobile-friendly i indeksowanie mobilne<\/h2>\n\n\n\n<h3 class=\"wp-block-heading\">5.1. Mobile-first indexing<\/h3>\n\n\n\n<p>Od kilku lat Google stosuje <strong>mobile-first indexing<\/strong>. Oznacza to, \u017ce w pierwszej kolejno\u015bci ocenia i indeksuje <strong>mobiln\u0105 wersj\u0119 strony<\/strong>, a nie desktopow\u0105. Je\u015bli mobilna wersja jest uboga, wolna lub nieprzystosowana, mo\u017ce to negatywnie wp\u0142yn\u0105\u0107 na og\u00f3lne rankingi.<\/p>\n\n\n\n<ul class=\"wp-block-list\">\n<li><strong>Responsive Web Design (RWD)<\/strong>: Najprostszy spos\u00f3b, by mie\u0107 jedn\u0105 wersj\u0119 strony dopasowuj\u0105c\u0105 si\u0119 do ekranu u\u017cytkownika.<\/li>\n\n\n\n<li><strong>Dynamic Serving \/ AMP<\/strong>: Alternatywne techniki, ale zazwyczaj RWD jest najbardziej uniwersalne i u\u0142atwia zarz\u0105dzanie serwisem.<\/li>\n<\/ul>\n\n\n\n<h3 class=\"wp-block-heading\">5.2. Sprawdzanie u\u017cyteczno\u015bci mobilnej<\/h3>\n\n\n\n<p>W Google Search Console znajdziesz raport <strong>\u201cU\u017cyteczno\u015b\u0107 na urz\u0105dzeniach mobilnych\u201d<\/strong> (Mobile Usability). Je\u015bli widzisz tam b\u0142\u0119dy typu \u201czbyt blisko rozmieszczone elementy dotykowe\u201d albo \u201czawarto\u015b\u0107 szersza ni\u017c ekran\u201d, koniecznie dokonaj poprawek.<\/p>\n\n\n\n<p><strong>Pami\u0119taj<\/strong>: Ponad po\u0142owa ruchu w internecie pochodzi z urz\u0105dze\u0144 mobilnych, wi\u0119c brak dostosowania do telefon\u00f3w i tablet\u00f3w to du\u017cy strza\u0142 w kolano.<\/p>\n\n\n\n<h2 class=\"wp-block-heading\">6. Duplikacja tre\u015bci i kanoniczne adresy URL<\/h2>\n\n\n\n<h3 class=\"wp-block-heading\">6.1. Problem \u201cduplicate content\u201d<\/h3>\n\n\n\n<p>Duplikacja tre\u015bci zachodzi, gdy ten sam (lub bardzo podobny) tekst jest dost\u0119pny pod r\u00f3\u017cnymi adresami URL. Przyk\u0142adowo:<\/p>\n\n\n\n<ul class=\"wp-block-list\">\n<li><code>twojsklep.pl\/kurtka-zielona<\/code> i <code>twojsklep.pl\/kurtka-zielona?rozmiar=M<\/code><\/li>\n\n\n\n<li>R\u00f3\u017cne wersje j\u0119zykowe niew\u0142a\u015bciwie ustawione (np. polski i angielski content zmieszany w tym samym URL-u).<\/li>\n\n\n\n<li>Kopiowanie opis\u00f3w producenta bez zmian (ten sam tekst co w setkach innych sklep\u00f3w).<\/li>\n<\/ul>\n\n\n\n<p>Google mo\u017ce nie wiedzie\u0107, kt\u00f3r\u0105 wersj\u0119 uzna\u0107 za g\u0142\u00f3wn\u0105, co skutkuje zani\u017ceniem pozycji wszystkich duplikat\u00f3w.<\/p>\n\n\n\n<h3 class=\"wp-block-heading\">6.2. Tag kanoniczny (<code>rel=\"canonical\"<\/code>)<\/h3>\n\n\n\n<p>Rozwi\u0105zaniem na r\u00f3\u017cne warianty tej samej podstrony jest <strong>ustawienie kanonicznego adresu<\/strong> (tzw. <em>canonical tag<\/em>).<\/p>\n\n\n\n<ul class=\"wp-block-list\">\n<li><strong>Gdy mamy kilka wersji URL-i<\/strong> prowadz\u0105cych do prawie tego samego produktu, wybieramy \u201cg\u0142\u00f3wny\u201d adres i w pozosta\u0142ych umieszczamy w kodzie meta tag: <code>&lt;link rel=\"canonical\" href=\"https:\/\/twojsklep.pl\/kurtka-zielona\" \/><\/code>.<\/li>\n\n\n\n<li>Google wtedy wie: \u201cOK, to jest orygina\u0142, a pozosta\u0142e to duplikaty \u2013 nie karzemy za to, tylko przypisujemy ca\u0142y ranking do adresu kanonicznego.\u201d<\/li>\n<\/ul>\n\n\n\n<h2 class=\"wp-block-heading\">7. Bezpiecze\u0144stwo i protok\u00f3\u0142 HTTPS<\/h2>\n\n\n\n<h3 class=\"wp-block-heading\">7.1. Co daje HTTPS?<\/h3>\n\n\n\n<ul class=\"wp-block-list\">\n<li><strong>Szyfrowanie<\/strong> danych przesy\u0142anych mi\u0119dzy serwerem a przegl\u0105dark\u0105 u\u017cytkownika (ochrona przed przechwyceniem login\u00f3w, hase\u0142 itp.).<\/li>\n\n\n\n<li><strong>Zaufanie<\/strong> \u2013 przegl\u0105darki ostrzegaj\u0105 przed stronami bez HTTPS (\u201cNiezabezpieczone\u201d).<\/li>\n\n\n\n<li><strong>Czynnik rankingowy<\/strong> \u2013 Google od lat zaleca przej\u015bcie na HTTPS i daje za to drobny bonus w rankingu.<\/li>\n<\/ul>\n\n\n\n<h3 class=\"wp-block-heading\">7.2. Certyfikaty SSL i b\u0142\u0119dy przy migracji<\/h3>\n\n\n\n<ul class=\"wp-block-list\">\n<li><strong>Certyfikat SSL<\/strong> (np. Let\u2019s Encrypt) jest dzi\u015b standardem.<\/li>\n\n\n\n<li>Przy przej\u015bciu z HTTP na HTTPS pami\u0119taj o <strong>poprawnym przekierowaniu 301<\/strong> ze starych adres\u00f3w. Inaczej mo\u017cesz straci\u0107 cz\u0119\u015b\u0107 autorytetu link\u00f3w, a Google potraktuje HTTPS jako zupe\u0142nie now\u0105 domen\u0119.<\/li>\n<\/ul>\n\n\n\n<h2 class=\"wp-block-heading\">8. Dane strukturalne (Schema Markup)<\/h2>\n\n\n\n<h3 class=\"wp-block-heading\">8.1. Czym s\u0105 dane strukturalne?<\/h3>\n\n\n\n<p>To specjalne tagi (w formacie JSON-LD, Microdata lub RDFa) umieszczane w kodzie HTML, kt\u00f3re pozwalaj\u0105 wyszukiwarkom zrozumie\u0107 znaczenie tre\u015bci. Przyk\u0142ady:<\/p>\n\n\n\n<ul class=\"wp-block-list\">\n<li><strong>Oceny i gwiazdki<\/strong> (np. przy recenzjach produkt\u00f3w).<\/li>\n\n\n\n<li><strong>Dane o wydarzeniach<\/strong> (miejsce, data, cena bilet\u00f3w).<\/li>\n\n\n\n<li><strong>FAQ<\/strong> z pytaniami i odpowiedziami.<\/li>\n<\/ul>\n\n\n\n<p>Dzi\u0119ki temu Google mo\u017ce wy\u015bwietla\u0107 tzw. rich snippets, co zwi\u0119ksza widoczno\u015b\u0107 Twojej strony w SERP i zach\u0119ca do klikni\u0119cia.<\/p>\n\n\n\n<h3 class=\"wp-block-heading\">8.2. Jak wdro\u017cy\u0107 schema.org?<\/h3>\n\n\n\n<ul class=\"wp-block-list\">\n<li><strong>R\u0119cznie<\/strong> wstawiasz kod JSON-LD w sekcj\u0119 <code>&lt;head><\/code> danej podstrony.<\/li>\n\n\n\n<li>W systemach typu WordPress istniej\u0105 wtyczki automatyzuj\u0105ce ten proces (np. Rank Math, Yoast SEO \u2013 ale pami\u0119taj, by w\u0142a\u015bciwie konfigurowa\u0107 parametry).<\/li>\n<\/ul>\n\n\n\n<p><strong>Uwaga<\/strong>: Stosuj wy\u0142\u0105cznie znaczniki, kt\u00f3re faktycznie opisuj\u0105 zawarto\u015b\u0107 Twojej strony. Wprowadzanie w b\u0142\u0105d (np. schema \u201crecenzja 5 gwiazdek\u201d przy czym na stronie nie ma \u017cadnej oceny) mo\u017ce sko\u0144czy\u0107 si\u0119 kar\u0105 od Google.<\/p>\n\n\n\n<h2 class=\"wp-block-heading\">9. Przekierowania i b\u0142\u0119dy 404<\/h2>\n\n\n\n<h3 class=\"wp-block-heading\">9.1. Przekierowania 301 vs. 302<\/h3>\n\n\n\n<ul class=\"wp-block-list\">\n<li><strong>301<\/strong>: Przekierowanie sta\u0142e. M\u00f3wi Google, \u017ce adres A na sta\u0142e przeni\u00f3s\u0142 si\u0119 do adresu B. To najlepszy spos\u00f3b, by zachowa\u0107 \u201cmoc\u201d link\u00f3w (PageRank) z poprzedniego adresu.<\/li>\n\n\n\n<li><strong>302<\/strong>: Przekierowanie tymczasowe. Zalecane, je\u015bli to faktycznie tymczasowa zmiana. Inaczej Google nie zawsze przeniesie ranking na nowy adres.<\/li>\n<\/ul>\n\n\n\n<h3 class=\"wp-block-heading\">9.2. Strona 404 \u2013 dobra praktyka<\/h3>\n\n\n\n<p>B\u0142\u0119dy 404 (podstrona nieistniej\u0105ca) s\u0105 normalne w ka\u017cdym serwisie \u2013 kto\u015b mo\u017ce wpisa\u0107 z\u0142y URL.<\/p>\n\n\n\n<ul class=\"wp-block-list\">\n<li>Stw\u00f3rz <strong>przyjazn\u0105 stron\u0119 404<\/strong> z komunikatem, \u017ce dana strona nie istnieje, ale zaproponuj linki do kategorii g\u0142\u00f3wnych czy wyszukiwarki wewn\u0119trznej.<\/li>\n\n\n\n<li>Regularnie sprawdzaj w Google Search Console, czy nie ma narastaj\u0105cych b\u0142\u0119d\u00f3w 404 (np. przez usuni\u0119cie produktu bez ustawienia przekierowania 301).<\/li>\n<\/ul>\n\n\n\n<h2 class=\"wp-block-heading\">10. Logi serwera i audyt techniczny<\/h2>\n\n\n\n<h3 class=\"wp-block-heading\">10.1. Analiza log\u00f3w serwera<\/h3>\n\n\n\n<p>Bardziej zaawansowana praktyka: mo\u017cesz przegl\u0105da\u0107 <strong>logi serwera<\/strong>, by zobaczy\u0107, jak cz\u0119sto i kiedy Googlebot odwiedza Twoj\u0105 stron\u0119, kt\u00f3re adresy skanuje najintensywniej, czy nie trafia na b\u0142\u0119dy 5xx.<\/p>\n\n\n\n<ul class=\"wp-block-list\">\n<li>Przy du\u017cych projektach (np. e-commerce z tysi\u0105cami produkt\u00f3w) to bardzo cenna wiedza.<\/li>\n\n\n\n<li>Mo\u017cesz w ten spos\u00f3b wykry\u0107 np. niepotrzebne strony, kt\u00f3re bot odwiedza zbyt cz\u0119sto, lub w\u0105skie gard\u0142a w infrastrukturze serwera.<\/li>\n<\/ul>\n\n\n\n<h3 class=\"wp-block-heading\">10.2. Narz\u0119dzia do audytu technicznego<\/h3>\n\n\n\n<ul class=\"wp-block-list\">\n<li><strong>Screaming Frog<\/strong>: Pozwala przeskanowa\u0107 Twoj\u0105 stron\u0119 podobnie jak bot i wy\u0142apa\u0107 duplikaty, brakuj\u0105ce meta tagi, b\u0142\u0119dy 404, przekierowania 301 itd.<\/li>\n\n\n\n<li><strong>Sitebulb, DeepCrawl<\/strong>: Inne narz\u0119dzia do dog\u0142\u0119bnego crawlowania.<\/li>\n\n\n\n<li><strong>Google Search Console<\/strong>: Cho\u0107 nie jest typowym crawlerem, pokazuje sporo b\u0142\u0119d\u00f3w indeksowania i sugestii optymalizacyjnych.<\/li>\n<\/ul>\n\n\n\n<h2 class=\"wp-block-heading\">11. Najcz\u0119stsze b\u0142\u0119dy w SEO technicznym<\/h2>\n\n\n\n<ol class=\"wp-block-list\">\n<li><strong>Zablokowane w robots.txt cenne sekcje witryny<\/strong> \u2013 np. <code>\/blog\/<\/code> z warto\u015bciowymi artyku\u0142ami.<\/li>\n\n\n\n<li><strong>Duplikowanie tre\u015bci<\/strong> przez r\u00f3\u017cne wersje j\u0119zykowe lub parametry w URL bez rel=\u201ccanonical\u201d.<\/li>\n\n\n\n<li><strong>Brak przekierowa\u0144 301<\/strong> po zmianie struktury adres\u00f3w (np. rebranding, zmiana nazwy kategorii).<\/li>\n\n\n\n<li><strong>Wolne \u0142adowanie si\u0119 strony<\/strong> \u2013 nieoptymalne obrazy, s\u0142aby hosting, brak cache.<\/li>\n\n\n\n<li><strong>Niew\u0142a\u015bciwe wdro\u017cenie danych strukturalnych<\/strong> \u2013 np. schema.org dla ofert pracy u\u017cyta w ofercie kursu.<\/li>\n\n\n\n<li><strong>Brak HTTPS<\/strong> albo \u017ale przeprowadzone przej\u015bcie z HTTP \u2013 zapomniano o przekierowaniach.<\/li>\n\n\n\n<li><strong>Nieprzyjazny mobilnie layout<\/strong> \u2013 cz\u0119ste problemy z klikalnymi elementami czy szeroko\u015bci\u0105 contentu.<\/li>\n<\/ol>\n\n\n\n<h2 class=\"wp-block-heading\">12. Podsumowanie<\/h2>\n\n\n\n<p><strong>SEO techniczne<\/strong> to podstawa, o kt\u00f3r\u0105 warto zadba\u0107 na samym pocz\u0105tku \u2013 zanim zaczniesz intensywniej tworzy\u0107 tre\u015bci i pozyskiwa\u0107 linki. Bez solidnego zaplecza technicznego Twoja strona mo\u017ce mie\u0107 problem z indeksacj\u0105, pojawia\u0107 si\u0119 ni\u017cej w wynikach lub zra\u017ca\u0107 u\u017cytkownik\u00f3w wolnym dzia\u0142aniem.<\/p>\n\n\n\n<h3 class=\"wp-block-heading\">Kluczowe wskaz\u00f3wki:<\/h3>\n\n\n\n<ol class=\"wp-block-list\">\n<li><strong>Zadbaj o czyst\u0105 architektur\u0119<\/strong>: Jasna struktura kategorii, poprawne linkowanie wewn\u0119trzne.<\/li>\n\n\n\n<li><strong>Monitoruj dost\u0119pno\u015b\u0107<\/strong>: Plik robots.txt, mapa witryny (sitemap), meta tagi noindex\/nofollow u\u017cywaj \u015bwiadomie.<\/li>\n\n\n\n<li><strong>Optymalizuj szybko\u015b\u0107<\/strong>: Kompresja grafik, cache, minifikacja kodu, wydajny hosting, Core Web Vitals.<\/li>\n\n\n\n<li><strong>Wersja mobilna<\/strong>: Must-have \u2013 responsive web design i testy mobilne w Google Search Console.<\/li>\n\n\n\n<li><strong>Unikaj duplikacji<\/strong>: Stosuj tagi kanoniczne, przekierowania 301 i unikalne tre\u015bci.<\/li>\n\n\n\n<li><strong>HTTPS i bezpiecze\u0144stwo<\/strong>: Certyfikat SSL (obecnie standard), prawid\u0142owe przekierowania.<\/li>\n\n\n\n<li><strong>Dane strukturalne<\/strong>: Dodaj\u0105 \u201cekstra\u201d w wynikach wyszukiwania, stawiaj\u0105c Ci\u0119 krok przed konkurencj\u0105.<\/li>\n\n\n\n<li><strong>Regularny audyt<\/strong>: U\u017cywaj narz\u0119dzi (Screaming Frog, GSC) i analizuj logi, by na bie\u017c\u0105co usuwa\u0107 b\u0142\u0119dy.<\/li>\n<\/ol>\n\n\n\n<p>Gdy wszystkie te elementy \u201cgraj\u0105\u201d, wyszukiwarki mog\u0105 bez problemu skanowa\u0107 i indeksowa\u0107 Twoje tre\u015bci, a u\u017cytkownicy ciesz\u0105 si\u0119 szybkim i wygodnym do\u015bwiadczeniem. <strong>W po\u0142\u0105czeniu z warto\u015bciow\u0105 tre\u015bci\u0105 i mocnym profilem link\u00f3w SEO techniczne staje si\u0119 Twoj\u0105 przepustk\u0105 do wysokich pozycji w Google.<\/strong><\/p>\n\n\n\n<p><strong>Powodzenia w wdra\u017caniu i dopracowywaniu aspekt\u00f3w technicznych!<\/strong> Pami\u0119taj, \u017ce SEO techniczne to proces \u2013 technologie si\u0119 zmieniaj\u0105, Google aktualizuje algorytmy, a Ty mo\u017cesz zyskiwa\u0107 przewag\u0119 nad konkurencj\u0105, regularnie usprawniaj\u0105c sw\u00f3j serwis od \u201cpodszewki\u201d.<\/p>\n","protected":false},"excerpt":{"rendered":"<p>SEO techniczne to zestaw praktyk, kt\u00f3rych celem jest zapewnienie, \u017ce Twoja strona internetowa b\u0119dzie w pe\u0142ni dost\u0119pna, zrozumia\u0142a i przyjazna dla wyszukiwarek (zw\u0142aszcza Google). Nawet najlepsza tre\u015b\u0107 i najskuteczniejszy link building mog\u0105 nie wystarczy\u0107, je\u015bli witryna jest np. \u017ale zaindeksowana, ma zduplikowane adresy URL lub bardzo wolno si\u0119 \u0142aduje. W tym rozdziale przyjrzymy si\u0119 kluczowym<\/p>\n","protected":false},"author":1,"featured_media":0,"parent":3478,"menu_order":0,"comment_status":"closed","ping_status":"closed","template":"","meta":{"diagnoseo_postlist_title":"","diagnoseo_comment_language":"","diagnoseo_meta_keyword":"Techniczne SEO","diagnoseo_meta_additional_keywords":"","diagnoseo_meta_language":"","diagnoseo_meta_title":"Techniczne SEO - darmowy Kurs SEO online - DiagnoSEO","diagnoseo_meta_description":"Zadbaj o fundamenty: szybko\u015b\u0107, architektur\u0119 i mobilno\u015b\u0107. Poznaj kluczowe aspekty techniczne, by zbudowa\u0107 solidn\u0105 widoczno\u015b\u0107 w Google.","diagnoseo_check_result":"","diagnoseo_og_image":"","inline_featured_image":false,"footnotes":""},"class_list":["post-5337","page","type-page","status-publish","hentry"],"_links":{"self":[{"href":"https:\/\/diagnoseo.com\/pl\/wp-json\/wp\/v2\/pages\/5337","targetHints":{"allow":["GET"]}}],"collection":[{"href":"https:\/\/diagnoseo.com\/pl\/wp-json\/wp\/v2\/pages"}],"about":[{"href":"https:\/\/diagnoseo.com\/pl\/wp-json\/wp\/v2\/types\/page"}],"author":[{"embeddable":true,"href":"https:\/\/diagnoseo.com\/pl\/wp-json\/wp\/v2\/users\/1"}],"replies":[{"embeddable":true,"href":"https:\/\/diagnoseo.com\/pl\/wp-json\/wp\/v2\/comments?post=5337"}],"version-history":[{"count":3,"href":"https:\/\/diagnoseo.com\/pl\/wp-json\/wp\/v2\/pages\/5337\/revisions"}],"predecessor-version":[{"id":5340,"href":"https:\/\/diagnoseo.com\/pl\/wp-json\/wp\/v2\/pages\/5337\/revisions\/5340"}],"up":[{"embeddable":true,"href":"https:\/\/diagnoseo.com\/pl\/wp-json\/wp\/v2\/pages\/3478"}],"wp:attachment":[{"href":"https:\/\/diagnoseo.com\/pl\/wp-json\/wp\/v2\/media?parent=5337"}],"curies":[{"name":"wp","href":"https:\/\/api.w.org\/{rel}","templated":true}]}}