{"id":5331,"date":"2025-01-11T21:35:00","date_gmt":"2025-01-11T21:35:00","guid":{"rendered":"https:\/\/diagnoseo.com\/?page_id=5331"},"modified":"2025-01-11T21:54:25","modified_gmt":"2025-01-11T21:54:25","slug":"wstep","status":"publish","type":"page","link":"https:\/\/diagnoseo.com\/pl\/kurs-seo\/wstep\/","title":{"rendered":"Witaj w naszym kursie SEO!"},"content":{"rendered":"\n<p><br>Je\u015bli dopiero zaczynasz przygod\u0119 z pozycjonowaniem i czujesz si\u0119 troch\u0119 zagubiony \u2013 doskonale to rozumiemy. W\u0142a\u015bnie po to powsta\u0142 ten <strong>kurs SEO<\/strong>, by przeprowadzi\u0107 Ci\u0119 krok po kroku przez wszystkie najwa\u017cniejsze etapy optymalizacji strony, a\u017c po bardziej zaawansowane zagadnienia. Poni\u017cej znajdziesz <strong>wst\u0119p<\/strong>, kt\u00f3ry wprowadzi Ci\u0119 w \u015bwiat SEO i pozwoli z\u0142apa\u0107 niezb\u0119dn\u0105 wiedz\u0119, zanim zag\u0142\u0119bisz si\u0119 w kolejne lekcje kursu.<\/p>\n\n\n\n<h2 class=\"wp-block-heading\">Co to jest pozycjonowanie (SEO)?<\/h2>\n\n\n\n<p><strong>Pozycjonowanie<\/strong> (nazywane te\u017c SEO \u2013 Search Engine Optimization) to zestaw dzia\u0142a\u0144 maj\u0105cych na celu popraw\u0119 <strong>widoczno\u015bci Twojej strony w wynikach wyszukiwania<\/strong> (g\u0142\u00f3wnie Google). Dzi\u0119ki temu, gdy kto\u015b szuka w Internecie interesuj\u0105cej go frazy, ma wi\u0119ksz\u0105 szans\u0119 natrafi\u0107 w\u0142a\u015bnie na Tw\u00f3j serwis, blog czy sklep.<\/p>\n\n\n\n<ul class=\"wp-block-list\">\n<li><strong>Przyk\u0142ad<\/strong>: Je\u015bli prowadzisz restauracj\u0119 we Wroc\u0142awiu, chcesz pojawia\u0107 si\u0119 wysoko, gdy kto\u015b wpisze \u201crestauracja Wroc\u0142aw\u201d albo \u201cdobra pizza w centrum Wroc\u0142awia\u201d.<\/li>\n<\/ul>\n\n\n\n<p>Gdy Twoja strona jest \u201clubiana\u201d przez wyszukiwarki, staje si\u0119 te\u017c lepiej widoczna dla ludzi. A to przek\u0142ada si\u0119 na wi\u0119kszy ruch, zainteresowanie ofert\u0105, wzrost sprzeda\u017cy albo popularno\u015b\u0107 bloga.<\/p>\n\n\n\n<h2 class=\"wp-block-heading\">Sk\u0105d wzi\u0119\u0142o si\u0119 SEO? Kr\u00f3tka historia<\/h2>\n\n\n\n<ul class=\"wp-block-list\">\n<li><strong>Pocz\u0105tek<\/strong>: W pierwszych latach istnienia wyszukiwarek (ok. lat 90.) algorytmy by\u0142y do\u015b\u0107 proste. Wystarczy\u0142o nagromadzi\u0107 du\u017co s\u0142\u00f3w kluczowych lub zdoby\u0107 wiele link\u00f3w (niewa\u017cne jakich), by wskoczy\u0107 wysoko w wynikach.<\/li>\n\n\n\n<li><strong>Ewolucja Google<\/strong>: Z czasem Google zacz\u0119\u0142o wprowadza\u0107 coraz bardziej skomplikowane algorytmy. Dzi\u0119ki temu premiowane s\u0105 strony oferuj\u0105ce realn\u0105 warto\u015b\u0107 \u2013 dobr\u0105 tre\u015b\u0107, intuicyjn\u0105 nawigacj\u0119, prawdziwe polecenia od innych witryn.<\/li>\n\n\n\n<li><strong>Teraz<\/strong>: SEO jest procesem obejmuj\u0105cym nie tylko tre\u015b\u0107 i linki, ale te\u017c zagadnienia techniczne (jak szybko\u015b\u0107 \u0142adowania strony, przystosowanie do urz\u0105dze\u0144 mobilnych), a nawet <strong>do\u015bwiadczenie u\u017cytkownika (UX)<\/strong>.<\/li>\n<\/ul>\n\n\n\n<h2 class=\"wp-block-heading\">Na czym polega pozycjonowanie i co daje?<\/h2>\n\n\n\n<ol class=\"wp-block-list\">\n<li><strong>Optymalizacja tre\u015bci<\/strong>: Umieszczasz w tekstach frazy, kt\u00f3rych ludzie szukaj\u0105 (np. \u201cprzepis na chleb bez glutenu\u201d), ale robisz to z wyczuciem i tworzysz warto\u015bciowe artyku\u0142y czy opisy produkt\u00f3w.<\/li>\n\n\n\n<li><strong>Link building<\/strong>: Zdobywasz linki z innych stron, kt\u00f3re s\u0105 powi\u0105zane tematycznie. Google uznaje je za sygna\u0142, \u017ce Twoja strona jest warta polecenia.<\/li>\n\n\n\n<li><strong>Aspekty techniczne<\/strong>: Poprawiasz szybko\u015b\u0107 \u0142adowania, struktury adres\u00f3w URL, zadbasz o wersj\u0119 mobiln\u0105 czy bezpiecze\u0144stwo (SSL).<\/li>\n\n\n\n<li><strong>Ci\u0105g\u0142e monitorowanie<\/strong>: Sprawdzasz statystyki, pozycje w Google, wprowadzasz korekty w strategii.<\/li>\n<\/ol>\n\n\n\n<p><strong>Korzy\u015bci<\/strong>:<\/p>\n\n\n\n<ul class=\"wp-block-list\">\n<li><strong>Wi\u0119ksza rozpoznawalno\u015b\u0107<\/strong>: Ludzie szybciej trafiaj\u0105 na Twoj\u0105 stron\u0119 i zaczynaj\u0105 j\u0105 kojarzy\u0107.<\/li>\n\n\n\n<li><strong>Wi\u0119cej klient\u00f3w<\/strong>: Je\u015bli prowadzisz biznes, wy\u017csza pozycja przek\u0142ada si\u0119 na wzrost sprzeda\u017cy lub liczby zam\u00f3wie\u0144.<\/li>\n\n\n\n<li><strong>D\u0142ugofalowe efekty<\/strong>: Dobre praktyki SEO z czasem si\u0119 \u201czaz\u0119biaj\u0105\u201d i Twoja widoczno\u015b\u0107 ro\u015bnie lawinowo.<\/li>\n<\/ul>\n\n\n\n<h2 class=\"wp-block-heading\">Najpopularniejsze zwroty i poj\u0119cia w SEO<\/h2>\n\n\n\n<ul class=\"wp-block-list\">\n<li><strong>S\u0142owo kluczowe (keyword)<\/strong>: Wyra\u017cenie, kt\u00f3re ludzie wpisuj\u0105 w Google (np. \u201cbuty sportowe damskie\u201d).<\/li>\n\n\n\n<li><strong>SERP<\/strong>: Skr\u00f3t od <em>Search Engine Results Page<\/em>, czyli strony z wynikami wyszukiwania w Google.<\/li>\n\n\n\n<li><strong>Link building<\/strong>: Zestaw dzia\u0142a\u0144 polegaj\u0105cych na pozyskiwaniu link\u00f3w prowadz\u0105cych do Twojej strony.<\/li>\n\n\n\n<li><strong>Meta title i meta description<\/strong>: Kr\u00f3tkie tytu\u0142y i opisy, kt\u00f3re widzisz w wynikach wyszukiwania.<\/li>\n\n\n\n<li><strong>Domena<\/strong>: Adres internetowy Twojej strony (np. \u201ctwojsklep.pl\u201d).<\/li>\n\n\n\n<li><strong>UX (user experience)<\/strong>: Do\u015bwiadczenie u\u017cytkownika, czyli to, jak wygodnie i przyja\u017anie korzysta si\u0119 z Twojej strony.<\/li>\n<\/ul>\n\n\n\n<h2 class=\"wp-block-heading\">Przysz\u0142o\u015b\u0107 SEO<\/h2>\n\n\n\n<p>S\u0105 osoby, kt\u00f3re m\u00f3wi\u0105: \u201cSEO przestanie istnie\u0107, bo Google ci\u0105gle co\u015b zmienia!\u201d. Ale <strong>od lat<\/strong> si\u0119 okazuje, \u017ce SEO trwa i ma si\u0119 coraz lepiej. Dlaczego?<\/p>\n\n\n\n<ul class=\"wp-block-list\">\n<li><strong>Google (i inne wyszukiwarki) nadal s\u0105 podstawowym \u017ar\u00f3d\u0142em informacji<\/strong> dla wi\u0119kszo\u015bci internaut\u00f3w.<\/li>\n\n\n\n<li><strong>Algorytmy staj\u0105 si\u0119 coraz \u201cm\u0105drzejsze\u201d<\/strong>, co sprawia, \u017ce wysokie pozycje zdobywaj\u0105 te strony, kt\u00f3re naprawd\u0119 s\u0105 przydatne i warto\u015bciowe.<\/li>\n\n\n\n<li><strong>AI (sztuczna inteligencja)<\/strong> wchodzi w \u015bwiat SEO, pomagaj\u0105c tworzy\u0107 i optymalizowa\u0107 tre\u015bci, a tak\u017ce analizowa\u0107 ogromne zbiory danych. Z jednej strony u\u0142atwia \u017cycie osobom pozycjonuj\u0105cym, z drugiej wymusza ci\u0105g\u0142e dostosowywanie si\u0119 do nowych trend\u00f3w.<\/li>\n<\/ul>\n\n\n\n<p>Z punktu widzenia przedsi\u0119biorc\u00f3w czy tw\u00f3rc\u00f3w stron, <strong>SEO<\/strong> po prostu <strong>si\u0119 op\u0142aca<\/strong> i w najbli\u017cszych latach raczej to si\u0119 nie zmieni.<\/p>\n\n\n\n<h2 class=\"wp-block-heading\">O czym b\u0119dzie ten kurs?<\/h2>\n\n\n\n<p>W naszym kursie SEO <strong>krok po kroku<\/strong> poka\u017cemy Ci najwa\u017cniejsze etapy pracy nad widoczno\u015bci\u0105 strony. Po przej\u015bciu ca\u0142ego materia\u0142u b\u0119dziesz m\u00f3g\u0142 samodzielnie:<\/p>\n\n\n\n<ol class=\"wp-block-list\">\n<li><strong>Research s\u0142\u00f3w kluczowych<\/strong><br>Zrozumiesz, jak dobra\u0107 frazy, kt\u00f3re faktycznie sprowadz\u0105 zainteresowanych u\u017cytkownik\u00f3w.<\/li>\n\n\n\n<li><strong>Analiza konkurencji<\/strong><br>Dowiesz si\u0119, jak podejrze\u0107 techniki SEO swoich rywali i wykorzysta\u0107 je na swoj\u0105 korzy\u015b\u0107.<\/li>\n\n\n\n<li><strong>Audyt SEO<\/strong><br>Sam przeprowadzisz przegl\u0105d techniczny i tre\u015bciowy swojej strony, by wykry\u0107 b\u0142\u0119dy blokuj\u0105ce pozycjonowanie.<\/li>\n\n\n\n<li><strong>Analityka w SEO<\/strong><br>Poznasz narz\u0119dzia (np. Google Search Console, narz\u0119dzia monitoruj\u0105ce pozycje w DiagnoSEO), kt\u00f3re poka\u017c\u0105 Ci, czy Twoje dzia\u0142ania rzeczywi\u015bcie przynosz\u0105 efekty.<\/li>\n\n\n\n<li><strong>Optymalizacja metatag\u00f3w<\/strong><br>Nauczysz si\u0119, jak tworzy\u0107 skuteczne title i description, kt\u00f3re zwi\u0119ksz\u0105 Twoj\u0105 klikalno\u015b\u0107 w wynikach wyszukiwania.<\/li>\n\n\n\n<li><strong>Linkowanie wewn\u0119trzne<\/strong><br>Poka\u017cemy, jak \u0142\u0105czy\u0107 podstrony w obr\u0119bie serwisu, by Google rozumia\u0142o wa\u017cno\u015b\u0107 i logik\u0119 Twoich tre\u015bci.<\/li>\n\n\n\n<li><strong>Audytowanie, optymalizacja i tworzenie tre\u015bci<\/strong><br>Odkryjesz sposoby na regularne usprawnianie zawarto\u015bci Twojej strony i dodawanie nowych artyku\u0142\u00f3w.<\/li>\n\n\n\n<li><strong>Link building<\/strong><br>Dowiesz si\u0119, jak zdobywa\u0107 cenne linki (i unika\u0107 toksycznych), by Google widzia\u0142o Tw\u00f3j serwis jako godny polecenia.<\/li>\n\n\n\n<li><strong>Pozycjonowanie lokalne<\/strong><br>Idealne dla biznes\u00f3w dzia\u0142aj\u0105cych w konkretnych miastach czy regionach.<\/li>\n\n\n\n<li><strong>Pozycjonowanie sklepu<\/strong><br>Poznasz techniki SEO przydatne dla e-commerce \u2013 od opis\u00f3w produkt\u00f3w po filtry i analizy konkurencji.<\/li>\n\n\n\n<li><strong>Wykorzystanie AI w SEO<\/strong><br>Poka\u017cemy, jak korzysta\u0107 z rozwi\u0105za\u0144 sztucznej inteligencji, by przyspieszy\u0107 i ulepszy\u0107 efekty Twojej pracy.<\/li>\n\n\n\n<li><strong>Jakich b\u0142\u0119d\u00f3w unika\u0107<\/strong><br>Otrzymasz list\u0119 pu\u0142apek, w kt\u00f3re najcz\u0119\u015bciej wpadaj\u0105 pocz\u0105tkuj\u0105cy (i nie tylko).<\/li>\n\n\n\n<li><strong>Najcz\u0119stsze pytania i odpowiedzi<\/strong><br>Na ko\u0144cu zebrali\u015bmy FAQ, aby rozwia\u0107 wszelkie w\u0105tpliwo\u015bci i w\u0105tki, kt\u00f3re nie zmie\u015bci\u0142y si\u0119 w poprzednich lekcjach.<\/li>\n<\/ol>\n\n\n\n<h2 class=\"wp-block-heading\">Gotowy na fascynuj\u0105c\u0105 przygod\u0119 z SEO?<\/h2>\n\n\n\n<p>Brzmi ciekawie? Mamy nadziej\u0119, \u017ce tak! Je\u015bli chcesz, \u017ceby Twoja strona nie by\u0142a niewidzialna w Google, tylko <strong>przyci\u0105ga\u0142a t\u0142umy odwiedzaj\u0105cych<\/strong>, to warto przysi\u0105\u015b\u0107 i pozna\u0107 cho\u0107by podstawy SEO. W tym kursie przejdziemy przez najwa\u017cniejsze zagadnienia \u2013 od s\u0142\u00f3w kluczowych i analizy konkurencji, przez audyt i optymalizacj\u0119, a\u017c po kreatywne sposoby link buildingu i wykorzystanie sztucznej inteligencji.<\/p>\n\n\n\n<p><strong>Zach\u0119camy Ci\u0119 do lektury kolejnych lekcji<\/strong> \u2013 ka\u017cda z nich jest opracowana tak, by\u015b m\u00f3g\u0142 natychmiast wdro\u017cy\u0107 poznane wskaz\u00f3wki. Nawet je\u015bli teraz uwa\u017casz si\u0119 za \u201claika\u201d, gwarantujemy, \u017ce szybko zrozumiesz zasady i nabierzesz pewno\u015bci w dzia\u0142aniach. SEO to \u015bwietna przygoda, a satysfakcja z widoku w\u0142asnej strony rosn\u0105cej w wynikach wyszukiwania jest naprawd\u0119 bezcenna!<\/p>\n\n\n\n<p>Do zobaczenia w nast\u0119pnych rozdzia\u0142ach!<\/p>\n","protected":false},"excerpt":{"rendered":"<p>Je\u015bli dopiero zaczynasz przygod\u0119 z pozycjonowaniem i czujesz si\u0119 troch\u0119 zagubiony \u2013 doskonale to rozumiemy. W\u0142a\u015bnie po to powsta\u0142 ten kurs SEO, by przeprowadzi\u0107 Ci\u0119 krok po kroku przez wszystkie najwa\u017cniejsze etapy optymalizacji strony, a\u017c po bardziej zaawansowane zagadnienia. Poni\u017cej znajdziesz wst\u0119p, kt\u00f3ry wprowadzi Ci\u0119 w \u015bwiat SEO i pozwoli z\u0142apa\u0107 niezb\u0119dn\u0105 wiedz\u0119, zanim zag\u0142\u0119bisz<\/p>\n","protected":false},"author":1,"featured_media":0,"parent":3478,"menu_order":0,"comment_status":"closed","ping_status":"closed","template":"","meta":{"diagnoseo_postlist_title":"","diagnoseo_comment_language":"","diagnoseo_meta_keyword":"","diagnoseo_meta_additional_keywords":"","diagnoseo_meta_language":"","diagnoseo_meta_title":"Wst\u0119p do darmowego kursu SEO - DiagnoSEO","diagnoseo_meta_description":"Poznaj podstawy SEO: czym jest, co daje i dlaczego warto. Rozpocznij przygod\u0119 z pozycjonowaniem i zacznij przyci\u0105ga\u0107 ruch z Google!","diagnoseo_check_result":"","diagnoseo_og_image":"","inline_featured_image":false,"footnotes":""},"class_list":["post-5331","page","type-page","status-publish","hentry"],"_links":{"self":[{"href":"https:\/\/diagnoseo.com\/pl\/wp-json\/wp\/v2\/pages\/5331","targetHints":{"allow":["GET"]}}],"collection":[{"href":"https:\/\/diagnoseo.com\/pl\/wp-json\/wp\/v2\/pages"}],"about":[{"href":"https:\/\/diagnoseo.com\/pl\/wp-json\/wp\/v2\/types\/page"}],"author":[{"embeddable":true,"href":"https:\/\/diagnoseo.com\/pl\/wp-json\/wp\/v2\/users\/1"}],"replies":[{"embeddable":true,"href":"https:\/\/diagnoseo.com\/pl\/wp-json\/wp\/v2\/comments?post=5331"}],"version-history":[{"count":2,"href":"https:\/\/diagnoseo.com\/pl\/wp-json\/wp\/v2\/pages\/5331\/revisions"}],"predecessor-version":[{"id":5343,"href":"https:\/\/diagnoseo.com\/pl\/wp-json\/wp\/v2\/pages\/5331\/revisions\/5343"}],"up":[{"embeddable":true,"href":"https:\/\/diagnoseo.com\/pl\/wp-json\/wp\/v2\/pages\/3478"}],"wp:attachment":[{"href":"https:\/\/diagnoseo.com\/pl\/wp-json\/wp\/v2\/media?parent=5331"}],"curies":[{"name":"wp","href":"https:\/\/api.w.org\/{rel}","templated":true}]}}