{"id":5297,"date":"2025-01-11T21:40:34","date_gmt":"2025-01-11T21:40:34","guid":{"rendered":"https:\/\/diagnoseo.com\/?page_id=5297"},"modified":"2025-01-11T21:59:49","modified_gmt":"2025-01-11T21:59:49","slug":"analiza-konkurencji","status":"publish","type":"page","link":"https:\/\/diagnoseo.com\/pl\/kurs-seo\/analiza-konkurencji\/","title":{"rendered":"Analiza konkurencji"},"content":{"rendered":"\n<h3 class=\"wp-block-heading\">Dlaczego analiza konkurencji jest kluczowa?<\/h3>\n\n\n\n<p>Podczas gdy research s\u0142\u00f3w kluczowych pozwala Ci zrozumie\u0107, czego szukaj\u0105 Twoi klienci, <strong>analiza konkurencji<\/strong> pokazuje, <strong>jak<\/strong> i <strong>gdzie<\/strong> Twoi rywale docieraj\u0105 do tych samych u\u017cytkownik\u00f3w. Dzi\u0119ki temu:<\/p>\n\n\n\n<ul class=\"wp-block-list\">\n<li>Dowiesz si\u0119, <strong>jakie strategie SEO<\/strong> dzia\u0142aj\u0105 w Twojej bran\u017cy.<\/li>\n\n\n\n<li>Odkryjesz luki, czyli obszary, gdzie mo\u017cesz si\u0119 wyr\u00f3\u017cni\u0107.<\/li>\n\n\n\n<li>Zaoszcz\u0119dzisz czas, czerpi\u0105c inspiracje z gotowych rozwi\u0105za\u0144, kt\u00f3re konkurencja ju\u017c wytestowa\u0142a.<\/li>\n<\/ul>\n\n\n\n<h3 class=\"wp-block-heading\">Jak okre\u015bli\u0107, kto tak naprawd\u0119 jest Twoj\u0105 konkurencj\u0105?<\/h3>\n\n\n\n<p>Nie ograniczaj si\u0119 wy\u0142\u0105cznie do firm, kt\u00f3re znasz z \u201creala\u201d czy z s\u0105siedztwa. W SEO rywalami mog\u0105 by\u0107 portale informacyjne, blogi, czy du\u017ce platformy e-commerce. Aby precyzyjnie zdefiniowa\u0107 konkurent\u00f3w:<\/p>\n\n\n\n<ol class=\"wp-block-list\">\n<li>Sprawd\u017a <strong>TOP10 w Google<\/strong> dla najwa\u017cniejszych fraz kluczowych (zresearchowanych w poprzednim kroku).<\/li>\n\n\n\n<li>Przeanalizuj, kt\u00f3re domeny pojawiaj\u0105 si\u0119 najcz\u0119\u015bciej.<\/li>\n\n\n\n<li>Zwr\u00f3\u0107 uwag\u0119, czy w wynikach nie dominuj\u0105 agregatory lub por\u00f3wnywarki cen (np. Ceneo, Sk\u0105piec) \u2013 to te\u017c Twoja konkurencja o ruch.<\/li>\n<\/ol>\n\n\n\n<p>By\u0107 mo\u017ce oka\u017ce si\u0119, \u017ce Twoim najwi\u0119kszym konkurentem w pozycjonowaniu jest nie firma X z Twojego miasta, tylko du\u017cy blog specjalistyczny, kt\u00f3ry \u015bwietnie odpowiada na pytania Twoich potencjalnych klient\u00f3w.<\/p>\n\n\n\n<h3 class=\"wp-block-heading\">Co wzi\u0105\u0107 pod lup\u0119 podczas analizy konkurencji?<\/h3>\n\n\n\n<h4 class=\"wp-block-heading\">1. Struktura i architektura witryny<\/h4>\n\n\n\n<ul class=\"wp-block-list\">\n<li>Czy konkurent ma dobrze uporz\u0105dkowane kategorie, menu i linkowanie wewn\u0119trzne?<\/li>\n\n\n\n<li>Czy \u0142atwo znale\u017a\u0107 interesuj\u0105ce tre\u015bci, produkty, us\u0142ugi?<\/li>\n\n\n\n<li>Jak wygl\u0105da rozmieszczenie kluczowych element\u00f3w (np. CTA w e-commerce)?<\/li>\n<\/ul>\n\n\n\n<p>Je\u015bli widzisz, \u017ce konkurencja ma czyteln\u0105, przyjazn\u0105 struktur\u0119, to nie kopiuj jej \u201cjeden do jeden\u201d, ale zainspiruj si\u0119 sprawdzonymi rozwi\u0105zaniami.<\/p>\n\n\n\n<h4 class=\"wp-block-heading\">2. Techniczne aspekty<\/h4>\n\n\n\n<ul class=\"wp-block-list\">\n<li><strong>Szybko\u015b\u0107 \u0142adowania<\/strong>: Sprawd\u017a, czy strona Twojego konkurenta nie \u0142aduje si\u0119 b\u0142yskawicznie dzi\u0119ki optymalizacji grafik i kodu.<\/li>\n\n\n\n<li><strong>Dostosowanie do urz\u0105dze\u0144 mobilnych<\/strong>: Google stawia na mobile-first indexing, wi\u0119c brak responsywno\u015bci to du\u017cy minus.<\/li>\n\n\n\n<li><strong>Certyfikat SSL<\/strong> (HTTPS): Bezpieczne po\u0142\u0105czenie to ju\u017c praktycznie standard.<\/li>\n<\/ul>\n\n\n\n<p>Dobra optymalizacja techniczna wspiera pozycjonowanie, a Ty mo\u017cesz czerpa\u0107 wiedz\u0119 o tym, co konkretnie warto poprawi\u0107 u siebie.<\/p>\n\n\n\n<h4 class=\"wp-block-heading\">3. Tre\u015bci i s\u0142owa kluczowe<\/h4>\n\n\n\n<ul class=\"wp-block-list\">\n<li>Jakie rodzaje tre\u015bci publikuje konkurencja? Czy to g\u0142\u00f3wnie kr\u00f3tkie newsy, d\u0142ugie poradniki, a mo\u017ce specjalistyczne raporty?<\/li>\n\n\n\n<li>Jak cz\u0119sto pojawiaj\u0105 si\u0119 nowe publikacje (np. 1 artyku\u0142 tygodniowo, 1 artyku\u0142 dziennie)?<\/li>\n\n\n\n<li>Czy nag\u0142\u00f3wki (H1, H2, H3) zawieraj\u0105 s\u0142owa kluczowe?<\/li>\n\n\n\n<li>Jak wygl\u0105da meta title i meta description w wynikach wyszukiwania?<\/li>\n<\/ul>\n\n\n\n<p><strong>Przyk\u0142ad:<\/strong> Je\u015bli widzisz, \u017ce konkurent publikuje co tydzie\u0144 3 obszerne wpisy blogowe, a Ty robisz jeden kr\u00f3tki tekst w miesi\u0105cu \u2013 to mo\u017ce t\u0142umaczy\u0107, dlaczego odbiega Ci\u0119 w rankingu.<\/p>\n\n\n\n<h4 class=\"wp-block-heading\">4. Profil link\u00f3w (backlinki)<\/h4>\n\n\n\n<ul class=\"wp-block-list\">\n<li><strong>Sk\u0105d konkurencja czerpie linki?<\/strong> Czy widzisz tam blogi bran\u017cowe, fora dyskusyjne, czy portale z og\u0142oszeniami?<\/li>\n\n\n\n<li><strong>Jako\u015b\u0107 link\u00f3w<\/strong>: Link z renomowanego portalu internetowego daje wi\u0119ksz\u0105 warto\u015b\u0107 SEO ni\u017c 10 link\u00f3w z nieznanych katalog\u00f3w.<\/li>\n\n\n\n<li><strong>Spos\u00f3b pozyskiwania link\u00f3w<\/strong>: Go\u015bcinne wpisy (guest posting), artyku\u0142y sponsorowane, wsp\u00f3\u0142praca z influencerami?<\/li>\n<\/ul>\n\n\n\n<p>To pozwala Ci zrozumie\u0107, w jaki spos\u00f3b zdobywa\u0107 warto\u015bciowe odno\u015bniki bez b\u0142\u0105dzenia po omacku.<\/p>\n\n\n\n<h4 class=\"wp-block-heading\">5. Aktywno\u015b\u0107 w social media<\/h4>\n\n\n\n<ul class=\"wp-block-list\">\n<li>Czy konkurent promuje swoje tre\u015bci w mediach spo\u0142eczno\u015bciowych?<\/li>\n\n\n\n<li>Jak du\u017ce zaanga\u017cowanie wywo\u0142uj\u0105 posty (liczba lajk\u00f3w, komentarzy, udost\u0119pnie\u0144)?<\/li>\n\n\n\n<li>Czy social media przekierowuj\u0105 ruch na stron\u0119 konkurenta?<\/li>\n<\/ul>\n\n\n\n<p>Cho\u0107 social media nie s\u0105 bezpo\u015brednim czynnikiem rankingowym, mog\u0105 <strong>po\u015brednio<\/strong> wp\u0142ywa\u0107 na SEO, generuj\u0105c dodatkowe linki i rozpoznawalno\u015b\u0107 marki.<\/p>\n\n\n\n<h3 class=\"wp-block-heading\">Jak narz\u0119dzia DiagnoSEO pomagaj\u0105 w analizie konkurencji?<\/h3>\n\n\n\n<ol class=\"wp-block-list\">\n<li><strong>Analiza SERP<\/strong> &#8211; dzi\u0119ki temu przeanalizujesz \u0142atwo witryny z top 10 pod k\u0105tem kilkudziesi\u0119ciu czynnik\u00f3w rankingowych. B\u0119dziesz wiedzie\u0107 z jakich taktyk korzysta Twoja konkurencja oraz dostaniesz rekomendacja, co konkretnie musisz zrobi\u0107, aby wypozycjonowa\u0107 si\u0119 jeszcze wy\u017cej.<\/li>\n\n\n\n<li><strong>Analiza widoczno\u015bci konkurencji (Website Visibility Checker):<\/strong> Dzi\u0119ki temu mo\u017cesz zobaczy\u0107, na jakie s\u0142owa kluczowe rankuje dana domena i jakie ma pozycje.<\/li>\n\n\n\n<li><strong>Analiza link\u00f3w<\/strong>: Narz\u0119dzia DiagnoSEO maj\u0105 funkcj\u0119 backlink checker, \u0142atwo sprawdzisz, z jakich \u017ar\u00f3de\u0142 konkurencja zdobywa linki, czy s\u0105 to wysokiej jako\u015bci strony, itp.<\/li>\n\n\n\n<li><strong>Monitoring pozycji<\/strong>: Mo\u017cesz doda\u0107 do trackingu nie tylko swoj\u0105 stron\u0119, ale i kluczowych konkurent\u00f3w, by regularnie sprawdza\u0107, kto ro\u015bnie, a kto spada.<\/li>\n<\/ol>\n\n\n\n<h3 class=\"wp-block-heading\">Tworzenie planu dzia\u0142ania na podstawie analizy konkurencji<\/h3>\n\n\n\n<p>Po dok\u0142adnym przyjrzeniu si\u0119 konkurencji, powiniene\u015b opracowa\u0107 <strong>konkretny plan ulepsze\u0144<\/strong>. Przyk\u0142adowy schemat:<\/p>\n\n\n\n<ol class=\"wp-block-list\">\n<li><strong>Popraw jako\u015b\u0107 i cz\u0119stotliwo\u015b\u0107 tre\u015bci<\/strong>: skoro g\u0142\u00f3wny konkurent publikuje 3 porz\u0105dne artyku\u0142y tygodniowo, to rozwa\u017c podobny lub wi\u0119kszy wysi\u0142ek.<\/li>\n\n\n\n<li><strong>Zoptymalizuj stron\u0119 pod k\u0105tem technicznym<\/strong>: je\u017celi zauwa\u017casz, \u017ce Tw\u00f3j konkurent ma lepsze wyniki w testach szybko\u015bci \u0142adowania, popracuj nad optymalizacj\u0105 obraz\u00f3w i kodu.<\/li>\n\n\n\n<li><strong>Zadbaj o link building<\/strong>: znajd\u017a te same witryny, z kt\u00f3rych konkurent ma linki, i zaplanuj strategi\u0119 pozyskania link\u00f3w (mo\u017ce go\u015bcinne wpisy, artyku\u0142y sponsorowane, wsp\u00f3\u0142praca partnerska?).<\/li>\n\n\n\n<li><strong>Rozwi\u0144 swoj\u0105 obecno\u015b\u0107 w social media<\/strong>: je\u015bli widzisz, \u017ce to kana\u0142, z kt\u00f3rego konkurencja skutecznie generuje ruch, nie ignoruj go.<\/li>\n<\/ol>\n\n\n\n<p>Pami\u0119taj te\u017c, aby zawsze dodawa\u0107 <strong>co\u015b unikalnego<\/strong> od siebie. Kopiowanie 1:1 rozwi\u0105za\u0144 konkurencji to nie jest przepis na sukces. Google premiuje oryginalne tre\u015bci, warto\u015b\u0107 dodan\u0105 i autentyczno\u015b\u0107.<\/p>\n\n\n\n<h3 class=\"wp-block-heading\">Najcz\u0119stsze b\u0142\u0119dy pope\u0142niane przy analizie konkurencji<\/h3>\n\n\n\n<ul class=\"wp-block-list\">\n<li><strong>Za\u0142o\u017cenie, \u017ce konkurencja si\u0119 nie zmienia<\/strong>: analiza to proces ci\u0105g\u0142y. To, co dzia\u0142a dzisiaj, jutro mo\u017ce by\u0107 nieaktualne.<\/li>\n\n\n\n<li><strong>Skupianie si\u0119 wy\u0142\u0105cznie na linkach<\/strong>: linki s\u0105 wa\u017cne, ale je\u015bli tre\u015bci i struktura strony kulej\u0105, moc backlink\u00f3w nic nie zdzia\u0142a.<\/li>\n\n\n\n<li><strong>Brak wdro\u017cenia wniosk\u00f3w<\/strong>: samo \u201cpodgl\u0105danie\u201d konkurencji nie wystarczy. Musisz mie\u0107 plan i go konsekwentnie realizowa\u0107.<\/li>\n\n\n\n<li><strong>Brak w\u0142asnej to\u017csamo\u015bci<\/strong>: inspiruj si\u0119 konkurencj\u0105, ale nie zapominaj, \u017ce Google i u\u017cytkownicy szukaj\u0105 <strong>r\u00f3\u017cnorodno\u015bci<\/strong>. Je\u015bli wszyscy b\u0119d\u0105 pisa\u0107 to samo, warto\u015bciowa staje si\u0119 unikalno\u015b\u0107.<\/li>\n<\/ul>\n\n\n\n<h3 class=\"wp-block-heading\">D\u0142ugofalowe korzy\u015bci z analizy konkurencji<\/h3>\n\n\n\n<ul class=\"wp-block-list\">\n<li><strong>Oszcz\u0119dno\u015b\u0107 czasu i zasob\u00f3w<\/strong>: zamiast metod\u0105 pr\u00f3b i b\u0142\u0119d\u00f3w szuka\u0107, co dzia\u0142a, mo\u017cesz skorzysta\u0107 z gotowych wzorc\u00f3w.<\/li>\n\n\n\n<li><strong>Lepsze zrozumienie rynku<\/strong>: widzisz, co jest standardem w bran\u017cy i wiesz, jak si\u0119 wyr\u00f3\u017cni\u0107.<\/li>\n\n\n\n<li><strong>Sta\u0142y rozw\u00f3j<\/strong>: je\u015bli ci\u0105gle monitorujesz konkurencj\u0119, nie grozi Ci sytuacja, w kt\u00f3rej zostajesz w tyle technologicznie czy koncepcyjnie.<\/li>\n<\/ul>\n\n\n\n<h3 class=\"wp-block-heading\">Podsumowanie: Kluczowe wskaz\u00f3wki<\/h3>\n\n\n\n<ol class=\"wp-block-list\">\n<li><strong>Zdefiniuj w\u0142a\u015bciw\u0105 konkurencj\u0119<\/strong> \u2013 nie tylko lokaln\u0105, ale i online.<\/li>\n\n\n\n<li><strong>Analizuj r\u00f3\u017cne aspekty<\/strong> \u2013 techniczne, tre\u015bci, linki, social media.<\/li>\n\n\n\n<li><strong>Wykorzystaj narz\u0119dzia<\/strong> \u2013 <a href=\"https:\/\/diagnoseo.com\/pl\/\">DiagnoSEO<\/a> umo\u017cliwi\u0105 szybk\u0105 analiz\u0119 widoczno\u015bci i link\u00f3w.<\/li>\n\n\n\n<li><strong>Wyci\u0105gaj wnioski i dzia\u0142aj<\/strong> \u2013 zebrane dane prze\u0142\u00f3\u017c na realne zmiany w Twojej strategii SEO.<\/li>\n\n\n\n<li><strong>Monitoruj konkurent\u00f3w regularnie<\/strong> \u2013 rynek si\u0119 zmienia, a Twoja pozycja w Google r\u00f3wnie\u017c.<\/li>\n<\/ol>\n\n\n\n<p>Analiza konkurencji w SEO to nie jednorazowe \u201cszpiegowanie\u201d. To raczej proces, kt\u00f3ry powinien towarzyszy\u0107 Ci na ka\u017cdym etapie rozwoju Twojej witryny \u2013 od doboru s\u0142\u00f3w kluczowych, przez tworzenie tre\u015bci, a\u017c po rozbudowane kampanie link building. Dzi\u0119ki temu zawsze wiesz, <strong>co dzieje si\u0119 na rynku<\/strong> i mo\u017cesz szybciej reagowa\u0107 na zmiany.<\/p>\n","protected":false},"excerpt":{"rendered":"<p>Dlaczego analiza konkurencji jest kluczowa? Podczas gdy research s\u0142\u00f3w kluczowych pozwala Ci zrozumie\u0107, czego szukaj\u0105 Twoi klienci, analiza konkurencji pokazuje, jak i gdzie Twoi rywale docieraj\u0105 do tych samych u\u017cytkownik\u00f3w. Dzi\u0119ki temu: Jak okre\u015bli\u0107, kto tak naprawd\u0119 jest Twoj\u0105 konkurencj\u0105? Nie ograniczaj si\u0119 wy\u0142\u0105cznie do firm, kt\u00f3re znasz z \u201creala\u201d czy z s\u0105siedztwa. W SEO<\/p>\n","protected":false},"author":1,"featured_media":0,"parent":3478,"menu_order":0,"comment_status":"closed","ping_status":"closed","template":"","meta":{"diagnoseo_postlist_title":"","diagnoseo_comment_language":"","diagnoseo_meta_keyword":"","diagnoseo_meta_additional_keywords":"","diagnoseo_meta_language":"","diagnoseo_meta_title":"Analiza konkurencji - darmowy kurs SEO - DiagnoSEO","diagnoseo_meta_description":"Dowiedz si\u0119, jak szpiegowa\u0107 techniki SEO rywali. Wykorzystaj ich s\u0142abo\u015bci i prze\u015bcignij konkurent\u00f3w w wynikach wyszukiwania.","diagnoseo_check_result":"","diagnoseo_og_image":"","inline_featured_image":false,"footnotes":""},"class_list":["post-5297","page","type-page","status-publish","hentry"],"_links":{"self":[{"href":"https:\/\/diagnoseo.com\/pl\/wp-json\/wp\/v2\/pages\/5297","targetHints":{"allow":["GET"]}}],"collection":[{"href":"https:\/\/diagnoseo.com\/pl\/wp-json\/wp\/v2\/pages"}],"about":[{"href":"https:\/\/diagnoseo.com\/pl\/wp-json\/wp\/v2\/types\/page"}],"author":[{"embeddable":true,"href":"https:\/\/diagnoseo.com\/pl\/wp-json\/wp\/v2\/users\/1"}],"replies":[{"embeddable":true,"href":"https:\/\/diagnoseo.com\/pl\/wp-json\/wp\/v2\/comments?post=5297"}],"version-history":[{"count":3,"href":"https:\/\/diagnoseo.com\/pl\/wp-json\/wp\/v2\/pages\/5297\/revisions"}],"predecessor-version":[{"id":5347,"href":"https:\/\/diagnoseo.com\/pl\/wp-json\/wp\/v2\/pages\/5297\/revisions\/5347"}],"up":[{"embeddable":true,"href":"https:\/\/diagnoseo.com\/pl\/wp-json\/wp\/v2\/pages\/3478"}],"wp:attachment":[{"href":"https:\/\/diagnoseo.com\/pl\/wp-json\/wp\/v2\/media?parent=5297"}],"curies":[{"name":"wp","href":"https:\/\/api.w.org\/{rel}","templated":true}]}}