{"id":5296,"date":"2025-01-11T21:39:57","date_gmt":"2025-01-11T21:39:57","guid":{"rendered":"https:\/\/diagnoseo.com\/?page_id=5296"},"modified":"2025-02-18T12:04:50","modified_gmt":"2025-02-18T12:04:50","slug":"research-slow-kluczowych","status":"publish","type":"page","link":"https:\/\/diagnoseo.com\/pl\/kurs-seo\/research-slow-kluczowych\/","title":{"rendered":"Research s\u0142\u00f3w kluczowych"},"content":{"rendered":"\n<h3 class=\"wp-block-heading\">Dlaczego research s\u0142\u00f3w kluczowych jest fundamentem SEO?<\/h3>\n\n\n\n<p>Research s\u0142\u00f3w kluczowych to jeden z absolutnych filar\u00f3w skutecznego pozycjonowania. Je\u015bli nie wiesz, jakich fraz szukaj\u0105 Twoi potencjalni klienci (albo czytelnicy, je\u015bli prowadzisz blog), mo\u017cesz traci\u0107 mn\u00f3stwo ruchu organicznego. Dobrze dobrane s\u0142owa kluczowe pozwol\u0105 Ci:<\/p>\n\n\n\n<ul class=\"wp-block-list\">\n<li><strong>Trafi\u0107 do w\u0142a\u015bciwych odbiorc\u00f3w<\/strong> \u2013 czyli do ludzi, kt\u00f3rzy rzeczywi\u015bcie zainteresuj\u0105 si\u0119 Twoj\u0105 ofert\u0105.<\/li>\n\n\n\n<li><strong>Zmniejszy\u0107 koszty i czas pozycjonowania<\/strong> \u2013 skupiaj\u0105c si\u0119 na frazach, kt\u00f3re maj\u0105 najwi\u0119kszy potencja\u0142 biznesowy, nie marnujesz \u015brodk\u00f3w na tzw. \u201cmas\u00f3wk\u0119\u201d bez konwersji.<\/li>\n\n\n\n<li><strong>Zaplanowa\u0107 strategi\u0119 tre\u015bci<\/strong> \u2013 dobre s\u0142owa kluczowe s\u0105 punktem wyj\u015bcia do tworzenia artyku\u0142\u00f3w blogowych, opis\u00f3w produkt\u00f3w w sklepie czy landing page\u2019y.<\/li>\n<\/ul>\n\n\n\n<p>W skr\u00f3cie: je\u015bli nie zrobisz researchu s\u0142\u00f3w kluczowych albo zrobisz go byle jak, nara\u017casz si\u0119 na sytuacj\u0119, w kt\u00f3rej Twoje tre\u015bci b\u0119d\u0105 niewidoczne dla u\u017cytkownik\u00f3w.<\/p>\n\n\n\n<h3 class=\"wp-block-heading\">Krok po kroku: Jak przeprowadzi\u0107 solidny research s\u0142\u00f3w kluczowych?<\/h3>\n\n\n\n<h4 class=\"wp-block-heading\">1. Stw\u00f3rz list\u0119 wyj\u015bciow\u0105<\/h4>\n\n\n\n<p>Zacznij od <strong>burzy m\u00f3zg\u00f3w<\/strong>. Wypisz wszystkie frazy, kt\u00f3re Twoim zdaniem mog\u0105 wpisywa\u0107 w Google potencjalni klienci. Staraj si\u0119 patrze\u0107 na sw\u00f3j produkt lub us\u0142ug\u0119 ich oczami \u2013 pomy\u015bl, czego szukaj\u0105, jakich sformu\u0142owa\u0144 mog\u0105 u\u017cy\u0107, z jakimi problemami si\u0119 mierz\u0105.<br>Wypisz zar\u00f3wno:<\/p>\n\n\n\n<ul class=\"wp-block-list\">\n<li><strong>Frazy og\u00f3lne<\/strong> (np. \u201cmeble kuchenne\u201d, \u201cpozycjonowanie stron\u201d),<\/li>\n\n\n\n<li><strong>Frazy bardziej szczeg\u00f3\u0142owe<\/strong> (np. \u201cnowoczesne meble kuchenne na wymiar Pozna\u0144\u201d, \u201ctanie pozycjonowanie bloga dla pocz\u0105tkuj\u0105cych\u201d),<\/li>\n\n\n\n<li><strong>Frazy typowo sprzeda\u017cowe<\/strong> (np. \u201cmeble kuchenne cena\u201d, \u201cpozycjonowanie stron cennik\u201d),<\/li>\n\n\n\n<li><strong>Frazy informacyjne<\/strong> (np. \u201cjak wybra\u0107 meble kuchenne\u201d, \u201cjak zacz\u0105\u0107 pozycjonowa\u0107 stron\u0119 samodzielnie\u201d).<\/li>\n<\/ul>\n\n\n\n<p>Taka wst\u0119pna lista mo\u017ce liczy\u0107 od kilkunastu do nawet kilkuset s\u0142\u00f3w kluczowych \u2013 wszystko zale\u017cy od bran\u017cy i skali Twojego projektu.<\/p>\n\n\n\n<h4 class=\"wp-block-heading\">2. Zweryfikuj popularno\u015b\u0107 i trudno\u015b\u0107 s\u0142\u00f3w kluczowych<\/h4>\n\n\n\n<p>Kolejny krok to <strong>sprawdzenie rzeczywistego wolumenu wyszukiwa\u0144<\/strong> oraz <strong>poziomu konkurencji<\/strong> (a wi\u0119c i trudno\u015bci pozycjonowania) dla ka\u017cdej z wypisanych fraz.<br>Jak to zrobi\u0107?<\/p>\n\n\n\n<ul class=\"wp-block-list\">\n<li>Skorzystaj z <strong>Planera s\u0142\u00f3w kluczowych Google Ads<\/strong>, gdzie wprowadzisz poszczeg\u00f3lne frazy i otrzymasz dane o \u015bredniej miesi\u0119cznej liczbie wyszukiwa\u0144.<\/li>\n\n\n\n<li>Wesprzyj si\u0119 <strong><a href=\"https:\/\/diagnoseo.com\/seo-tools\/\">Narz\u0119dziami DiagnoSEO<\/a><\/strong>. Na przyk\u0142ad, je\u015bli masz dost\u0119p do narz\u0119dzia typu <em>Bulk search volume<\/em>, mo\u017cesz automatycznie przeanalizowa\u0107 du\u017ce listy s\u0142\u00f3w kluczowych oraz sprawdzi\u0107, kt\u00f3re z nich s\u0105 najbardziej popularne i jaka jest ich szacunkowa trudno\u015b\u0107 (KD \u2013 Keyword Difficulty).<\/li>\n\n\n\n<li>U\u017cyj <strong>Google Trends<\/strong>, aby sprawdzi\u0107, czy interesuj\u0105ca Ci\u0119 fraza zyskuje czy traci popularno\u015b\u0107 w czasie.<\/li>\n<\/ul>\n\n\n\n<p>Wyniki warto zapisa\u0107 w arkuszu kalkulacyjnym (np. Google Sheets), tworz\u0105c kolumny takie jak:<\/p>\n\n\n\n<ul class=\"wp-block-list\">\n<li>S\u0142owo kluczowe,<\/li>\n\n\n\n<li>\u015aredni miesi\u0119czny wolumen wyszukiwa\u0144,<\/li>\n\n\n\n<li>Poziom trudno\u015bci (niski \/ \u015bredni \/ wysoki albo liczba w skali 0-100),<\/li>\n\n\n\n<li>Intencja (np. informacyjna, transakcyjna),<\/li>\n\n\n\n<li>Uwagi (np. sezonowo\u015b\u0107, region, itp.).<\/li>\n<\/ul>\n\n\n\n<p>Przyk\u0142ad takiej prostej tabeli:<\/p>\n\n\n\n<figure class=\"wp-block-table\"><div class=\"table\"><table class=\"has-fixed-layout\"><thead><tr><th>Fraza kluczowa<\/th><th>\u015ar. mies. wyszukiwa\u0144<\/th><th>Trudno\u015b\u0107<\/th><th>Intencja<\/th><th>Uwagi<\/th><\/tr><\/thead><tbody><tr><td>nowoczesne meble kuchenne<\/td><td>3000<\/td><td>45\/100<\/td><td>Informacyjna<\/td><td>trend rosn\u0105cy<\/td><\/tr><tr><td>meble kuchenne cena<\/td><td>1500<\/td><td>30\/100<\/td><td>Transakcyjna<\/td><td>por\u00f3wnanie cen<\/td><\/tr><tr><td>meble kuchenne na wymiar pozna\u0144<\/td><td>800<\/td><td>50\/100<\/td><td>Lokalne<\/td><td>mo\u017cliwe wysokie ROI<\/td><\/tr><tr><td>jak wybra\u0107 meble do kuchni otwartej<\/td><td>400<\/td><td>20\/100<\/td><td>Informacyjna<\/td><td>artyku\u0142 poradnikowy<\/td><\/tr><\/tbody><\/table><\/div><\/figure>\n\n\n\n<p>Dzi\u0119ki takiej tabeli \u0142atwo zdecydujesz, na kt\u00f3rych frazach skupi\u0107 si\u0119 w pierwszej kolejno\u015bci.<\/p>\n\n\n\n<h4 class=\"wp-block-heading\">3. Uwzgl\u0119dnij intencje wyszukiwania<\/h4>\n\n\n\n<p>Nie wystarczy patrze\u0107 wy\u0142\u0105cznie na popularno\u015b\u0107 i trudno\u015b\u0107 frazy. <strong>Kluczowe jest zrozumienie intencji (ang. search intent)<\/strong>.<\/p>\n\n\n\n<ul class=\"wp-block-list\">\n<li><strong>Intencja informacyjna<\/strong>: u\u017cytkownik szuka wiedzy (np. \u201cjak zamontowa\u0107 meble kuchenne\u201d).<\/li>\n\n\n\n<li><strong>Intencja nawigacyjna<\/strong>: u\u017cytkownik chce dotrze\u0107 do konkretnej strony (np. \u201cikea meble kuchenne\u201d).<\/li>\n\n\n\n<li><strong>Intencja transakcyjna<\/strong>: u\u017cytkownik jest gotowy na zakup (np. \u201cmeble kuchenne na wymiar tanio\u201d).<\/li>\n\n\n\n<li><strong>Intencja lokalna<\/strong>: u\u017cytkownik \u0142\u0105czy has\u0142o z miastem lub regionem (np. \u201cmeble kuchenne Krak\u00f3w\u201d).<\/li>\n<\/ul>\n\n\n\n<p>Dlaczego to takie wa\u017cne? Poniewa\u017c Google lepiej pozycjonuje te strony, kt\u00f3re <strong>odpowiadaj\u0105 na faktyczne zapytanie u\u017cytkownika<\/strong>. Je\u015bli Twoja tre\u015b\u0107 ma by\u0107 poradnikiem (intencja informacyjna), a zamiast tego jest tylko ofert\u0105 sprzeda\u017cy, mo\u017cesz mie\u0107 problem z rankingiem.<\/p>\n\n\n\n<h4 class=\"wp-block-heading\">4. Grupuj s\u0142owa kluczowe w tematy<\/h4>\n\n\n\n<p>Masz ju\u017c d\u0142ug\u0105 list\u0119 s\u0142\u00f3w kluczowych z informacj\u0105 o ich popularno\u015bci i intencji. Teraz warto je <strong>pogrupowa\u0107 w kluczowe tematy<\/strong>, tak aby\u015b wiedzia\u0142, jakie tre\u015bci tworzy\u0107 lub ulepsza\u0107.<br>Przyk\u0142ad:<\/p>\n\n\n\n<ul class=\"wp-block-list\">\n<li><strong>Temat: meble kuchenne na wymiar<\/strong>\n<ul class=\"wp-block-list\">\n<li>Frazy: \u201cmeble kuchenne na wymiar pozna\u0144\u201d, \u201cmeble na zam\u00f3wienie kuchnia\u201d, \u201cmeble kuchenne cena na wymiar\u201d itd.<\/li>\n<\/ul>\n<\/li>\n\n\n\n<li><strong>Temat: porady o kuchniach<\/strong>\n<ul class=\"wp-block-list\">\n<li>Frazy: \u201cjak wybra\u0107 meble do kuchni otwartej\u201d, \u201ckuchnia z salonem inspiracje\u201d, \u201cjak urz\u0105dzi\u0107 ma\u0142\u0105 kuchni\u0119\u201d.<\/li>\n<\/ul>\n<\/li>\n<\/ul>\n\n\n\n<p>Dzi\u0119ki temu zaplanujesz, \u017ce np. do tematu \u201cmeble kuchenne na wymiar\u201d tworzysz dedykowan\u0105 podstron\u0119 oferty, a do tematu \u201cporady o kuchniach\u201d \u2013 sekcj\u0119 blogow\u0105 z poradnikami.<\/p>\n\n\n\n<h4 class=\"wp-block-heading\">5. Zweryfikuj rzeczywiste SERP-y<\/h4>\n\n\n\n<p>Kolejny krok to <strong>rzut oka na wyniki wyszukiwania<\/strong> (tzw. SERP \u2013 Search Engine Results Page) dla Twoich najwa\u017cniejszych fraz. Sprawd\u017a:<\/p>\n\n\n\n<ul class=\"wp-block-list\">\n<li><strong>Kto jest w TOP10?<\/strong> Czy s\u0105 to du\u017ce portale, czy blogi, czy ma\u0142e firmy?<\/li>\n\n\n\n<li><strong>Jakie tre\u015bci dominuj\u0105?<\/strong> Czy Google pokazuje wyniki typu \u201clisty produkt\u00f3w\u201d, \u201cporadniki\u201d, \u201cmapy lokalne\u201d?<\/li>\n\n\n\n<li><strong>Jak wygl\u0105daj\u0105 tytu\u0142y i meta opisy konkurencji?<\/strong><\/li>\n<\/ul>\n\n\n\n<p>Taka analiza podpowie Ci, <strong>jak\u0105 form\u0119 tre\u015bci tworzy\u0107<\/strong> \u2013 czy to ma by\u0107 artyku\u0142, produkt w e-commerce, czy mo\u017ce wideo.<br>Je\u015bli zauwa\u017cysz, \u017ce np. Google serwuje w TOP10 g\u0142\u00f3wnie porady i rankingi, to znaczy, \u017ce Twoja oferta handlowa (landing page z cenami) mo\u017ce si\u0119 tam nie przebi\u0107. Wtedy warto zadba\u0107 o artyku\u0142 ekspercki, kt\u00f3ry odsy\u0142a do Twojego landing page\u2019a.<\/p>\n\n\n\n<h3 class=\"wp-block-heading\">Jak narz\u0119dzia DiagnoSEO usprawni\u0105 Tw\u00f3j research?<\/h3>\n\n\n\n<ol class=\"wp-block-list\">\n<li><strong>Bulk Keyword Checker<\/strong> \u2013 narz\u0119dzie, kt\u00f3re pozwalaj\u0105 wprowadzi\u0107 list\u0119 s\u0142\u00f3w kluczowych i pozyska\u0107 dane o wyszukiwaniach, konkurencyjno\u015bci i pokrewnych frazach.<\/li>\n\n\n\n<li><strong>Keyword Generator<\/strong> &#8211; narz\u0119dzie, kt\u00f3re podaje propozycje s\u0142\u00f3w kluczowych zwi\u0105zanych z wprowadzonym has\u0142em.<\/li>\n\n\n\n<li><strong>Website Visibility Checker<\/strong> \u2013 za pomoc\u0105 dedykowanych raport\u00f3w mo\u017cesz w \u0142atwy spos\u00f3b podejrze\u0107, na jakie s\u0142owa kluczowe rankuje Twoja konkurencja. To \u015bwietny spos\u00f3b na znalezienie \u201cdziur\u201d w Twoim w\u0142asnym kontencie.<\/li>\n\n\n\n<li><strong>Monitoring pozycji<\/strong> \u2013 chocia\u017c to ju\u017c inny etap, warto od razu pomy\u015ble\u0107 o narz\u0119dziach do \u015bledzenia wynik\u00f3w. Gdy wybierzesz s\u0142owa kluczowe, kt\u00f3re chcesz pozycjonowa\u0107, b\u0119dziesz m\u00f3g\u0142 \u0142atwo sprawdza\u0107, jak Twoja strona pnie si\u0119 w Google.<\/li>\n<\/ol>\n\n\n\n<h3 class=\"wp-block-heading\">Najcz\u0119stsze b\u0142\u0119dy w researchu s\u0142\u00f3w kluczowych<\/h3>\n\n\n\n<ul class=\"wp-block-list\">\n<li><strong>Zbyt w\u0105ska lista<\/strong>: skupianie si\u0119 tylko na kilku og\u00f3lnych has\u0142ach.<\/li>\n\n\n\n<li><strong>Brak uwzgl\u0119dnienia intencji<\/strong>: wybieranie fraz, kt\u00f3re nie pasuj\u0105 do tre\u015bci, jak\u0105 oferujesz na stronie.<\/li>\n\n\n\n<li><strong>Kopiowanie konkurencji bez refleksji<\/strong>: zawsze musisz sprawdzi\u0107, czy to, co robi konkurencja, naprawd\u0119 pasuje do Twojego biznesu i strategii.<\/li>\n\n\n\n<li><strong>Nieaktualizowanie listy s\u0142\u00f3w kluczowych<\/strong>: trendy si\u0119 zmieniaj\u0105; raz na kwarta\u0142 warto sprawdzi\u0107, czy pojawi\u0142y si\u0119 nowe zapytania w Twojej niszy.<\/li>\n<\/ul>\n\n\n\n<h3 class=\"wp-block-heading\">Jak wybra\u0107 pierwsze s\u0142owa do pozycjonowania?<\/h3>\n\n\n\n<p>Zwykle rekomenduje si\u0119 podej\u015bcie tzw. \u201c<strong>low-hanging fruits<\/strong>\u201d. To znaczy:<\/p>\n\n\n\n<ul class=\"wp-block-list\">\n<li>Najpierw we\u017a na tapet\u0119 s\u0142owa kluczowe o <strong>\u015brednim wolumenie<\/strong> i <strong>\u015bredniej lub ni\u017cszej trudno\u015bci<\/strong>. Masz wtedy wi\u0119ksze szanse stosunkowo szybko wej\u015b\u0107 do TOP10.<\/li>\n\n\n\n<li>P\u00f3\u017aniej systematycznie dodawaj kolejne, bardziej konkurencyjne frazy, kt\u00f3re potrzebuj\u0105 wi\u0119cej czasu i bud\u017cetu, by osi\u0105gn\u0105\u0107 wysokie pozycje.<\/li>\n<\/ul>\n\n\n\n<p>Przyk\u0142adowo, je\u015bli Twoja strona jest nowa, walka o fraz\u0119 typu \u201cmeble kuchenne\u201d (z wolumenem 50\u201360 tysi\u0119cy w skali miesi\u0105ca) mo\u017ce by\u0107 zbyt trudna na pocz\u0105tku. Ale \u201cmeble kuchenne na wymiar pozna\u0144\u201d (800\u20131000 wyszukiwa\u0144) mog\u0105 ju\u017c da\u0107 Ci pierwsze konwersje.<\/p>\n\n\n\n<h3 class=\"wp-block-heading\">Jak dobrze dokumentowa\u0107 i aktualizowa\u0107 research?<\/h3>\n\n\n\n<ul class=\"wp-block-list\">\n<li><strong>Zachowaj wersje<\/strong> \u2013 np. plik CSV lub Google Sheet z dat\u0105 i wpisanymi warto\u015bciami.<\/li>\n\n\n\n<li><strong>Dodawaj kolumn\u0119 \u201cpozycje w rankingu\u201d<\/strong> \u2013 uzupe\u0142niaj j\u0105 co kilka tygodni lub miesi\u0119cy.<\/li>\n\n\n\n<li><strong>Oznaczaj, kt\u00f3re frazy przynosz\u0105 ruch i konwersje<\/strong> (np. w Google Analytics \/ GA4).<\/li>\n<\/ul>\n\n\n\n<p>Taka dokumentacja u\u0142atwi Ci te\u017c ocen\u0119, jakie dzia\u0142ania SEO przynosz\u0105 efekty (np. czy nowy artyku\u0142 blogowy zwi\u0119kszy\u0142 widoczno\u015b\u0107 i klikni\u0119cia).<\/p>\n\n\n\n<h3 class=\"wp-block-heading\">Podsumowanie \u2013 kluczowe wskaz\u00f3wki<\/h3>\n\n\n\n<ol class=\"wp-block-list\">\n<li><strong>Nie zgaduj, sprawdzaj dane<\/strong>: Nie ufaj wy\u0142\u0105cznie swojej intuicji. Analiza realnych wolumen\u00f3w i zachowa\u0144 u\u017cytkownik\u00f3w jest kluczem do sukcesu.<\/li>\n\n\n\n<li><strong>Analizuj intencje<\/strong>: Pami\u0119taj, \u017ce Google promuje tre\u015bci dopasowane do celu wyszukiwania.<\/li>\n\n\n\n<li><strong>Grupuj tematycznie<\/strong>: Dzi\u0119ki temu Twoja strategia contentowa b\u0119dzie sp\u00f3jna.<\/li>\n\n\n\n<li><strong>Korzystaj z narz\u0119dzi<\/strong>: <a href=\"https:\/\/diagnoseo.com\/pl\/\">DiagnoSEO<\/a> oferuje zestaw narz\u0119dzi SEO, kt\u00f3re znacz\u0105co przyspieszaj\u0105 i automatyzuj\u0105 prac\u0119.<\/li>\n\n\n\n<li><strong>Aktualizuj regularnie<\/strong>: Rynek si\u0119 zmienia, wi\u0119c Tw\u00f3j research musi by\u0107 \u017cywym dokumentem.<\/li>\n<\/ol>\n\n\n\n<p><strong>Research s\u0142\u00f3w kluczowych to Twoja mapa drogowa w \u015bwiecie SEO.<\/strong> Bez niej mo\u017cna b\u0142\u0105dzi\u0107 w\u015br\u00f3d konkurent\u00f3w, publikuj\u0105c tre\u015bci, kt\u00f3rych nikt nie szuka. Im solidniej odrobisz t\u0119 lekcj\u0119, tym wi\u0119ksza szansa na szybkie i zr\u00f3wnowa\u017cone wzrosty ruchu organicznego.<\/p>\n","protected":false},"excerpt":{"rendered":"<p>Dlaczego research s\u0142\u00f3w kluczowych jest fundamentem SEO? Research s\u0142\u00f3w kluczowych to jeden z absolutnych filar\u00f3w skutecznego pozycjonowania. Je\u015bli nie wiesz, jakich fraz szukaj\u0105 Twoi potencjalni klienci (albo czytelnicy, je\u015bli prowadzisz blog), mo\u017cesz traci\u0107 mn\u00f3stwo ruchu organicznego. Dobrze dobrane s\u0142owa kluczowe pozwol\u0105 Ci: W skr\u00f3cie: je\u015bli nie zrobisz researchu s\u0142\u00f3w kluczowych albo zrobisz go byle jak,<\/p>\n","protected":false},"author":1,"featured_media":0,"parent":3478,"menu_order":0,"comment_status":"closed","ping_status":"closed","template":"","meta":{"diagnoseo_postlist_title":"","diagnoseo_comment_language":"","diagnoseo_meta_keyword":"","diagnoseo_meta_additional_keywords":"","diagnoseo_meta_language":"","diagnoseo_meta_title":"Research s\u0142\u00f3w kluczowych - darmowy kurs SEO - DiagnoSEO","diagnoseo_meta_description":"Sprawd\u017a, co naprawd\u0119 wpisuj\u0105 Twoi klienci w Google. Wybierz najlepsze frazy kluczowe i rozpocznij skuteczn\u0105 strategi\u0119 pozycjonowania.","diagnoseo_check_result":"","diagnoseo_og_image":"","inline_featured_image":false,"footnotes":""},"class_list":["post-5296","page","type-page","status-publish","hentry"],"_links":{"self":[{"href":"https:\/\/diagnoseo.com\/pl\/wp-json\/wp\/v2\/pages\/5296","targetHints":{"allow":["GET"]}}],"collection":[{"href":"https:\/\/diagnoseo.com\/pl\/wp-json\/wp\/v2\/pages"}],"about":[{"href":"https:\/\/diagnoseo.com\/pl\/wp-json\/wp\/v2\/types\/page"}],"author":[{"embeddable":true,"href":"https:\/\/diagnoseo.com\/pl\/wp-json\/wp\/v2\/users\/1"}],"replies":[{"embeddable":true,"href":"https:\/\/diagnoseo.com\/pl\/wp-json\/wp\/v2\/comments?post=5296"}],"version-history":[{"count":3,"href":"https:\/\/diagnoseo.com\/pl\/wp-json\/wp\/v2\/pages\/5296\/revisions"}],"predecessor-version":[{"id":5738,"href":"https:\/\/diagnoseo.com\/pl\/wp-json\/wp\/v2\/pages\/5296\/revisions\/5738"}],"up":[{"embeddable":true,"href":"https:\/\/diagnoseo.com\/pl\/wp-json\/wp\/v2\/pages\/3478"}],"wp:attachment":[{"href":"https:\/\/diagnoseo.com\/pl\/wp-json\/wp\/v2\/media?parent=5296"}],"curies":[{"name":"wp","href":"https:\/\/api.w.org\/{rel}","templated":true}]}}