{"id":4351,"date":"2024-09-19T10:01:47","date_gmt":"2024-09-19T10:01:47","guid":{"rendered":"https:\/\/diagnoseo.com\/?page_id=4351"},"modified":"2024-09-19T10:11:17","modified_gmt":"2024-09-19T10:11:17","slug":"newsletter","status":"publish","type":"page","link":"https:\/\/diagnoseo.com\/pl\/newsletter\/","title":{"rendered":"Newsletter SEO i content marketing"},"content":{"rendered":"\n<p>Zapisz si\u0119 do naszego newslettera dot. SEO i content marketingu, aby otrzymywa\u0107 najnowsze informacje, porady i ekskluzywne tre\u015bci bezpo\u015brednio na swoj\u0105 skrzynk\u0119. Do\u0142\u0105cz do naszej spo\u0142eczno\u015bci! B\u0105d\u017a na bie\u017c\u0105co z SEO i content marketingiem! Zero spamu, tylko warto\u015bciowe informacje.<\/p>\n\n\n\n<div class=\"ml-embedded\" data-form=\"g0hGkw\"><\/div>\n","protected":false},"excerpt":{"rendered":"<p>Zapisz si\u0119 do naszego newslettera dot. SEO i content marketingu, aby otrzymywa\u0107 najnowsze informacje, porady i ekskluzywne tre\u015bci bezpo\u015brednio na swoj\u0105 skrzynk\u0119. Do\u0142\u0105cz do naszej spo\u0142eczno\u015bci! B\u0105d\u017a na bie\u017c\u0105co z SEO i content marketingiem! Zero spamu, tylko warto\u015bciowe informacje.<\/p>\n","protected":false},"author":1,"featured_media":0,"parent":0,"menu_order":0,"comment_status":"closed","ping_status":"closed","template":"","meta":{"diagnoseo_postlist_title":"","diagnoseo_comment_language":"","diagnoseo_meta_keyword":"","diagnoseo_meta_additional_keywords":"","diagnoseo_meta_language":"","diagnoseo_meta_title":"Newsletter SEO i content marketing - Zapisz si\u0119 | DiagnoSEO","diagnoseo_meta_description":"Zapisz si\u0119 do naszego newslettera, aby otrzymywa\u0107 najnowsze informacje i porady dot. SEO i content marketingu prosto na swoj\u0105 skrzynk\u0119!","diagnoseo_check_result":"","diagnoseo_og_image":"","inline_featured_image":false,"footnotes":""},"class_list":["post-4351","page","type-page","status-publish","hentry"],"_links":{"self":[{"href":"https:\/\/diagnoseo.com\/pl\/wp-json\/wp\/v2\/pages\/4351","targetHints":{"allow":["GET"]}}],"collection":[{"href":"https:\/\/diagnoseo.com\/pl\/wp-json\/wp\/v2\/pages"}],"about":[{"href":"https:\/\/diagnoseo.com\/pl\/wp-json\/wp\/v2\/types\/page"}],"author":[{"embeddable":true,"href":"https:\/\/diagnoseo.com\/pl\/wp-json\/wp\/v2\/users\/1"}],"replies":[{"embeddable":true,"href":"https:\/\/diagnoseo.com\/pl\/wp-json\/wp\/v2\/comments?post=4351"}],"version-history":[{"count":2,"href":"https:\/\/diagnoseo.com\/pl\/wp-json\/wp\/v2\/pages\/4351\/revisions"}],"predecessor-version":[{"id":4357,"href":"https:\/\/diagnoseo.com\/pl\/wp-json\/wp\/v2\/pages\/4351\/revisions\/4357"}],"wp:attachment":[{"href":"https:\/\/diagnoseo.com\/pl\/wp-json\/wp\/v2\/media?parent=4351"}],"curies":[{"name":"wp","href":"https:\/\/api.w.org\/{rel}","templated":true}]}}