{"id":4125,"date":"2024-08-13T09:42:44","date_gmt":"2024-08-13T09:42:44","guid":{"rendered":"https:\/\/diagnoseo.com\/?page_id=4125"},"modified":"2025-05-03T09:02:24","modified_gmt":"2025-05-03T09:02:24","slug":"kurs-seo-wordpress","status":"publish","type":"page","link":"https:\/\/diagnoseo.com\/pl\/kurs-seo-wordpress\/","title":{"rendered":"Kurs SEO WordPress &#8211; 100+ praktycznych wskaz\u00f3wek jak poprawi\u0107 SEO na WordPressie"},"content":{"rendered":"\n<h2 class=\"wp-block-heading\">Wst\u0119p do kursu<\/h2>\n\n\n\n<p>Cze\u015b\u0107!<\/p>\n\n\n\n<p>E-book, kt\u00f3ry w\u0142a\u015bnie czytasz powsta\u0142 na bazie ponad 15-lat do\u015bwiadcze\u0144 w SEO. By\u0142y to do\u015bwiadczenia od startup\u00f3w do najwi\u0119kszych \u015bwiatowych marek i najwi\u0119kszych europejskich e-commerc\u00f3w.<\/p>\n\n\n\n<p>Celem tego poradnika jest, aby przekaza\u0107 Ci <strong>wszelk\u0105 i konkretn\u0105 wiedz\u0119 zwi\u0105zan\u0105 z SEO w WordPressie w prosty spos\u00f3b<\/strong>. Konkretnie, bez lania wody i zb\u0119dnej teorii. Na pocz\u0105tku zapoznasz si\u0119 z zagadnieniami zwi\u0105zanymi z <strong>konfiguracj\u0105 WordPress\u2019a<\/strong> oraz <strong>wydajno\u015bci\u0105<\/strong> i <strong>analityk\u0105<\/strong>. Zawarte w tych dzia\u0142ach porady koniecznie warto wdro\u017cy\u0107 jak najszybciej po samej instalacji WordPress\u2019a.\u00a0<\/p>\n\n\n\n<p>Nast\u0119pne rozdzia\u0142y s\u0105 dotycz\u0105 <strong>podstaw SEO w WordPressie, <\/strong>czyli s\u0105 zwi\u0105zane z <strong>konfiguracj\u0105 pluginu SEO<\/strong>, <strong>sitemapami<\/strong>, wdro\u017ceniem <strong>Schema.org<\/strong>, <strong>tworzeniem tre\u015bci<\/strong>, <strong>wykorzystaniem sztucznej inteligencji (AI)<\/strong>, <strong>lokalnym SEO<\/strong>, SEO dla sklep\u00f3w korzystaj\u0105cych z <strong>WooCommerce<\/strong> oraz SEO dla serwis\u00f3w <strong>wieloj\u0119zycznych<\/strong>.<\/p>\n\n\n\n<p>Wa\u017cnym rozdzia\u0142em jest ten dot. wyboru i konfiguracji <strong>najlepszego szablonu do WordPress\u2019a<\/strong> pod k\u0105tem SEO i UX.<\/p>\n\n\n\n<p>Pami\u0119taj, \u017ce sama nawet najlepsza konfiguracja WordPress\u2019a i pluginu SEO oraz najlepsze tre\u015bci cz\u0119sto nie wystarcz\u0105, aby wspi\u0105\u0107 si\u0119 na szczyt wynik\u00f3w wyszukiwania. Linki by\u0142y i nadal s\u0105 kluczowym elementem strategii SEO dlatego w tym ebooku znajdziesz tak\u017ce rozdzia\u0142 z konkretami <strong>jak pozyskiwa\u0107 najlepsze linki<\/strong>, kt\u00f3re dzia\u0142aj\u0105.<\/p>\n\n\n\n<p>Pozytywne do\u015bwiadczenia u\u017cytkownika ze stron\u0105 s\u0105 wa\u017cn\u0105 kwesti\u0105 SEO dlatego w e-booku znajdziesz tak\u017ce porady dotycz\u0105ce poprawy <strong>UX<\/strong>.<\/p>\n\n\n\n<p>Na ko\u0144cu znajdziesz prawdziwe pere\u0142ki dla <strong>zaawansowanych specjalist\u00f3w SEO<\/strong>.<\/p>\n\n\n\n<p>Rozdzia\u0142y s\u0105 u\u0142o\u017cone w kolejno\u015bci od podstawowych i najwa\u017cniejszych, kt\u00f3re warto wdro\u017cy\u0107 od razu, a\u017c po wskaz\u00f3wki dla zaawansowanych, dzi\u0119ki kt\u00f3rym Twoja strona internetowa wejdzie na najwy\u017cszy poziom SEO.<\/p>\n\n\n\n<h2 class=\"wp-block-heading\">Co zawiera kurs?<\/h2>\n\n\n\n<p>Poni\u017cej znajduje si\u0119 spis tre\u015bci kursu.<\/p>\n\n\n\n<ul class=\"wp-block-list\">\n<li>Podstawowe ustawienia w WordPressie zwi\u0105zane z SEO\n<ul class=\"wp-block-list\">\n<li>Ustawienie indeksacji w trakcie budowy strony oraz, gdy strona jest gotowa<\/li>\n\n\n\n<li>Adres z WWW czy bez WWW?\n<ul class=\"wp-block-list\">\n<li>Podstawy &#8211; przyk\u0142adowa struktura URL <code>https:\/\/www.example.com<\/code><\/li>\n\n\n\n<li>Domena z WWW i bez WWW\n<ul class=\"wp-block-list\">\n<li>Zalety wersji WWW<\/li>\n\n\n\n<li>Zalety wersji bez WWW<\/li>\n\n\n\n<li>Sprawd\u017a u\u017cycie WWW w WordPressie<\/li>\n\n\n\n<li>Czy s\u0105 korzy\u015bci z u\u017cycia WWW zamiast bez WWW<\/li>\n<\/ul>\n<\/li>\n<\/ul>\n<\/li>\n\n\n\n<li>Ryzyko SEO &#8211; duplikacja tre\u015bci<\/li>\n\n\n\n<li>Ustawienie kanonicznego URL dla SEO<\/li>\n\n\n\n<li>Naprawa mieszanych URL WWW i bez WWW<\/li>\n\n\n\n<li>WWW czy bez WWW \u2013 co wybra\u0107?<\/li>\n\n\n\n<li>Jak ustawi\u0107 przyjazne wyszukiwarkom URL\u2019e w WordPressie?<\/li>\n\n\n\n<li>Jakich ustawie\u0144 dotycz\u0105cych zapisywania obrazk\u00f3w u\u017cy\u0107 w WordPressie?<\/li>\n\n\n\n<li>Jak optymalizowa\u0107 metadane dot. strony g\u0142\u00f3wnej?\n<ul class=\"wp-block-list\">\n<li>Jak ustawi\u0107 title oraz meta description dla strony g\u0142\u00f3wnej<\/li>\n\n\n\n<li>Najlepsze praktyki dla tytu\u0142u (title) strony g\u0142\u00f3wnej<\/li>\n\n\n\n<li>Najlepsze praktyki dla opisu (meta description) strony g\u0142\u00f3wnej<\/li>\n\n\n\n<li>Korzystaj ze zmiennych<\/li>\n\n\n\n<li>Sprawdzaj jak wygl\u0105daj\u0105 metadane w podgl\u0105dzie snippetu<\/li>\n<\/ul>\n<\/li>\n\n\n\n<li>Jak ustawi\u0107 szablony metadanych dla r\u00f3\u017cnych typ\u00f3w stron?<\/li>\n\n\n\n<li>Robots.txt &#8211; jak go ustawi\u0107?<\/li>\n\n\n\n<li>Favicon\u2019a &#8211; jakich wymiar\u00f3w powinna by\u0107 i dlaczego warto j\u0105 uploadowa\u0107?\n<ul class=\"wp-block-list\">\n<li>Jak uploadowa\u0107 favicon\u0119 w WordPressie?<\/li>\n\n\n\n<li>Zalety dodania favicony:\n<ul class=\"wp-block-list\">\n<li>Zalecany rozmiar favicony: wielokrotno\u015b\u0107 kwadratu o boku 48 pikseli<\/li>\n\n\n\n<li>Zalecany format favicony: pliki SVG<\/li>\n\n\n\n<li>Obs\u0142ugiwane formaty favicony<\/li>\n\n\n\n<li>Nie zmieniaj adresu favicony<\/li>\n<\/ul>\n<\/li>\n<\/ul>\n<\/li>\n\n\n\n<li>Logo strony &#8211; dlaczego warto uploadowa\u0107?<\/li>\n\n\n\n<li>Jak doda\u0107 logo w WordPressie?<\/li>\n\n\n\n<li>Jaki plugin do WordPress wybra\u0107?<\/li>\n\n\n\n<li>OpenGraph\n<ul class=\"wp-block-list\">\n<li>Dlaczego warto wprowadzi\u0107 obrazek domy\u015blny?<\/li>\n\n\n\n<li>OpenGraph &#8211; tytu\u0142 i opis<\/li>\n<\/ul>\n<\/li>\n\n\n\n<li>Jak ustawi\u0107 meta robots dla r\u00f3\u017cnych typ\u00f3w stron?<\/li>\n\n\n\n<li>Og\u00f3lna zasada przy rozwa\u017caniu zmiany domy\u015blnych ustawie\u0144<\/li>\n\n\n\n<li>Usuni\u0119cie slugu \u201ccategory\u201d w WordPressie &#8211; kiedy warto wdro\u017cy\u0107, a kiedy lepiej tylko przet\u0142umaczy\u0107 lub skr\u00f3ci\u0107 slug?\n<ul class=\"wp-block-list\">\n<li>Kiedy warto usun\u0105\u0107 slug \u201ccategory\u201d?<\/li>\n\n\n\n<li>Kiedy warto przet\u0142umaczy\u0107 lub skr\u00f3ci\u0107 slug \u201ccategory\u201d?<\/li>\n\n\n\n<li>Kiedy lepiej zostawi\u0107 slug \u201ccategory\u201d bez zmian?<\/li>\n\n\n\n<li>Jak zmieni\u0107 nazw\u0119 slugu \u201ccategory\u201d?<\/li>\n\n\n\n<li>Jak usun\u0105\u0107 slug \u201ccategory\u201d?<\/li>\n\n\n\n<li>Dlaczego warto w\u0142\u0105czy\u0107 przekierowanie stron typu \u201cattachment\u201d do pliku w WordPressie?<\/li>\n<\/ul>\n<\/li>\n\n\n\n<li>Paginacja w WordPressie &#8211; ile wpis\u00f3w na stron\u0119 ustawi\u0107 dla najlepszego SEO?<\/li>\n<\/ul>\n<\/li>\n\n\n\n<li>Wydajno\u015b\u0107 i bezpiecze\u0144stwo witryny na WordPressie\n<ul class=\"wp-block-list\">\n<li>Jak poprawi\u0107 pr\u0119dko\u015b\u0107 WordPress\u2019a?\n<ol class=\"wp-block-list\">\n<li>U\u017cyj wtyczki Autoptimize<\/li>\n\n\n\n<li>Skorzystaj z rozwi\u0105za\u0144 Cloudflare<\/li>\n\n\n\n<li>Kompresuj obrazy<\/li>\n\n\n\n<li>U\u017cywaj nowoczesnych format\u00f3w dla plik\u00f3w obraz\u00f3w<\/li>\n\n\n\n<li>Zmie\u0144 szablon na najszybszy i dzia\u0142aj\u0105cy poprawnie z pluginami<\/li>\n\n\n\n<li>U\u017cyj swap Google Fonts display<\/li>\n\n\n\n<li>DiagnoSEO Pro &#8211; u\u017cyj ustawie\u0144 dot. poprawy wydajno\u015bci<\/li>\n\n\n\n<li>Opcja \u201cDisable emoji\u201d &#8211; Wy\u0142\u0105cz emoji<\/li>\n\n\n\n<li>Opcja \u201cDisable asset query string\u201d &#8211; Wy\u0142\u0105cz \u201cquery string\u201d dla zasob\u00f3w statycznych<\/li>\n\n\n\n<li>Opcja \u201cRemove Gutenberg CSS library\u201d &#8211; Usu\u0144 bibliotek\u0119 CSS Gutenberg<\/li>\n\n\n\n<li>Opcja \u201cRemove comment-reply script\u201d &#8211; Usu\u0144 skrypt dot. odpowiedzi na komentarze<\/li>\n\n\n\n<li>Opcja \u201cRemove embed script\u201d &#8211; Usu\u0144 skrypt embed<\/li>\n\n\n\n<li>(Opcjonalnie) Wtyczka W3 Total Cache dla cache strony<\/li>\n\n\n\n<li>(Opcjonalnie) Leniwe \u0142adowanie obraz\u00f3w &#8211; zainstaluj a3 Lazy Load<\/li>\n<\/ol>\n<\/li>\n\n\n\n<li>Jak skonfigurowa\u0107 a3 Lazy Load?<\/li>\n\n\n\n<li>HTTPS &#8211; dlaczego i jak wdro\u017cy\u0107 najlepiej od samego pocz\u0105tku istnienia serwisu?\n<ul class=\"wp-block-list\">\n<li>Dlaczego HTTPS jest wa\u017cny?<\/li>\n\n\n\n<li>Jak wdro\u017cy\u0107 HTTPS?<\/li>\n\n\n\n<li>Dobre praktyki dot. HTTPS<\/li>\n<\/ul>\n<\/li>\n\n\n\n<li>Jakich b\u0142\u0119d\u00f3w unika\u0107 w celu zachowania wysokiej wydajno\u015bci w systemie WordPress?\n<ul class=\"wp-block-list\">\n<li>Unikaj nadmiaru wtyczek<\/li>\n\n\n\n<li>Nie wgrywaj obraz\u00f3w bez optymalizacji<\/li>\n\n\n\n<li>Unikaj wolnego hostingu<\/li>\n\n\n\n<li>Unikaj wolnych motyw\u00f3w<\/li>\n\n\n\n<li>Brak aktualizacji WordPress\u2019a, wtyczek i motyw\u00f3w<\/li>\n\n\n\n<li>Brak minifikacji CSS, JS oraz HTML<\/li>\n\n\n\n<li>Brak w\u0142\u0105czonych opcji dot. poprawy performance w pluginie DiagnoSEO Pro.<\/li>\n\n\n\n<li>Brak u\u017cycia CDN\u2019a<\/li>\n<\/ul>\n<\/li>\n\n\n\n<li>Jak przygotowywa\u0107 obrazki przed uploadowaniem do WordPress\u2019a?\n<ol class=\"wp-block-list\">\n<li>Wybierz odpowiedni format obrazu<\/li>\n\n\n\n<li>Kompresuj obrazy przed przes\u0142aniem<\/li>\n\n\n\n<li>Dostosuj rozmiar obraz\u00f3w<\/li>\n\n\n\n<li>Optymalizuj obrazy dla SEO<\/li>\n\n\n\n<li>Wykorzystaj CDN dla obraz\u00f3w<\/li>\n\n\n\n<li>Ustawienia WordPressa<\/li>\n<\/ol>\n<\/li>\n<\/ul>\n<\/li>\n\n\n\n<li>CloudFlare plugin do WordPress\u2019a\n<ul class=\"wp-block-list\">\n<li>Instalacja i konfiguracja pluginu CloudFlare w WordPressie<\/li>\n<\/ul>\n<\/li>\n\n\n\n<li>Jak dba\u0107 o bezpiecze\u0144stwo WordPress\u2019a?<\/li>\n\n\n\n<li>Jak wykry\u0107 w\u0142amanie do WordPress\u2019a<\/li>\n\n\n\n<li>Analityka strony na WordPressie\n<ul class=\"wp-block-list\">\n<li>Jakich darmowych rozwi\u0105za\u0144 u\u017cywa\u0107, by zmierzy\u0107 ruch na stronie?\n<ul class=\"wp-block-list\">\n<li>Google Search Console<\/li>\n\n\n\n<li>Google Analytics\n<ul class=\"wp-block-list\">\n<li>Instalacja Google Analytics przez Google Tag Manager&#8217;a<\/li>\n<\/ul>\n<\/li>\n<\/ul>\n<\/li>\n\n\n\n<li>Najlepsze darmowe i alternatywne do Google Analytics narz\u0119dzia do analityki internetowej\n<ul class=\"wp-block-list\">\n<li>Statcounter<\/li>\n\n\n\n<li>Clicky<\/li>\n<\/ul>\n<\/li>\n\n\n\n<li>Jak mierzy\u0107 liczb\u0119 klikni\u0119\u0107 w button w WordPressie?\n<ol class=\"wp-block-list\">\n<li>Zainstaluj wtyczk\u0119 Multi Builder<\/li>\n\n\n\n<li>Dodaj button z cz\u0119\u015bciowo ukrytym numerem telefonu<\/li>\n\n\n\n<li>Konfiguracja tekstu buttona<\/li>\n\n\n\n<li>Dodaj tracking class<\/li>\n\n\n\n<li>Skonfiguruj Google Tag Manager\n<ul class=\"wp-block-list\">\n<li>Krok 1<\/li>\n\n\n\n<li>Krok 2<\/li>\n\n\n\n<li>Krok 3<\/li>\n\n\n\n<li>Krok 4<\/li>\n<\/ul>\n<\/li>\n\n\n\n<li>Testuj i analizuj<\/li>\n<\/ol>\n<\/li>\n\n\n\n<li>Jak monitorowa\u0107 wiele domen i serwis\u00f3w WordPress?<\/li>\n\n\n\n<li>Jak sprawdza\u0107 wp\u0142yw UX na zachowania u\u017cytkownik\u00f3w?\n<ul class=\"wp-block-list\">\n<li>Nagrania sesji<\/li>\n\n\n\n<li>Mapy ciep\u0142a<\/li>\n\n\n\n<li>Ankiety na stronie<\/li>\n\n\n\n<li>Analiza formularzy<\/li>\n\n\n\n<li>Lejki konwersji<\/li>\n<\/ul>\n<\/li>\n\n\n\n<li>Tag meta referer &#8211; dlaczego, jak i gdzie go ustawi\u0107?\n<ul class=\"wp-block-list\">\n<li>Jakie s\u0105 mo\u017cliwe opcje zmiany tagu meta referrer?<\/li>\n\n\n\n<li>Dlaczego tag meta referer jest wa\u017cny?<\/li>\n<\/ul>\n<\/li>\n\n\n\n<li>Podstawy SEO zwi\u0105zane z WordPress\u2019em\n<ul class=\"wp-block-list\">\n<li>Dlaczego warto tworzy\u0107 podstrony \u201cO nas\u201d, \u201cKontakt\u201d i \u201cPolityka prywatno\u015bci\u201d?<\/li>\n\n\n\n<li>Gdzie umie\u015bci\u0107 linki do podstron \u201cO nas\u201d, \u201cKontakt\u201d i \u201cPolityka prywatno\u015bci\u201d?<\/li>\n<\/ul>\n<\/li>\n\n\n\n<li>Keyword placement &#8211; jak optymalizowa\u0107 stron\u0119 pod s\u0142owo kluczowe?<\/li>\n\n\n\n<li>Breadcrumbs &#8211; jak je wdro\u017cy\u0107?<\/li>\n\n\n\n<li>Wyr\u00f3\u017cnione linki &#8211; jak przekaza\u0107 wi\u0119cej mocy SEO do najwa\u017cniejszych URLi?<\/li>\n\n\n\n<li>Powi\u0105zane posty &#8211; jak w\u0142\u0105czy\u0107 wy\u015bwietlanie powi\u0105zanych post\u00f3w?<\/li>\n\n\n\n<li>Jak wdro\u017cy\u0107 linki do sherowania w social mediach?<\/li>\n\n\n\n<li>Spis tre\u015bci &#8211; jak i dlaczego warto go wdro\u017cy\u0107?<\/li>\n\n\n\n<li>Jak i kiedy wdro\u017cy\u0107 redirecty?<\/li>\n\n\n\n<li>Jak prawid\u0142owo tworzy\u0107 kategorie?<\/li>\n\n\n\n<li>Czy u\u017cywa\u0107 tag\u00f3w do SEO?<\/li>\n\n\n\n<li>Jak szybko zaindeksowa\u0107 stron\u0119?<\/li>\n\n\n\n<li>Jak szybko zaindeksowa\u0107 wiele stron?<\/li>\n\n\n\n<li>Atrybut alt &#8211; jak i dlaczego warto go uzupe\u0142ni\u0107?<\/li>\n\n\n\n<li>Jak poprawi\u0107 E-A-T strony na WordPressie?<\/li>\n\n\n\n<li>Jak znale\u017a\u0107 niedzia\u0142aj\u0105ce linki do strony?<\/li>\n\n\n\n<li>Jak monitorowa\u0107 s\u0142owa kluczowe?<\/li>\n\n\n\n<li>Jak tworzy\u0107 struktur\u0119 wykorzystuj\u0105c Strony (Pages)?<\/li>\n\n\n\n<li>Info o autorze &#8211; gdzie i dlaczego warto uzupe\u0142ni\u0107?<\/li>\n\n\n\n<li>Linki w footerze &#8211; jak je najlepiej wykorzysta\u0107 w SEO?<\/li>\n\n\n\n<li>Jak wyj\u015b\u0107 z kary po aktualizacji Google?<\/li>\n<\/ul>\n<\/li>\n\n\n\n<li>Sitemapy w WordPressie\n<ul class=\"wp-block-list\">\n<li>Dlaczego i jak warto zmieni\u0107 nazw\u0119 domy\u015blnego pliku sitemapy?\n<ul class=\"wp-block-list\">\n<li>Jak zmieni\u0107 nazw\u0119 domy\u015blnego pliku sitemapy?<\/li>\n<\/ul>\n<\/li>\n\n\n\n<li>Jak zg\u0142osi\u0107 sitemap\u0119 do Google Search Console?<\/li>\n\n\n\n<li>Sitemapa HTML &#8211; jak doda\u0107 sitemap\u0119 HTML i sk\u0105d do niej linkowa\u0107?\n<ul class=\"wp-block-list\">\n<li>Jak doda\u0107 sitemap\u0119 HTML?<\/li>\n\n\n\n<li>Sk\u0105d linkowa\u0107 do sitemapy HTML?<\/li>\n\n\n\n<li>Dlaczego warto doda\u0107 sitemap\u0119 HTML?<\/li>\n<\/ul>\n<\/li>\n<\/ul>\n<\/li>\n\n\n\n<li>Schema i rich snippet w WordPressie\n<ul class=\"wp-block-list\">\n<li>Schema dla r\u00f3\u017cnych typ\u00f3w post\u00f3w\n<ul class=\"wp-block-list\">\n<li>FAQ Schema<\/li>\n\n\n\n<li>Breadcrumbs schema<\/li>\n\n\n\n<li>reviewedBy schema &#8211; jak j\u0105 zaimplementowa\u0107 w WordPressi\u2019e w prosty spos\u00f3b?<\/li>\n\n\n\n<li>Same as schema w social mediach<\/li>\n\n\n\n<li>FAQ w bloku Toggle z implementacj\u0105 schema.org<\/li>\n\n\n\n<li>Post ratings &#8211; jak wdro\u017cy\u0107 oceny post\u00f3w<\/li>\n<\/ul>\n<\/li>\n<\/ul>\n<\/li>\n\n\n\n<li>AI w WordPressie\n<ul class=\"wp-block-list\">\n<li>Generator komentarzy &#8211; jak go u\u017cywa\u0107?<\/li>\n\n\n\n<li>Generator zajawki &#8211; jak go u\u017cywa\u0107?<\/li>\n\n\n\n<li>Generator meta danych &#8211; jak go u\u017cywa\u0107?<\/li>\n<\/ul>\n<\/li>\n\n\n\n<li>Szablon do WordPress\u2019a\n<ul class=\"wp-block-list\">\n<li>Jak wybra\u0107 najlepszy szablon SEO?<\/li>\n\n\n\n<li>Jakie featury szablonu SEO warto wykorzysta\u0107?\n<ul class=\"wp-block-list\">\n<li>Latest, Featured, related posts<\/li>\n\n\n\n<li>Wsparcie dla wy\u015bwietlania tekst\u00f3w na stronach kategorii<\/li>\n\n\n\n<li>\u201cNast\u0119pny\u201d i \u201cPoprzedni\u201d post poza tre\u015bci\u0105 anchor textu<\/li>\n\n\n\n<li>Kontekstowe linki \u201cNast\u0119pny\u201d i \u201cPoprzedni\u201d<\/li>\n\n\n\n<li>Ukrycie link\u00f3w social media przed botami, aby nie traci\u0107 link juice<\/li>\n<\/ul>\n<\/li>\n\n\n\n<li>Jakie featury do poprawy UX warto wykorzysta\u0107?<\/li>\n\n\n\n<li>Jak zoptymalizowa\u0107 stron\u0119 pod Adsense?<\/li>\n<\/ul>\n<\/li>\n\n\n\n<li>Tworzenie tre\u015bci na WordPress\u2019owego bloga\n<ul class=\"wp-block-list\">\n<li>Jak znale\u017a\u0107 tematy na posty na bloga?<\/li>\n\n\n\n<li>Jakiej d\u0142ugo\u015bci powinien by\u0107 post?<\/li>\n\n\n\n<li>Jak stworzy\u0107 perfekcyjny post do WordPress\u2019a przy pomocy AI?<\/li>\n\n\n\n<li>Jak tworzy\u0107 artyku\u0142y na masow\u0105 skal\u0119 przy pomocy AI?<\/li>\n\n\n\n<li>Jak odkry\u0107 jakich s\u0142\u00f3w nale\u017cy u\u017cy\u0107 w tre\u015bci strony?<\/li>\n\n\n\n<li>Jak poprawi\u0107 czytelno\u015b\u0107 i UX artyku\u0142u?<\/li>\n\n\n\n<li>Intro w artykule &#8211; dlaczego warto wdro\u017cy\u0107 je jako osobne pole tekstowe?<\/li>\n\n\n\n<li>Jak zach\u0119ci\u0107 u\u017cytkownik\u00f3w, aby dodawali komentarz pod postem?<\/li>\n\n\n\n<li>Dlaczego zdania powinny by\u0107 kr\u00f3tsze ni\u017c 20 s\u0142\u00f3w?<\/li>\n\n\n\n<li>Kiedy u\u017cywa\u0107 bold\u00f3w?<\/li>\n\n\n\n<li>Jak cz\u0119sto u\u017cywa\u0107 podtytu\u0142\u00f3w w tre\u015bci artyku\u0142u dla najlepszego UX?<\/li>\n\n\n\n<li>Jakiej d\u0142ugo\u015bci powinny by\u0107 akapity dla najlepszego UX?<\/li>\n\n\n\n<li>Jak wygenerowa\u0107 obrazek do posta wykorzystuj\u0105c AI?<\/li>\n<\/ul>\n<\/li>\n\n\n\n<li>SEO w WooCommerce\n<ul class=\"wp-block-list\">\n<li>Jak zoptymalizowa\u0107 metatagi WooCommerce?<\/li>\n\n\n\n<li>System kategorii SEO<\/li>\n\n\n\n<li>Jak i gdzie umieszcza\u0107 teksty SEO?<\/li>\n\n\n\n<li>Jak wzmacnia\u0107 linkowanie g\u0142\u00f3wnych kategorii lub produkty?<\/li>\n\n\n\n<li>Jak usprawni\u0107 URLe do kategorii?<\/li>\n\n\n\n<li>Dodawanie komentarzy z opiniami z wykorzystaniem AI<\/li>\n<\/ul>\n<\/li>\n\n\n\n<li>Lokalne SEO w WordPressie\n<ul class=\"wp-block-list\">\n<li>Jak zrobi\u0107, aby \u201cMap marker\u201d linkowa\u0142 do wizyt\u00f3wki na Google Maps<\/li>\n\n\n\n<li>Schema do Google Knowledge Graph<\/li>\n\n\n\n<li>Pozyskiwanie link\u00f3w do witryny (Off-page SEO)\n<ul class=\"wp-block-list\">\n<li>Jakie linki obecnie najlepiej dzia\u0142aj\u0105?<\/li>\n\n\n\n<li>Gdzie w \u0142atwy spos\u00f3b pozyskiwa\u0107 linki?<\/li>\n\n\n\n<li>Jak wybra\u0107 tematyk\u0119 artyku\u0142u?<\/li>\n\n\n\n<li>Jak analizowa\u0107 domen\u0119 czy warto pozyska\u0107 na niej link?<\/li>\n\n\n\n<li>Jak dywersyfikowa\u0107 anchor text w linkach zewn\u0119trznych?<\/li>\n\n\n\n<li>Gdzie najlepiej umieszcza\u0107 link w tre\u015bci artyku\u0142u?<\/li>\n\n\n\n<li>Jakich serwis\u00f3w unika\u0107?<\/li>\n<\/ul>\n<\/li>\n\n\n\n<li>Profile do medi\u00f3w spo\u0142eczno\u015bciowych &#8211; dlaczego warto je za\u0142o\u017cy\u0107?<\/li>\n<\/ul>\n<\/li>\n\n\n\n<li>Wieloj\u0119zyczne SEO w WordPressie\n<ul class=\"wp-block-list\">\n<li>Wersja j\u0119zykowa w podkatalogu, subdomenie, czy osobna domena?\n<ol class=\"wp-block-list\">\n<li>Podkatalogi (np. example.com\/pl\/)<\/li>\n\n\n\n<li>Subdomeny (np. pl.example.com)<\/li>\n\n\n\n<li>Osobne domeny (np. example.pl, example.fr)<\/li>\n<\/ol>\n<\/li>\n\n\n\n<li>Hreflang\n<ul class=\"wp-block-list\">\n<li>Co to jest hreflang?<\/li>\n\n\n\n<li>Jak zaimplementowa\u0107 w systemie WordPress?<\/li>\n<\/ul>\n<\/li>\n\n\n\n<li>X-default &#8211; co to jest jak i dlaczego warto wdro\u017cy\u0107 w WordPressie?\n<ul class=\"wp-block-list\">\n<li>X-default &#8211; co to jest?<\/li>\n\n\n\n<li>Dlaczego warto wdro\u017cy\u0107?<\/li>\n\n\n\n<li>Jak\u0105 wersj\u0119 j\u0119zykow\u0105 ustawi\u0107 jako x-default?<\/li>\n\n\n\n<li>Jak wdro\u017cy\u0107 w WordPressie?<\/li>\n<\/ul>\n<\/li>\n\n\n\n<li>Popularne pluginy do tworzenia wersji j\u0119zykowych\n<ul class=\"wp-block-list\">\n<li>WPML (WordPress Multilingual Plugin)<\/li>\n\n\n\n<li>Polylang<\/li>\n<\/ul>\n<\/li>\n\n\n\n<li>Podsumowanie<\/li>\n<\/ul>\n<\/li>\n\n\n\n<li>UX w WordPressie\n<ul class=\"wp-block-list\">\n<li>Jak poprawi\u0107 konwersje?<\/li>\n\n\n\n<li>Jak poprawi\u0107 UX na stronie?\n<ul class=\"wp-block-list\">\n<li>Responsywna strona<\/li>\n\n\n\n<li>Sticky header<\/li>\n\n\n\n<li>Progress bar<\/li>\n\n\n\n<li>Sticky widget<\/li>\n\n\n\n<li>Sticky social sharing icons<\/li>\n\n\n\n<li>Kolory, kt\u00f3re konwertuj\u0105 najlepiej<\/li>\n\n\n\n<li>Przyklejone linki \u201cPoprzedni\u201d i \u201cNast\u0119pny\u201d<\/li>\n\n\n\n<li>Optymalizacja pod Adsense<\/li>\n<\/ul>\n<\/li>\n<\/ul>\n<\/li>\n\n\n\n<li>Zaawansowane SEO w WordPressie\n<ul class=\"wp-block-list\">\n<li>Deeplink hider &#8211; jak ukrywa\u0107 linki afiliacyjne bez u\u017cycia nofollow lub sponsored?<\/li>\n\n\n\n<li>DiagnoSEO Categories Widget &#8211; jak wykorzysta\u0107 SEO friendly system kategorii?<\/li>\n\n\n\n<li>Jak dywersyfikowa\u0107 anchor texty w WordPressie i poprawi\u0107 UX?<\/li>\n\n\n\n<li>Jak wykona\u0107 p\u00f3\u0142automatyczne linkowanie wewn\u0119trzne w WordPressie?<\/li>\n\n\n\n<li>Jak doda\u0107 nofollow do wszystkich link\u00f3w zewn\u0119trznych w WordPressie?<\/li>\n\n\n\n<li>Jak wykona\u0107 audyt strony w poszukiwaniu usprawnie\u0144?<\/li>\n\n\n\n<li>Jak wykona\u0107 analiz\u0119 konkurencji SEO dla danego s\u0142owa kluczowego?<\/li>\n\n\n\n<li>Narz\u0119dzia SEO pomocne w pozycjonowaniu strony na WordPressie<\/li>\n<\/ul>\n<\/li>\n<\/ul>\n\n\n\n<h2 class=\"wp-block-heading\">Jak kupi\u0107 i otrzyma\u0107 dost\u0119p do kursu?<\/h2>\n\n\n\n<p>Kurs obecnie jest darmowy.<\/p>\n","protected":false},"excerpt":{"rendered":"<p>Wst\u0119p do kursu Cze\u015b\u0107! E-book, kt\u00f3ry w\u0142a\u015bnie czytasz powsta\u0142 na bazie ponad 15-lat do\u015bwiadcze\u0144 w SEO. By\u0142y to do\u015bwiadczenia od startup\u00f3w do najwi\u0119kszych \u015bwiatowych marek i najwi\u0119kszych europejskich e-commerc\u00f3w. Celem tego poradnika jest, aby przekaza\u0107 Ci wszelk\u0105 i konkretn\u0105 wiedz\u0119 zwi\u0105zan\u0105 z SEO w WordPressie w prosty spos\u00f3b. Konkretnie, bez lania wody i zb\u0119dnej teorii.<\/p>\n","protected":false},"author":1,"featured_media":0,"parent":0,"menu_order":0,"comment_status":"closed","ping_status":"closed","template":"","meta":{"diagnoseo_postlist_title":"Kurs SEO WordPress","diagnoseo_comment_language":"","diagnoseo_meta_keyword":"","diagnoseo_meta_additional_keywords":"","diagnoseo_meta_language":"","diagnoseo_meta_title":"Kurs SEO WordPress - najbardziej kompletny i aktualny e-book","diagnoseo_meta_description":"Najbardziej kompletny i aktualny kurs SEO dla platformy WordPress. E-book stworzony przez praktyka z ponad dekad\u0105 do\u015bwiadcze\u0144 w SEO i WordPress'ie.","diagnoseo_check_result":"","diagnoseo_og_image":"","inline_featured_image":false,"footnotes":""},"class_list":["post-4125","page","type-page","status-publish","hentry"],"_links":{"self":[{"href":"https:\/\/diagnoseo.com\/pl\/wp-json\/wp\/v2\/pages\/4125","targetHints":{"allow":["GET"]}}],"collection":[{"href":"https:\/\/diagnoseo.com\/pl\/wp-json\/wp\/v2\/pages"}],"about":[{"href":"https:\/\/diagnoseo.com\/pl\/wp-json\/wp\/v2\/types\/page"}],"author":[{"embeddable":true,"href":"https:\/\/diagnoseo.com\/pl\/wp-json\/wp\/v2\/users\/1"}],"replies":[{"embeddable":true,"href":"https:\/\/diagnoseo.com\/pl\/wp-json\/wp\/v2\/comments?post=4125"}],"version-history":[{"count":2,"href":"https:\/\/diagnoseo.com\/pl\/wp-json\/wp\/v2\/pages\/4125\/revisions"}],"predecessor-version":[{"id":5979,"href":"https:\/\/diagnoseo.com\/pl\/wp-json\/wp\/v2\/pages\/4125\/revisions\/5979"}],"wp:attachment":[{"href":"https:\/\/diagnoseo.com\/pl\/wp-json\/wp\/v2\/media?parent=4125"}],"curies":[{"name":"wp","href":"https:\/\/api.w.org\/{rel}","templated":true}]}}