{"id":4066,"date":"2024-08-02T17:47:13","date_gmt":"2024-08-02T17:47:13","guid":{"rendered":"https:\/\/diagnoseo.com\/?page_id=4066"},"modified":"2025-11-03T08:36:15","modified_gmt":"2025-11-03T08:36:15","slug":"humanizator-ai","status":"publish","type":"page","link":"https:\/\/diagnoseo.com\/pl\/humanizator-ai\/","title":{"rendered":"Humanizator AI &#8211; Humanizer &#8211; darmowe narz\u0119dzie online &#8211; zmie\u0144 tekst na ludzki"},"content":{"rendered":"\n<iframe id=\"humanize-ai\" title=\"Humanizer AI - darmowe narz\u0119dzie online do humanizacji tekstu\" allowfullscreen=\"\" src=\"https:\/\/app.diagnoseo.com\/pl\/tools\/humanize-ai\/?iframe=1\" class=\"flexible-iframe\" scrolling=\"yes\" frameborder=\"0\" data-hj-allow-iframe=\"\" style=\"min-height: 946px;\"><\/iframe>\n\n\n<div class=\"mb-columns mb-columns-1   \">\n<div class=\"mb-col mb-col4 mb-col-1   bg-repeat\">\n<div class=\"mb-icon-box mb-icon-box-1 text-align-center has-image pos-left icon-pos-top\" data-animation-type=\"fadeInUp\" data-animation-delay=\"0.1\"><div class=\"mb-icon-box-picture\"><span class=\"img-border\"><img loading=\"lazy\" decoding=\"async\" src=\"https:\/\/diagnoseo.com\/img\/v-icon-01.svg\" class=\"mb-icon-box-image\" alt=\"Check - ikona\" width=\"23\" height=\"18\"><\/span><\/div><div class=\"mb-icon-box-content\">\n<h3 class=\"mb-headline mb-headline-1 \">Omi\u0144 detektory AI<\/h3>\n\n<p class=\"mb-text-block mb-text-block-2  text-transform-none pos-center\">Upewnij si\u0119, \u017ce tre\u015bci AI pozostaj\u0105 niewykryte, autentyczne i przyjazne dla u\u017cytkownika.<\/p>\n<\/div><\/div>\n<\/div>\n\n<div class=\"mb-col mb-col4 mb-col-2   bg-repeat\">\n<div class=\"mb-icon-box mb-icon-box-2 text-align-center has-image pos-left icon-pos-top\" data-animation-type=\"fadeInUp\" data-animation-delay=\"0.2\"><div class=\"mb-icon-box-picture\"><span class=\"img-border\"><img loading=\"lazy\" decoding=\"async\" src=\"https:\/\/diagnoseo.com\/img\/v-icon-01.svg\" class=\"mb-icon-box-image\" alt=\"Check - ikona\" width=\"23\" height=\"18\"><\/span><\/div><div class=\"mb-icon-box-content\">\n<h3 class=\"mb-headline mb-headline-3 \">Popraw czytelno\u015b\u0107 tekstu<\/h3>\n\n<p class=\"mb-text-block mb-text-block-4  text-transform-none pos-center\">Popraw czytelno\u015b\u0107 i zaanga\u017cowanie u\u017cytkownik\u00f3w w Twoje tre\u015bci.<\/p>\n<\/div><\/div>\n<\/div>\n\n<div class=\"mb-col mb-col4 mb-col-3   bg-repeat\">\n<div class=\"mb-icon-box mb-icon-box-3 text-align-center has-image pos-left icon-pos-top\" data-animation-type=\"fadeInUp\" data-animation-delay=\"0.3\"><div class=\"mb-icon-box-picture\"><span class=\"img-border\"><img loading=\"lazy\" decoding=\"async\" src=\"https:\/\/diagnoseo.com\/img\/v-icon-01.svg\" class=\"mb-icon-box-image\" alt=\"Check - ikona\" width=\"23\" height=\"18\"><\/span><\/div><div class=\"mb-icon-box-content\">\n<h3 class=\"mb-headline mb-headline-5 \">Dodaj konwersacyjny ton<\/h3>\n\n<p class=\"mb-text-block mb-text-block-6  text-transform-none pos-center\">U\u017cywaj konwersacyjnego tonu, aby przyci\u0105gn\u0105\u0107 i zaanga\u017cowa\u0107 odbiorc\u00f3w.<\/p>\n<\/div><\/div>\n<\/div>\n\n<div class=\"mb-col mb-col4 mb-col-4   bg-repeat\">\n<div class=\"mb-icon-box mb-icon-box-4 text-align-center has-image pos-left icon-pos-top\" data-animation-type=\"fadeInUp\" data-animation-delay=\"0.4\"><div class=\"mb-icon-box-picture\"><span class=\"img-border\"><img loading=\"lazy\" decoding=\"async\" src=\"https:\/\/diagnoseo.com\/img\/v-icon-01.svg\" class=\"mb-icon-box-image\" alt=\"Check - ikona\" width=\"22\" height=\"18\"><\/span><\/div><div class=\"mb-icon-box-content\">\n<h3 class=\"mb-headline mb-headline-7 \">Popraw SEO<\/h3>\n\n<p class=\"mb-text-block mb-text-block-8  text-transform-none pos-center\">Popraw teksty pod k\u0105tem SEO, aby uzyska\u0107 lepsze pozycje w SERPach i unikn\u0105\u0107 kar.<\/p>\n<\/div><\/div>\n<\/div>\n<\/div>\n\n\n<h2 class=\"wp-block-heading\">Humanizator tekstu AI (humanizer) &#8211; narz\u0119dzie do usuwania wykrywania AI<\/h2>\n\n\n\n<p><strong>Humanizator tekstu AI<\/strong> (ang. <em>humanizer AI<\/em>) mo\u017ce zmieni\u0107 teksty tworzone przy pomocy sztucznej inteligencji na bardziej naturalne. Po humanizacji tekstu narz\u0119dzia do wykrywania tekst\u00f3w generowanych przez sztuczn\u0105 inteligencj\u0105 b\u0119d\u0105 wykrywa\u0142y tekst jako napisany przez cz\u0142owieka (ang. <em>human written<\/em>).<\/p>\n\n\n\n<ul class=\"wp-block-list\">\n<li>Humanizator AI usuwa mo\u017cliwo\u015b\u0107 wykrycia u\u017cycia AI w tek\u015bcie.<\/li>\n\n\n\n<li>Humanizator tekstu AI zmienia teksty AI na bardziej <strong>naturalne<\/strong> i <strong>ludzkie<\/strong>.<\/li>\n\n\n\n<li>To narz\u0119dzie jest <strong>niezast\u0105pione<\/strong> w marketingu i SEO, zwi\u0119kszaj\u0105c <strong>unikalno\u015b\u0107<\/strong> i <strong>profesjonalizm<\/strong> tre\u015bci.<\/li>\n\n\n\n<li>Szybko przetwarza teksty, oszcz\u0119dzaj\u0105c czas i <strong>podnosz\u0105c produktywno\u015b\u0107<\/strong>.<\/li>\n<\/ul>\n\n\n\n<h2 class=\"wp-block-heading\">Jak dzia\u0142a humanizator (humanizer) tekstu AI: mechanizmy i algorytmy<\/h2>\n\n\n\n<p>Humanizator tekstu AI dzia\u0142a wykorzystuj\u0105c najbardziej zaawansowane algorytmy przetwarzania j\u0119zyka naturalnego (<strong>NLP<\/strong>) oraz uczenia maszynowego (<strong>ML<\/strong>). Najpierw przesy\u0142asz tekst AI do narz\u0119dzia. Mo\u017cesz to zrobi\u0107, wklejaj\u0105c tekst bezpo\u015brednio lub przesy\u0142aj\u0105c pliki w formatach pdf, docx, txt. Wersja darmowa obs\u0142uguje do 5000 znak\u00f3w, ale wersje premium oferuj\u0105 wi\u0119ksze limity.<\/p>\n\n\n\n<p>Nast\u0119pnie narz\u0119dzie analizuje tre\u015b\u0107 za pomoc\u0105 technologii NLP i ML. Dzi\u0119ki temu przekszta\u0142ca tekst w spos\u00f3b naturalny i p\u0142ynny. Ca\u0142y proces ma na celu uczynienie tekstu bardziej ludzkim i trudnym do wykrycia przez detektory AI, takie jak ZeroGPT. Po przetworzeniu mo\u017cesz przejrze\u0107 i pobra\u0107 humanizowany tekst w r\u00f3\u017cnych formatach, takich jak docx, pdf, txt.<\/p>\n\n\n\n<p>Humanizator tekstu AI oferuje wiele korzy\u015bci. Przede wszystkim humanizowane tre\u015bci s\u0105 niewykrywalne przez detektory AI. Tekst jest r\u00f3wnie\u017c wolny od liter\u00f3wek, b\u0142\u0119d\u00f3w gramatycznych i interpunkcyjnych. Oryginalny kontekst i przekaz s\u0105 zachowane, mimo \u017ce tre\u015b\u0107 jest przekszta\u0142cana w bardziej ludzki ton. Dzi\u0119ki szybkiemu przetwarzaniu tekstu narz\u0119dzie oszcz\u0119dza czas u\u017cytkownik\u00f3w, zwi\u0119kszaj\u0105c ich produktywno\u015b\u0107.<\/p>\n\n\n\n<h2 class=\"wp-block-heading\">Zalety u\u017cywania humanizatora tekstu AI w marketingu<\/h2>\n\n\n\n<p>Korzystanie z <strong>humanizatora tekstu AI<\/strong> w marketingu przynosi wiele korzy\u015bci. Przede wszystkim, <strong>niewykrywalno\u015b\u0107 przez detektory AI<\/strong> pozwala unikn\u0105\u0107 problem\u00f3w z narz\u0119dziami wykrywaj\u0105cymi automatycznie generowane tre\u015bci, takimi jak ZeroGPT. Dzi\u0119ki temu Twoje tre\u015bci b\u0119d\u0105 wygl\u0105da\u0107 bardziej autentycznie, co zwi\u0119ksza zaufanie odbiorc\u00f3w. Narz\u0119dzie szybko przetwarza tekst, co oszcz\u0119dza czas i podnosi produktywno\u015b\u0107.<\/p>\n\n\n\n<p>Kolejn\u0105 zalet\u0105 jest <strong>poprawa jako\u015bci tre\u015bci<\/strong>. Humanizator tekstu AI usuwa liter\u00f3wki, b\u0142\u0119dy gramatyczne i interpunkcyjne, co sprawia, \u017ce teksty s\u0105 bardziej czytelne i profesjonalne. Zachowuje r\u00f3wnie\u017c oryginalny kontekst i przekaz, dzi\u0119ki czemu Tw\u00f3j marketingowy przekaz pozostaje sp\u00f3jny. To wszystko razem sprawia, \u017ce tre\u015bci s\u0105 bardziej anga\u017cuj\u0105ce i efektywne.<\/p>\n\n\n\n<p>Wreszcie, humanizowane teksty mog\u0105 znacznie zwi\u0119kszy\u0107 <strong>konwersj\u0119<\/strong>. Naturalnie brzmi\u0105ce tre\u015bci lepiej anga\u017cuj\u0105 emocjonalnie czytelnik\u00f3w, co prowadzi do wi\u0119kszego zaanga\u017cowania i lojalno\u015bci. Tre\u015bci, kt\u00f3re s\u0105 bardziej przyjazne dla u\u017cytkownika, pomagaj\u0105 r\u00f3wnie\u017c w budowaniu zaufania do marki. Dzi\u0119ki humanizatorowi tekstu AI, Twoje kampanie marketingowe b\u0119d\u0105 bardziej skuteczne i przynios\u0105 lepsze rezultaty.<\/p>\n\n\n\n<h2 class=\"wp-block-heading\">Przysz\u0142o\u015b\u0107 humanizatora tekstu ai: innowacje i wyzwania<\/h2>\n\n\n\n<p>Patrz\u0105c w przysz\u0142o\u015b\u0107, humanizatory tekstu AI staj\u0105 si\u0119 coraz bardziej zaawansowane. <strong>Innowacje<\/strong> w dziedzinie przetwarzania j\u0119zyka naturalnego (NLP) i uczenia maszynowego (ML) pozwalaj\u0105 na przekszta\u0142canie tekstu w spos\u00f3b, kt\u00f3ry jest nie tylko bardziej ludzki, ale r\u00f3wnie\u017c trudniejszy do wykrycia przez detektory AI. Tw\u00f3rcy tre\u015bci mog\u0105 wi\u0119c spodziewa\u0107 si\u0119 jeszcze wi\u0119kszej <strong>niewykrywalno\u015bci<\/strong> swoich tekst\u00f3w, co jest kluczowe dla unikania kar od wyszukiwarek i zwi\u0119kszenia zaanga\u017cowania czytelnik\u00f3w.<\/p>\n\n\n\n<p>Jednak wraz z post\u0119pem technologicznym pojawiaj\u0105 si\u0119 tak\u017ce <strong>wyzwania<\/strong>. Jednym z g\u0142\u00f3wnych problem\u00f3w jest utrzymanie oryginalnego <strong>kontekstu<\/strong> i znaczenia tekstu podczas jego przekszta\u0142cania. Mimo zaawansowanych algorytm\u00f3w, istnieje ryzyko, \u017ce przetworzony tekst mo\u017ce straci\u0107 pewne niuanse, kt\u00f3re by\u0142y istotne w oryginalnym przekazie. Dlatego tw\u00f3rcy narz\u0119dzi musz\u0105 stale udoskonala\u0107 swoje technologie, aby minimalizowa\u0107 te ryzyka.<\/p>\n\n\n\n<p>R\u00f3wnie\u017c kwestie etyczne i prawne zwi\u0105zane z u\u017cywaniem humanizator\u00f3w tekstu AI zaczynaj\u0105 odgrywa\u0107 coraz wi\u0119ksz\u0105 rol\u0119. W miar\u0119 jak narz\u0119dzia staj\u0105 si\u0119 bardziej efektywne w <strong>omijaniu detektor\u00f3w<\/strong>, pojawiaj\u0105 si\u0119 pytania o uczciwo\u015b\u0107 i przejrzysto\u015b\u0107 w komunikacji. Czy tw\u00f3rcy tre\u015bci powinni informowa\u0107 o u\u017cyciu AI, czy te\u017c mog\u0105 zatai\u0107 ten fakt, korzystaj\u0105c z zaawansowanych narz\u0119dzi humanizuj\u0105cych? To dylematy, kt\u00f3re tw\u00f3rcy i u\u017cytkownicy musz\u0105 rozwa\u017cy\u0107, patrz\u0105c w przysz\u0142o\u015b\u0107 humanizator\u00f3w tekstu AI.<\/p>\n\n\n\n<h2 class=\"wp-block-heading\">Praktyczne zastosowania humanizatora tekstu AI w codziennym \u017cyciu<\/h2>\n\n\n\n<p>Je\u015bli cz\u0119sto tworzysz tre\u015bci, na pewno docenisz mo\u017cliwo\u015bci, jakie daje humanizator tekstu AI. Narz\u0119dzie to przekszta\u0142ca teksty generowane przez sztuczn\u0105 inteligencj\u0119, sprawiaj\u0105c, \u017ce brzmi\u0105 one bardziej naturalnie i ludzko. Dzi\u0119ki temu Twoje artyku\u0142y, posty w mediach spo\u0142eczno\u015bciowych czy opisy produkt\u00f3w staj\u0105 si\u0119 bardziej przyst\u0119pne i anga\u017cuj\u0105ce. Wyobra\u017a sobie, \u017ce tworzysz bloga i chcesz, by Twoje wpisy by\u0142y nie tylko informacyjne, ale te\u017c przyjazne i \u0142atwe do czytania \u2013 w\u0142a\u015bnie wtedy humanizator staje si\u0119 nieoceniony.<\/p>\n\n\n\n<p>Korzystanie z humanizatora tekstu AI jest szczeg\u00f3lnie przydatne dla os\u00f3b pracuj\u0105cych w <strong>marketingu i SEO<\/strong>. Narz\u0119dzie to pomaga tworzy\u0107 tre\u015bci, kt\u00f3re s\u0105 trudne do wykrycia przez systemy detekcji AI, takie jak ZeroGPT. Dzi\u0119ki temu Twoje teksty staj\u0105 si\u0119 bardziej unikalne i oryginalne, co przek\u0142ada si\u0119 na lepsze wyniki w wyszukiwarkach. Ponadto, humanizowane tre\u015bci s\u0105 wolne od liter\u00f3wek, b\u0142\u0119d\u00f3w gramatycznych i interpunkcyjnych, co sprawia, \u017ce wygl\u0105daj\u0105 profesjonalnie i zwi\u0119kszaj\u0105 zaufanie odbiorc\u00f3w.<\/p>\n\n\n\n<p>Nie zapominaj te\u017c o oszcz\u0119dno\u015bci czasu. Humanizator tekstu AI przetwarza teksty szybko i sprawnie, co pozwala Ci skupi\u0107 si\u0119 na innych wa\u017cnych zadaniach. Narz\u0119dzie to jest wszechstronne \u2013 obs\u0142uguje r\u00f3\u017cne formaty plik\u00f3w i typy tre\u015bci, od dokument\u00f3w biznesowych po kreatywne pisanie. Dzi\u0119ki temu mo\u017cesz efektywnie zarz\u0105dza\u0107 swoj\u0105 prac\u0105, zwi\u0119kszaj\u0105c jednocze\u015bnie jako\u015b\u0107 i czytelno\u015b\u0107 swoich tekst\u00f3w.<\/p>\n\n\n\n<h2 class=\"wp-block-heading\">Czy wiesz, \u017ce&#8230;<\/h2>\n\n\n\n<p>Czy wiedzia\u0142e\u015b, \u017ce humanizator tekstu AI od DiagnoSEO mo\u017ce nie tylko uczyni\u0107 Twoje teksty bardziej ludzkimi, ale tak\u017ce poprawi\u0107 ich czytelno\u015b\u0107? Dzi\u0119ki zaawansowanym algorytmom, narz\u0119dzie to automatycznie usuwa liter\u00f3wki, b\u0142\u0119dy gramatyczne i interpunkcyjne, sprawiaj\u0105c, \u017ce Twoje tre\u015bci staj\u0105 si\u0119 bardziej profesjonalne i przyjazne dla odbiorc\u00f3w.<\/p>\n\n\n\n<h2 class=\"wp-block-heading\">Cz\u0119sto zadawane pytania<\/h2>\n\n\n<div class=\"diagnoseo-faq diagnoseo-faq-1 \" itemscope itemtype=\"https:\/\/schema.org\/FAQPage\">\n<div class=\"diagnoseo-faq-item diagnoseo-faq-item-1 \" itemprop=\"mainEntity\" itemscope itemtype=\"https:\/\/schema.org\/Question\"><h3 itemprop=\"name\" class=\"diagnoseo-faq-question\">Co to jest humanizator tekstu AI lub humanizer?<\/h3><div itemprop=\"acceptedAnswer\" itemscope itemtype=\"https:\/\/schema.org\/Answer\" class=\"diagnoseo\"><p class=\"diagnoseo-faq-answer\" itemprop=\"text\">Humanizator tekstu AI lub humanizer to narz\u0119dzie, kt\u00f3re przekszta\u0142ca tekst generowany przez sztuczn\u0105 inteligencj\u0119, aby brzmia\u0142 bardziej naturalnie i ludzko.<\/p><\/div><\/div>\n\n<div class=\"diagnoseo-faq-item diagnoseo-faq-item-2 \" itemprop=\"mainEntity\" itemscope itemtype=\"https:\/\/schema.org\/Question\"><h3 itemprop=\"name\" class=\"diagnoseo-faq-question\">Jakie s\u0105 zalety korzystania z humanizatora tekstu AI?<\/h3><div itemprop=\"acceptedAnswer\" itemscope itemtype=\"https:\/\/schema.org\/Answer\" class=\"diagnoseo\"><p class=\"diagnoseo-faq-answer\" itemprop=\"text\">Humanizator tekstu AI sprawia, \u017ce teksty s\u0105 bardziej przyst\u0119pne i zrozumia\u0142e, co mo\u017ce zwi\u0119kszy\u0107 ich skuteczno\u015b\u0107 i atrakcyjno\u015b\u0107.<\/p><\/div><\/div>\n\n<div class=\"diagnoseo-faq-item diagnoseo-faq-item-3 \" itemprop=\"mainEntity\" itemscope itemtype=\"https:\/\/schema.org\/Question\"><h3 itemprop=\"name\" class=\"diagnoseo-faq-question\">Czy humanizator tekstu AI jest trudny w u\u017cyciu?<\/h3><div itemprop=\"acceptedAnswer\" itemscope itemtype=\"https:\/\/schema.org\/Answer\" class=\"diagnoseo\"><p class=\"diagnoseo-faq-answer\" itemprop=\"text\">Nie, wi\u0119kszo\u015b\u0107 humanizator\u00f3w tekstu AI jest zaprojektowana tak, aby by\u0142a \u0142atwa w u\u017cyciu, nawet dla os\u00f3b bez zaawansowanej wiedzy technicznej. W narz\u0119dziu DiagnoSEO mo\u017cesz humanizowa\u0107 tekst AI jednym klikni\u0119ciem w przycisk.<\/p><\/div><\/div>\n\n<div class=\"diagnoseo-faq-item diagnoseo-faq-item-4 \" itemprop=\"mainEntity\" itemscope itemtype=\"https:\/\/schema.org\/Question\"><h3 itemprop=\"name\" class=\"diagnoseo-faq-question\">Czy humanizator tekstu AI mo\u017ce poprawi\u0107 SEO?<\/h3><div itemprop=\"acceptedAnswer\" itemscope itemtype=\"https:\/\/schema.org\/Answer\" class=\"diagnoseo\"><p class=\"diagnoseo-faq-answer\" itemprop=\"text\">Tak, bardziej naturalne i ludzkie teksty mog\u0105 poprawi\u0107 SEO, poniewa\u017c s\u0105 lepiej oceniane przez algorytmy wyszukiwarek. Mo\u017cesz te\u017c dzi\u0119ki temu omin\u0105\u0107 ewentualne kary za tekst wygenerowany przez AI. Wykrywanie tekstu AI po humanizacji jest bardzo utrudnione.<\/p><\/div><\/div>\n\n<div class=\"diagnoseo-faq-item diagnoseo-faq-item-5 \" itemprop=\"mainEntity\" itemscope itemtype=\"https:\/\/schema.org\/Question\"><h3 itemprop=\"name\" class=\"diagnoseo-faq-question\">Jakie s\u0105 przyk\u0142ady zastosowa\u0144 humanizatora tekstu AI?<\/h3><div itemprop=\"acceptedAnswer\" itemscope itemtype=\"https:\/\/schema.org\/Answer\" class=\"diagnoseo\"><p class=\"diagnoseo-faq-answer\" itemprop=\"text\">Humanizator tekstu AI mo\u017cna u\u017cywa\u0107 do przeredagowania blog\u00f3w, artyku\u0142\u00f3w, opis\u00f3w produkt\u00f3w, czy nawet post\u00f3w w mediach spo\u0142eczno\u015bciowych, aby by\u0142y bardziej anga\u017cuj\u0105ce.<\/p><\/div><\/div>\n<\/div>\n\n\n<h2 class=\"wp-block-heading\">Podsumowanie<\/h2>\n\n\n\n<p>Humanizator tekstu AI (humanizer) to zaawansowane narz\u0119dzie wykorzystuj\u0105ce <strong>algorytmy NLP<\/strong> i <strong>uczenie maszynowe<\/strong>, aby przekszta\u0142ca\u0107 teksty w spos\u00f3b bardziej ludzki. Humanizator tekstu AI od DiagnoSEO jest dost\u0119pny jako narz\u0119dzie darmowe oraz ma tak\u017ce wersj\u0119 premium z wi\u0119kszymi limitami s\u0142\u00f3w. Humanizuj teksty AI, poniewa\u017c dzi\u0119ki temu tre\u015bci staj\u0105 si\u0119 <strong>niewykrywalne<\/strong> przez detektory AI, wolne od b\u0142\u0119d\u00f3w gramatycznych i interpunkcyjnych, a tak\u017ce bardziej anga\u017cuj\u0105ce i profesjonalne. Narz\u0119dzie oszcz\u0119dza czas, zwi\u0119ksza produktywno\u015b\u0107 i jest nieocenione w marketingu oraz SEO, pomagaj\u0105c tworzy\u0107 unikalne i autentyczne tre\u015bci.<\/p>\n","protected":false},"excerpt":{"rendered":"<p>Humanizator tekstu AI (humanizer) &#8211; narz\u0119dzie do usuwania wykrywania AI Humanizator tekstu AI (ang. humanizer AI) mo\u017ce zmieni\u0107 teksty tworzone przy pomocy sztucznej inteligencji na bardziej naturalne. Po humanizacji tekstu narz\u0119dzia do wykrywania tekst\u00f3w generowanych przez sztuczn\u0105 inteligencj\u0105 b\u0119d\u0105 wykrywa\u0142y tekst jako napisany przez cz\u0142owieka (ang. human written). Jak dzia\u0142a humanizator (humanizer) tekstu AI: mechanizmy<\/p>\n","protected":false},"author":1,"featured_media":0,"parent":0,"menu_order":0,"comment_status":"closed","ping_status":"closed","template":"","meta":{"diagnoseo_postlist_title":"","diagnoseo_comment_language":"","diagnoseo_meta_keyword":"","diagnoseo_meta_additional_keywords":"","diagnoseo_meta_language":"","diagnoseo_meta_title":"Humanizator AI - Humanizuj tekst od AI na ludzki - Humanizer","diagnoseo_meta_description":"Humanizator AI (humanizer) to darmowe narz\u0119dzie do humanizacji tekstu stworzonego przez sztuczn\u0105 inteligencj\u0119. Zmie\u0144 tekst na ludzki i omi\u0144 detektory!","diagnoseo_check_result":"","diagnoseo_og_image":"","inline_featured_image":false,"footnotes":""},"class_list":["post-4066","page","type-page","status-publish","hentry"],"_links":{"self":[{"href":"https:\/\/diagnoseo.com\/pl\/wp-json\/wp\/v2\/pages\/4066","targetHints":{"allow":["GET"]}}],"collection":[{"href":"https:\/\/diagnoseo.com\/pl\/wp-json\/wp\/v2\/pages"}],"about":[{"href":"https:\/\/diagnoseo.com\/pl\/wp-json\/wp\/v2\/types\/page"}],"author":[{"embeddable":true,"href":"https:\/\/diagnoseo.com\/pl\/wp-json\/wp\/v2\/users\/1"}],"replies":[{"embeddable":true,"href":"https:\/\/diagnoseo.com\/pl\/wp-json\/wp\/v2\/comments?post=4066"}],"version-history":[{"count":3,"href":"https:\/\/diagnoseo.com\/pl\/wp-json\/wp\/v2\/pages\/4066\/revisions"}],"predecessor-version":[{"id":6339,"href":"https:\/\/diagnoseo.com\/pl\/wp-json\/wp\/v2\/pages\/4066\/revisions\/6339"}],"wp:attachment":[{"href":"https:\/\/diagnoseo.com\/pl\/wp-json\/wp\/v2\/media?parent=4066"}],"curies":[{"name":"wp","href":"https:\/\/api.w.org\/{rel}","templated":true}]}}