{"id":3608,"date":"2024-05-30T09:52:11","date_gmt":"2024-05-30T09:52:11","guid":{"rendered":"https:\/\/diagnoseo.com\/?page_id=3608"},"modified":"2025-06-05T13:25:07","modified_gmt":"2025-06-05T13:25:07","slug":"index-checker","status":"publish","type":"page","link":"https:\/\/diagnoseo.com\/pl\/index-checker\/","title":{"rendered":"Bulk Index Checker"},"content":{"rendered":"\n<iframe id=\"index-checker-tool\" title=\"Bulk Index Checker Tool\" allowfullscreen=\"\" src=\"https:\/\/diagnoseo.com\/tools\/index-checker\/?iframe=1\" class=\"flexible-iframe\" scrolling=\"no\" frameborder=\"0\" data-hj-allow-iframe=\"\"><\/iframe>\n","protected":false},"excerpt":{"rendered":"","protected":false},"author":1,"featured_media":0,"parent":0,"menu_order":0,"comment_status":"closed","ping_status":"closed","template":"","meta":{"diagnoseo_postlist_title":"","diagnoseo_comment_language":"","diagnoseo_meta_keyword":"","diagnoseo_meta_additional_keywords":"","diagnoseo_meta_language":"","diagnoseo_meta_title":"Bulk Index Checker - sprawd\u017a czy strona jest w Google","diagnoseo_meta_description":"Narz\u0119dzie SEO Bulk Index Checker s\u0142u\u017cy do sprawdzania czy strony s\u0105 zaindeksowane w wyszukiwarce Google. Sprawd\u017a teraz swoj\u0105 stron\u0119!","diagnoseo_check_result":"","diagnoseo_og_image":"","inline_featured_image":false,"footnotes":""},"class_list":["post-3608","page","type-page","status-publish","hentry"],"_links":{"self":[{"href":"https:\/\/diagnoseo.com\/pl\/wp-json\/wp\/v2\/pages\/3608","targetHints":{"allow":["GET"]}}],"collection":[{"href":"https:\/\/diagnoseo.com\/pl\/wp-json\/wp\/v2\/pages"}],"about":[{"href":"https:\/\/diagnoseo.com\/pl\/wp-json\/wp\/v2\/types\/page"}],"author":[{"embeddable":true,"href":"https:\/\/diagnoseo.com\/pl\/wp-json\/wp\/v2\/users\/1"}],"replies":[{"embeddable":true,"href":"https:\/\/diagnoseo.com\/pl\/wp-json\/wp\/v2\/comments?post=3608"}],"version-history":[{"count":3,"href":"https:\/\/diagnoseo.com\/pl\/wp-json\/wp\/v2\/pages\/3608\/revisions"}],"predecessor-version":[{"id":3766,"href":"https:\/\/diagnoseo.com\/pl\/wp-json\/wp\/v2\/pages\/3608\/revisions\/3766"}],"wp:attachment":[{"href":"https:\/\/diagnoseo.com\/pl\/wp-json\/wp\/v2\/media?parent=3608"}],"curies":[{"name":"wp","href":"https:\/\/api.w.org\/{rel}","templated":true}]}}