{"id":3429,"date":"2024-05-23T13:18:33","date_gmt":"2024-05-23T13:18:33","guid":{"rendered":"https:\/\/diagnoseo.com\/?page_id=3429"},"modified":"2025-11-03T09:59:12","modified_gmt":"2025-11-03T09:59:12","slug":"edytor-tresci","status":"publish","type":"page","link":"https:\/\/diagnoseo.com\/pl\/edytor-tresci\/","title":{"rendered":"Edytor Tre\u015bci"},"content":{"rendered":"<div class=\"mb-columns mb-columns-1   \">\n<div class=\"mb-col mb-col2 mb-col-1   vertical-align-top bg-repeat\">\n<h1 class=\"mb-headline mb-headline-1  text-align-left\">Edytor Tre\u015bci (AI Writer)<\/h1>\n\n<p class=\"mb-text-block mb-text-block-2  text-transform-none pos-center\">Edytor tre\u015bci wspomagany sztuczn\u0105 inteligencj\u0105 (AI Writer) to najlepsze w swojej klasie narz\u0119dzie dla specjalist\u00f3w SEO, niezale\u017cnych copywriter\u00f3w lub agencji zajmuj\u0105cych si\u0119 tworzeniem tre\u015bci. Narz\u0119dzie pozwala tworzy\u0107 tre\u015bci, kt\u00f3re \u0142atwo pozycjonuj\u0105 si\u0119 w Google. Dodatkowo narz\u0119dzie sprawdza artyku\u0142 za pomoc\u0105 znacznie bardziej szczeg\u00f3\u0142owych punkt\u00f3w kontrolnych ni\u017c inne narz\u0119dzia dost\u0119pne na rynku. Z \u0142atwo\u015bci\u0105 odkryj wa\u017cne problemy zwi\u0105zane z Twoim artyku\u0142em. Pisz lepsze tre\u015bci nie tylko pod k\u0105tem SEO, ale przede wszystkim dla u\u017cytkownika. Przenie\u015b swoje tre\u015bci na wy\u017cszy poziom, aby spe\u0142nia\u0142y najwy\u017cszej standardy korporacyjne.<\/p>\n\n\n<p><strong>\u2022 Tw\u00f3rz \u2022 Optymalizuj \u2022 Zwi\u0119ksz ruch<\/strong><\/p>\n\n<\/div>\n\n<div class=\"mb-col mb-col2 mb-col-2   vertical-align-center mb-col-sticky bg-repeat\">\n<figure class=\"mb-img mb-img-1  img-hover-lightup no-fancy-border aligncenter no-link\"><div class=\"image-frame\"><span><img loading=\"lazy\" decoding=\"async\" src=\"https:\/\/diagnoseo.com\/img\/seo-content-editor-illustration.svg\" alt=\"SEO Content Editor - illustration\" width=\"550\" height=\"550\" \/><\/span><\/div><\/figure>\n<\/div>\n<\/div>\n\n<span class=\"mb-button-fx mb-button-1-fx mb-button-fx-hover-grow-bottom\"><a href=\"https:\/\/app.diagnoseo.com\/pl\/tools\/content\/\" class=\"mb-button btn-1 flat x-large  text-transform-uppercase ani-bg grow-bottom\" target=\"_blank\" data-tracking-class=\"\">Przejd\u017a do narz\u0119dzia DiagnoSEO Content <\/a><\/span>","protected":false},"excerpt":{"rendered":"","protected":false},"author":1,"featured_media":0,"parent":0,"menu_order":0,"comment_status":"closed","ping_status":"closed","template":"","meta":{"diagnoseo_postlist_title":"","diagnoseo_comment_language":"","diagnoseo_meta_keyword":"","diagnoseo_meta_additional_keywords":"","diagnoseo_meta_language":"","diagnoseo_meta_title":"Edytor tre\u015bci dla specjalist\u00f3w SEO i copywriter\u00f3w - AI Writer","diagnoseo_meta_description":"Tworzysz teksty lub zajmujesz si\u0119 SEO? Zobacz jak narz\u0119dzie Edytor Tre\u015bci (AI Writer) od DiagnoSEO pozwoli Ci tworzy\u0107 najlepsze tre\u015bci dla u\u017cytkownik\u00f3w!","diagnoseo_check_result":"","diagnoseo_og_image":"","inline_featured_image":false,"footnotes":""},"class_list":["post-3429","page","type-page","status-publish","hentry"],"_links":{"self":[{"href":"https:\/\/diagnoseo.com\/pl\/wp-json\/wp\/v2\/pages\/3429","targetHints":{"allow":["GET"]}}],"collection":[{"href":"https:\/\/diagnoseo.com\/pl\/wp-json\/wp\/v2\/pages"}],"about":[{"href":"https:\/\/diagnoseo.com\/pl\/wp-json\/wp\/v2\/types\/page"}],"author":[{"embeddable":true,"href":"https:\/\/diagnoseo.com\/pl\/wp-json\/wp\/v2\/users\/1"}],"replies":[{"embeddable":true,"href":"https:\/\/diagnoseo.com\/pl\/wp-json\/wp\/v2\/comments?post=3429"}],"version-history":[{"count":3,"href":"https:\/\/diagnoseo.com\/pl\/wp-json\/wp\/v2\/pages\/3429\/revisions"}],"predecessor-version":[{"id":6355,"href":"https:\/\/diagnoseo.com\/pl\/wp-json\/wp\/v2\/pages\/3429\/revisions\/6355"}],"wp:attachment":[{"href":"https:\/\/diagnoseo.com\/pl\/wp-json\/wp\/v2\/media?parent=3429"}],"curies":[{"name":"wp","href":"https:\/\/api.w.org\/{rel}","templated":true}]}}