{"id":3425,"date":"2024-05-23T13:10:46","date_gmt":"2024-05-23T13:10:46","guid":{"rendered":"https:\/\/diagnoseo.com\/?page_id=3425"},"modified":"2025-11-03T10:06:45","modified_gmt":"2025-11-03T10:06:45","slug":"headline-generator","status":"publish","type":"page","link":"https:\/\/diagnoseo.com\/pl\/headline-generator\/","title":{"rendered":"Headline Generator"},"content":{"rendered":"\n<iframe id=\"competitors-analysis-tool\" title=\"Competitors analysis SEO tool\" allowfullscreen=\"\" src=\"https:\/\/app.diagnoseo.com\/tools\/headline-generator\/?iframe=1\" class=\"flexible-iframe\" scrolling=\"yes\" frameborder=\"0\" data-hj-allow-iframe=\"\" style=\"min-height: 1100px\"><\/iframe>\n","protected":false},"excerpt":{"rendered":"","protected":false},"author":1,"featured_media":0,"parent":0,"menu_order":0,"comment_status":"closed","ping_status":"closed","template":"","meta":{"diagnoseo_postlist_title":"","diagnoseo_comment_language":"","diagnoseo_meta_keyword":"","diagnoseo_meta_additional_keywords":"","diagnoseo_meta_language":"","diagnoseo_meta_title":"Headline Generator - wygeneruj nag\u0142\u00f3wek do artyku\u0142u lub oferty","diagnoseo_meta_description":"Skorzystaj z darmowego narz\u0119dzia Headline Generator i wygeneruj niesamowite copywriterskie nag\u0142\u00f3wki do artyku\u0142u lub dowolnej oferty!","diagnoseo_check_result":"","diagnoseo_og_image":"","inline_featured_image":false,"footnotes":""},"class_list":["post-3425","page","type-page","status-publish","hentry"],"_links":{"self":[{"href":"https:\/\/diagnoseo.com\/pl\/wp-json\/wp\/v2\/pages\/3425","targetHints":{"allow":["GET"]}}],"collection":[{"href":"https:\/\/diagnoseo.com\/pl\/wp-json\/wp\/v2\/pages"}],"about":[{"href":"https:\/\/diagnoseo.com\/pl\/wp-json\/wp\/v2\/types\/page"}],"author":[{"embeddable":true,"href":"https:\/\/diagnoseo.com\/pl\/wp-json\/wp\/v2\/users\/1"}],"replies":[{"embeddable":true,"href":"https:\/\/diagnoseo.com\/pl\/wp-json\/wp\/v2\/comments?post=3425"}],"version-history":[{"count":3,"href":"https:\/\/diagnoseo.com\/pl\/wp-json\/wp\/v2\/pages\/3425\/revisions"}],"predecessor-version":[{"id":6363,"href":"https:\/\/diagnoseo.com\/pl\/wp-json\/wp\/v2\/pages\/3425\/revisions\/6363"}],"wp:attachment":[{"href":"https:\/\/diagnoseo.com\/pl\/wp-json\/wp\/v2\/media?parent=3425"}],"curies":[{"name":"wp","href":"https:\/\/api.w.org\/{rel}","templated":true}]}}