{"id":3408,"date":"2024-05-23T12:53:45","date_gmt":"2024-05-23T12:53:45","guid":{"rendered":"https:\/\/diagnoseo.com\/?page_id=3408"},"modified":"2025-11-03T10:04:18","modified_gmt":"2025-11-03T10:04:18","slug":"monitoring-stron","status":"publish","type":"page","link":"https:\/\/diagnoseo.com\/pl\/monitoring-stron\/","title":{"rendered":"Monitoring stron"},"content":{"rendered":"\n<iframe id=\"audit-tool\" title=\"Monitoring stron\" allowfullscreen=\"\" src=\"https:\/\/app.diagnoseo.com\/tools\/website-monitoring\/?iframe=1\" class=\"flexible-iframe\" scrolling=\"yes\" frameborder=\"0\" data-hj-allow-iframe=\"\" style=\"min-height: 1100px;\"><\/iframe>\n\n\n\n<h2 class=\"wp-block-heading\">Monitoring stron &#8211; pomocne narz\u0119dzie, by mie\u0107 serwisy pod kontrol\u0105<\/h2>\n\n\n\n<p>Monitoring stron internetowych jest wa\u017cny dla zapewnienia ich dost\u0119pno\u015bci, wydajno\u015bci i bezpiecze\u0144stwa. Dzi\u0119ki temu mo\u017cesz chroni\u0107 reputacj\u0119 swojej witryny, dba\u0107 o jej widoczno\u015b\u0107 w sieci i minimalizowa\u0107 ryzyko technicznych problem\u00f3w.<\/p>\n\n\n\n<h2 class=\"wp-block-heading\">Dlaczego monitoring stron internetowych jest wa\u017cny?<\/h2>\n\n\n\n<p>Monitoring stron internetowych to podstawa skutecznego zarz\u0105dzania ka\u017cd\u0105 witryn\u0105. Pozwala na bie\u017c\u0105co kontrolowa\u0107 wa\u017cne aspekty, takie jak dost\u0119pno\u015b\u0107, czas \u0142adowania i bezpiecze\u0144stwo. Wczesne wykrywanie problem\u00f3w minimalizuje ryzyko przestoj\u00f3w i pozwala na szybk\u0105 reakcj\u0119, co jest wa\u017cne dla zadowolenia u\u017cytkownik\u00f3w.<\/p>\n\n\n\n<p>Regularne monitorowanie ma r\u00f3wnie\u017c pozytywny wp\u0142yw na SEO. Wyszukiwarki, takie jak Google, premiuj\u0105 strony, kt\u00f3re s\u0105 szybkie, dost\u0119pne i niezawodne. Dzi\u0119ki temu monitoring stron staje si\u0119 nie tylko narz\u0119dziem prewencyjnym, ale tak\u017ce istotnym elementem optymalizacji.<\/p>\n\n\n\n<h2 class=\"wp-block-heading\">Monitoring stron od DiagnoSEO \u2013 kompleksowe narz\u0119dzie dla Twojej witryny<\/h2>\n\n\n\n<p>Je\u015bli szukasz profesjonalnego rozwi\u0105zania do monitoringu, narz\u0119dzie <strong>Monitoring stron od DiagnoSEO<\/strong> oferuje szerok\u0105 gam\u0119 funkcji, kt\u00f3re pomog\u0105 Ci utrzyma\u0107 witryn\u0119 w doskona\u0142ej kondycji. Dzi\u0119ki temu narz\u0119dziu mo\u017cesz na bie\u017c\u0105co \u015bledzi\u0107:<\/p>\n\n\n\n<ul class=\"wp-block-list\">\n<li><strong>Dost\u0119pno\u015b\u0107 URL lub domeny<\/strong> \u2013 w tym status kodu HTTP(S), aby upewni\u0107 si\u0119, \u017ce strona jest online.<\/li>\n\n\n\n<li><strong>TTFB (Time to First Byte)<\/strong> \u2013 istotny wska\u017anik wydajno\u015bci, kt\u00f3ry wp\u0142ywa na szybko\u015b\u0107 \u0142adowania witryny.<\/li>\n\n\n\n<li><strong>Certyfikat SSL<\/strong> \u2013 monitorowanie ich wa\u017cno\u015bci, co zapobiega problemom z bezpiecze\u0144stwem i dzia\u0142aniem witryny.<\/li>\n\n\n\n<li><strong>Daty wa\u017cno\u015bci domeny<\/strong> \u2013 zar\u00f3wno dat\u0119 wyga\u015bni\u0119cia, jak i jej usuni\u0119cia, co pozwala na unikni\u0119cie utraty domeny.<\/li>\n\n\n\n<li><strong>Referring domains<\/strong> \u2013 pokazuje liczb\u0119 domen linkuj\u0105cych do Twojej strony.<\/li>\n\n\n\n<li><strong>Broken backlinks<\/strong> \u2013 identyfikuje uszkodzone linki prowadz\u0105ce do Twojej witryny.<\/li>\n\n\n\n<li><strong>Domain Power i Page Power<\/strong> \u2013 metryki oceniaj\u0105ce moc domeny i stron. W uproszczeniu im wy\u017csza tym domena \u0142atwiej si\u0119 pozycjonuje i warto\u015b\u0107 linka zwrotnego z tej domeny jest wi\u0119ksza.<\/li>\n\n\n\n<li><strong>TLD oraz adresy IP<\/strong> \u2013 pomocne w grupowaniu domen i analizie infrastruktury.<\/li>\n<\/ul>\n\n\n\n<h2 class=\"wp-block-heading\">Unikalne funkcjonalno\u015bci narz\u0119dzia Monitoring stron od DiagnoSEO<\/h2>\n\n\n\n<p>Jedn\u0105 z unikalnych funkcji narz\u0119dzia Monitoring stron od DiagnoSEO jest <strong>mo\u017cliwo\u015b\u0107 monitorowania wyst\u0105pienia dowolnego s\u0142owa, frazy lub kodu<\/strong> na stronie internetowej. To przydatne np. do weryfikacji, czy kod analityczny jest poprawnie zaimplementowany, czy backlinki s\u0105 nadal aktywne.<\/p>\n\n\n\n<h3 class=\"wp-block-heading\">Jakie korzy\u015bci daje Monitoring Stron od DiagnoSEO?<\/h3>\n\n\n\n<ol class=\"wp-block-list\">\n<li><strong>Natychmiastowe informacja zwrotna<\/strong><br>Strony s\u0105 sprawdzane od razu po dodaniu ich do monitoringu. Dzi\u0119ki temu dostaniesz informacj\u0119 b\u0142yskawicznie i mo\u017cesz od razu reagowa\u0107 na wszelkie problemy.<\/li>\n\n\n\n<li><strong>Wsparcie w optymalizacji SEO<\/strong><br>Analizowanie danych, takich jak TTFB czy Referring Domains, pozwala lepiej dostosowa\u0107 strategi\u0119 SEO.<\/li>\n\n\n\n<li><strong>Oszcz\u0119dno\u015b\u0107 czasu<\/strong><br>Automatyzacja procesu monitorowania eliminuje konieczno\u015b\u0107 r\u0119cznego sprawdzania ka\u017cdego serwisu, co pozwala skupi\u0107 si\u0119 na innych dzia\u0142aniach.<\/li>\n\n\n\n<li><strong>Bezpiecze\u0144stwo i dost\u0119pno\u015b\u0107<\/strong><br>Monitoring SSL i daty wygasania domen minimalizuje ryzyko przerw w dzia\u0142aniu strony spowodowanych wyga\u015bni\u0119ciem domeny lub certyfikatu SSL.<\/li>\n<\/ol>\n\n\n\n<h3 class=\"wp-block-heading\">Jak rozpocz\u0105\u0107 monitorowanie z DiagnoSEO?<\/h3>\n\n\n\n<p>Aby w pe\u0142ni wykorzysta\u0107 mo\u017cliwo\u015bci narz\u0119dzia Monitoring Stron od DiagnoSEO, wystarczy za\u0142o\u017cy\u0107 konto i po prostu doda\u0107 adresy URL serwis\u00f3w. Intuicyjny interfejs u\u0142atwia zarz\u0105dzanie procesem, a szczeg\u00f3\u0142owe raporty w tabeli zapewniaj\u0105 pe\u0142ny wgl\u0105d w stan ka\u017cdej witryny i \u0142atwe przegl\u0105danie oraz monitorowanie wielu serwis\u00f3w r\u00f3wnocze\u015bnie.<\/p>\n\n\n\n<h3 class=\"wp-block-heading\">Podsumowanie<\/h3>\n\n\n\n<p>Monitoring stron internetowych to wa\u017cny element efektywnego zarz\u0105dzania witryn\u0105. Zw\u0142aszcza, gdy posiadasz kilkadziesi\u0105t lub wi\u0119cej serwis\u00f3w. Dzi\u0119ki narz\u0119dziu Monitoring stron od DiagnoSEO mo\u017cesz w \u0142atwy spos\u00f3b dba\u0107 o dost\u0119pno\u015b\u0107, wydajno\u015b\u0107 i bezpiecze\u0144stwo swojej witryny. Regularne monitorowanie pozwoli Ci szybko reagowa\u0107 na problemy, dba\u0107 o widoczno\u015b\u0107 w sieci oraz zwi\u0119kszy\u0107 zadowolenie u\u017cytkownik\u00f3w. Skorzystaj z profesjonalnego rozwi\u0105zania i miej pewno\u015b\u0107, \u017ce Twoje strony dzia\u0142aj\u0105 bez zarzutu.<\/p>\n","protected":false},"excerpt":{"rendered":"<p>Monitoring stron &#8211; pomocne narz\u0119dzie, by mie\u0107 serwisy pod kontrol\u0105 Monitoring stron internetowych jest wa\u017cny dla zapewnienia ich dost\u0119pno\u015bci, wydajno\u015bci i bezpiecze\u0144stwa. Dzi\u0119ki temu mo\u017cesz chroni\u0107 reputacj\u0119 swojej witryny, dba\u0107 o jej widoczno\u015b\u0107 w sieci i minimalizowa\u0107 ryzyko technicznych problem\u00f3w. Dlaczego monitoring stron internetowych jest wa\u017cny? Monitoring stron internetowych to podstawa skutecznego zarz\u0105dzania ka\u017cd\u0105 witryn\u0105.<\/p>\n","protected":false},"author":1,"featured_media":0,"parent":0,"menu_order":0,"comment_status":"closed","ping_status":"closed","template":"","meta":{"diagnoseo_postlist_title":"","diagnoseo_comment_language":"","diagnoseo_meta_keyword":"","diagnoseo_meta_additional_keywords":"","diagnoseo_meta_language":"","diagnoseo_meta_title":"","diagnoseo_meta_description":"","diagnoseo_check_result":"","diagnoseo_og_image":"","inline_featured_image":false,"footnotes":""},"class_list":["post-3408","page","type-page","status-publish","hentry"],"_links":{"self":[{"href":"https:\/\/diagnoseo.com\/pl\/wp-json\/wp\/v2\/pages\/3408","targetHints":{"allow":["GET"]}}],"collection":[{"href":"https:\/\/diagnoseo.com\/pl\/wp-json\/wp\/v2\/pages"}],"about":[{"href":"https:\/\/diagnoseo.com\/pl\/wp-json\/wp\/v2\/types\/page"}],"author":[{"embeddable":true,"href":"https:\/\/diagnoseo.com\/pl\/wp-json\/wp\/v2\/users\/1"}],"replies":[{"embeddable":true,"href":"https:\/\/diagnoseo.com\/pl\/wp-json\/wp\/v2\/comments?post=3408"}],"version-history":[{"count":3,"href":"https:\/\/diagnoseo.com\/pl\/wp-json\/wp\/v2\/pages\/3408\/revisions"}],"predecessor-version":[{"id":6360,"href":"https:\/\/diagnoseo.com\/pl\/wp-json\/wp\/v2\/pages\/3408\/revisions\/6360"}],"wp:attachment":[{"href":"https:\/\/diagnoseo.com\/pl\/wp-json\/wp\/v2\/media?parent=3408"}],"curies":[{"name":"wp","href":"https:\/\/api.w.org\/{rel}","templated":true}]}}