{"id":2757,"date":"2023-08-26T14:59:52","date_gmt":"2023-08-26T14:59:52","guid":{"rendered":"https:\/\/diagnoseo.com\/?page_id=2757"},"modified":"2024-07-31T19:33:06","modified_gmt":"2024-07-31T19:33:06","slug":"generator-podtytulow-artykulu","status":"publish","type":"page","link":"https:\/\/diagnoseo.com\/pl\/generator-podtytulow-artykulu\/","title":{"rendered":"Generator podtytu\u0142\u00f3w \/ nag\u0142\u00f3wk\u00f3w"},"content":{"rendered":"\n<iframe id=\"outline-generator-tool\" title=\"AI Article Outline Generator - Online Tool\" allowfullscreen=\"\" src=\"https:\/\/app.diagnoseo.com\/tools\/article-outline-generator\/?iframe=1&#038;free=1\" class=\"flexible-iframe\" scrolling=\"no\" frameborder=\"0\" data-hj-allow-iframe=\"\"><\/iframe>\n","protected":false},"excerpt":{"rendered":"","protected":false},"author":1,"featured_media":0,"parent":0,"menu_order":0,"comment_status":"closed","ping_status":"closed","template":"","meta":{"diagnoseo_postlist_title":"","diagnoseo_comment_language":"","diagnoseo_meta_keyword":"","diagnoseo_meta_additional_keywords":"","diagnoseo_meta_language":"","diagnoseo_meta_title":"Generator podtytu\u0142\u00f3w - Konspekt artyku\u0142u - Narz\u0119dzie online","diagnoseo_meta_description":"Wygeneruj podtytu\u0142y do artyku\u0142u na zdany temat z wykorzystaniem sztucznej inteligencji. Skorzystaj z najlepszego narz\u0119dzia online!","diagnoseo_check_result":"","diagnoseo_og_image":"","inline_featured_image":false,"footnotes":""},"class_list":["post-2757","page","type-page","status-publish","hentry"],"_links":{"self":[{"href":"https:\/\/diagnoseo.com\/pl\/wp-json\/wp\/v2\/pages\/2757","targetHints":{"allow":["GET"]}}],"collection":[{"href":"https:\/\/diagnoseo.com\/pl\/wp-json\/wp\/v2\/pages"}],"about":[{"href":"https:\/\/diagnoseo.com\/pl\/wp-json\/wp\/v2\/types\/page"}],"author":[{"embeddable":true,"href":"https:\/\/diagnoseo.com\/pl\/wp-json\/wp\/v2\/users\/1"}],"replies":[{"embeddable":true,"href":"https:\/\/diagnoseo.com\/pl\/wp-json\/wp\/v2\/comments?post=2757"}],"version-history":[{"count":2,"href":"https:\/\/diagnoseo.com\/pl\/wp-json\/wp\/v2\/pages\/2757\/revisions"}],"predecessor-version":[{"id":4023,"href":"https:\/\/diagnoseo.com\/pl\/wp-json\/wp\/v2\/pages\/2757\/revisions\/4023"}],"wp:attachment":[{"href":"https:\/\/diagnoseo.com\/pl\/wp-json\/wp\/v2\/media?parent=2757"}],"curies":[{"name":"wp","href":"https:\/\/api.w.org\/{rel}","templated":true}]}}