{"id":2748,"date":"2023-08-26T13:55:33","date_gmt":"2023-08-26T13:55:33","guid":{"rendered":"https:\/\/diagnoseo.com\/?page_id=2748"},"modified":"2025-06-05T12:59:03","modified_gmt":"2025-06-05T12:59:03","slug":"generator-slow-kluczowych","status":"publish","type":"page","link":"https:\/\/diagnoseo.com\/pl\/generator-slow-kluczowych\/","title":{"rendered":"Powi\u0105zane s\u0142owa kluczowe"},"content":{"rendered":"\n<iframe id=\"search-volume-tool\" title=\"Related Keywords\" allowfullscreen=\"\" src=\"https:\/\/app.diagnoseo.com\/tools\/related-keywords\/?iframe=1\" class=\"flexible-iframe\" scrolling=\"no\" frameborder=\"0\" data-hj-allow-iframe=\"\"><\/iframe>\n","protected":false},"excerpt":{"rendered":"","protected":false},"author":1,"featured_media":0,"parent":0,"menu_order":0,"comment_status":"closed","ping_status":"closed","template":"","meta":{"diagnoseo_postlist_title":"","diagnoseo_comment_language":"","diagnoseo_meta_keyword":"","diagnoseo_meta_additional_keywords":"","diagnoseo_meta_language":"","diagnoseo_meta_title":"Generator s\u0142\u00f3w kluczowych - LSI keywords - Semantyczne s\u0142owa","diagnoseo_meta_description":"","diagnoseo_check_result":"","diagnoseo_og_image":"","inline_featured_image":false,"footnotes":""},"class_list":["post-2748","page","type-page","status-publish","hentry"],"_links":{"self":[{"href":"https:\/\/diagnoseo.com\/pl\/wp-json\/wp\/v2\/pages\/2748","targetHints":{"allow":["GET"]}}],"collection":[{"href":"https:\/\/diagnoseo.com\/pl\/wp-json\/wp\/v2\/pages"}],"about":[{"href":"https:\/\/diagnoseo.com\/pl\/wp-json\/wp\/v2\/types\/page"}],"author":[{"embeddable":true,"href":"https:\/\/diagnoseo.com\/pl\/wp-json\/wp\/v2\/users\/1"}],"replies":[{"embeddable":true,"href":"https:\/\/diagnoseo.com\/pl\/wp-json\/wp\/v2\/comments?post=2748"}],"version-history":[{"count":3,"href":"https:\/\/diagnoseo.com\/pl\/wp-json\/wp\/v2\/pages\/2748\/revisions"}],"predecessor-version":[{"id":6066,"href":"https:\/\/diagnoseo.com\/pl\/wp-json\/wp\/v2\/pages\/2748\/revisions\/6066"}],"wp:attachment":[{"href":"https:\/\/diagnoseo.com\/pl\/wp-json\/wp\/v2\/media?parent=2748"}],"curies":[{"name":"wp","href":"https:\/\/api.w.org\/{rel}","templated":true}]}}