{"id":2746,"date":"2023-08-26T13:50:34","date_gmt":"2023-08-26T13:50:34","guid":{"rendered":"https:\/\/diagnoseo.com\/?page_id=2746"},"modified":"2025-11-03T09:58:44","modified_gmt":"2025-11-03T09:58:44","slug":"zmieniacz-tekstu","status":"publish","type":"page","link":"https:\/\/diagnoseo.com\/pl\/zmieniacz-tekstu\/","title":{"rendered":"Zmieniacz tekstu &#8211; parafrazowanie online"},"content":{"rendered":"\n<iframe title=\"Zmieniacz tekstu - narz\u0119dzie online\" allowfullscreen=\"\" src=\"https:\/\/app.diagnoseo.com\/pl\/tools\/article-rewriter\/?iframe=1\" scrolling=\"yes\" width=\"100% frameborder=\"0\" class=\"flexible-iframe\" style=\"min-height: 1157px;\"><\/iframe>\n\n\n\n<h2 class=\"wp-block-heading\">Zmieniacz tekstu: Tw\u00f3j spos\u00f3b na efektywne przepisanie tekstu<\/h2>\n\n\n\n<p>Odkryj moc technologii z naszym przewodnikiem po \u015bwiecie <strong>zmieniacza tekstu<\/strong> i zautomatyzowanego przeredagowywania tekst\u00f3w dzi\u0119ki <strong>sztucznej inteligencji<\/strong>.<\/p>\n\n\n\n<h2 class=\"wp-block-heading\">Narz\u0119dzia zmieniaj\u0105ce tekst &#8211; por\u00f3wnanie wielu popularnych stron<\/h2>\n\n\n\n<p>Na rynku dost\u0119pnych jest wiele narz\u0119dzi dedykowanych parafrazowaniu tekst\u00f3w, a jednym z popularnych wybor\u00f3w jest narz\u0119dzie do zmiany tre\u015bci oferowane przez DiagnoSEO. To narz\u0119dzie wyr\u00f3\u017cnia si\u0119 swoj\u0105 prostot\u0105 obs\u0142ugi oraz efektywno\u015bci\u0105, umo\u017cliwiaj\u0105c r\u00f3wnie\u017c swobodne parafrazowanie tekstu.<\/p>\n\n\n\n<p>Zmieniacz tekstu to znakomite narz\u0119dzie oferuj\u0105ce darmowe automatyczne przepisywanie tekstu. Dzia\u0142a w ponad 50 j\u0119zykach. DiagnoSEO skupia si\u0119 na p\u0142ynnej i naturalnej mowie zamiast u\u017cycia tylko synonim\u00f3w.<\/p>\n\n\n\n<p>Zmieniacz tekstu DiagnoSEO wykorzystuje zaawansowane technologie AI do tworzenia wysokiej jako\u015bci parafrazowanego tekstu. Wyr\u00f3\u017cnia si\u0119 unikaln\u0105 technologi\u0105, kt\u00f3ra inteligentnie zamienia wyrazy, zachowuj\u0105c jednocze\u015bnie kontekst. Liczy si\u0119 nie tylko skuteczno\u015b\u0107, ale tak\u017ce przyst\u0119pno\u015b\u0107 tekst\u00f3w \u2013 DiagnoSEO zna swoje zadanie i wykonuje je dobrze.<\/p>\n\n\n\n<h2 class=\"wp-block-heading\">Jest to mo\u017cliwe! Automatyczne przeredagowywanie tekstu po polsku<\/h2>\n\n\n\n<p>Przej\u015bcie do cyfrowego \u015bwiata pisania mo\u017ce czasem by\u0107 trudne, ale dzi\u0119ki <strong>zmieniaczowi tekstu<\/strong> staje si\u0119 to \u0142atwiejsze. To narz\u0119dzie, kt\u00f3re korzysta z <strong>najnowocze\u015bniejszych technologii AI<\/strong>, potrafi automatycznie przeredagowywa\u0107 artyku\u0142y, eseje czy raporty, zachowuj\u0105c ich pierwotne znaczenie. Pracuje ono z wydajno\u015bci\u0105 i precyzj\u0105, kt\u00f3r\u0105 trudno osi\u0105gn\u0105\u0107 r\u0119cznie. Dzi\u0119ki temu mo\u017cesz oszcz\u0119dzi\u0107 cenny czas i energi\u0119.<\/p>\n\n\n\n<p>Korzystaj\u0105c ze zmieniacza tekstu mo\u017cna <strong>wyeliminowa\u0107 plagiat<\/strong>, tworzy\u0107 unikalne tre\u015bci SEO i <strong>ulepsza\u0107 istniej\u0105ce tre\u015bci<\/strong>. Nazbyt obszerne i niejasne zdania mog\u0105 by\u0107 przeredagowane na prostsze i bardziej zrozumia\u0142e. Co wi\u0119cej, nie ma potrzeby martwi\u0107 si\u0119 o b\u0142\u0119dy j\u0119zykowe, poniewa\u017c narz\u0119dzie jest wyposa\u017cone w funkcj\u0119 <strong>weryfikacji i korekty gramatycznej i stylistycznej<\/strong>.<\/p>\n\n\n\n<p>Zmieniacz tekstu to niezwykle \u0142atwe w u\u017cyciu narz\u0119dzie &#8211; wystarczy tylko wklei\u0107 tekst, kt\u00f3ry chcemy przeredagowa\u0107 i klikn\u0105\u0107 w przycisk. W kilka sekund otrzymasz tekst o tym samym znaczeniu, ale napisany innymi s\u0142owami. Je\u015bli chcesz poprawi\u0107 i upro\u015bci\u0107 sw\u00f3j tekst, <strong>u\u017cyj zmieniacza tekstu DiagnoSEO!<\/strong><\/p>\n\n\n\n<h2 class=\"wp-block-heading\">Wykorzystaj si\u0142\u0119 sztucznej inteligencji do parafrazowania tekstu<\/h2>\n\n\n\n<p><strong>Sztuczna inteligencja<\/strong> jest coraz cz\u0119\u015bciej wykorzystywana do parafrazowania tekstu. Jej zastosowanie umo\u017cliwia szybkie i efektywne tworzenie unikalnych tre\u015bci przeznaczonych dla r\u00f3\u017cnych cel\u00f3w. U\u017cywaj\u0105c <strong>zmieniacza tekstu<\/strong>, mo\u017cemy uzyska\u0107 tekst o podobnym znaczeniu, a jednak r\u00f3\u017cni\u0105cy si\u0119 od orygina\u0142u.<\/p>\n\n\n\n<p>Narz\u0119dzie odpowiada za urozmaicenie j\u0119zyka, eliminacj\u0119 powtarzania si\u0119 wyra\u017ce\u0144 oraz popraw\u0119 stylu pisania. Dodatkowe korzy\u015bci obejmuj\u0105 ulepszanie pod k\u0105tem <strong>SEO<\/strong> i <strong>UX<\/strong>. Kluczowym jest jednak wyb\u00f3r odpowiedniego narz\u0119dzia do parafrazowania tekstu.<\/p>\n\n\n\n<p>Do najpopularniejszych i najlepszych na rynku zalicza si\u0119 narz\u0119dzie DiagnoSEO. Stworzone na bazie wieloletnich do\u015bwiadcze\u0144 w SEO. Narz\u0119dzie ma swoje unikalne cechy, kt\u00f3re sprawiaj\u0105, \u017ce parafrazowanie tekstu staje si\u0119 prostsze i bardziej efektywne.<\/p>\n\n\n\n<h2 class=\"wp-block-heading\">Parafrazowanie tekstu &#8211; narz\u0119dzia online do szybkiego i \u0142atwego przepisania tekstu<\/h2>\n\n\n\n<p><strong>Zmieniacz tekstu<\/strong> to nowoczesne narz\u0119dzie online, kt\u00f3re pojawi\u0142o si\u0119, aby u\u0142atwi\u0107 <strong>parafrazowanie<\/strong> i ulepszy\u0107 teksty. Ta inteligentna aplikacja wykorzystuje <strong>sztuczn\u0105 inteligencj\u0119<\/strong> i <strong>g\u0142\u0119bokie sieci neuronowe<\/strong>, aby nauczy\u0107 maszyny znacze\u0144 s\u0142\u00f3w i zda\u0144, co prowadzi do skutecznego przepisywania tekstu.<\/p>\n\n\n\n<p><strong>Automatyczne parafrazowanie<\/strong> jest znacznie szybsze i wygodniejsze. Wystarczy wpisa\u0107 tekst, kt\u00f3ry chcesz przeredagowa\u0107, a narz\u0119dzie zrobi to za Ciebie zachowuj\u0105c oryginalne znaczenie, ale zmieniaj\u0105c struktur\u0119 i s\u0142ownictwo. Proces ten jest zawsze prosty i \u0142atwy do wykonania.<\/p>\n\n\n\n<p>Warto jednak pami\u0119ta\u0107 o bezpiecze\u0144stwie swoich danych podczas korzystania z <strong>us\u0142ug parafrazowania online<\/strong>. DiagnoSEO zapewnia pe\u0142ne bezpiecze\u0144stwo informacji.<\/p>\n\n\n\n<h2 class=\"wp-block-heading\">Przekszta\u0142\u0107 swoje zdania dzi\u0119ki zmieniaczowi tekstu online<\/h2>\n\n\n\n<p>Zmieniacz tekstu to narz\u0119dzie, kt\u00f3re mo\u017ce ca\u0142kowicie przekszta\u0142ci\u0107 i ulepszy\u0107 Tw\u00f3j spos\u00f3b pisania. Wykorzystuj\u0105c zaawansowane algorytmy, program ten jest w stanie zmieni\u0107 struktur\u0119, styl i ton tekstu, jednocze\u015bnie zachowuj\u0105c znaczenie wyj\u015bciowe.<\/p>\n\n\n\n<p><strong>Narz\u0119dzia do parafrazowania tekstu<\/strong> ma bardzo prosty interfejs, wi\u0119c ka\u017cdy z \u0142atwo\u015bci\u0105 mo\u017ce z niego skorzysta\u0107. Wystarczy wklei\u0107 sw\u00f3j tekst, nacisn\u0105\u0107 przycisk i otrzymasz now\u0105 wersj\u0119 tekstu. Dzi\u0119ki <strong>automatycznemu przekszta\u0142caniu zda\u0144<\/strong> mo\u017cesz szybko tworzy\u0107 unikalne i profesjonalne teksty.<\/p>\n\n\n\n<p><strong>Parafrazowanie tekstu online<\/strong> to wygodne rozwi\u0105zanie dla os\u00f3b, kt\u00f3re chc\u0105 oszcz\u0119dzi\u0107 czas na tworzeniu tre\u015bci. Zaawansowane algorytmy doskonale radz\u0105 sobie z przekszta\u0142caniem wszelkich rodzaj\u00f3w tekstu, od artyku\u0142\u00f3w blogowych po raporty biznesowe. Zmieniacz tekstu pomaga ulepszy\u0107 jako\u015b\u0107 Twojego pisania i zwi\u0119kszy\u0107 jego unikalno\u015b\u0107.<\/p>\n\n\n\n<h2 class=\"wp-block-heading\">Podsumowanie &#8211; Sekret skutecznego zmieniacza tekstu<\/h2>\n\n\n\n<p>Zmieniacz tekstu DiagnoSEO wykorzystuje nowoczesne technologie, przekszta\u0142ca artyku\u0142y, raporty lub eseje dzi\u0119ki wykorzystaniu <strong>algorytm\u00f3w AI<\/strong>. To efektywny spos\u00f3b oszcz\u0119dzania czasu i si\u0142 na r\u0119czne przepisywanie i redagowanie tekstu. Zmieniacz tekstu nie tylko modyfikuje struktur\u0119, ton i styl tekstu, ale te\u017c zapewnia \u0142atwo\u015b\u0107 odbioru tekstu, przestrzega najlepszych pisarskich praktyk oraz unika plagiatowania. Dzi\u0119ki funkcjom przetwarzania tekstu, oferowanym przez narz\u0119dzie DiagnoSEO tre\u015bci mog\u0105 mie\u0107 wy\u017csz\u0105 jako\u015b\u0107 oraz 100% unikalno\u015b\u0107.<\/p>\n","protected":false},"excerpt":{"rendered":"","protected":false},"author":1,"featured_media":0,"parent":0,"menu_order":0,"comment_status":"closed","ping_status":"closed","template":"","meta":{"diagnoseo_postlist_title":"","diagnoseo_comment_language":"","diagnoseo_meta_keyword":"zmieniacz tekstu","diagnoseo_meta_additional_keywords":"","diagnoseo_meta_language":"","diagnoseo_meta_title":"Zmieniacz tekstu - Parafrazowanie - Narz\u0119dzie online - AI","diagnoseo_meta_description":"Odkryj najlepsze narz\u0119dzie do zmieniania tekstu online. Zmieniacz tekstu dost\u0119pny tak\u017ce w wersji darmowej. Parafrazuj i ulepsz sw\u00f3j tekst online dzi\u0119ki AI!","diagnoseo_check_result":"","diagnoseo_og_image":"","inline_featured_image":false,"footnotes":""},"class_list":["post-2746","page","type-page","status-publish","hentry"],"_links":{"self":[{"href":"https:\/\/diagnoseo.com\/pl\/wp-json\/wp\/v2\/pages\/2746","targetHints":{"allow":["GET"]}}],"collection":[{"href":"https:\/\/diagnoseo.com\/pl\/wp-json\/wp\/v2\/pages"}],"about":[{"href":"https:\/\/diagnoseo.com\/pl\/wp-json\/wp\/v2\/types\/page"}],"author":[{"embeddable":true,"href":"https:\/\/diagnoseo.com\/pl\/wp-json\/wp\/v2\/users\/1"}],"replies":[{"embeddable":true,"href":"https:\/\/diagnoseo.com\/pl\/wp-json\/wp\/v2\/comments?post=2746"}],"version-history":[{"count":3,"href":"https:\/\/diagnoseo.com\/pl\/wp-json\/wp\/v2\/pages\/2746\/revisions"}],"predecessor-version":[{"id":6354,"href":"https:\/\/diagnoseo.com\/pl\/wp-json\/wp\/v2\/pages\/2746\/revisions\/6354"}],"wp:attachment":[{"href":"https:\/\/diagnoseo.com\/pl\/wp-json\/wp\/v2\/media?parent=2746"}],"curies":[{"name":"wp","href":"https:\/\/api.w.org\/{rel}","templated":true}]}}