{"id":2666,"date":"2023-06-24T12:40:48","date_gmt":"2023-06-24T12:40:48","guid":{"rendered":"https:\/\/diagnoseo.com\/?page_id=2666"},"modified":"2026-01-08T09:09:12","modified_gmt":"2026-01-08T09:09:12","slug":"tlumacz","status":"publish","type":"page","link":"https:\/\/diagnoseo.com\/pl\/tlumacz\/","title":{"rendered":"Najlepszy t\u0142umacz online"},"content":{"rendered":"\n<iframe id=\"translator\" title=\"T\u0142umacz - Translator Online\" allowfullscreen=\"\" src=\"https:\/\/app.diagnoseo.com\/pl\/tools\/translator\/?iframe=1\" class=\"flexible-iframe\" scrolling=\"yes\" frameborder=\"0\" data-hj-allow-iframe=\"\" style=\"min-height: 1100px\"><\/iframe>\n\n\n\n<p>Przet\u0142umacz dowolny tekst korzystaj\u0105c z najbardziej zaawansowanej sztucznej inteligencji na rynku. T\u0142umacz AI korzysta z najnowszych modeli sztucznej inteligencji oraz wspiera t\u0142umaczenia z zachowaniem formatowania tekstu.<\/p>\n","protected":false},"excerpt":{"rendered":"<p>Przet\u0142umacz dowolny tekst korzystaj\u0105c z najbardziej zaawansowanej sztucznej inteligencji na rynku. T\u0142umacz AI korzysta z najnowszych modeli sztucznej inteligencji oraz wspiera t\u0142umaczenia z zachowaniem formatowania tekstu.<\/p>\n","protected":false},"author":1,"featured_media":0,"parent":0,"menu_order":0,"comment_status":"closed","ping_status":"closed","template":"","meta":{"diagnoseo_postlist_title":"","diagnoseo_comment_language":"","diagnoseo_meta_keyword":"","diagnoseo_meta_additional_keywords":"","diagnoseo_meta_language":"","diagnoseo_meta_title":"Najlepszy t\u0142umacz AI online - ChatGPT - GPT-5 | DiagnoSEO","diagnoseo_meta_description":"Przet\u0142umacz dowolny tekst korzystaj\u0105c z najbardziej zaawansowanej sztucznej inteligencji na rynku. T\u0142umacz AI korzysta z modelu GPT-5 od Open AI.","diagnoseo_check_result":"","diagnoseo_og_image":"","inline_featured_image":false,"footnotes":""},"class_list":["post-2666","page","type-page","status-publish","hentry"],"_links":{"self":[{"href":"https:\/\/diagnoseo.com\/pl\/wp-json\/wp\/v2\/pages\/2666","targetHints":{"allow":["GET"]}}],"collection":[{"href":"https:\/\/diagnoseo.com\/pl\/wp-json\/wp\/v2\/pages"}],"about":[{"href":"https:\/\/diagnoseo.com\/pl\/wp-json\/wp\/v2\/types\/page"}],"author":[{"embeddable":true,"href":"https:\/\/diagnoseo.com\/pl\/wp-json\/wp\/v2\/users\/1"}],"replies":[{"embeddable":true,"href":"https:\/\/diagnoseo.com\/pl\/wp-json\/wp\/v2\/comments?post=2666"}],"version-history":[{"count":3,"href":"https:\/\/diagnoseo.com\/pl\/wp-json\/wp\/v2\/pages\/2666\/revisions"}],"predecessor-version":[{"id":6362,"href":"https:\/\/diagnoseo.com\/pl\/wp-json\/wp\/v2\/pages\/2666\/revisions\/6362"}],"wp:attachment":[{"href":"https:\/\/diagnoseo.com\/pl\/wp-json\/wp\/v2\/media?parent=2666"}],"curies":[{"name":"wp","href":"https:\/\/api.w.org\/{rel}","templated":true}]}}