{"id":2520,"date":"2023-05-07T10:58:53","date_gmt":"2023-05-07T10:58:53","guid":{"rendered":"https:\/\/diagnoseo.com\/?page_id=2520"},"modified":"2025-11-03T09:55:01","modified_gmt":"2025-11-03T09:55:01","slug":"zadanie-http","status":"publish","type":"page","link":"https:\/\/diagnoseo.com\/pl\/zadanie-http\/","title":{"rendered":"\u017b\u0105danie HTTP &#8211; narz\u0119dzie SEO"},"content":{"rendered":"\n<iframe id=\"http-request\" title=\"Audit Tool\" allowfullscreen=\"\" src=\"https:\/\/app.diagnoseo.com\/tools\/http-request\/?iframe=1\" class=\"flexible-iframe\" scrolling=\"yes\" frameborder=\"0\" data-hj-allow-iframe=\"\" style=\"min-height: 1100px\"><\/iframe>\n","protected":false},"excerpt":{"rendered":"","protected":false},"author":1,"featured_media":0,"parent":0,"menu_order":0,"comment_status":"closed","ping_status":"closed","template":"","meta":{"diagnoseo_postlist_title":"","diagnoseo_comment_language":"","diagnoseo_meta_keyword":"","diagnoseo_meta_additional_keywords":"","diagnoseo_meta_language":"","diagnoseo_meta_title":"\u017b\u0105danie HTTP - narz\u0119dzie (Web sniffer) - DiagnoSEO","diagnoseo_meta_description":"Odkryj narz\u0119dzie do analizy \u017c\u0105da\u0144 HTTP (Web sniffer). Wy\u015bwietlaj nag\u0142\u00f3wki \u017c\u0105da\u0144 i odpowiedzi HTTP \u2713 \u0141atwe w u\u017cyciu \u2713 Unikalne funkcje SEO","diagnoseo_check_result":"","diagnoseo_og_image":"","inline_featured_image":false,"footnotes":""},"class_list":["post-2520","page","type-page","status-publish","hentry"],"_links":{"self":[{"href":"https:\/\/diagnoseo.com\/pl\/wp-json\/wp\/v2\/pages\/2520","targetHints":{"allow":["GET"]}}],"collection":[{"href":"https:\/\/diagnoseo.com\/pl\/wp-json\/wp\/v2\/pages"}],"about":[{"href":"https:\/\/diagnoseo.com\/pl\/wp-json\/wp\/v2\/types\/page"}],"author":[{"embeddable":true,"href":"https:\/\/diagnoseo.com\/pl\/wp-json\/wp\/v2\/users\/1"}],"replies":[{"embeddable":true,"href":"https:\/\/diagnoseo.com\/pl\/wp-json\/wp\/v2\/comments?post=2520"}],"version-history":[{"count":3,"href":"https:\/\/diagnoseo.com\/pl\/wp-json\/wp\/v2\/pages\/2520\/revisions"}],"predecessor-version":[{"id":6352,"href":"https:\/\/diagnoseo.com\/pl\/wp-json\/wp\/v2\/pages\/2520\/revisions\/6352"}],"wp:attachment":[{"href":"https:\/\/diagnoseo.com\/pl\/wp-json\/wp\/v2\/media?parent=2520"}],"curies":[{"name":"wp","href":"https:\/\/api.w.org\/{rel}","templated":true}]}}