{"id":2306,"date":"2023-02-19T20:23:26","date_gmt":"2023-02-19T20:23:26","guid":{"rendered":"https:\/\/diagnoseo.com\/?page_id=2306"},"modified":"2025-11-03T10:03:20","modified_gmt":"2025-11-03T10:03:20","slug":"sprawdzanie-linkow","status":"publish","type":"page","link":"https:\/\/diagnoseo.com\/pl\/sprawdzanie-linkow\/","title":{"rendered":"Sprawdzanie link\u00f3w do strony &#8211; Analiza backlink\u00f3w"},"content":{"rendered":"\n<iframe id=\"backlink-checker\" title=\"Sprawdzanie link\u00f3w do strony - Analiza backlink\u00f3w\" allowfullscreen=\"\" src=\"https:\/\/app.diagnoseo.com\/pl\/tools\/backlink-checker\/?iframe=1\" class=\"flexible-iframe\" scrolling=\"yes\" frameborder=\"0\" data-hj-allow-iframe=\"\" style=\"min-height: 1184px;\"><\/iframe>\n","protected":false},"excerpt":{"rendered":"","protected":false},"author":1,"featured_media":0,"parent":0,"menu_order":0,"comment_status":"closed","ping_status":"closed","template":"","meta":{"diagnoseo_postlist_title":"","diagnoseo_comment_language":"","diagnoseo_meta_keyword":"","diagnoseo_meta_additional_keywords":"","diagnoseo_meta_language":"","diagnoseo_meta_title":"Sprawdzanie link\u00f3w do strony - sprawdzacz link\u00f3w online","diagnoseo_meta_description":"Sprawd\u017a linki prowadz\u0105ce do Twojej strony. Darmowy sprawdzacz link\u00f3w online od DiagnoSEO - wypr\u00f3buj teraz! Najlepsza analiza backlink\u00f3w!","diagnoseo_check_result":"","diagnoseo_og_image":"","inline_featured_image":false,"footnotes":""},"class_list":["post-2306","page","type-page","status-publish","hentry"],"_links":{"self":[{"href":"https:\/\/diagnoseo.com\/pl\/wp-json\/wp\/v2\/pages\/2306","targetHints":{"allow":["GET"]}}],"collection":[{"href":"https:\/\/diagnoseo.com\/pl\/wp-json\/wp\/v2\/pages"}],"about":[{"href":"https:\/\/diagnoseo.com\/pl\/wp-json\/wp\/v2\/types\/page"}],"author":[{"embeddable":true,"href":"https:\/\/diagnoseo.com\/pl\/wp-json\/wp\/v2\/users\/1"}],"replies":[{"embeddable":true,"href":"https:\/\/diagnoseo.com\/pl\/wp-json\/wp\/v2\/comments?post=2306"}],"version-history":[{"count":3,"href":"https:\/\/diagnoseo.com\/pl\/wp-json\/wp\/v2\/pages\/2306\/revisions"}],"predecessor-version":[{"id":6359,"href":"https:\/\/diagnoseo.com\/pl\/wp-json\/wp\/v2\/pages\/2306\/revisions\/6359"}],"wp:attachment":[{"href":"https:\/\/diagnoseo.com\/pl\/wp-json\/wp\/v2\/media?parent=2306"}],"curies":[{"name":"wp","href":"https:\/\/api.w.org\/{rel}","templated":true}]}}