{"id":2278,"date":"2023-01-22T13:08:40","date_gmt":"2023-01-22T13:08:40","guid":{"rendered":"https:\/\/diagnoseo.com\/?page_id=2278"},"modified":"2025-06-05T13:27:10","modified_gmt":"2025-06-05T13:27:10","slug":"monitoring-pozycji","status":"publish","type":"page","link":"https:\/\/diagnoseo.com\/pl\/monitoring-pozycji\/","title":{"rendered":"Monitoring pozycji"},"content":{"rendered":"\n<p>Je\u015bli jeste\u015b w\u0142a\u015bcicielem firmy lub prowadzisz w\u0142asny biznes, wiesz jak wa\u017cne jest pozycjonowanie w Google. Dzi\u0119ki niemu twoja strona internetowa mo\u017ce by\u0107 lepiej widoczna dla potencjalnych klient\u00f3w. Jednak aby osi\u0105gn\u0105\u0107 sukces w pozycjonowaniu, potrzebujesz narz\u0119dzia, kt\u00f3re pozwoli Ci na \u015bledzenie post\u0119p\u00f3w i konkurencji.<\/p>\n\n\n\n<p>DiagnoSEO oferuje us\u0142ug\u0119 monitorowania pozycji w Google. Dzi\u0119ki narz\u0119dziu do monitoringu b\u0119dziesz mie\u0107 dost\u0119p do aktualnych danych na temat pozycji Twojej strony internetowej oraz konkurencji. Dzi\u0119ki temu b\u0119dziesz m\u00f3g\u0142 szybko reagowa\u0107 na zmiany algorytmu lub dzia\u0142ania konkurencji i dostosowywa\u0107 swoj\u0105 strategi\u0119 SEO.<\/p>\n\n\n\n<p>Narz\u0119dzie do monitoringu pozycji w Google pozwala na sprawdzanie s\u0142\u00f3w kluczowych, kt\u00f3re s\u0105 dla Ciebie wa\u017cne. Dzi\u0119ki temu b\u0119dziesz wiedzie\u0107, np. jakie frazy s\u0105 w top 10 lub top 3 wynik\u00f3w wyszukiwania, a nad jakimi trzeba jeszcze popracowa\u0107.<\/p>\n\n\n\n<h2 class=\"wp-block-heading\">Czym monitoring pozycji od DiagnoSEO wyr\u00f3\u017cnia si\u0119 na tle konkurencji?<\/h2>\n\n\n\n<ul class=\"wp-block-list\">\n<li>Mo\u017cliwo\u015b\u0107 tagowania s\u0142\u00f3w kluczowych w grupy.<\/li>\n\n\n\n<li>Mo\u017cliwo\u015b\u0107 r\u00f3wnoczesnego monitorowania pozycji konkurencji.<\/li>\n\n\n\n<li>Czytelne wykresy z mo\u017cliwo\u015bci\u0105 pokazana, np. \u015bredniej pozycji dla wszystkich fraz z projektu.<\/li>\n\n\n\n<li>Audyt dot. optymalizacji pozycjonowanych stron na dane s\u0142owo kluczowe.<\/li>\n\n\n\n<li>Konkurencyjne ceny w przeliczeniu na s\u0142owo kluczowe.<\/li>\n\n\n\n<li>Dost\u0119pny tak\u017ce przez wygodn\u0105 w obs\u0142udze aplikacje mobiln\u0105.<\/li>\n\n\n\n<li>Przyjazny interfejsy i \u0142atwe dodawanie s\u0142\u00f3w kluczowych do projektu.<\/li>\n\n\n\n<li>Monitoring Google Play, Apple Store, YouTube, Bing, Seznam, Baidu oraz Yahoo.<\/li>\n\n\n\n<li>Mo\u017cliwo\u015b\u0107 przestawiania danych na wykresie dot. pozycji w top 3, top 5, top 10, top 50 oraz top 100.<\/li>\n\n\n\n<li>R\u00f3wnoczesne pokazywanie statystyk dot. ilo\u015bci wyszukiwa\u0144 i trendu dla danego s\u0142owa kluczowego.<\/li>\n\n\n\n<li>Dodatkowe dane z Google Search Console (np. ilo\u015b\u0107 klikni\u0119\u0107, CTR, ilo\u015b\u0107 wy\u015bwietle\u0144).<\/li>\n\n\n\n<li>Mo\u017cliwo\u015b\u0107 importu monitoringu z innych popularnych narz\u0119dzi do monitoringu pozycji (migracja monitoringu).<\/li>\n\n\n\n<li>Mo\u017cliwo\u015b\u0107 ustawienia alert\u00f3w w przypadku zmiany pozycji wybranych fraz.<\/li>\n\n\n\n<li>Mo\u017cliwo\u015b\u0107 ustawienia preferowanego adresu URL dla danego s\u0142owa kluczowego w celu \u0142atwego wykrycia kanibalizacji s\u0142\u00f3w kluczowych.<\/li>\n<\/ul>\n\n\n\n<p>Nie czekaj d\u0142u\u017cej i zacznij korzysta\u0107 z naszego monitorowania pozycji w Google ju\u017c dzi\u015b. Zwi\u0119ksz swoje szanse na sukces w pozycjonowaniu i skuteczniej konkuruj z innymi stronami internetowymi. Subskrybuj wybrany pakiet i ciesz si\u0119 dost\u0119pem do aktualnych danych na temat pozycji Twojej strony internetowej w wyszukiwarce Google.<\/p>\n\n\n<div class=\"mb-button-wrapper pos-center\"><span class=\"mb-button-fx mb-button-1-fx mb-button-fx-hover-grow-bottom\"><a href=\"https:\/\/diagnoseo.com\/pl\/cennik\/\" class=\"mb-button btn-1 flat xx-large  text-transform-uppercase ani-bg grow-bottom\" data-tracking-class=\"\">Kup dost\u0119p do narz\u0119dzia <\/a><\/span><\/div>","protected":false},"excerpt":{"rendered":"<p>Je\u015bli jeste\u015b w\u0142a\u015bcicielem firmy lub prowadzisz w\u0142asny biznes, wiesz jak wa\u017cne jest pozycjonowanie w Google. Dzi\u0119ki niemu twoja strona internetowa mo\u017ce by\u0107 lepiej widoczna dla potencjalnych klient\u00f3w. Jednak aby osi\u0105gn\u0105\u0107 sukces w pozycjonowaniu, potrzebujesz narz\u0119dzia, kt\u00f3re pozwoli Ci na \u015bledzenie post\u0119p\u00f3w i konkurencji. DiagnoSEO oferuje us\u0142ug\u0119 monitorowania pozycji w Google. Dzi\u0119ki narz\u0119dziu do monitoringu b\u0119dziesz<\/p>\n","protected":false},"author":1,"featured_media":0,"parent":0,"menu_order":0,"comment_status":"closed","ping_status":"closed","template":"","meta":{"diagnoseo_postlist_title":"","diagnoseo_comment_language":"","diagnoseo_meta_keyword":"","diagnoseo_meta_additional_keywords":"","diagnoseo_meta_language":"","diagnoseo_meta_title":"Monitoring pozycji stron w Google - narz\u0119dzie DiagnoSEO","diagnoseo_meta_description":"Sprawd\u017a najlepsze narz\u0119dzie do monitoringu pozycji stron w Google. Czytelne wykresy i unikalne funkcjonalno\u015bci, kt\u00f3re pozwol\u0105 Ci na wi\u0119cej.","diagnoseo_check_result":"","diagnoseo_og_image":"","inline_featured_image":false,"footnotes":""},"class_list":["post-2278","page","type-page","status-publish","hentry"],"_links":{"self":[{"href":"https:\/\/diagnoseo.com\/pl\/wp-json\/wp\/v2\/pages\/2278","targetHints":{"allow":["GET"]}}],"collection":[{"href":"https:\/\/diagnoseo.com\/pl\/wp-json\/wp\/v2\/pages"}],"about":[{"href":"https:\/\/diagnoseo.com\/pl\/wp-json\/wp\/v2\/types\/page"}],"author":[{"embeddable":true,"href":"https:\/\/diagnoseo.com\/pl\/wp-json\/wp\/v2\/users\/1"}],"replies":[{"embeddable":true,"href":"https:\/\/diagnoseo.com\/pl\/wp-json\/wp\/v2\/comments?post=2278"}],"version-history":[{"count":2,"href":"https:\/\/diagnoseo.com\/pl\/wp-json\/wp\/v2\/pages\/2278\/revisions"}],"predecessor-version":[{"id":6080,"href":"https:\/\/diagnoseo.com\/pl\/wp-json\/wp\/v2\/pages\/2278\/revisions\/6080"}],"wp:attachment":[{"href":"https:\/\/diagnoseo.com\/pl\/wp-json\/wp\/v2\/media?parent=2278"}],"curies":[{"name":"wp","href":"https:\/\/api.w.org\/{rel}","templated":true}]}}