{"id":2150,"date":"2023-01-14T11:49:09","date_gmt":"2023-01-14T11:49:09","guid":{"rendered":"https:\/\/diagnoseo.com\/?page_id=2150"},"modified":"2025-06-05T12:58:27","modified_gmt":"2025-06-05T12:58:27","slug":"planer-slow-kluczowych","status":"publish","type":"page","link":"https:\/\/diagnoseo.com\/pl\/planer-slow-kluczowych\/","title":{"rendered":"Planer s\u0142\u00f3w kluczowych"},"content":{"rendered":"\n<iframe id=\"keyword-ideas\" title=\"Keyword Ideas - SEO Tool\" allowfullscreen=\"\" src=\"https:\/\/app.diagnoseo.com\/tools\/keyword-ideas\/?iframe=1\" class=\"flexible-iframe\" scrolling=\"no\" frameborder=\"0\" data-hj-allow-iframe=\"\"><\/iframe>\n\n\n\n<p>Szukasz skutecznego narz\u0119dzia, kt\u00f3re pomo\u017ce Ci znale\u017a\u0107 najpopularniejsze s\u0142owa kluczowe zwi\u0105zane z Twoim biznesem? Planer s\u0142\u00f3w kluczowych DiagnoSEO to niezwykle przydatne narz\u0119dzie dla ka\u017cdego, kto chce skutecznie zoptymalizowa\u0107 swoj\u0105 stron\u0119 pod k\u0105tem SEO lub kampanie reklamowe w Google Ads. Dzi\u0119ki narz\u0119dziu mo\u017cesz \u0142atwo znale\u017a\u0107 najpopularniejsze s\u0142owa kluczowe dla Twojej bran\u017cy, co pozwoli Ci dostosowa\u0107 tre\u015bci na swojej stronie internetowej i pozytywnie wp\u0142ynie na pozycje w wynikach wyszukiwania Google. Planer s\u0142\u00f3w kluczowych DiagnoSEO to tak\u017ce te\u017c szereg dodatkowych funkcji, takich jak analiza trudno\u015bci s\u0142owa czy wykres z trendem wyszukiwanego s\u0142owa kluczowego w ci\u0105gu roku. Nie zwlekaj, zacznij ju\u017c teraz  optymalizowa\u0107 swoje strony lub kampanie reklamowe z planerem s\u0142\u00f3w kluczowych DiagnoSEO!<\/p>\n","protected":false},"excerpt":{"rendered":"<p>Szukasz skutecznego narz\u0119dzia, kt\u00f3re pomo\u017ce Ci znale\u017a\u0107 najpopularniejsze s\u0142owa kluczowe zwi\u0105zane z Twoim biznesem? Planer s\u0142\u00f3w kluczowych DiagnoSEO to niezwykle przydatne narz\u0119dzie dla ka\u017cdego, kto chce skutecznie zoptymalizowa\u0107 swoj\u0105 stron\u0119 pod k\u0105tem SEO lub kampanie reklamowe w Google Ads. Dzi\u0119ki narz\u0119dziu mo\u017cesz \u0142atwo znale\u017a\u0107 najpopularniejsze s\u0142owa kluczowe dla Twojej bran\u017cy, co pozwoli Ci dostosowa\u0107 tre\u015bci<\/p>\n","protected":false},"author":1,"featured_media":0,"parent":0,"menu_order":0,"comment_status":"closed","ping_status":"closed","template":"","meta":{"diagnoseo_postlist_title":"","diagnoseo_comment_language":"","diagnoseo_meta_keyword":"","diagnoseo_meta_additional_keywords":"","diagnoseo_meta_language":"","diagnoseo_meta_title":"Planer s\u0142\u00f3w kluczowych - darmowe narz\u0119dzie SEO","diagnoseo_meta_description":"Szybko i \u0142atwo znajd\u017a popularne s\u0142owa kluczowe zwi\u0105zane z tematem, kt\u00f3rego szukasz. Wypr\u00f3buj darmowe i najlepsze na rynku narz\u0119dzie DiagnoSEO.","diagnoseo_check_result":"","diagnoseo_og_image":"","inline_featured_image":false,"footnotes":""},"class_list":["post-2150","page","type-page","status-publish","hentry"],"_links":{"self":[{"href":"https:\/\/diagnoseo.com\/pl\/wp-json\/wp\/v2\/pages\/2150","targetHints":{"allow":["GET"]}}],"collection":[{"href":"https:\/\/diagnoseo.com\/pl\/wp-json\/wp\/v2\/pages"}],"about":[{"href":"https:\/\/diagnoseo.com\/pl\/wp-json\/wp\/v2\/types\/page"}],"author":[{"embeddable":true,"href":"https:\/\/diagnoseo.com\/pl\/wp-json\/wp\/v2\/users\/1"}],"replies":[{"embeddable":true,"href":"https:\/\/diagnoseo.com\/pl\/wp-json\/wp\/v2\/comments?post=2150"}],"version-history":[{"count":3,"href":"https:\/\/diagnoseo.com\/pl\/wp-json\/wp\/v2\/pages\/2150\/revisions"}],"predecessor-version":[{"id":6065,"href":"https:\/\/diagnoseo.com\/pl\/wp-json\/wp\/v2\/pages\/2150\/revisions\/6065"}],"wp:attachment":[{"href":"https:\/\/diagnoseo.com\/pl\/wp-json\/wp\/v2\/media?parent=2150"}],"curies":[{"name":"wp","href":"https:\/\/api.w.org\/{rel}","templated":true}]}}