{"id":2146,"date":"2023-01-14T11:33:53","date_gmt":"2023-01-14T11:33:53","guid":{"rendered":"https:\/\/diagnoseo.com\/?page_id=2146"},"modified":"2025-06-05T12:59:40","modified_gmt":"2025-06-05T12:59:40","slug":"sprawdzanie-pozycji-slow-kluczowych","status":"publish","type":"page","link":"https:\/\/diagnoseo.com\/pl\/sprawdzanie-pozycji-slow-kluczowych\/","title":{"rendered":"Sprawdzanie pozycji strony dla s\u0142\u00f3w kluczowych w Google"},"content":{"rendered":"\n<iframe id=\"keyword-rank-checker-tool\" title=\"Keyword Rank Checker Tool\" allowfullscreen=\"\" src=\"https:\/\/app.diagnoseo.com\/tools\/keyword-rank-checker\/?iframe=1\" class=\"flexible-iframe\" scrolling=\"no\" frameborder=\"0\" data-hj-allow-iframe=\"\"><\/iframe>\n","protected":false},"excerpt":{"rendered":"","protected":false},"author":1,"featured_media":0,"parent":0,"menu_order":0,"comment_status":"closed","ping_status":"closed","template":"","meta":{"diagnoseo_postlist_title":"","diagnoseo_comment_language":"","diagnoseo_meta_keyword":"","diagnoseo_meta_additional_keywords":"","diagnoseo_meta_language":"","diagnoseo_meta_title":"Sprawdzanie pozycji strony dla s\u0142\u00f3w kluczowych w Google","diagnoseo_meta_description":"Szybko i \u0142atwo sprawd\u017a pozycje wybranych s\u0142\u00f3w kluczowych w Google dla wybranej domeny lub domen. Skorzystaj z darmowego narz\u0119dzia DiagnoSEO.","diagnoseo_check_result":"","diagnoseo_og_image":"","inline_featured_image":false,"footnotes":""},"class_list":["post-2146","page","type-page","status-publish","hentry"],"_links":{"self":[{"href":"https:\/\/diagnoseo.com\/pl\/wp-json\/wp\/v2\/pages\/2146","targetHints":{"allow":["GET"]}}],"collection":[{"href":"https:\/\/diagnoseo.com\/pl\/wp-json\/wp\/v2\/pages"}],"about":[{"href":"https:\/\/diagnoseo.com\/pl\/wp-json\/wp\/v2\/types\/page"}],"author":[{"embeddable":true,"href":"https:\/\/diagnoseo.com\/pl\/wp-json\/wp\/v2\/users\/1"}],"replies":[{"embeddable":true,"href":"https:\/\/diagnoseo.com\/pl\/wp-json\/wp\/v2\/comments?post=2146"}],"version-history":[{"count":3,"href":"https:\/\/diagnoseo.com\/pl\/wp-json\/wp\/v2\/pages\/2146\/revisions"}],"predecessor-version":[{"id":6067,"href":"https:\/\/diagnoseo.com\/pl\/wp-json\/wp\/v2\/pages\/2146\/revisions\/6067"}],"wp:attachment":[{"href":"https:\/\/diagnoseo.com\/pl\/wp-json\/wp\/v2\/media?parent=2146"}],"curies":[{"name":"wp","href":"https:\/\/api.w.org\/{rel}","templated":true}]}}