{"id":2143,"date":"2022-12-20T12:49:08","date_gmt":"2022-12-20T12:49:08","guid":{"rendered":"https:\/\/diagnoseo.com\/questions\/"},"modified":"2025-06-05T13:01:08","modified_gmt":"2025-06-05T13:01:08","slug":"generator-tematow","status":"publish","type":"page","link":"https:\/\/diagnoseo.com\/pl\/generator-tematow\/","title":{"rendered":"Generator temat\u00f3w \/ nag\u0142\u00f3wk\u00f3w"},"content":{"rendered":"\n<iframe id=\"questions-tool\" title=\"Questions - SEO Tool\" allowfullscreen=\"\" src=\"https:\/\/app.diagnoseo.com\/tools\/questions\/?iframe=1\" class=\"flexible-iframe\" scrolling=\"no\" frameborder=\"0\" data-hj-allow-iframe=\"\"><\/iframe>\n","protected":false},"excerpt":{"rendered":"","protected":false},"author":1,"featured_media":0,"parent":0,"menu_order":0,"comment_status":"closed","ping_status":"closed","template":"","meta":{"diagnoseo_postlist_title":"","diagnoseo_comment_language":"","diagnoseo_meta_keyword":"","diagnoseo_meta_additional_keywords":"","diagnoseo_meta_language":"","diagnoseo_meta_title":"Generator temat\u00f3w (nag\u0142\u00f3wk\u00f3w) | DiagnoSEO","diagnoseo_meta_description":"","diagnoseo_check_result":"","diagnoseo_og_image":"","inline_featured_image":false,"footnotes":""},"class_list":["post-2143","page","type-page","status-publish","hentry"],"_links":{"self":[{"href":"https:\/\/diagnoseo.com\/pl\/wp-json\/wp\/v2\/pages\/2143","targetHints":{"allow":["GET"]}}],"collection":[{"href":"https:\/\/diagnoseo.com\/pl\/wp-json\/wp\/v2\/pages"}],"about":[{"href":"https:\/\/diagnoseo.com\/pl\/wp-json\/wp\/v2\/types\/page"}],"author":[{"embeddable":true,"href":"https:\/\/diagnoseo.com\/pl\/wp-json\/wp\/v2\/users\/1"}],"replies":[{"embeddable":true,"href":"https:\/\/diagnoseo.com\/pl\/wp-json\/wp\/v2\/comments?post=2143"}],"version-history":[{"count":3,"href":"https:\/\/diagnoseo.com\/pl\/wp-json\/wp\/v2\/pages\/2143\/revisions"}],"predecessor-version":[{"id":6069,"href":"https:\/\/diagnoseo.com\/pl\/wp-json\/wp\/v2\/pages\/2143\/revisions\/6069"}],"wp:attachment":[{"href":"https:\/\/diagnoseo.com\/pl\/wp-json\/wp\/v2\/media?parent=2143"}],"curies":[{"name":"wp","href":"https:\/\/api.w.org\/{rel}","templated":true}]}}