{"id":2140,"date":"2023-01-14T11:18:42","date_gmt":"2023-01-14T11:18:42","guid":{"rendered":"https:\/\/diagnoseo.com\/?page_id=2140"},"modified":"2025-06-05T13:00:30","modified_gmt":"2025-06-05T13:00:30","slug":"snippet-preview","status":"publish","type":"page","link":"https:\/\/diagnoseo.com\/pl\/snippet-preview\/","title":{"rendered":"Snippet Preview"},"content":{"rendered":"\n<iframe id=\"snippet-preview-tool\" title=\"Snippet Preview - Free SEO Tool\" allowfullscreen=\"\" src=\"https:\/\/app.diagnoseo.com\/tools\/snippet-preview\/?iframe=1\" class=\"flexible-iframe\" scrolling=\"no\" frameborder=\"0\" data-hj-allow-iframe=\"\"><\/iframe>\n","protected":false},"excerpt":{"rendered":"","protected":false},"author":1,"featured_media":0,"parent":0,"menu_order":0,"comment_status":"closed","ping_status":"closed","template":"","meta":{"diagnoseo_postlist_title":"","diagnoseo_comment_language":"","diagnoseo_meta_keyword":"","diagnoseo_meta_additional_keywords":"","diagnoseo_meta_language":"","diagnoseo_meta_title":"Snippet preview - symulator SERP - podgl\u0105du snippetu w Google","diagnoseo_meta_description":"Sprawd\u017a jak tre\u015b\u0107 z metatag\u00f3w title i description prezentuje si\u0119 wyszukiwania Google. Wypr\u00f3buj najlepszy symulator SERP od DiagnSEO.","diagnoseo_check_result":"","diagnoseo_og_image":"","inline_featured_image":false,"footnotes":""},"class_list":["post-2140","page","type-page","status-publish","hentry"],"_links":{"self":[{"href":"https:\/\/diagnoseo.com\/pl\/wp-json\/wp\/v2\/pages\/2140","targetHints":{"allow":["GET"]}}],"collection":[{"href":"https:\/\/diagnoseo.com\/pl\/wp-json\/wp\/v2\/pages"}],"about":[{"href":"https:\/\/diagnoseo.com\/pl\/wp-json\/wp\/v2\/types\/page"}],"author":[{"embeddable":true,"href":"https:\/\/diagnoseo.com\/pl\/wp-json\/wp\/v2\/users\/1"}],"replies":[{"embeddable":true,"href":"https:\/\/diagnoseo.com\/pl\/wp-json\/wp\/v2\/comments?post=2140"}],"version-history":[{"count":3,"href":"https:\/\/diagnoseo.com\/pl\/wp-json\/wp\/v2\/pages\/2140\/revisions"}],"predecessor-version":[{"id":6068,"href":"https:\/\/diagnoseo.com\/pl\/wp-json\/wp\/v2\/pages\/2140\/revisions\/6068"}],"wp:attachment":[{"href":"https:\/\/diagnoseo.com\/pl\/wp-json\/wp\/v2\/media?parent=2140"}],"curies":[{"name":"wp","href":"https:\/\/api.w.org\/{rel}","templated":true}]}}