{"id":2137,"date":"2023-01-14T11:07:02","date_gmt":"2023-01-14T11:07:02","guid":{"rendered":"https:\/\/diagnoseo.com\/?page_id=2137"},"modified":"2025-11-03T10:05:04","modified_gmt":"2025-11-03T10:05:04","slug":"popularnosc-slow-kluczowych","status":"publish","type":"page","link":"https:\/\/diagnoseo.com\/pl\/popularnosc-slow-kluczowych\/","title":{"rendered":"Popularno\u015b\u0107 s\u0142\u00f3w kluczowych"},"content":{"rendered":"\n<iframe id=\"search-volume-tool\" title=\"Search Volume Tool\" allowfullscreen=\"\" src=\"https:\/\/app.diagnoseo.com\/tools\/search-volume\/?iframe=1\" class=\"flexible-iframe\" scrolling=\"yes\" frameborder=\"0\" data-hj-allow-iframe=\"\" style=\"min-height: 1100px\"><\/iframe>\n","protected":false},"excerpt":{"rendered":"","protected":false},"author":1,"featured_media":0,"parent":0,"menu_order":0,"comment_status":"closed","ping_status":"closed","template":"","meta":{"diagnoseo_postlist_title":"","diagnoseo_comment_language":"","diagnoseo_meta_keyword":"","diagnoseo_meta_additional_keywords":"","diagnoseo_meta_language":"","diagnoseo_meta_title":"Popularno\u015b\u0107 s\u0142\u00f3w kluczowych - darmowe narz\u0119dzie SEO","diagnoseo_meta_description":"Sprawd\u017a popularno\u015b\u0107 s\u0142\u00f3w kluczowych. U\u017cyj darmowego narz\u0119dzie online od DiagnoSEO. Poznaj tak\u017ce, trendy i konkurencyjno\u015b\u0107 wybranych s\u0142\u00f3w kluczowych.","diagnoseo_check_result":"","diagnoseo_og_image":"","inline_featured_image":false,"footnotes":""},"class_list":["post-2137","page","type-page","status-publish","hentry"],"_links":{"self":[{"href":"https:\/\/diagnoseo.com\/pl\/wp-json\/wp\/v2\/pages\/2137","targetHints":{"allow":["GET"]}}],"collection":[{"href":"https:\/\/diagnoseo.com\/pl\/wp-json\/wp\/v2\/pages"}],"about":[{"href":"https:\/\/diagnoseo.com\/pl\/wp-json\/wp\/v2\/types\/page"}],"author":[{"embeddable":true,"href":"https:\/\/diagnoseo.com\/pl\/wp-json\/wp\/v2\/users\/1"}],"replies":[{"embeddable":true,"href":"https:\/\/diagnoseo.com\/pl\/wp-json\/wp\/v2\/comments?post=2137"}],"version-history":[{"count":3,"href":"https:\/\/diagnoseo.com\/pl\/wp-json\/wp\/v2\/pages\/2137\/revisions"}],"predecessor-version":[{"id":6361,"href":"https:\/\/diagnoseo.com\/pl\/wp-json\/wp\/v2\/pages\/2137\/revisions\/6361"}],"wp:attachment":[{"href":"https:\/\/diagnoseo.com\/pl\/wp-json\/wp\/v2\/media?parent=2137"}],"curies":[{"name":"wp","href":"https:\/\/api.w.org\/{rel}","templated":true}]}}